{"id":3342,"date":"2024-07-28T11:17:56","date_gmt":"2024-07-28T08:17:56","guid":{"rendered":"https:\/\/velesnails.loc\/?post_type=product&#038;p=3342"},"modified":"2025-11-05T17:26:09","modified_gmt":"2025-11-05T14:26:09","slug":"staleks-pro-sonda-do-pedicure-expert-20-type-2-sonda-dwustronna","status":"publish","type":"product","link":"https:\/\/velesnails.pl\/en\/product\/staleks-pro-sonda-do-pedicure-expert-20-type-2-sonda-dwustronna\/","title":{"rendered":"Staleks Pro Sonda do pedicure EXPERT 20 TYPE 2 (sonda dwustronna)"},"content":{"rendered":"<p>Sonda podologiczna<br \/>\n-wykonana ze stali AISI420, u\u017cywanej do produkcji narz\u0119dzi chirurgicznych,<br \/>\n-pr\u00f3\u017cniowa obr\u00f3bka cieplna zapewnia wysok\u0105 twardo\u015b\u0107 stali,<br \/>\n-cz\u0119\u015bci robocze wykonane w postaci p\u0142askiego zaostrzonego haka.<br \/>\n-wygodna, rowkowana r\u0105czka zapobiega \u015blizganiu si\u0119 narz\u0119dzia w d\u0142oni,<br \/>\n-mo\u017cna sterylizowa\u0107 w autoklawie,<br \/>\n-narz\u0119dzie niezb\u0119dne podczas zabieg\u00f3w podologicznych, m.in. przy oczyszczaniu wa\u0142\u00f3w paznokciowych.<br \/>\nPi\u0119kna i zadbana sk\u00f3ra st\u00f3p jest wa\u017cna nie tylko latem. Klientki s\u0105 tego coraz bardziej \u015bwiadome i cz\u0119\u015bciej decyduj\u0105 si\u0119 na r\u00f3\u017cnego rodzaju zabiegi piel\u0119gnacyjne. Okazji z reszt\u0105 nie brakuje &#8211; sylwester, urodziny, studni\u00f3wka oraz wiele innych.<\/p>\n<p>&nbsp;<\/p>\n<p>Przed przyst\u0105pieniem do na\u0142o\u017cenia lakieru, trzeba nale\u017cycie przygotowa\u0107 paznokcie oraz sk\u00f3r\u0119 wok\u00f3\u0142 nich. Przede wszystkim gruntownie oczy\u015bci\u0107 wa\u0142y paznokciowe. Do tego w\u0142a\u015bnie s\u0142u\u017cy sonda kosmetyczna. Dzi\u0119ki niej paznokcie Twojej klientki b\u0119d\u0105 w nienagannym stanie i ka\u017cda ch\u0119tnie wr\u00f3ci do Twojego salonu. Dzi\u0119ki wysokiej jako\u015bci stali b\u0119dzie s\u0142u\u017cy\u0107 przez d\u0142ugi czas. Sonda podologiczna jest te\u017c bezpieczna, bo mo\u017cna j\u0105 sterylizowa\u0107 w autoklawie.<\/p>\n<p>Wygoda podczas zabieg\u00f3w podologicznych<br \/>\nSonda kosmetyczna jest niezb\u0119dna przy wykonywaniu zabieg\u00f3w podologicznych. Wygodnie le\u017cy w d\u0142oni i nie \u015blizga si\u0119 dzi\u0119ki rowkowanej r\u0105czce. Dzi\u0119ki temu praca jest szybka, przyjemna i bezbolesna. Zadowolone Klientki z pewno\u015bci\u0105 do Ciebie powr\u00f3c\u0105, zatem nie zwlekaj i zam\u00f3w ju\u017c teraz z naszej hurtowni w atrakcyjnych cenach.<\/p>","protected":false},"excerpt":{"rendered":"<p>Sonda podologiczna -wykonana ze stali AISI420, u\u017cywanej do produkcji narz\u0119dzi chirurgicznych, -pr\u00f3\u017cniowa obr\u00f3bka cieplna zapewnia wysok\u0105 twardo\u015b\u0107 stali, -cz\u0119\u015bci robocze wykonane w postaci p\u0142askiego zaostrzonego haka. -wygodna, rowkowana r\u0105czka zapobiega \u015blizganiu si\u0119 narz\u0119dzia w d\u0142oni, -mo\u017cna sterylizowa\u0107 w autoklawie, -narz\u0119dzie niezb\u0119dne podczas zabieg\u00f3w podologicznych, m.in. przy oczyszczaniu wa\u0142\u00f3w paznokciowych. Pi\u0119kna i zadbana sk\u00f3ra st\u00f3p jest [&hellip;]<\/p>\n","protected":false},"featured_media":3343,"comment_status":"closed","ping_status":"closed","template":"","meta":{"om_disable_all_campaigns":false,"ocean_post_layout":"","ocean_both_sidebars_style":"","ocean_both_sidebars_content_width":0,"ocean_both_sidebars_sidebars_width":0,"ocean_sidebar":"0","ocean_second_sidebar":"0","ocean_disable_margins":"enable","ocean_add_body_class":"","ocean_shortcode_before_top_bar":"","ocean_shortcode_after_top_bar":"","ocean_shortcode_before_header":"","ocean_shortcode_after_header":"","ocean_has_shortcode":"","ocean_shortcode_after_title":"","ocean_shortcode_before_footer_widgets":"","ocean_shortcode_after_footer_widgets":"","ocean_shortcode_before_footer_bottom":"","ocean_shortcode_after_footer_bottom":"","ocean_display_top_bar":"default","ocean_display_header":"default","ocean_header_style":"","ocean_center_header_left_menu":"0","ocean_custom_header_template":"0","ocean_custom_logo":0,"ocean_custom_retina_logo":0,"ocean_custom_logo_max_width":0,"ocean_custom_logo_tablet_max_width":0,"ocean_custom_logo_mobile_max_width":0,"ocean_custom_logo_max_height":0,"ocean_custom_logo_tablet_max_height":0,"ocean_custom_logo_mobile_max_height":0,"ocean_header_custom_menu":"0","ocean_menu_typo_font_family":"0","ocean_menu_typo_font_subset":"","ocean_menu_typo_font_size":0,"ocean_menu_typo_font_size_tablet":0,"ocean_menu_typo_font_size_mobile":0,"ocean_menu_typo_font_size_unit":"px","ocean_menu_typo_font_weight":"","ocean_menu_typo_font_weight_tablet":"","ocean_menu_typo_font_weight_mobile":"","ocean_menu_typo_transform":"","ocean_menu_typo_transform_tablet":"","ocean_menu_typo_transform_mobile":"","ocean_menu_typo_line_height":0,"ocean_menu_typo_line_height_tablet":0,"ocean_menu_typo_line_height_mobile":0,"ocean_menu_typo_line_height_unit":"","ocean_menu_typo_spacing":0,"ocean_menu_typo_spacing_tablet":0,"ocean_menu_typo_spacing_mobile":0,"ocean_menu_typo_spacing_unit":"","ocean_menu_link_color":"","ocean_menu_link_color_hover":"","ocean_menu_link_color_active":"","ocean_menu_link_background":"","ocean_menu_link_hover_background":"","ocean_menu_link_active_background":"","ocean_menu_social_links_bg":"","ocean_menu_social_hover_links_bg":"","ocean_menu_social_links_color":"","ocean_menu_social_hover_links_color":"","ocean_disable_title":"default","ocean_disable_heading":"default","ocean_post_title":"","ocean_post_subheading":"","ocean_post_title_style":"","ocean_post_title_background_color":"","ocean_post_title_background":0,"ocean_post_title_bg_image_position":"","ocean_post_title_bg_image_attachment":"","ocean_post_title_bg_image_repeat":"","ocean_post_title_bg_image_size":"","ocean_post_title_height":0,"ocean_post_title_bg_overlay":0.5,"ocean_post_title_bg_overlay_color":"","ocean_disable_breadcrumbs":"default","ocean_breadcrumbs_color":"","ocean_breadcrumbs_separator_color":"","ocean_breadcrumbs_links_color":"","ocean_breadcrumbs_links_hover_color":"","ocean_display_footer_widgets":"default","ocean_display_footer_bottom":"default","ocean_custom_footer_template":"0"},"product_brand":[],"product_cat":[154,176,150,110,183],"product_tag":[],"class_list":{"0":"post-3342","1":"product","2":"type-product","3":"status-publish","4":"has-post-thumbnail","6":"product_cat-kopytka-sondy","7":"product_cat-marki","8":"product_cat-narzedzia","9":"product_cat-paznokcie","10":"product_cat-staleks-1","12":"entry","13":"has-media","15":"first","16":"onbackorder","17":"taxable","18":"shipping-taxable","19":"purchasable","20":"product-type-simple","21":"has-product-nav","22":"col","23":"span_1_of_3","24":"owp-content-center","25":"owp-thumbs-layout-horizontal","26":"owp-btn-normal","27":"owp-tabs-layout-horizontal","28":"has-no-thumbnails"},"yoast_head":"<!-- This site is optimized with the Yoast SEO plugin v27.6 - https:\/\/yoast.com\/product\/yoast-seo-wordpress\/ -->\n<title>Staleks Pro Sonda do pedicure EXPERT 20 TYPE 2 (sonda dwustronna) - velesnails<\/title>\n<meta name=\"robots\" content=\"index, follow, max-snippet:-1, max-image-preview:large, max-video-preview:-1\" \/>\n<link rel=\"canonical\" href=\"https:\/\/velesnails.pl\/en\/product\/staleks-pro-sonda-do-pedicure-expert-20-type-2-sonda-dwustronna\/\" \/>\n<meta property=\"og:locale\" content=\"en_GB\" \/>\n<meta property=\"og:type\" content=\"article\" \/>\n<meta property=\"og:title\" content=\"Staleks Pro Sonda do pedicure EXPERT 20 TYPE 2 (sonda dwustronna) - velesnails\" \/>\n<meta property=\"og:description\" content=\"Sonda podologiczna -wykonana ze stali AISI420, u\u017cywanej do produkcji narz\u0119dzi chirurgicznych, -pr\u00f3\u017cniowa obr\u00f3bka cieplna zapewnia wysok\u0105 twardo\u015b\u0107 stali, -cz\u0119\u015bci robocze wykonane w postaci p\u0142askiego zaostrzonego haka. -wygodna, rowkowana r\u0105czka zapobiega \u015blizganiu si\u0119 narz\u0119dzia w d\u0142oni, -mo\u017cna sterylizowa\u0107 w autoklawie, -narz\u0119dzie niezb\u0119dne podczas zabieg\u00f3w podologicznych, m.in. przy oczyszczaniu wa\u0142\u00f3w paznokciowych. Pi\u0119kna i zadbana sk\u00f3ra st\u00f3p jest [&hellip;]\" \/>\n<meta property=\"og:url\" content=\"https:\/\/velesnails.pl\/en\/product\/staleks-pro-sonda-do-pedicure-expert-20-type-2-sonda-dwustronna\/\" \/>\n<meta property=\"og:site_name\" content=\"velesnails\" \/>\n<meta property=\"article:modified_time\" content=\"2025-11-05T14:26:09+00:00\" \/>\n<meta property=\"og:image\" content=\"https:\/\/velesnails.pl\/wp-content\/uploads\/2024\/07\/Staleks-Pro-EXPERT-20-TYPE-2.png\" \/>\n\t<meta property=\"og:image:width\" content=\"560\" \/>\n\t<meta property=\"og:image:height\" content=\"858\" \/>\n\t<meta property=\"og:image:type\" content=\"image\/png\" \/>\n<meta name=\"twitter:card\" content=\"summary_large_image\" \/>\n<meta name=\"twitter:label1\" content=\"Estimated reading time\" \/>\n\t<meta name=\"twitter:data1\" content=\"1 minute\" \/>\n<script type=\"application\/ld+json\" class=\"yoast-schema-graph\">{\"@context\":\"https:\\\/\\\/schema.org\",\"@graph\":[{\"@type\":\"WebPage\",\"@id\":\"https:\\\/\\\/velesnails.pl\\\/product\\\/staleks-pro-sonda-do-pedicure-expert-20-type-2-sonda-dwustronna\\\/\",\"url\":\"https:\\\/\\\/velesnails.pl\\\/product\\\/staleks-pro-sonda-do-pedicure-expert-20-type-2-sonda-dwustronna\\\/\",\"name\":\"Staleks Pro Sonda do pedicure EXPERT 20 TYPE 2 (sonda dwustronna) - velesnails\",\"isPartOf\":{\"@id\":\"https:\\\/\\\/velesnails.pl\\\/#website\"},\"primaryImageOfPage\":{\"@id\":\"https:\\\/\\\/velesnails.pl\\\/product\\\/staleks-pro-sonda-do-pedicure-expert-20-type-2-sonda-dwustronna\\\/#primaryimage\"},\"image\":{\"@id\":\"https:\\\/\\\/velesnails.pl\\\/product\\\/staleks-pro-sonda-do-pedicure-expert-20-type-2-sonda-dwustronna\\\/#primaryimage\"},\"thumbnailUrl\":\"https:\\\/\\\/i0.wp.com\\\/velesnails.pl\\\/wp-content\\\/uploads\\\/2024\\\/07\\\/Staleks-Pro-EXPERT-20-TYPE-2.png?fit=560%2C858&ssl=1\",\"datePublished\":\"2024-07-28T08:17:56+00:00\",\"dateModified\":\"2025-11-05T14:26:09+00:00\",\"breadcrumb\":{\"@id\":\"https:\\\/\\\/velesnails.pl\\\/product\\\/staleks-pro-sonda-do-pedicure-expert-20-type-2-sonda-dwustronna\\\/#breadcrumb\"},\"inLanguage\":\"en-GB\",\"potentialAction\":[{\"@type\":\"ReadAction\",\"target\":[\"https:\\\/\\\/velesnails.pl\\\/product\\\/staleks-pro-sonda-do-pedicure-expert-20-type-2-sonda-dwustronna\\\/\"]}]},{\"@type\":\"ImageObject\",\"inLanguage\":\"en-GB\",\"@id\":\"https:\\\/\\\/velesnails.pl\\\/product\\\/staleks-pro-sonda-do-pedicure-expert-20-type-2-sonda-dwustronna\\\/#primaryimage\",\"url\":\"https:\\\/\\\/i0.wp.com\\\/velesnails.pl\\\/wp-content\\\/uploads\\\/2024\\\/07\\\/Staleks-Pro-EXPERT-20-TYPE-2.png?fit=560%2C858&ssl=1\",\"contentUrl\":\"https:\\\/\\\/i0.wp.com\\\/velesnails.pl\\\/wp-content\\\/uploads\\\/2024\\\/07\\\/Staleks-Pro-EXPERT-20-TYPE-2.png?fit=560%2C858&ssl=1\",\"width\":560,\"height\":858},{\"@type\":\"BreadcrumbList\",\"@id\":\"https:\\\/\\\/velesnails.pl\\\/product\\\/staleks-pro-sonda-do-pedicure-expert-20-type-2-sonda-dwustronna\\\/#breadcrumb\",\"itemListElement\":[{\"@type\":\"ListItem\",\"position\":1,\"name\":\"\u0413\u043e\u043b\u043e\u0432\u043d\u0430\",\"item\":\"https:\\\/\\\/velesnails.pl\\\/\"},{\"@type\":\"ListItem\",\"position\":2,\"name\":\"Sklep\",\"item\":\"https:\\\/\\\/velesnails.pl\\\/shop\\\/\"},{\"@type\":\"ListItem\",\"position\":3,\"name\":\"Staleks Pro Sonda do pedicure EXPERT 20 TYPE 2 (sonda dwustronna)\"}]},{\"@type\":\"WebSite\",\"@id\":\"https:\\\/\\\/velesnails.pl\\\/#website\",\"url\":\"https:\\\/\\\/velesnails.pl\\\/\",\"name\":\"velesnails\",\"description\":\"Sklep z manicure\",\"publisher\":{\"@id\":\"https:\\\/\\\/velesnails.pl\\\/#organization\"},\"potentialAction\":[{\"@type\":\"SearchAction\",\"target\":{\"@type\":\"EntryPoint\",\"urlTemplate\":\"https:\\\/\\\/velesnails.pl\\\/?s={search_term_string}\"},\"query-input\":{\"@type\":\"PropertyValueSpecification\",\"valueRequired\":true,\"valueName\":\"search_term_string\"}}],\"inLanguage\":\"en-GB\"},{\"@type\":\"Organization\",\"@id\":\"https:\\\/\\\/velesnails.pl\\\/#organization\",\"name\":\"velesnails\",\"url\":\"https:\\\/\\\/velesnails.pl\\\/\",\"logo\":{\"@type\":\"ImageObject\",\"inLanguage\":\"en-GB\",\"@id\":\"https:\\\/\\\/velesnails.pl\\\/#\\\/schema\\\/logo\\\/image\\\/\",\"url\":\"https:\\\/\\\/i0.wp.com\\\/velesnails.pl\\\/wp-content\\\/uploads\\\/2025\\\/10\\\/cropped-obraz_viber_2025-10-22_13-55-55-969.jpg?fit=485%2C381&ssl=1\",\"contentUrl\":\"https:\\\/\\\/i0.wp.com\\\/velesnails.pl\\\/wp-content\\\/uploads\\\/2025\\\/10\\\/cropped-obraz_viber_2025-10-22_13-55-55-969.jpg?fit=485%2C381&ssl=1\",\"width\":485,\"height\":381,\"caption\":\"velesnails\"},\"image\":{\"@id\":\"https:\\\/\\\/velesnails.pl\\\/#\\\/schema\\\/logo\\\/image\\\/\"}}]}<\/script>\n<!-- \/ Yoast SEO plugin. -->","yoast_head_json":{"title":"Staleks Pro Sonda do pedicure EXPERT 20 TYPE 2 (sonda dwustronna) - velesnails","robots":{"index":"index","follow":"follow","max-snippet":"max-snippet:-1","max-image-preview":"max-image-preview:large","max-video-preview":"max-video-preview:-1"},"canonical":"https:\/\/velesnails.pl\/en\/product\/staleks-pro-sonda-do-pedicure-expert-20-type-2-sonda-dwustronna\/","og_locale":"en_GB","og_type":"article","og_title":"Staleks Pro Sonda do pedicure EXPERT 20 TYPE 2 (sonda dwustronna) - velesnails","og_description":"Sonda podologiczna -wykonana ze stali AISI420, u\u017cywanej do produkcji narz\u0119dzi chirurgicznych, -pr\u00f3\u017cniowa obr\u00f3bka cieplna zapewnia wysok\u0105 twardo\u015b\u0107 stali, -cz\u0119\u015bci robocze wykonane w postaci p\u0142askiego zaostrzonego haka. -wygodna, rowkowana r\u0105czka zapobiega \u015blizganiu si\u0119 narz\u0119dzia w d\u0142oni, -mo\u017cna sterylizowa\u0107 w autoklawie, -narz\u0119dzie niezb\u0119dne podczas zabieg\u00f3w podologicznych, m.in. przy oczyszczaniu wa\u0142\u00f3w paznokciowych. Pi\u0119kna i zadbana sk\u00f3ra st\u00f3p jest [&hellip;]","og_url":"https:\/\/velesnails.pl\/en\/product\/staleks-pro-sonda-do-pedicure-expert-20-type-2-sonda-dwustronna\/","og_site_name":"velesnails","article_modified_time":"2025-11-05T14:26:09+00:00","og_image":[{"width":560,"height":858,"url":"https:\/\/velesnails.pl\/wp-content\/uploads\/2024\/07\/Staleks-Pro-EXPERT-20-TYPE-2.png","type":"image\/png"}],"twitter_card":"summary_large_image","twitter_misc":{"Estimated reading time":"1 minute"},"schema":{"@context":"https:\/\/schema.org","@graph":[{"@type":"WebPage","@id":"https:\/\/velesnails.pl\/product\/staleks-pro-sonda-do-pedicure-expert-20-type-2-sonda-dwustronna\/","url":"https:\/\/velesnails.pl\/product\/staleks-pro-sonda-do-pedicure-expert-20-type-2-sonda-dwustronna\/","name":"Staleks Pro Sonda do pedicure EXPERT 20 TYPE 2 (sonda dwustronna) - velesnails","isPartOf":{"@id":"https:\/\/velesnails.pl\/#website"},"primaryImageOfPage":{"@id":"https:\/\/velesnails.pl\/product\/staleks-pro-sonda-do-pedicure-expert-20-type-2-sonda-dwustronna\/#primaryimage"},"image":{"@id":"https:\/\/velesnails.pl\/product\/staleks-pro-sonda-do-pedicure-expert-20-type-2-sonda-dwustronna\/#primaryimage"},"thumbnailUrl":"https:\/\/i0.wp.com\/velesnails.pl\/wp-content\/uploads\/2024\/07\/Staleks-Pro-EXPERT-20-TYPE-2.png?fit=560%2C858&ssl=1","datePublished":"2024-07-28T08:17:56+00:00","dateModified":"2025-11-05T14:26:09+00:00","breadcrumb":{"@id":"https:\/\/velesnails.pl\/product\/staleks-pro-sonda-do-pedicure-expert-20-type-2-sonda-dwustronna\/#breadcrumb"},"inLanguage":"en-GB","potentialAction":[{"@type":"ReadAction","target":["https:\/\/velesnails.pl\/product\/staleks-pro-sonda-do-pedicure-expert-20-type-2-sonda-dwustronna\/"]}]},{"@type":"ImageObject","inLanguage":"en-GB","@id":"https:\/\/velesnails.pl\/product\/staleks-pro-sonda-do-pedicure-expert-20-type-2-sonda-dwustronna\/#primaryimage","url":"https:\/\/i0.wp.com\/velesnails.pl\/wp-content\/uploads\/2024\/07\/Staleks-Pro-EXPERT-20-TYPE-2.png?fit=560%2C858&ssl=1","contentUrl":"https:\/\/i0.wp.com\/velesnails.pl\/wp-content\/uploads\/2024\/07\/Staleks-Pro-EXPERT-20-TYPE-2.png?fit=560%2C858&ssl=1","width":560,"height":858},{"@type":"BreadcrumbList","@id":"https:\/\/velesnails.pl\/product\/staleks-pro-sonda-do-pedicure-expert-20-type-2-sonda-dwustronna\/#breadcrumb","itemListElement":[{"@type":"ListItem","position":1,"name":"\u0413\u043e\u043b\u043e\u0432\u043d\u0430","item":"https:\/\/velesnails.pl\/"},{"@type":"ListItem","position":2,"name":"Sklep","item":"https:\/\/velesnails.pl\/shop\/"},{"@type":"ListItem","position":3,"name":"Staleks Pro Sonda do pedicure EXPERT 20 TYPE 2 (sonda dwustronna)"}]},{"@type":"WebSite","@id":"https:\/\/velesnails.pl\/#website","url":"https:\/\/velesnails.pl\/","name":"velesnails","description":"Manicure shop","publisher":{"@id":"https:\/\/velesnails.pl\/#organization"},"potentialAction":[{"@type":"SearchAction","target":{"@type":"EntryPoint","urlTemplate":"https:\/\/velesnails.pl\/?s={search_term_string}"},"query-input":{"@type":"PropertyValueSpecification","valueRequired":true,"valueName":"search_term_string"}}],"inLanguage":"en-GB"},{"@type":"Organization","@id":"https:\/\/velesnails.pl\/#organization","name":"velesnails","url":"https:\/\/velesnails.pl\/","logo":{"@type":"ImageObject","inLanguage":"en-GB","@id":"https:\/\/velesnails.pl\/#\/schema\/logo\/image\/","url":"https:\/\/i0.wp.com\/velesnails.pl\/wp-content\/uploads\/2025\/10\/cropped-obraz_viber_2025-10-22_13-55-55-969.jpg?fit=485%2C381&ssl=1","contentUrl":"https:\/\/i0.wp.com\/velesnails.pl\/wp-content\/uploads\/2025\/10\/cropped-obraz_viber_2025-10-22_13-55-55-969.jpg?fit=485%2C381&ssl=1","width":485,"height":381,"caption":"velesnails"},"image":{"@id":"https:\/\/velesnails.pl\/#\/schema\/logo\/image\/"}}]}},"_links":{"self":[{"href":"https:\/\/velesnails.pl\/en\/wp-json\/wp\/v2\/product\/3342","targetHints":{"allow":["GET"]}}],"collection":[{"href":"https:\/\/velesnails.pl\/en\/wp-json\/wp\/v2\/product"}],"about":[{"href":"https:\/\/velesnails.pl\/en\/wp-json\/wp\/v2\/types\/product"}],"replies":[{"embeddable":true,"href":"https:\/\/velesnails.pl\/en\/wp-json\/wp\/v2\/comments?post=3342"}],"wp:featuredmedia":[{"embeddable":true,"href":"https:\/\/velesnails.pl\/en\/wp-json\/wp\/v2\/media\/3343"}],"wp:attachment":[{"href":"https:\/\/velesnails.pl\/en\/wp-json\/wp\/v2\/media?parent=3342"}],"wp:term":[{"taxonomy":"product_brand","embeddable":true,"href":"https:\/\/velesnails.pl\/en\/wp-json\/wp\/v2\/product_brand?post=3342"},{"taxonomy":"product_cat","embeddable":true,"href":"https:\/\/velesnails.pl\/en\/wp-json\/wp\/v2\/product_cat?post=3342"},{"taxonomy":"product_tag","embeddable":true,"href":"https:\/\/velesnails.pl\/en\/wp-json\/wp\/v2\/product_tag?post=3342"}],"curies":[{"name":"wp","href":"https:\/\/api.w.org\/{rel}","templated":true}]}}