{"id":3336,"date":"2024-07-28T11:02:37","date_gmt":"2024-07-28T08:02:37","guid":{"rendered":"https:\/\/velesnails.loc\/?post_type=product&#038;p=3336"},"modified":"2025-10-29T12:25:02","modified_gmt":"2025-10-29T09:25:02","slug":"staleks-pro-profesjonalne-cazki-do-wrastajacych-paznokci-smart-71-14mm","status":"publish","type":"product","link":"https:\/\/velesnails.pl\/en\/product\/staleks-pro-profesjonalne-cazki-do-wrastajacych-paznokci-smart-71-14mm\/","title":{"rendered":"Staleks Pro Profesjonalne c\u0105\u017cki do wrastaj\u0105cych paznokci SMART 71 14mm"},"content":{"rendered":"<p>C\u0105\u017cki do usuwania wrastaj\u0105cych paznokci.<\/p>\n<p>-d\u0142ugo\u015b\u0107 ostrza 14 mm (+\/- 0,5 mm),<br \/>\n-d\u0142ugo\u015b\u0107 c\u0105\u017cek 107 mm (+\/- 1 mm),<br \/>\n-wyd\u0142u\u017cone i pochylone kraw\u0119dzie tn\u0105ce pozwalaj\u0105 dotrze\u0107 do trudno dost\u0119pnych miejsc,<br \/>\n-wykonane ze stali AISI420, u\u017cywanej do produkcji narz\u0119dzi chirurgicznych,<br \/>\n-dwustronnie ostrzone kraw\u0119dzie robocze,<br \/>\n-nie t\u0119pi\u0105 si\u0119 i nie rdzewiej\u0105,<br \/>\n-nadaj\u0105 si\u0119 do sterylizacji w autoklawie.<br \/>\nKomfort pracy na wyci\u0105gni\u0119cie r\u0119ki<br \/>\nFirma Staleks to marka znana na ca\u0142ym \u015bwiecie. Polecaj\u0105 j\u0105 zar\u00f3wno profesjonali\u015bci, jak i osoby prywatne. W trosce o najwy\u017csz\u0105 jako\u015b\u0107 produktu wyka\u0144czane s\u0105 niezwykle precyzyjnie, spe\u0142niaj\u0105c wszelkie standardy bezpiecze\u0144stwa. C\u0105\u017cki ostrzone s\u0105 dwustronnie na \u015bciernicy diamentowej, aby ci\u0119cia by\u0142y bardzo g\u0142adkie, nie przynosi\u0142y uczucia dyskomfortu i nie niszczy\u0142y paznokcia. Nie uszkodz\u0105 jego struktury podczas wycinania wro\u015bni\u0119tego elementu. Ostrze jest do tego przystosowane, mierzy 14 milimetr\u00f3w, aby zagwarantowa\u0107 si\u0119ganie do trudniej dost\u0119pnych miejsc. W tym celu jest r\u00f3wnie\u017c specjalnie wyd\u0142u\u017cone i pochylone. Produkt tworzony jest ze specjalnej stali nierdzewnej wykorzystywanej mi\u0119dzy innymi do produkcji narz\u0119dzi chirurgicznych.<\/p>\n<p>Wygoda, kt\u00f3r\u0105 pokochasz<br \/>\nR\u0105czki c\u0105\u017cek NS-71-14 s\u0105 przystosowane do wrastaj\u0105cych paznokci. Nie b\u0119d\u0105 si\u0119 \u015blizga\u0107 w d\u0142oni, a ich wypolerowana powierzchnia jest bardzo przyjemna w dotyku. Mechanizm jest sprytnie i elegancko wmontowany w ca\u0142y projekt, dzi\u0119ki czemu praca przy jego u\u017cyciu jest przyjemna. R\u0105czki nie odskakuj\u0105 od siebie gwa\u0142townie i nie potrzeba u\u017cycia si\u0142y podczas ci\u0119cia dzi\u0119ki niezawodno\u015bci ostrzy. Zastosowana do ich produkcji stal umo\u017cliwia ich sterylizacj\u0119 oraz bezpieczne oczyszczanie. Nie rdzewiej\u0105 i nie t\u0119pi\u0105 si\u0119.<\/p>\n<p>\u015awiadczymy us\u0142ugi ostrzenia narz\u0119dzi!<\/p>","protected":false},"excerpt":{"rendered":"<p>C\u0105\u017cki do usuwania wrastaj\u0105cych paznokci. -d\u0142ugo\u015b\u0107 ostrza 14 mm (+\/- 0,5 mm), -d\u0142ugo\u015b\u0107 c\u0105\u017cek 107 mm (+\/- 1 mm), -wyd\u0142u\u017cone i pochylone kraw\u0119dzie tn\u0105ce pozwalaj\u0105 dotrze\u0107 do trudno dost\u0119pnych miejsc, -wykonane ze stali AISI420, u\u017cywanej do produkcji narz\u0119dzi chirurgicznych, -dwustronnie ostrzone kraw\u0119dzie robocze, -nie t\u0119pi\u0105 si\u0119 i nie rdzewiej\u0105, -nadaj\u0105 si\u0119 do sterylizacji w autoklawie. [&hellip;]<\/p>\n","protected":false},"featured_media":3337,"comment_status":"closed","ping_status":"closed","template":"","meta":{"om_disable_all_campaigns":false,"ocean_post_layout":"","ocean_both_sidebars_style":"","ocean_both_sidebars_content_width":0,"ocean_both_sidebars_sidebars_width":0,"ocean_sidebar":"0","ocean_second_sidebar":"0","ocean_disable_margins":"enable","ocean_add_body_class":"","ocean_shortcode_before_top_bar":"","ocean_shortcode_after_top_bar":"","ocean_shortcode_before_header":"","ocean_shortcode_after_header":"","ocean_has_shortcode":"","ocean_shortcode_after_title":"","ocean_shortcode_before_footer_widgets":"","ocean_shortcode_after_footer_widgets":"","ocean_shortcode_before_footer_bottom":"","ocean_shortcode_after_footer_bottom":"","ocean_display_top_bar":"default","ocean_display_header":"default","ocean_header_style":"","ocean_center_header_left_menu":"0","ocean_custom_header_template":"0","ocean_custom_logo":0,"ocean_custom_retina_logo":0,"ocean_custom_logo_max_width":0,"ocean_custom_logo_tablet_max_width":0,"ocean_custom_logo_mobile_max_width":0,"ocean_custom_logo_max_height":0,"ocean_custom_logo_tablet_max_height":0,"ocean_custom_logo_mobile_max_height":0,"ocean_header_custom_menu":"0","ocean_menu_typo_font_family":"0","ocean_menu_typo_font_subset":"","ocean_menu_typo_font_size":0,"ocean_menu_typo_font_size_tablet":0,"ocean_menu_typo_font_size_mobile":0,"ocean_menu_typo_font_size_unit":"px","ocean_menu_typo_font_weight":"","ocean_menu_typo_font_weight_tablet":"","ocean_menu_typo_font_weight_mobile":"","ocean_menu_typo_transform":"","ocean_menu_typo_transform_tablet":"","ocean_menu_typo_transform_mobile":"","ocean_menu_typo_line_height":0,"ocean_menu_typo_line_height_tablet":0,"ocean_menu_typo_line_height_mobile":0,"ocean_menu_typo_line_height_unit":"","ocean_menu_typo_spacing":0,"ocean_menu_typo_spacing_tablet":0,"ocean_menu_typo_spacing_mobile":0,"ocean_menu_typo_spacing_unit":"","ocean_menu_link_color":"","ocean_menu_link_color_hover":"","ocean_menu_link_color_active":"","ocean_menu_link_background":"","ocean_menu_link_hover_background":"","ocean_menu_link_active_background":"","ocean_menu_social_links_bg":"","ocean_menu_social_hover_links_bg":"","ocean_menu_social_links_color":"","ocean_menu_social_hover_links_color":"","ocean_disable_title":"default","ocean_disable_heading":"default","ocean_post_title":"","ocean_post_subheading":"","ocean_post_title_style":"","ocean_post_title_background_color":"","ocean_post_title_background":0,"ocean_post_title_bg_image_position":"","ocean_post_title_bg_image_attachment":"","ocean_post_title_bg_image_repeat":"","ocean_post_title_bg_image_size":"","ocean_post_title_height":0,"ocean_post_title_bg_overlay":0.5,"ocean_post_title_bg_overlay_color":"","ocean_disable_breadcrumbs":"default","ocean_breadcrumbs_color":"","ocean_breadcrumbs_separator_color":"","ocean_breadcrumbs_links_color":"","ocean_breadcrumbs_links_hover_color":"","ocean_display_footer_widgets":"default","ocean_display_footer_bottom":"default","ocean_custom_footer_template":"0"},"product_brand":[],"product_cat":[153,176,150,110,183],"product_tag":[],"class_list":{"0":"post-3336","1":"product","2":"type-product","3":"status-publish","4":"has-post-thumbnail","6":"product_cat-cegi","7":"product_cat-marki","8":"product_cat-narzedzia","9":"product_cat-paznokcie","10":"product_cat-staleks-1","12":"entry","13":"has-media","15":"first","16":"outofstock","17":"taxable","18":"shipping-taxable","19":"purchasable","20":"product-type-simple","21":"has-product-nav","22":"col","23":"span_1_of_3","24":"owp-content-center","25":"owp-thumbs-layout-horizontal","26":"owp-btn-normal","27":"owp-tabs-layout-horizontal","28":"has-no-thumbnails"},"yoast_head":"<!-- This site is optimized with the Yoast SEO plugin v27.5 - https:\/\/yoast.com\/product\/yoast-seo-wordpress\/ -->\n<title>Staleks Pro Profesjonalne c\u0105\u017cki do wrastaj\u0105cych paznokci SMART 71 14mm - velesnails<\/title>\n<meta name=\"robots\" content=\"index, follow, max-snippet:-1, max-image-preview:large, max-video-preview:-1\" \/>\n<link rel=\"canonical\" href=\"https:\/\/velesnails.pl\/en\/product\/staleks-pro-profesjonalne-cazki-do-wrastajacych-paznokci-smart-71-14mm\/\" \/>\n<meta property=\"og:locale\" content=\"en_GB\" \/>\n<meta property=\"og:type\" content=\"article\" \/>\n<meta property=\"og:title\" content=\"Staleks Pro Profesjonalne c\u0105\u017cki do wrastaj\u0105cych paznokci SMART 71 14mm - velesnails\" \/>\n<meta property=\"og:description\" content=\"C\u0105\u017cki do usuwania wrastaj\u0105cych paznokci. -d\u0142ugo\u015b\u0107 ostrza 14 mm (+\/- 0,5 mm), -d\u0142ugo\u015b\u0107 c\u0105\u017cek 107 mm (+\/- 1 mm), -wyd\u0142u\u017cone i pochylone kraw\u0119dzie tn\u0105ce pozwalaj\u0105 dotrze\u0107 do trudno dost\u0119pnych miejsc, -wykonane ze stali AISI420, u\u017cywanej do produkcji narz\u0119dzi chirurgicznych, -dwustronnie ostrzone kraw\u0119dzie robocze, -nie t\u0119pi\u0105 si\u0119 i nie rdzewiej\u0105, -nadaj\u0105 si\u0119 do sterylizacji w autoklawie. [&hellip;]\" \/>\n<meta property=\"og:url\" content=\"https:\/\/velesnails.pl\/en\/product\/staleks-pro-profesjonalne-cazki-do-wrastajacych-paznokci-smart-71-14mm\/\" \/>\n<meta property=\"og:site_name\" content=\"velesnails\" \/>\n<meta property=\"article:modified_time\" content=\"2025-10-29T09:25:02+00:00\" \/>\n<meta property=\"og:image\" content=\"https:\/\/velesnails.pl\/wp-content\/uploads\/2024\/07\/Staleks-Pro-SMART-71-14mm.png\" \/>\n\t<meta property=\"og:image:width\" content=\"820\" \/>\n\t<meta property=\"og:image:height\" content=\"865\" \/>\n\t<meta property=\"og:image:type\" content=\"image\/png\" \/>\n<meta name=\"twitter:card\" content=\"summary_large_image\" \/>\n<meta name=\"twitter:label1\" content=\"Estimated reading time\" \/>\n\t<meta name=\"twitter:data1\" content=\"1 minute\" \/>\n<script type=\"application\/ld+json\" class=\"yoast-schema-graph\">{\"@context\":\"https:\\\/\\\/schema.org\",\"@graph\":[{\"@type\":\"WebPage\",\"@id\":\"https:\\\/\\\/velesnails.pl\\\/product\\\/staleks-pro-profesjonalne-cazki-do-wrastajacych-paznokci-smart-71-14mm\\\/\",\"url\":\"https:\\\/\\\/velesnails.pl\\\/product\\\/staleks-pro-profesjonalne-cazki-do-wrastajacych-paznokci-smart-71-14mm\\\/\",\"name\":\"Staleks Pro Profesjonalne c\u0105\u017cki do wrastaj\u0105cych paznokci SMART 71 14mm - velesnails\",\"isPartOf\":{\"@id\":\"https:\\\/\\\/velesnails.pl\\\/#website\"},\"primaryImageOfPage\":{\"@id\":\"https:\\\/\\\/velesnails.pl\\\/product\\\/staleks-pro-profesjonalne-cazki-do-wrastajacych-paznokci-smart-71-14mm\\\/#primaryimage\"},\"image\":{\"@id\":\"https:\\\/\\\/velesnails.pl\\\/product\\\/staleks-pro-profesjonalne-cazki-do-wrastajacych-paznokci-smart-71-14mm\\\/#primaryimage\"},\"thumbnailUrl\":\"https:\\\/\\\/i0.wp.com\\\/velesnails.pl\\\/wp-content\\\/uploads\\\/2024\\\/07\\\/Staleks-Pro-SMART-71-14mm.png?fit=820%2C865&ssl=1\",\"datePublished\":\"2024-07-28T08:02:37+00:00\",\"dateModified\":\"2025-10-29T09:25:02+00:00\",\"breadcrumb\":{\"@id\":\"https:\\\/\\\/velesnails.pl\\\/product\\\/staleks-pro-profesjonalne-cazki-do-wrastajacych-paznokci-smart-71-14mm\\\/#breadcrumb\"},\"inLanguage\":\"en-GB\",\"potentialAction\":[{\"@type\":\"ReadAction\",\"target\":[\"https:\\\/\\\/velesnails.pl\\\/product\\\/staleks-pro-profesjonalne-cazki-do-wrastajacych-paznokci-smart-71-14mm\\\/\"]}]},{\"@type\":\"ImageObject\",\"inLanguage\":\"en-GB\",\"@id\":\"https:\\\/\\\/velesnails.pl\\\/product\\\/staleks-pro-profesjonalne-cazki-do-wrastajacych-paznokci-smart-71-14mm\\\/#primaryimage\",\"url\":\"https:\\\/\\\/i0.wp.com\\\/velesnails.pl\\\/wp-content\\\/uploads\\\/2024\\\/07\\\/Staleks-Pro-SMART-71-14mm.png?fit=820%2C865&ssl=1\",\"contentUrl\":\"https:\\\/\\\/i0.wp.com\\\/velesnails.pl\\\/wp-content\\\/uploads\\\/2024\\\/07\\\/Staleks-Pro-SMART-71-14mm.png?fit=820%2C865&ssl=1\",\"width\":820,\"height\":865},{\"@type\":\"BreadcrumbList\",\"@id\":\"https:\\\/\\\/velesnails.pl\\\/product\\\/staleks-pro-profesjonalne-cazki-do-wrastajacych-paznokci-smart-71-14mm\\\/#breadcrumb\",\"itemListElement\":[{\"@type\":\"ListItem\",\"position\":1,\"name\":\"\u0413\u043e\u043b\u043e\u0432\u043d\u0430\",\"item\":\"https:\\\/\\\/velesnails.pl\\\/\"},{\"@type\":\"ListItem\",\"position\":2,\"name\":\"Sklep\",\"item\":\"https:\\\/\\\/velesnails.pl\\\/shop\\\/\"},{\"@type\":\"ListItem\",\"position\":3,\"name\":\"Staleks Pro Profesjonalne c\u0105\u017cki do wrastaj\u0105cych paznokci SMART 71 14mm\"}]},{\"@type\":\"WebSite\",\"@id\":\"https:\\\/\\\/velesnails.pl\\\/#website\",\"url\":\"https:\\\/\\\/velesnails.pl\\\/\",\"name\":\"velesnails\",\"description\":\"Sklep z manicure\",\"publisher\":{\"@id\":\"https:\\\/\\\/velesnails.pl\\\/#organization\"},\"potentialAction\":[{\"@type\":\"SearchAction\",\"target\":{\"@type\":\"EntryPoint\",\"urlTemplate\":\"https:\\\/\\\/velesnails.pl\\\/?s={search_term_string}\"},\"query-input\":{\"@type\":\"PropertyValueSpecification\",\"valueRequired\":true,\"valueName\":\"search_term_string\"}}],\"inLanguage\":\"en-GB\"},{\"@type\":\"Organization\",\"@id\":\"https:\\\/\\\/velesnails.pl\\\/#organization\",\"name\":\"velesnails\",\"url\":\"https:\\\/\\\/velesnails.pl\\\/\",\"logo\":{\"@type\":\"ImageObject\",\"inLanguage\":\"en-GB\",\"@id\":\"https:\\\/\\\/velesnails.pl\\\/#\\\/schema\\\/logo\\\/image\\\/\",\"url\":\"https:\\\/\\\/i0.wp.com\\\/velesnails.pl\\\/wp-content\\\/uploads\\\/2025\\\/10\\\/cropped-obraz_viber_2025-10-22_13-55-55-969.jpg?fit=485%2C381&ssl=1\",\"contentUrl\":\"https:\\\/\\\/i0.wp.com\\\/velesnails.pl\\\/wp-content\\\/uploads\\\/2025\\\/10\\\/cropped-obraz_viber_2025-10-22_13-55-55-969.jpg?fit=485%2C381&ssl=1\",\"width\":485,\"height\":381,\"caption\":\"velesnails\"},\"image\":{\"@id\":\"https:\\\/\\\/velesnails.pl\\\/#\\\/schema\\\/logo\\\/image\\\/\"}}]}<\/script>\n<!-- \/ Yoast SEO plugin. -->","yoast_head_json":{"title":"Staleks Pro Profesjonalne c\u0105\u017cki do wrastaj\u0105cych paznokci SMART 71 14mm - velesnails","robots":{"index":"index","follow":"follow","max-snippet":"max-snippet:-1","max-image-preview":"max-image-preview:large","max-video-preview":"max-video-preview:-1"},"canonical":"https:\/\/velesnails.pl\/en\/product\/staleks-pro-profesjonalne-cazki-do-wrastajacych-paznokci-smart-71-14mm\/","og_locale":"en_GB","og_type":"article","og_title":"Staleks Pro Profesjonalne c\u0105\u017cki do wrastaj\u0105cych paznokci SMART 71 14mm - velesnails","og_description":"C\u0105\u017cki do usuwania wrastaj\u0105cych paznokci. -d\u0142ugo\u015b\u0107 ostrza 14 mm (+\/- 0,5 mm), -d\u0142ugo\u015b\u0107 c\u0105\u017cek 107 mm (+\/- 1 mm), -wyd\u0142u\u017cone i pochylone kraw\u0119dzie tn\u0105ce pozwalaj\u0105 dotrze\u0107 do trudno dost\u0119pnych miejsc, -wykonane ze stali AISI420, u\u017cywanej do produkcji narz\u0119dzi chirurgicznych, -dwustronnie ostrzone kraw\u0119dzie robocze, -nie t\u0119pi\u0105 si\u0119 i nie rdzewiej\u0105, -nadaj\u0105 si\u0119 do sterylizacji w autoklawie. [&hellip;]","og_url":"https:\/\/velesnails.pl\/en\/product\/staleks-pro-profesjonalne-cazki-do-wrastajacych-paznokci-smart-71-14mm\/","og_site_name":"velesnails","article_modified_time":"2025-10-29T09:25:02+00:00","og_image":[{"width":820,"height":865,"url":"https:\/\/velesnails.pl\/wp-content\/uploads\/2024\/07\/Staleks-Pro-SMART-71-14mm.png","type":"image\/png"}],"twitter_card":"summary_large_image","twitter_misc":{"Estimated reading time":"1 minute"},"schema":{"@context":"https:\/\/schema.org","@graph":[{"@type":"WebPage","@id":"https:\/\/velesnails.pl\/product\/staleks-pro-profesjonalne-cazki-do-wrastajacych-paznokci-smart-71-14mm\/","url":"https:\/\/velesnails.pl\/product\/staleks-pro-profesjonalne-cazki-do-wrastajacych-paznokci-smart-71-14mm\/","name":"Staleks Pro Profesjonalne c\u0105\u017cki do wrastaj\u0105cych paznokci SMART 71 14mm - velesnails","isPartOf":{"@id":"https:\/\/velesnails.pl\/#website"},"primaryImageOfPage":{"@id":"https:\/\/velesnails.pl\/product\/staleks-pro-profesjonalne-cazki-do-wrastajacych-paznokci-smart-71-14mm\/#primaryimage"},"image":{"@id":"https:\/\/velesnails.pl\/product\/staleks-pro-profesjonalne-cazki-do-wrastajacych-paznokci-smart-71-14mm\/#primaryimage"},"thumbnailUrl":"https:\/\/i0.wp.com\/velesnails.pl\/wp-content\/uploads\/2024\/07\/Staleks-Pro-SMART-71-14mm.png?fit=820%2C865&ssl=1","datePublished":"2024-07-28T08:02:37+00:00","dateModified":"2025-10-29T09:25:02+00:00","breadcrumb":{"@id":"https:\/\/velesnails.pl\/product\/staleks-pro-profesjonalne-cazki-do-wrastajacych-paznokci-smart-71-14mm\/#breadcrumb"},"inLanguage":"en-GB","potentialAction":[{"@type":"ReadAction","target":["https:\/\/velesnails.pl\/product\/staleks-pro-profesjonalne-cazki-do-wrastajacych-paznokci-smart-71-14mm\/"]}]},{"@type":"ImageObject","inLanguage":"en-GB","@id":"https:\/\/velesnails.pl\/product\/staleks-pro-profesjonalne-cazki-do-wrastajacych-paznokci-smart-71-14mm\/#primaryimage","url":"https:\/\/i0.wp.com\/velesnails.pl\/wp-content\/uploads\/2024\/07\/Staleks-Pro-SMART-71-14mm.png?fit=820%2C865&ssl=1","contentUrl":"https:\/\/i0.wp.com\/velesnails.pl\/wp-content\/uploads\/2024\/07\/Staleks-Pro-SMART-71-14mm.png?fit=820%2C865&ssl=1","width":820,"height":865},{"@type":"BreadcrumbList","@id":"https:\/\/velesnails.pl\/product\/staleks-pro-profesjonalne-cazki-do-wrastajacych-paznokci-smart-71-14mm\/#breadcrumb","itemListElement":[{"@type":"ListItem","position":1,"name":"\u0413\u043e\u043b\u043e\u0432\u043d\u0430","item":"https:\/\/velesnails.pl\/"},{"@type":"ListItem","position":2,"name":"Sklep","item":"https:\/\/velesnails.pl\/shop\/"},{"@type":"ListItem","position":3,"name":"Staleks Pro Profesjonalne c\u0105\u017cki do wrastaj\u0105cych paznokci SMART 71 14mm"}]},{"@type":"WebSite","@id":"https:\/\/velesnails.pl\/#website","url":"https:\/\/velesnails.pl\/","name":"velesnails","description":"Manicure shop","publisher":{"@id":"https:\/\/velesnails.pl\/#organization"},"potentialAction":[{"@type":"SearchAction","target":{"@type":"EntryPoint","urlTemplate":"https:\/\/velesnails.pl\/?s={search_term_string}"},"query-input":{"@type":"PropertyValueSpecification","valueRequired":true,"valueName":"search_term_string"}}],"inLanguage":"en-GB"},{"@type":"Organization","@id":"https:\/\/velesnails.pl\/#organization","name":"velesnails","url":"https:\/\/velesnails.pl\/","logo":{"@type":"ImageObject","inLanguage":"en-GB","@id":"https:\/\/velesnails.pl\/#\/schema\/logo\/image\/","url":"https:\/\/i0.wp.com\/velesnails.pl\/wp-content\/uploads\/2025\/10\/cropped-obraz_viber_2025-10-22_13-55-55-969.jpg?fit=485%2C381&ssl=1","contentUrl":"https:\/\/i0.wp.com\/velesnails.pl\/wp-content\/uploads\/2025\/10\/cropped-obraz_viber_2025-10-22_13-55-55-969.jpg?fit=485%2C381&ssl=1","width":485,"height":381,"caption":"velesnails"},"image":{"@id":"https:\/\/velesnails.pl\/#\/schema\/logo\/image\/"}}]}},"_links":{"self":[{"href":"https:\/\/velesnails.pl\/en\/wp-json\/wp\/v2\/product\/3336","targetHints":{"allow":["GET"]}}],"collection":[{"href":"https:\/\/velesnails.pl\/en\/wp-json\/wp\/v2\/product"}],"about":[{"href":"https:\/\/velesnails.pl\/en\/wp-json\/wp\/v2\/types\/product"}],"replies":[{"embeddable":true,"href":"https:\/\/velesnails.pl\/en\/wp-json\/wp\/v2\/comments?post=3336"}],"wp:featuredmedia":[{"embeddable":true,"href":"https:\/\/velesnails.pl\/en\/wp-json\/wp\/v2\/media\/3337"}],"wp:attachment":[{"href":"https:\/\/velesnails.pl\/en\/wp-json\/wp\/v2\/media?parent=3336"}],"wp:term":[{"taxonomy":"product_brand","embeddable":true,"href":"https:\/\/velesnails.pl\/en\/wp-json\/wp\/v2\/product_brand?post=3336"},{"taxonomy":"product_cat","embeddable":true,"href":"https:\/\/velesnails.pl\/en\/wp-json\/wp\/v2\/product_cat?post=3336"},{"taxonomy":"product_tag","embeddable":true,"href":"https:\/\/velesnails.pl\/en\/wp-json\/wp\/v2\/product_tag?post=3336"}],"curies":[{"name":"wp","href":"https:\/\/api.w.org\/{rel}","templated":true}]}}