{"id":3323,"date":"2024-07-28T10:30:02","date_gmt":"2024-07-28T07:30:02","guid":{"rendered":"https:\/\/velesnails.loc\/?post_type=product&#038;p=3323"},"modified":"2025-10-20T12:42:36","modified_gmt":"2025-10-20T09:42:36","slug":"staleks-pro-profesjonalne-cazki-do-skorek-smart-50-5mm","status":"publish","type":"product","link":"https:\/\/velesnails.pl\/en\/product\/staleks-pro-profesjonalne-cazki-do-skorek-smart-50-5mm\/","title":{"rendered":"Staleks Pro Profesjonalne c\u0105\u017cki do sk\u00f3rek SMART 50 5mm"},"content":{"rendered":"<p>Precyzyjne c\u0105\u017cki do wycinania sk\u00f3rek.<\/p>\n<p>-d\u0142ugo\u015b\u0107 ostrza 5 mm (+\/- 1 mm),<br \/>\n-d\u0142ugo\u015b\u0107 c\u0105\u017cek 100 mm (+\/- 1 mm),<br \/>\n-poddane pr\u00f3\u017cniowej obr\u00f3bce termicznej, co zapewnia wysok\u0105 twardo\u015b\u0107 stali,<br \/>\n-r\u0119cznie ostrzone na \u015bciernicy diamentowej,<br \/>\n-wykonane ze stali nierdzewnej marki 40X13, u\u017cywanej do produkcji narz\u0119dzi chirurgicznych,<br \/>\n-nie t\u0119pi\u0105 si\u0119 i nie rdzewiej\u0105,<br \/>\n-nadaj\u0105 si\u0119 do sterylizacji w autoklawie.<br \/>\nInteligentne c\u0105\u017cki do sk\u00f3rek<br \/>\nC\u0105\u017cki posiadaj\u0105 op\u0142ywow\u0105, zgrabn\u0105 r\u0105czk\u0119, kt\u00f3ra doskonale uk\u0142ada si\u0119 w ka\u017cdej d\u0142oni. S\u0105 satynowe, przyjemne w dotyku, co zawdzi\u0119czaj\u0105 specjalnemu sposobowi obr\u00f3bki stali w postaci jej polerowania. Posiadaj\u0105 mechanizm blokuj\u0105cy gwa\u0142towne i niekontrolowane odskoki r\u0105czek, zapewniaj\u0105c najwy\u017cszy komfort podczas obcinania sk\u00f3rek. R\u0105czki pod wp\u0142ywem nacisku zbli\u017caj\u0105 si\u0119 do siebie w mi\u0119kki, swobodny spos\u00f3b, dzi\u0119ki czemu urz\u0105dzenie pozwala na bardzo dok\u0142adne operowanie. Ostrza s\u0105 wygi\u0119te w d\u00f3\u0142, by zapewni\u0107 pe\u0142n\u0105 widoczno\u015b\u0107 podczas manicure a tak\u017ce poczucie bezpiecze\u0144stwa.<\/p>\n<p>Stal chirurgiczna<br \/>\nNarz\u0119dzie wykonane jest ze stali chirurgicznej, co sprawia, \u017ce nie rdzewiej\u0105 one pod wp\u0142ywem wilgoci oraz wody. S\u0105 bardzo wytrzyma\u0142e, nie t\u0119pi\u0105 si\u0119, za\u015b ostrze nie ulega wyszczerbieniu. Firma Staleks opanowa\u0142a do perfekcji ostrzenie powierzchni tn\u0105cej na diamentowej \u015bciernicy. Ostro\u015b\u0107 produktu gwarantuje, \u017ce uczucie obcinania nie b\u0119dzie dra\u017cni\u0105ce, a pozwoli na niezwykle precyzyjn\u0105 czynno\u015b\u0107. C\u0105\u017cki nie ci\u0105gn\u0105 sk\u00f3rek i nie ma mo\u017cliwo\u015bci, by przy ich prawid\u0142owym u\u017cytkowaniu powsta\u0142y zadarcia. Mo\u017cliwa jest ich sterylizacja, dzi\u0119ki czemu mog\u0105 by\u0107 zawsze jak nowe, zapewniaj\u0105c bezpiecze\u0144stwo i higien\u0119 na najwy\u017cszym poziomie.<\/p>","protected":false},"excerpt":{"rendered":"<p>Precyzyjne c\u0105\u017cki do wycinania sk\u00f3rek. -d\u0142ugo\u015b\u0107 ostrza 5 mm (+\/- 1 mm), -d\u0142ugo\u015b\u0107 c\u0105\u017cek 100 mm (+\/- 1 mm), -poddane pr\u00f3\u017cniowej obr\u00f3bce termicznej, co zapewnia wysok\u0105 twardo\u015b\u0107 stali, -r\u0119cznie ostrzone na \u015bciernicy diamentowej, -wykonane ze stali nierdzewnej marki 40X13, u\u017cywanej do produkcji narz\u0119dzi chirurgicznych, -nie t\u0119pi\u0105 si\u0119 i nie rdzewiej\u0105, -nadaj\u0105 si\u0119 do sterylizacji w [&hellip;]<\/p>\n","protected":false},"featured_media":3324,"comment_status":"closed","ping_status":"closed","template":"","meta":{"om_disable_all_campaigns":false,"ocean_post_layout":"","ocean_both_sidebars_style":"","ocean_both_sidebars_content_width":0,"ocean_both_sidebars_sidebars_width":0,"ocean_sidebar":"0","ocean_second_sidebar":"0","ocean_disable_margins":"enable","ocean_add_body_class":"","ocean_shortcode_before_top_bar":"","ocean_shortcode_after_top_bar":"","ocean_shortcode_before_header":"","ocean_shortcode_after_header":"","ocean_has_shortcode":"","ocean_shortcode_after_title":"","ocean_shortcode_before_footer_widgets":"","ocean_shortcode_after_footer_widgets":"","ocean_shortcode_before_footer_bottom":"","ocean_shortcode_after_footer_bottom":"","ocean_display_top_bar":"default","ocean_display_header":"default","ocean_header_style":"","ocean_center_header_left_menu":"0","ocean_custom_header_template":"0","ocean_custom_logo":0,"ocean_custom_retina_logo":0,"ocean_custom_logo_max_width":0,"ocean_custom_logo_tablet_max_width":0,"ocean_custom_logo_mobile_max_width":0,"ocean_custom_logo_max_height":0,"ocean_custom_logo_tablet_max_height":0,"ocean_custom_logo_mobile_max_height":0,"ocean_header_custom_menu":"0","ocean_menu_typo_font_family":"0","ocean_menu_typo_font_subset":"","ocean_menu_typo_font_size":0,"ocean_menu_typo_font_size_tablet":0,"ocean_menu_typo_font_size_mobile":0,"ocean_menu_typo_font_size_unit":"px","ocean_menu_typo_font_weight":"","ocean_menu_typo_font_weight_tablet":"","ocean_menu_typo_font_weight_mobile":"","ocean_menu_typo_transform":"","ocean_menu_typo_transform_tablet":"","ocean_menu_typo_transform_mobile":"","ocean_menu_typo_line_height":0,"ocean_menu_typo_line_height_tablet":0,"ocean_menu_typo_line_height_mobile":0,"ocean_menu_typo_line_height_unit":"","ocean_menu_typo_spacing":0,"ocean_menu_typo_spacing_tablet":0,"ocean_menu_typo_spacing_mobile":0,"ocean_menu_typo_spacing_unit":"","ocean_menu_link_color":"","ocean_menu_link_color_hover":"","ocean_menu_link_color_active":"","ocean_menu_link_background":"","ocean_menu_link_hover_background":"","ocean_menu_link_active_background":"","ocean_menu_social_links_bg":"","ocean_menu_social_hover_links_bg":"","ocean_menu_social_links_color":"","ocean_menu_social_hover_links_color":"","ocean_disable_title":"default","ocean_disable_heading":"default","ocean_post_title":"","ocean_post_subheading":"","ocean_post_title_style":"","ocean_post_title_background_color":"","ocean_post_title_background":0,"ocean_post_title_bg_image_position":"","ocean_post_title_bg_image_attachment":"","ocean_post_title_bg_image_repeat":"","ocean_post_title_bg_image_size":"","ocean_post_title_height":0,"ocean_post_title_bg_overlay":0.5,"ocean_post_title_bg_overlay_color":"","ocean_disable_breadcrumbs":"default","ocean_breadcrumbs_color":"","ocean_breadcrumbs_separator_color":"","ocean_breadcrumbs_links_color":"","ocean_breadcrumbs_links_hover_color":"","ocean_display_footer_widgets":"default","ocean_display_footer_bottom":"default","ocean_custom_footer_template":"0"},"product_brand":[],"product_cat":[152,176,150,110,183],"product_tag":[],"class_list":{"0":"post-3323","1":"product","2":"type-product","3":"status-publish","4":"has-post-thumbnail","6":"product_cat-cazki-do-skorek","7":"product_cat-marki","8":"product_cat-narzedzia","9":"product_cat-paznokcie","10":"product_cat-staleks-1","12":"entry","13":"has-media","15":"first","16":"outofstock","17":"taxable","18":"shipping-taxable","19":"purchasable","20":"product-type-simple","21":"has-product-nav","22":"col","23":"span_1_of_3","24":"owp-content-center","25":"owp-thumbs-layout-horizontal","26":"owp-btn-normal","27":"owp-tabs-layout-horizontal","28":"has-no-thumbnails"},"yoast_head":"<!-- This site is optimized with the Yoast SEO plugin v27.4 - https:\/\/yoast.com\/product\/yoast-seo-wordpress\/ -->\n<title>Staleks Pro Profesjonalne c\u0105\u017cki do sk\u00f3rek SMART 50 5mm - velesnails<\/title>\n<meta name=\"robots\" content=\"index, follow, max-snippet:-1, max-image-preview:large, max-video-preview:-1\" \/>\n<link rel=\"canonical\" href=\"https:\/\/velesnails.pl\/en\/product\/staleks-pro-profesjonalne-cazki-do-skorek-smart-50-5mm\/\" \/>\n<meta property=\"og:locale\" content=\"en_GB\" \/>\n<meta property=\"og:type\" content=\"article\" \/>\n<meta property=\"og:title\" content=\"Staleks Pro Profesjonalne c\u0105\u017cki do sk\u00f3rek SMART 50 5mm - velesnails\" \/>\n<meta property=\"og:description\" content=\"Precyzyjne c\u0105\u017cki do wycinania sk\u00f3rek. -d\u0142ugo\u015b\u0107 ostrza 5 mm (+\/- 1 mm), -d\u0142ugo\u015b\u0107 c\u0105\u017cek 100 mm (+\/- 1 mm), -poddane pr\u00f3\u017cniowej obr\u00f3bce termicznej, co zapewnia wysok\u0105 twardo\u015b\u0107 stali, -r\u0119cznie ostrzone na \u015bciernicy diamentowej, -wykonane ze stali nierdzewnej marki 40X13, u\u017cywanej do produkcji narz\u0119dzi chirurgicznych, -nie t\u0119pi\u0105 si\u0119 i nie rdzewiej\u0105, -nadaj\u0105 si\u0119 do sterylizacji w [&hellip;]\" \/>\n<meta property=\"og:url\" content=\"https:\/\/velesnails.pl\/en\/product\/staleks-pro-profesjonalne-cazki-do-skorek-smart-50-5mm\/\" \/>\n<meta property=\"og:site_name\" content=\"velesnails\" \/>\n<meta property=\"article:modified_time\" content=\"2025-10-20T09:42:36+00:00\" \/>\n<meta property=\"og:image\" content=\"https:\/\/velesnails.pl\/wp-content\/uploads\/2024\/07\/Staleks-Pro-SMART-50-5mm.png\" \/>\n\t<meta property=\"og:image:width\" content=\"830\" \/>\n\t<meta property=\"og:image:height\" content=\"864\" \/>\n\t<meta property=\"og:image:type\" content=\"image\/png\" \/>\n<meta name=\"twitter:card\" content=\"summary_large_image\" \/>\n<meta name=\"twitter:label1\" content=\"Estimated reading time\" \/>\n\t<meta name=\"twitter:data1\" content=\"1 minute\" \/>\n<script type=\"application\/ld+json\" class=\"yoast-schema-graph\">{\"@context\":\"https:\\\/\\\/schema.org\",\"@graph\":[{\"@type\":\"WebPage\",\"@id\":\"https:\\\/\\\/velesnails.pl\\\/product\\\/staleks-pro-profesjonalne-cazki-do-skorek-smart-50-5mm\\\/\",\"url\":\"https:\\\/\\\/velesnails.pl\\\/product\\\/staleks-pro-profesjonalne-cazki-do-skorek-smart-50-5mm\\\/\",\"name\":\"Staleks Pro Profesjonalne c\u0105\u017cki do sk\u00f3rek SMART 50 5mm - velesnails\",\"isPartOf\":{\"@id\":\"https:\\\/\\\/velesnails.pl\\\/#website\"},\"primaryImageOfPage\":{\"@id\":\"https:\\\/\\\/velesnails.pl\\\/product\\\/staleks-pro-profesjonalne-cazki-do-skorek-smart-50-5mm\\\/#primaryimage\"},\"image\":{\"@id\":\"https:\\\/\\\/velesnails.pl\\\/product\\\/staleks-pro-profesjonalne-cazki-do-skorek-smart-50-5mm\\\/#primaryimage\"},\"thumbnailUrl\":\"https:\\\/\\\/i0.wp.com\\\/velesnails.pl\\\/wp-content\\\/uploads\\\/2024\\\/07\\\/Staleks-Pro-SMART-50-5mm.png?fit=830%2C864&ssl=1\",\"datePublished\":\"2024-07-28T07:30:02+00:00\",\"dateModified\":\"2025-10-20T09:42:36+00:00\",\"breadcrumb\":{\"@id\":\"https:\\\/\\\/velesnails.pl\\\/product\\\/staleks-pro-profesjonalne-cazki-do-skorek-smart-50-5mm\\\/#breadcrumb\"},\"inLanguage\":\"en-GB\",\"potentialAction\":[{\"@type\":\"ReadAction\",\"target\":[\"https:\\\/\\\/velesnails.pl\\\/product\\\/staleks-pro-profesjonalne-cazki-do-skorek-smart-50-5mm\\\/\"]}]},{\"@type\":\"ImageObject\",\"inLanguage\":\"en-GB\",\"@id\":\"https:\\\/\\\/velesnails.pl\\\/product\\\/staleks-pro-profesjonalne-cazki-do-skorek-smart-50-5mm\\\/#primaryimage\",\"url\":\"https:\\\/\\\/i0.wp.com\\\/velesnails.pl\\\/wp-content\\\/uploads\\\/2024\\\/07\\\/Staleks-Pro-SMART-50-5mm.png?fit=830%2C864&ssl=1\",\"contentUrl\":\"https:\\\/\\\/i0.wp.com\\\/velesnails.pl\\\/wp-content\\\/uploads\\\/2024\\\/07\\\/Staleks-Pro-SMART-50-5mm.png?fit=830%2C864&ssl=1\",\"width\":830,\"height\":864},{\"@type\":\"BreadcrumbList\",\"@id\":\"https:\\\/\\\/velesnails.pl\\\/product\\\/staleks-pro-profesjonalne-cazki-do-skorek-smart-50-5mm\\\/#breadcrumb\",\"itemListElement\":[{\"@type\":\"ListItem\",\"position\":1,\"name\":\"\u0413\u043e\u043b\u043e\u0432\u043d\u0430\",\"item\":\"https:\\\/\\\/velesnails.pl\\\/\"},{\"@type\":\"ListItem\",\"position\":2,\"name\":\"Sklep\",\"item\":\"https:\\\/\\\/velesnails.pl\\\/shop\\\/\"},{\"@type\":\"ListItem\",\"position\":3,\"name\":\"Staleks Pro Profesjonalne c\u0105\u017cki do sk\u00f3rek SMART 50 5mm\"}]},{\"@type\":\"WebSite\",\"@id\":\"https:\\\/\\\/velesnails.pl\\\/#website\",\"url\":\"https:\\\/\\\/velesnails.pl\\\/\",\"name\":\"velesnails\",\"description\":\"Sklep z manicure\",\"publisher\":{\"@id\":\"https:\\\/\\\/velesnails.pl\\\/#organization\"},\"potentialAction\":[{\"@type\":\"SearchAction\",\"target\":{\"@type\":\"EntryPoint\",\"urlTemplate\":\"https:\\\/\\\/velesnails.pl\\\/?s={search_term_string}\"},\"query-input\":{\"@type\":\"PropertyValueSpecification\",\"valueRequired\":true,\"valueName\":\"search_term_string\"}}],\"inLanguage\":\"en-GB\"},{\"@type\":\"Organization\",\"@id\":\"https:\\\/\\\/velesnails.pl\\\/#organization\",\"name\":\"velesnails\",\"url\":\"https:\\\/\\\/velesnails.pl\\\/\",\"logo\":{\"@type\":\"ImageObject\",\"inLanguage\":\"en-GB\",\"@id\":\"https:\\\/\\\/velesnails.pl\\\/#\\\/schema\\\/logo\\\/image\\\/\",\"url\":\"https:\\\/\\\/i0.wp.com\\\/velesnails.pl\\\/wp-content\\\/uploads\\\/2025\\\/10\\\/cropped-obraz_viber_2025-10-22_13-55-55-969.jpg?fit=485%2C381&ssl=1\",\"contentUrl\":\"https:\\\/\\\/i0.wp.com\\\/velesnails.pl\\\/wp-content\\\/uploads\\\/2025\\\/10\\\/cropped-obraz_viber_2025-10-22_13-55-55-969.jpg?fit=485%2C381&ssl=1\",\"width\":485,\"height\":381,\"caption\":\"velesnails\"},\"image\":{\"@id\":\"https:\\\/\\\/velesnails.pl\\\/#\\\/schema\\\/logo\\\/image\\\/\"}}]}<\/script>\n<!-- \/ Yoast SEO plugin. -->","yoast_head_json":{"title":"Staleks Pro Profesjonalne c\u0105\u017cki do sk\u00f3rek SMART 50 5mm - velesnails","robots":{"index":"index","follow":"follow","max-snippet":"max-snippet:-1","max-image-preview":"max-image-preview:large","max-video-preview":"max-video-preview:-1"},"canonical":"https:\/\/velesnails.pl\/en\/product\/staleks-pro-profesjonalne-cazki-do-skorek-smart-50-5mm\/","og_locale":"en_GB","og_type":"article","og_title":"Staleks Pro Profesjonalne c\u0105\u017cki do sk\u00f3rek SMART 50 5mm - velesnails","og_description":"Precyzyjne c\u0105\u017cki do wycinania sk\u00f3rek. -d\u0142ugo\u015b\u0107 ostrza 5 mm (+\/- 1 mm), -d\u0142ugo\u015b\u0107 c\u0105\u017cek 100 mm (+\/- 1 mm), -poddane pr\u00f3\u017cniowej obr\u00f3bce termicznej, co zapewnia wysok\u0105 twardo\u015b\u0107 stali, -r\u0119cznie ostrzone na \u015bciernicy diamentowej, -wykonane ze stali nierdzewnej marki 40X13, u\u017cywanej do produkcji narz\u0119dzi chirurgicznych, -nie t\u0119pi\u0105 si\u0119 i nie rdzewiej\u0105, -nadaj\u0105 si\u0119 do sterylizacji w [&hellip;]","og_url":"https:\/\/velesnails.pl\/en\/product\/staleks-pro-profesjonalne-cazki-do-skorek-smart-50-5mm\/","og_site_name":"velesnails","article_modified_time":"2025-10-20T09:42:36+00:00","og_image":[{"width":830,"height":864,"url":"https:\/\/velesnails.pl\/wp-content\/uploads\/2024\/07\/Staleks-Pro-SMART-50-5mm.png","type":"image\/png"}],"twitter_card":"summary_large_image","twitter_misc":{"Estimated reading time":"1 minute"},"schema":{"@context":"https:\/\/schema.org","@graph":[{"@type":"WebPage","@id":"https:\/\/velesnails.pl\/product\/staleks-pro-profesjonalne-cazki-do-skorek-smart-50-5mm\/","url":"https:\/\/velesnails.pl\/product\/staleks-pro-profesjonalne-cazki-do-skorek-smart-50-5mm\/","name":"Staleks Pro Profesjonalne c\u0105\u017cki do sk\u00f3rek SMART 50 5mm - velesnails","isPartOf":{"@id":"https:\/\/velesnails.pl\/#website"},"primaryImageOfPage":{"@id":"https:\/\/velesnails.pl\/product\/staleks-pro-profesjonalne-cazki-do-skorek-smart-50-5mm\/#primaryimage"},"image":{"@id":"https:\/\/velesnails.pl\/product\/staleks-pro-profesjonalne-cazki-do-skorek-smart-50-5mm\/#primaryimage"},"thumbnailUrl":"https:\/\/i0.wp.com\/velesnails.pl\/wp-content\/uploads\/2024\/07\/Staleks-Pro-SMART-50-5mm.png?fit=830%2C864&ssl=1","datePublished":"2024-07-28T07:30:02+00:00","dateModified":"2025-10-20T09:42:36+00:00","breadcrumb":{"@id":"https:\/\/velesnails.pl\/product\/staleks-pro-profesjonalne-cazki-do-skorek-smart-50-5mm\/#breadcrumb"},"inLanguage":"en-GB","potentialAction":[{"@type":"ReadAction","target":["https:\/\/velesnails.pl\/product\/staleks-pro-profesjonalne-cazki-do-skorek-smart-50-5mm\/"]}]},{"@type":"ImageObject","inLanguage":"en-GB","@id":"https:\/\/velesnails.pl\/product\/staleks-pro-profesjonalne-cazki-do-skorek-smart-50-5mm\/#primaryimage","url":"https:\/\/i0.wp.com\/velesnails.pl\/wp-content\/uploads\/2024\/07\/Staleks-Pro-SMART-50-5mm.png?fit=830%2C864&ssl=1","contentUrl":"https:\/\/i0.wp.com\/velesnails.pl\/wp-content\/uploads\/2024\/07\/Staleks-Pro-SMART-50-5mm.png?fit=830%2C864&ssl=1","width":830,"height":864},{"@type":"BreadcrumbList","@id":"https:\/\/velesnails.pl\/product\/staleks-pro-profesjonalne-cazki-do-skorek-smart-50-5mm\/#breadcrumb","itemListElement":[{"@type":"ListItem","position":1,"name":"\u0413\u043e\u043b\u043e\u0432\u043d\u0430","item":"https:\/\/velesnails.pl\/"},{"@type":"ListItem","position":2,"name":"Sklep","item":"https:\/\/velesnails.pl\/shop\/"},{"@type":"ListItem","position":3,"name":"Staleks Pro Profesjonalne c\u0105\u017cki do sk\u00f3rek SMART 50 5mm"}]},{"@type":"WebSite","@id":"https:\/\/velesnails.pl\/#website","url":"https:\/\/velesnails.pl\/","name":"velesnails","description":"Manicure shop","publisher":{"@id":"https:\/\/velesnails.pl\/#organization"},"potentialAction":[{"@type":"SearchAction","target":{"@type":"EntryPoint","urlTemplate":"https:\/\/velesnails.pl\/?s={search_term_string}"},"query-input":{"@type":"PropertyValueSpecification","valueRequired":true,"valueName":"search_term_string"}}],"inLanguage":"en-GB"},{"@type":"Organization","@id":"https:\/\/velesnails.pl\/#organization","name":"velesnails","url":"https:\/\/velesnails.pl\/","logo":{"@type":"ImageObject","inLanguage":"en-GB","@id":"https:\/\/velesnails.pl\/#\/schema\/logo\/image\/","url":"https:\/\/i0.wp.com\/velesnails.pl\/wp-content\/uploads\/2025\/10\/cropped-obraz_viber_2025-10-22_13-55-55-969.jpg?fit=485%2C381&ssl=1","contentUrl":"https:\/\/i0.wp.com\/velesnails.pl\/wp-content\/uploads\/2025\/10\/cropped-obraz_viber_2025-10-22_13-55-55-969.jpg?fit=485%2C381&ssl=1","width":485,"height":381,"caption":"velesnails"},"image":{"@id":"https:\/\/velesnails.pl\/#\/schema\/logo\/image\/"}}]}},"_links":{"self":[{"href":"https:\/\/velesnails.pl\/en\/wp-json\/wp\/v2\/product\/3323","targetHints":{"allow":["GET"]}}],"collection":[{"href":"https:\/\/velesnails.pl\/en\/wp-json\/wp\/v2\/product"}],"about":[{"href":"https:\/\/velesnails.pl\/en\/wp-json\/wp\/v2\/types\/product"}],"replies":[{"embeddable":true,"href":"https:\/\/velesnails.pl\/en\/wp-json\/wp\/v2\/comments?post=3323"}],"wp:featuredmedia":[{"embeddable":true,"href":"https:\/\/velesnails.pl\/en\/wp-json\/wp\/v2\/media\/3324"}],"wp:attachment":[{"href":"https:\/\/velesnails.pl\/en\/wp-json\/wp\/v2\/media?parent=3323"}],"wp:term":[{"taxonomy":"product_brand","embeddable":true,"href":"https:\/\/velesnails.pl\/en\/wp-json\/wp\/v2\/product_brand?post=3323"},{"taxonomy":"product_cat","embeddable":true,"href":"https:\/\/velesnails.pl\/en\/wp-json\/wp\/v2\/product_cat?post=3323"},{"taxonomy":"product_tag","embeddable":true,"href":"https:\/\/velesnails.pl\/en\/wp-json\/wp\/v2\/product_tag?post=3323"}],"curies":[{"name":"wp","href":"https:\/\/api.w.org\/{rel}","templated":true}]}}