{"id":3253,"date":"2024-07-27T13:06:32","date_gmt":"2024-07-27T10:06:32","guid":{"rendered":"https:\/\/velesnails.loc\/?post_type=product&#038;p=3253"},"modified":"2025-05-08T17:43:40","modified_gmt":"2025-05-08T14:43:40","slug":"clavier-mini-blok-polerski-buffer-do-paznokci-szary-10szt","status":"publish","type":"product","link":"https:\/\/velesnails.pl\/en\/product\/clavier-mini-blok-polerski-buffer-do-paznokci-szary-10szt\/","title":{"rendered":"Clavier Mini blok polerski, Buffer do paznokci, szary, 10szt"},"content":{"rendered":"<p>Mini blok polerski Buffer zapewnia \u0142agodne usuni\u0119ce nier\u00f3wno\u015bci i nadmiaru sk\u00f3rek<br \/>\nMini blok polerski Buffer do paznokci u\u017cywany jest do delikatnego polerowania i wyg\u0142adzania naturalnej p\u0142ytki paznokci oraz sk\u00f3rek wok\u00f3\u0142 paznokci. Maj\u0105 r\u00f3\u017cne stopnie chropowato\u015bci, kt\u00f3re umo\u017cliwiaj\u0105 \u0142agodne usuni\u0119cie nier\u00f3wno\u015bci i nadmiaru sk\u00f3rek. Bufferki s\u0105 r\u00f3wnie\u017c przydatne do przygotowania paznokci przed na\u0142o\u017ceniem lakieru lub innych produkt\u00f3w do paznokci. Matowa powierzchnia paznokcia jest wa\u017cna, szczeg\u00f3lnie przy aplikacji \u017celu lub akrylu, poniewa\u017c zapewnia lepsz\u0105 przyczepno\u015b\u0107 produkt\u00f3w, co zwi\u0119ksza trwa\u0142o\u015b\u0107 manicure.<\/p>\n<p>MINI buffer umo\u017cliwia szybkie wyg\u0142adzenie naturalnej p\u0142ytki paznokci, sk\u00f3rek oraz wa\u0142u oko\u0142opaznokciowego dzi\u0119ki zaledwie kilku ruchom. Jest to wygodne, je\u015bli chcesz szybko i skutecznie przygotowa\u0107 paznokcie do dalszej piel\u0119gnacji.<\/p>\n<p>Dzi\u0119ki rozmiarowi MINI i prostopad\u0142o\u015bcianowemu kszta\u0142towi, buffer zapewnia precyzyjn\u0105 prac\u0119. Mo\u017cesz skupi\u0107 si\u0119 na konkretnych obszarach paznokci i sk\u00f3rek, co pozwala osi\u0105gn\u0105\u0107 po\u017c\u0105dane rezultaty w kr\u00f3tkim czasie.<\/p>\n<p>Bufferki MINI s\u0105 wykonane z najwy\u017cszej jako\u015bci materia\u0142\u00f3w, co wp\u0142ywa na ich trwa\u0142o\u015b\u0107 i wydajno\u015b\u0107. Solidna konstrukcja i odpowiednie materia\u0142y zapewniaj\u0105 skuteczne i bezpieczne u\u017cycie produktu.<\/p>\n<p>Opakowanie zawiera 10 sztuk blok\u00f3w, co jest wygodne dla profesjonalist\u00f3w, kt\u00f3rzy korzystaj\u0105 z nich regularnie. Mo\u017cesz mie\u0107 zapas blok\u00f3w do matowienia paznokci, aby zapewni\u0107 sobie wystarczaj\u0105c\u0105 ilo\u015b\u0107 narz\u0119dzi podczas pracy.<\/p>\n<p>&nbsp;<\/p>\n<p>Wymiary mini bufferka do paznokci:<\/p>\n<p>d\u0142ugo\u015b\u0107: 6cm<\/p>\n<p>szeroko\u015b\u0107: 2cm<\/p>\n<p>wysoko\u015b\u0107: 1cm<\/p>","protected":false},"excerpt":{"rendered":"<p>Mini blok polerski Buffer zapewnia \u0142agodne usuni\u0119ce nier\u00f3wno\u015bci i nadmiaru sk\u00f3rek Mini blok polerski Buffer do paznokci u\u017cywany jest do delikatnego polerowania i wyg\u0142adzania naturalnej p\u0142ytki paznokci oraz sk\u00f3rek wok\u00f3\u0142 paznokci. Maj\u0105 r\u00f3\u017cne stopnie chropowato\u015bci, kt\u00f3re umo\u017cliwiaj\u0105 \u0142agodne usuni\u0119cie nier\u00f3wno\u015bci i nadmiaru sk\u00f3rek. Bufferki s\u0105 r\u00f3wnie\u017c przydatne do przygotowania paznokci przed na\u0142o\u017ceniem lakieru lub innych [&hellip;]<\/p>\n","protected":false},"featured_media":3254,"comment_status":"closed","ping_status":"closed","template":"","meta":{"om_disable_all_campaigns":false,"ocean_post_layout":"","ocean_both_sidebars_style":"","ocean_both_sidebars_content_width":0,"ocean_both_sidebars_sidebars_width":0,"ocean_sidebar":"0","ocean_second_sidebar":"0","ocean_disable_margins":"enable","ocean_add_body_class":"","ocean_shortcode_before_top_bar":"","ocean_shortcode_after_top_bar":"","ocean_shortcode_before_header":"","ocean_shortcode_after_header":"","ocean_has_shortcode":"","ocean_shortcode_after_title":"","ocean_shortcode_before_footer_widgets":"","ocean_shortcode_after_footer_widgets":"","ocean_shortcode_before_footer_bottom":"","ocean_shortcode_after_footer_bottom":"","ocean_display_top_bar":"default","ocean_display_header":"default","ocean_header_style":"","ocean_center_header_left_menu":"0","ocean_custom_header_template":"0","ocean_custom_logo":0,"ocean_custom_retina_logo":0,"ocean_custom_logo_max_width":0,"ocean_custom_logo_tablet_max_width":0,"ocean_custom_logo_mobile_max_width":0,"ocean_custom_logo_max_height":0,"ocean_custom_logo_tablet_max_height":0,"ocean_custom_logo_mobile_max_height":0,"ocean_header_custom_menu":"0","ocean_menu_typo_font_family":"0","ocean_menu_typo_font_subset":"","ocean_menu_typo_font_size":0,"ocean_menu_typo_font_size_tablet":0,"ocean_menu_typo_font_size_mobile":0,"ocean_menu_typo_font_size_unit":"px","ocean_menu_typo_font_weight":"","ocean_menu_typo_font_weight_tablet":"","ocean_menu_typo_font_weight_mobile":"","ocean_menu_typo_transform":"","ocean_menu_typo_transform_tablet":"","ocean_menu_typo_transform_mobile":"","ocean_menu_typo_line_height":0,"ocean_menu_typo_line_height_tablet":0,"ocean_menu_typo_line_height_mobile":0,"ocean_menu_typo_line_height_unit":"","ocean_menu_typo_spacing":0,"ocean_menu_typo_spacing_tablet":0,"ocean_menu_typo_spacing_mobile":0,"ocean_menu_typo_spacing_unit":"","ocean_menu_link_color":"","ocean_menu_link_color_hover":"","ocean_menu_link_color_active":"","ocean_menu_link_background":"","ocean_menu_link_hover_background":"","ocean_menu_link_active_background":"","ocean_menu_social_links_bg":"","ocean_menu_social_hover_links_bg":"","ocean_menu_social_links_color":"","ocean_menu_social_hover_links_color":"","ocean_disable_title":"default","ocean_disable_heading":"default","ocean_post_title":"","ocean_post_subheading":"","ocean_post_title_style":"","ocean_post_title_background_color":"","ocean_post_title_background":0,"ocean_post_title_bg_image_position":"","ocean_post_title_bg_image_attachment":"","ocean_post_title_bg_image_repeat":"","ocean_post_title_bg_image_size":"","ocean_post_title_height":0,"ocean_post_title_bg_overlay":0.5,"ocean_post_title_bg_overlay_color":"","ocean_disable_breadcrumbs":"default","ocean_breadcrumbs_color":"","ocean_breadcrumbs_separator_color":"","ocean_breadcrumbs_links_color":"","ocean_breadcrumbs_links_hover_color":"","ocean_display_footer_widgets":"default","ocean_display_footer_bottom":"default","ocean_custom_footer_template":"0"},"product_brand":[],"product_cat":[190,176,110,147,149],"product_tag":[],"class_list":{"0":"post-3253","1":"product","2":"type-product","3":"status-publish","4":"has-post-thumbnail","6":"product_cat-clavier-1","7":"product_cat-marki","8":"product_cat-paznokcie","9":"product_cat-pilniki-i-polerki","10":"product_cat-polerki","12":"entry","13":"has-media","15":"first","16":"outofstock","17":"taxable","18":"shipping-taxable","19":"purchasable","20":"product-type-simple","21":"has-product-nav","22":"col","23":"span_1_of_3","24":"owp-content-center","25":"owp-thumbs-layout-horizontal","26":"owp-btn-normal","27":"owp-tabs-layout-horizontal","28":"has-no-thumbnails"},"yoast_head":"<!-- This site is optimized with the Yoast SEO plugin v27.6 - https:\/\/yoast.com\/product\/yoast-seo-wordpress\/ -->\n<title>Clavier Mini blok polerski, Buffer do paznokci, szary, 10szt - velesnails<\/title>\n<meta name=\"robots\" content=\"index, follow, max-snippet:-1, max-image-preview:large, max-video-preview:-1\" \/>\n<link rel=\"canonical\" href=\"https:\/\/velesnails.pl\/en\/product\/clavier-mini-blok-polerski-buffer-do-paznokci-szary-10szt\/\" \/>\n<meta property=\"og:locale\" content=\"en_GB\" \/>\n<meta property=\"og:type\" content=\"article\" \/>\n<meta property=\"og:title\" content=\"Clavier Mini blok polerski, Buffer do paznokci, szary, 10szt - velesnails\" \/>\n<meta property=\"og:description\" content=\"Mini blok polerski Buffer zapewnia \u0142agodne usuni\u0119ce nier\u00f3wno\u015bci i nadmiaru sk\u00f3rek Mini blok polerski Buffer do paznokci u\u017cywany jest do delikatnego polerowania i wyg\u0142adzania naturalnej p\u0142ytki paznokci oraz sk\u00f3rek wok\u00f3\u0142 paznokci. Maj\u0105 r\u00f3\u017cne stopnie chropowato\u015bci, kt\u00f3re umo\u017cliwiaj\u0105 \u0142agodne usuni\u0119cie nier\u00f3wno\u015bci i nadmiaru sk\u00f3rek. Bufferki s\u0105 r\u00f3wnie\u017c przydatne do przygotowania paznokci przed na\u0142o\u017ceniem lakieru lub innych [&hellip;]\" \/>\n<meta property=\"og:url\" content=\"https:\/\/velesnails.pl\/en\/product\/clavier-mini-blok-polerski-buffer-do-paznokci-szary-10szt\/\" \/>\n<meta property=\"og:site_name\" content=\"velesnails\" \/>\n<meta property=\"article:modified_time\" content=\"2025-05-08T14:43:40+00:00\" \/>\n<meta property=\"og:image\" content=\"https:\/\/i0.wp.com\/velesnails.pl\/wp-content\/uploads\/2024\/07\/Clavier-Mini-blok-polerski-Buffer.jpg?fit=500%2C430&ssl=1\" \/>\n\t<meta property=\"og:image:width\" content=\"500\" \/>\n\t<meta property=\"og:image:height\" content=\"430\" \/>\n\t<meta property=\"og:image:type\" content=\"image\/jpeg\" \/>\n<meta name=\"twitter:card\" content=\"summary_large_image\" \/>\n<meta name=\"twitter:label1\" content=\"Estimated reading time\" \/>\n\t<meta name=\"twitter:data1\" content=\"1 minute\" \/>\n<script type=\"application\/ld+json\" class=\"yoast-schema-graph\">{\"@context\":\"https:\\\/\\\/schema.org\",\"@graph\":[{\"@type\":\"WebPage\",\"@id\":\"https:\\\/\\\/velesnails.pl\\\/product\\\/clavier-mini-blok-polerski-buffer-do-paznokci-szary-10szt\\\/\",\"url\":\"https:\\\/\\\/velesnails.pl\\\/product\\\/clavier-mini-blok-polerski-buffer-do-paznokci-szary-10szt\\\/\",\"name\":\"Clavier Mini blok polerski, Buffer do paznokci, szary, 10szt - velesnails\",\"isPartOf\":{\"@id\":\"https:\\\/\\\/velesnails.pl\\\/#website\"},\"primaryImageOfPage\":{\"@id\":\"https:\\\/\\\/velesnails.pl\\\/product\\\/clavier-mini-blok-polerski-buffer-do-paznokci-szary-10szt\\\/#primaryimage\"},\"image\":{\"@id\":\"https:\\\/\\\/velesnails.pl\\\/product\\\/clavier-mini-blok-polerski-buffer-do-paznokci-szary-10szt\\\/#primaryimage\"},\"thumbnailUrl\":\"https:\\\/\\\/i0.wp.com\\\/velesnails.pl\\\/wp-content\\\/uploads\\\/2024\\\/07\\\/Clavier-Mini-blok-polerski-Buffer.jpg?fit=500%2C430&ssl=1\",\"datePublished\":\"2024-07-27T10:06:32+00:00\",\"dateModified\":\"2025-05-08T14:43:40+00:00\",\"breadcrumb\":{\"@id\":\"https:\\\/\\\/velesnails.pl\\\/product\\\/clavier-mini-blok-polerski-buffer-do-paznokci-szary-10szt\\\/#breadcrumb\"},\"inLanguage\":\"en-GB\",\"potentialAction\":[{\"@type\":\"ReadAction\",\"target\":[\"https:\\\/\\\/velesnails.pl\\\/product\\\/clavier-mini-blok-polerski-buffer-do-paznokci-szary-10szt\\\/\"]}]},{\"@type\":\"ImageObject\",\"inLanguage\":\"en-GB\",\"@id\":\"https:\\\/\\\/velesnails.pl\\\/product\\\/clavier-mini-blok-polerski-buffer-do-paznokci-szary-10szt\\\/#primaryimage\",\"url\":\"https:\\\/\\\/i0.wp.com\\\/velesnails.pl\\\/wp-content\\\/uploads\\\/2024\\\/07\\\/Clavier-Mini-blok-polerski-Buffer.jpg?fit=500%2C430&ssl=1\",\"contentUrl\":\"https:\\\/\\\/i0.wp.com\\\/velesnails.pl\\\/wp-content\\\/uploads\\\/2024\\\/07\\\/Clavier-Mini-blok-polerski-Buffer.jpg?fit=500%2C430&ssl=1\",\"width\":500,\"height\":430},{\"@type\":\"BreadcrumbList\",\"@id\":\"https:\\\/\\\/velesnails.pl\\\/product\\\/clavier-mini-blok-polerski-buffer-do-paznokci-szary-10szt\\\/#breadcrumb\",\"itemListElement\":[{\"@type\":\"ListItem\",\"position\":1,\"name\":\"\u0413\u043e\u043b\u043e\u0432\u043d\u0430\",\"item\":\"https:\\\/\\\/velesnails.pl\\\/\"},{\"@type\":\"ListItem\",\"position\":2,\"name\":\"Sklep\",\"item\":\"https:\\\/\\\/velesnails.pl\\\/shop\\\/\"},{\"@type\":\"ListItem\",\"position\":3,\"name\":\"Clavier Mini blok polerski, Buffer do paznokci, szary, 10szt\"}]},{\"@type\":\"WebSite\",\"@id\":\"https:\\\/\\\/velesnails.pl\\\/#website\",\"url\":\"https:\\\/\\\/velesnails.pl\\\/\",\"name\":\"velesnails\",\"description\":\"Sklep z manicure\",\"publisher\":{\"@id\":\"https:\\\/\\\/velesnails.pl\\\/#organization\"},\"potentialAction\":[{\"@type\":\"SearchAction\",\"target\":{\"@type\":\"EntryPoint\",\"urlTemplate\":\"https:\\\/\\\/velesnails.pl\\\/?s={search_term_string}\"},\"query-input\":{\"@type\":\"PropertyValueSpecification\",\"valueRequired\":true,\"valueName\":\"search_term_string\"}}],\"inLanguage\":\"en-GB\"},{\"@type\":\"Organization\",\"@id\":\"https:\\\/\\\/velesnails.pl\\\/#organization\",\"name\":\"velesnails\",\"url\":\"https:\\\/\\\/velesnails.pl\\\/\",\"logo\":{\"@type\":\"ImageObject\",\"inLanguage\":\"en-GB\",\"@id\":\"https:\\\/\\\/velesnails.pl\\\/#\\\/schema\\\/logo\\\/image\\\/\",\"url\":\"https:\\\/\\\/i0.wp.com\\\/velesnails.pl\\\/wp-content\\\/uploads\\\/2025\\\/10\\\/cropped-obraz_viber_2025-10-22_13-55-55-969.jpg?fit=485%2C381&ssl=1\",\"contentUrl\":\"https:\\\/\\\/i0.wp.com\\\/velesnails.pl\\\/wp-content\\\/uploads\\\/2025\\\/10\\\/cropped-obraz_viber_2025-10-22_13-55-55-969.jpg?fit=485%2C381&ssl=1\",\"width\":485,\"height\":381,\"caption\":\"velesnails\"},\"image\":{\"@id\":\"https:\\\/\\\/velesnails.pl\\\/#\\\/schema\\\/logo\\\/image\\\/\"}}]}<\/script>\n<!-- \/ Yoast SEO plugin. -->","yoast_head_json":{"title":"Clavier Mini blok polerski, Buffer do paznokci, szary, 10szt - velesnails","robots":{"index":"index","follow":"follow","max-snippet":"max-snippet:-1","max-image-preview":"max-image-preview:large","max-video-preview":"max-video-preview:-1"},"canonical":"https:\/\/velesnails.pl\/en\/product\/clavier-mini-blok-polerski-buffer-do-paznokci-szary-10szt\/","og_locale":"en_GB","og_type":"article","og_title":"Clavier Mini blok polerski, Buffer do paznokci, szary, 10szt - velesnails","og_description":"Mini blok polerski Buffer zapewnia \u0142agodne usuni\u0119ce nier\u00f3wno\u015bci i nadmiaru sk\u00f3rek Mini blok polerski Buffer do paznokci u\u017cywany jest do delikatnego polerowania i wyg\u0142adzania naturalnej p\u0142ytki paznokci oraz sk\u00f3rek wok\u00f3\u0142 paznokci. Maj\u0105 r\u00f3\u017cne stopnie chropowato\u015bci, kt\u00f3re umo\u017cliwiaj\u0105 \u0142agodne usuni\u0119cie nier\u00f3wno\u015bci i nadmiaru sk\u00f3rek. Bufferki s\u0105 r\u00f3wnie\u017c przydatne do przygotowania paznokci przed na\u0142o\u017ceniem lakieru lub innych [&hellip;]","og_url":"https:\/\/velesnails.pl\/en\/product\/clavier-mini-blok-polerski-buffer-do-paznokci-szary-10szt\/","og_site_name":"velesnails","article_modified_time":"2025-05-08T14:43:40+00:00","og_image":[{"width":500,"height":430,"url":"https:\/\/i0.wp.com\/velesnails.pl\/wp-content\/uploads\/2024\/07\/Clavier-Mini-blok-polerski-Buffer.jpg?fit=500%2C430&ssl=1","type":"image\/jpeg"}],"twitter_card":"summary_large_image","twitter_misc":{"Estimated reading time":"1 minute"},"schema":{"@context":"https:\/\/schema.org","@graph":[{"@type":"WebPage","@id":"https:\/\/velesnails.pl\/product\/clavier-mini-blok-polerski-buffer-do-paznokci-szary-10szt\/","url":"https:\/\/velesnails.pl\/product\/clavier-mini-blok-polerski-buffer-do-paznokci-szary-10szt\/","name":"Clavier Mini blok polerski, Buffer do paznokci, szary, 10szt - velesnails","isPartOf":{"@id":"https:\/\/velesnails.pl\/#website"},"primaryImageOfPage":{"@id":"https:\/\/velesnails.pl\/product\/clavier-mini-blok-polerski-buffer-do-paznokci-szary-10szt\/#primaryimage"},"image":{"@id":"https:\/\/velesnails.pl\/product\/clavier-mini-blok-polerski-buffer-do-paznokci-szary-10szt\/#primaryimage"},"thumbnailUrl":"https:\/\/i0.wp.com\/velesnails.pl\/wp-content\/uploads\/2024\/07\/Clavier-Mini-blok-polerski-Buffer.jpg?fit=500%2C430&ssl=1","datePublished":"2024-07-27T10:06:32+00:00","dateModified":"2025-05-08T14:43:40+00:00","breadcrumb":{"@id":"https:\/\/velesnails.pl\/product\/clavier-mini-blok-polerski-buffer-do-paznokci-szary-10szt\/#breadcrumb"},"inLanguage":"en-GB","potentialAction":[{"@type":"ReadAction","target":["https:\/\/velesnails.pl\/product\/clavier-mini-blok-polerski-buffer-do-paznokci-szary-10szt\/"]}]},{"@type":"ImageObject","inLanguage":"en-GB","@id":"https:\/\/velesnails.pl\/product\/clavier-mini-blok-polerski-buffer-do-paznokci-szary-10szt\/#primaryimage","url":"https:\/\/i0.wp.com\/velesnails.pl\/wp-content\/uploads\/2024\/07\/Clavier-Mini-blok-polerski-Buffer.jpg?fit=500%2C430&ssl=1","contentUrl":"https:\/\/i0.wp.com\/velesnails.pl\/wp-content\/uploads\/2024\/07\/Clavier-Mini-blok-polerski-Buffer.jpg?fit=500%2C430&ssl=1","width":500,"height":430},{"@type":"BreadcrumbList","@id":"https:\/\/velesnails.pl\/product\/clavier-mini-blok-polerski-buffer-do-paznokci-szary-10szt\/#breadcrumb","itemListElement":[{"@type":"ListItem","position":1,"name":"\u0413\u043e\u043b\u043e\u0432\u043d\u0430","item":"https:\/\/velesnails.pl\/"},{"@type":"ListItem","position":2,"name":"Sklep","item":"https:\/\/velesnails.pl\/shop\/"},{"@type":"ListItem","position":3,"name":"Clavier Mini blok polerski, Buffer do paznokci, szary, 10szt"}]},{"@type":"WebSite","@id":"https:\/\/velesnails.pl\/#website","url":"https:\/\/velesnails.pl\/","name":"velesnails","description":"Manicure shop","publisher":{"@id":"https:\/\/velesnails.pl\/#organization"},"potentialAction":[{"@type":"SearchAction","target":{"@type":"EntryPoint","urlTemplate":"https:\/\/velesnails.pl\/?s={search_term_string}"},"query-input":{"@type":"PropertyValueSpecification","valueRequired":true,"valueName":"search_term_string"}}],"inLanguage":"en-GB"},{"@type":"Organization","@id":"https:\/\/velesnails.pl\/#organization","name":"velesnails","url":"https:\/\/velesnails.pl\/","logo":{"@type":"ImageObject","inLanguage":"en-GB","@id":"https:\/\/velesnails.pl\/#\/schema\/logo\/image\/","url":"https:\/\/i0.wp.com\/velesnails.pl\/wp-content\/uploads\/2025\/10\/cropped-obraz_viber_2025-10-22_13-55-55-969.jpg?fit=485%2C381&ssl=1","contentUrl":"https:\/\/i0.wp.com\/velesnails.pl\/wp-content\/uploads\/2025\/10\/cropped-obraz_viber_2025-10-22_13-55-55-969.jpg?fit=485%2C381&ssl=1","width":485,"height":381,"caption":"velesnails"},"image":{"@id":"https:\/\/velesnails.pl\/#\/schema\/logo\/image\/"}}]}},"_links":{"self":[{"href":"https:\/\/velesnails.pl\/en\/wp-json\/wp\/v2\/product\/3253","targetHints":{"allow":["GET"]}}],"collection":[{"href":"https:\/\/velesnails.pl\/en\/wp-json\/wp\/v2\/product"}],"about":[{"href":"https:\/\/velesnails.pl\/en\/wp-json\/wp\/v2\/types\/product"}],"replies":[{"embeddable":true,"href":"https:\/\/velesnails.pl\/en\/wp-json\/wp\/v2\/comments?post=3253"}],"wp:featuredmedia":[{"embeddable":true,"href":"https:\/\/velesnails.pl\/en\/wp-json\/wp\/v2\/media\/3254"}],"wp:attachment":[{"href":"https:\/\/velesnails.pl\/en\/wp-json\/wp\/v2\/media?parent=3253"}],"wp:term":[{"taxonomy":"product_brand","embeddable":true,"href":"https:\/\/velesnails.pl\/en\/wp-json\/wp\/v2\/product_brand?post=3253"},{"taxonomy":"product_cat","embeddable":true,"href":"https:\/\/velesnails.pl\/en\/wp-json\/wp\/v2\/product_cat?post=3253"},{"taxonomy":"product_tag","embeddable":true,"href":"https:\/\/velesnails.pl\/en\/wp-json\/wp\/v2\/product_tag?post=3253"}],"curies":[{"name":"wp","href":"https:\/\/api.w.org\/{rel}","templated":true}]}}