{"id":3236,"date":"2024-07-27T12:19:18","date_gmt":"2024-07-27T09:19:18","guid":{"rendered":"https:\/\/velesnails.loc\/?post_type=product&#038;p=3236"},"modified":"2025-07-08T16:45:01","modified_gmt":"2025-07-08T13:45:01","slug":"aba-group-pilnik-do-paznokci-edycja-limitowana-polksiezyc-100-180-nails-care-skinpack-cookies","status":"publish","type":"product","link":"https:\/\/velesnails.pl\/en\/product\/aba-group-pilnik-do-paznokci-edycja-limitowana-polksiezyc-100-180-nails-care-skinpack-cookies\/","title":{"rendered":"Aba Group Pilnik do paznokci EDYCJA LIMITOWANA &#8211; P\u00d3\u0141KSI\u0118\u017bYC 100\/180 &#8222;Nails Care&#8221; &#8211; Skinpack Cookies"},"content":{"rendered":"<p>Jednorazowe pilniki do paznokci Aba Group o gradacji 100\/180, dedykowane do u\u017cytku profesjonalnego, teraz w kolorowej szacie graficznej Cookies, kt\u00f3re wygl\u0105daj\u0105 fantastycznie przy ka\u017cdym rodzaju i miejscu pracy. Pilniki przeznaczone s\u0105 do pracy z mas\u0105 \u017celow\u0105 i akrylow\u0105, zalecane do zabieg\u00f3w wymagaj\u0105cych efektywnego, a jednocze\u015bnie bezpiecznego opi\u0142owywania, skracania, czy te\u017c do wst\u0119pnej obr\u00f3bki paznokci.<br \/>\nZastosowanie gradacji:<\/p>\n<p>100 to odpowiedni wyb\u00f3r do obr\u00f3bki, skracania i opi\u0142owywania masy \u017celowej.<br \/>\n180 jest najpopularniejszym wyborem w\u015br\u00f3d stylistek. Najbardziej wszechstronna gradacja z powodzeniem pos\u0142u\u017cy do skracania paznokci, opi\u0142owywania i opracowywania masy hybrydowej, a tak\u017ce do wyr\u00f3wnywania masy \u017celowej.<br \/>\nPilniki Aba Group produkujemy z najwy\u017cszej klasy materia\u0142\u00f3w pochodz\u0105cych wy\u0142\u0105cznie z teren\u00f3w UE. Do produkcji u\u017cywamy nietoksycznych, przebadanych dermatologicznie klej\u00f3w. Pokrywamy nasze pilniki stearynianem, kt\u00f3ry zapobiega &#8221; zapychaniu si\u0119 &#8221; pilnika podczas pracy.<br \/>\nWszystkie wytwarzane przez nas produkty \u015bcierne s\u0105 oznaczone znakiem CE, znaczy to, \u017ce spe\u0142niaj\u0105 wszystkie wymagania dyrektyw unijnych jak r\u00f3wnie\u017c to, \u017ce zosta\u0142y poddane stosownym procedurom oceny zgodno\u015bci, zako\u0144czonym ocen\u0105 pozytywn\u0105. Nie wykazuj\u0105 w\u0142a\u015bciwo\u015bci dra\u017cni\u0105cych ani uczulaj\u0105cych. zosta\u0142o to przebadane laboratoryjnie i potwierdzone sprawozdaniem dermatologicznym.<\/p>\n<p>Nasze pilniki posiadaj\u0105 nast\u0119puj\u0105ce certyfikaty:<\/p>\n<p>Europejski Certyfikat Bezpiecze\u0144stwa.<br \/>\nCertyfikat &#8211; Europejska gwarancja najwy\u017cszej jako\u015bci.<br \/>\nCertyfikat &#8211; Europejski lider jako\u015bci.<\/p>","protected":false},"excerpt":{"rendered":"<p>Jednorazowe pilniki do paznokci Aba Group o gradacji 100\/180, dedykowane do u\u017cytku profesjonalnego, teraz w kolorowej szacie graficznej Cookies, kt\u00f3re wygl\u0105daj\u0105 fantastycznie przy ka\u017cdym rodzaju i miejscu pracy. Pilniki przeznaczone s\u0105 do pracy z mas\u0105 \u017celow\u0105 i akrylow\u0105, zalecane do zabieg\u00f3w wymagaj\u0105cych efektywnego, a jednocze\u015bnie bezpiecznego opi\u0142owywania, skracania, czy te\u017c do wst\u0119pnej obr\u00f3bki paznokci. Zastosowanie [&hellip;]<\/p>\n","protected":false},"featured_media":3237,"comment_status":"open","ping_status":"closed","template":"","meta":{"om_disable_all_campaigns":false,"ocean_post_layout":"","ocean_both_sidebars_style":"","ocean_both_sidebars_content_width":0,"ocean_both_sidebars_sidebars_width":0,"ocean_sidebar":"0","ocean_second_sidebar":"0","ocean_disable_margins":"enable","ocean_add_body_class":"","ocean_shortcode_before_top_bar":"","ocean_shortcode_after_top_bar":"","ocean_shortcode_before_header":"","ocean_shortcode_after_header":"","ocean_has_shortcode":"","ocean_shortcode_after_title":"","ocean_shortcode_before_footer_widgets":"","ocean_shortcode_after_footer_widgets":"","ocean_shortcode_before_footer_bottom":"","ocean_shortcode_after_footer_bottom":"","ocean_display_top_bar":"default","ocean_display_header":"default","ocean_header_style":"","ocean_center_header_left_menu":"0","ocean_custom_header_template":"0","ocean_custom_logo":0,"ocean_custom_retina_logo":0,"ocean_custom_logo_max_width":0,"ocean_custom_logo_tablet_max_width":0,"ocean_custom_logo_mobile_max_width":0,"ocean_custom_logo_max_height":0,"ocean_custom_logo_tablet_max_height":0,"ocean_custom_logo_mobile_max_height":0,"ocean_header_custom_menu":"0","ocean_menu_typo_font_family":"0","ocean_menu_typo_font_subset":"","ocean_menu_typo_font_size":0,"ocean_menu_typo_font_size_tablet":0,"ocean_menu_typo_font_size_mobile":0,"ocean_menu_typo_font_size_unit":"px","ocean_menu_typo_font_weight":"","ocean_menu_typo_font_weight_tablet":"","ocean_menu_typo_font_weight_mobile":"","ocean_menu_typo_transform":"","ocean_menu_typo_transform_tablet":"","ocean_menu_typo_transform_mobile":"","ocean_menu_typo_line_height":0,"ocean_menu_typo_line_height_tablet":0,"ocean_menu_typo_line_height_mobile":0,"ocean_menu_typo_line_height_unit":"","ocean_menu_typo_spacing":0,"ocean_menu_typo_spacing_tablet":0,"ocean_menu_typo_spacing_mobile":0,"ocean_menu_typo_spacing_unit":"","ocean_menu_link_color":"","ocean_menu_link_color_hover":"","ocean_menu_link_color_active":"","ocean_menu_link_background":"","ocean_menu_link_hover_background":"","ocean_menu_link_active_background":"","ocean_menu_social_links_bg":"","ocean_menu_social_hover_links_bg":"","ocean_menu_social_links_color":"","ocean_menu_social_hover_links_color":"","ocean_disable_title":"default","ocean_disable_heading":"default","ocean_post_title":"","ocean_post_subheading":"","ocean_post_title_style":"","ocean_post_title_background_color":"","ocean_post_title_background":0,"ocean_post_title_bg_image_position":"","ocean_post_title_bg_image_attachment":"","ocean_post_title_bg_image_repeat":"","ocean_post_title_bg_image_size":"","ocean_post_title_height":0,"ocean_post_title_bg_overlay":0.5,"ocean_post_title_bg_overlay_color":"","ocean_disable_breadcrumbs":"default","ocean_breadcrumbs_color":"","ocean_breadcrumbs_separator_color":"","ocean_breadcrumbs_links_color":"","ocean_breadcrumbs_links_hover_color":"","ocean_display_footer_widgets":"default","ocean_display_footer_bottom":"default","ocean_custom_footer_template":"0"},"product_brand":[],"product_cat":[176,110,148,147,183],"product_tag":[],"class_list":{"0":"post-3236","1":"product","2":"type-product","3":"status-publish","4":"has-post-thumbnail","6":"product_cat-marki","7":"product_cat-paznokcie","8":"product_cat-pilniki","9":"product_cat-pilniki-i-polerki","10":"product_cat-staleks-1","12":"entry","13":"has-media","15":"first","16":"instock","17":"taxable","18":"shipping-taxable","19":"purchasable","20":"product-type-simple","21":"has-product-nav","22":"col","23":"span_1_of_3","24":"owp-content-center","25":"owp-thumbs-layout-horizontal","26":"owp-btn-normal","27":"owp-tabs-layout-horizontal","28":"has-no-thumbnails"},"yoast_head":"<!-- This site is optimized with the Yoast SEO plugin v27.6 - https:\/\/yoast.com\/product\/yoast-seo-wordpress\/ -->\n<title>Aba Group Pilnik do paznokci EDYCJA LIMITOWANA - P\u00d3\u0141KSI\u0118\u017bYC 100\/180 &quot;Nails Care&quot; - Skinpack Cookies - velesnails<\/title>\n<meta name=\"robots\" content=\"index, follow, max-snippet:-1, max-image-preview:large, max-video-preview:-1\" \/>\n<link rel=\"canonical\" href=\"https:\/\/velesnails.pl\/en\/product\/aba-group-pilnik-do-paznokci-edycja-limitowana-polksiezyc-100-180-nails-care-skinpack-cookies\/\" \/>\n<meta property=\"og:locale\" content=\"en_GB\" \/>\n<meta property=\"og:type\" content=\"article\" \/>\n<meta property=\"og:title\" content=\"Aba Group Pilnik do paznokci EDYCJA LIMITOWANA - P\u00d3\u0141KSI\u0118\u017bYC 100\/180 &quot;Nails Care&quot; - Skinpack Cookies - velesnails\" \/>\n<meta property=\"og:description\" content=\"Jednorazowe pilniki do paznokci Aba Group o gradacji 100\/180, dedykowane do u\u017cytku profesjonalnego, teraz w kolorowej szacie graficznej Cookies, kt\u00f3re wygl\u0105daj\u0105 fantastycznie przy ka\u017cdym rodzaju i miejscu pracy. Pilniki przeznaczone s\u0105 do pracy z mas\u0105 \u017celow\u0105 i akrylow\u0105, zalecane do zabieg\u00f3w wymagaj\u0105cych efektywnego, a jednocze\u015bnie bezpiecznego opi\u0142owywania, skracania, czy te\u017c do wst\u0119pnej obr\u00f3bki paznokci. Zastosowanie [&hellip;]\" \/>\n<meta property=\"og:url\" content=\"https:\/\/velesnails.pl\/en\/product\/aba-group-pilnik-do-paznokci-edycja-limitowana-polksiezyc-100-180-nails-care-skinpack-cookies\/\" \/>\n<meta property=\"og:site_name\" content=\"velesnails\" \/>\n<meta property=\"article:modified_time\" content=\"2025-07-08T13:45:01+00:00\" \/>\n<meta property=\"og:image\" content=\"https:\/\/i0.wp.com\/velesnails.pl\/wp-content\/uploads\/2024\/07\/Aba-Group-Pilnik-EDYCJA-LIMITOWANA-100-180.png?fit=779%2C845&ssl=1\" \/>\n\t<meta property=\"og:image:width\" content=\"779\" \/>\n\t<meta property=\"og:image:height\" content=\"845\" \/>\n\t<meta property=\"og:image:type\" content=\"image\/png\" \/>\n<meta name=\"twitter:card\" content=\"summary_large_image\" \/>\n<meta name=\"twitter:label1\" content=\"Estimated reading time\" \/>\n\t<meta name=\"twitter:data1\" content=\"1 minute\" \/>\n<script type=\"application\/ld+json\" class=\"yoast-schema-graph\">{\"@context\":\"https:\\\/\\\/schema.org\",\"@graph\":[{\"@type\":\"WebPage\",\"@id\":\"https:\\\/\\\/velesnails.pl\\\/product\\\/aba-group-pilnik-do-paznokci-edycja-limitowana-polksiezyc-100-180-nails-care-skinpack-cookies\\\/\",\"url\":\"https:\\\/\\\/velesnails.pl\\\/product\\\/aba-group-pilnik-do-paznokci-edycja-limitowana-polksiezyc-100-180-nails-care-skinpack-cookies\\\/\",\"name\":\"Aba Group Pilnik do paznokci EDYCJA LIMITOWANA - P\u00d3\u0141KSI\u0118\u017bYC 100\\\/180 \\\"Nails Care\\\" - Skinpack Cookies - velesnails\",\"isPartOf\":{\"@id\":\"https:\\\/\\\/velesnails.pl\\\/#website\"},\"primaryImageOfPage\":{\"@id\":\"https:\\\/\\\/velesnails.pl\\\/product\\\/aba-group-pilnik-do-paznokci-edycja-limitowana-polksiezyc-100-180-nails-care-skinpack-cookies\\\/#primaryimage\"},\"image\":{\"@id\":\"https:\\\/\\\/velesnails.pl\\\/product\\\/aba-group-pilnik-do-paznokci-edycja-limitowana-polksiezyc-100-180-nails-care-skinpack-cookies\\\/#primaryimage\"},\"thumbnailUrl\":\"https:\\\/\\\/i0.wp.com\\\/velesnails.pl\\\/wp-content\\\/uploads\\\/2024\\\/07\\\/Aba-Group-Pilnik-EDYCJA-LIMITOWANA-100-180.png?fit=779%2C845&ssl=1\",\"datePublished\":\"2024-07-27T09:19:18+00:00\",\"dateModified\":\"2025-07-08T13:45:01+00:00\",\"breadcrumb\":{\"@id\":\"https:\\\/\\\/velesnails.pl\\\/product\\\/aba-group-pilnik-do-paznokci-edycja-limitowana-polksiezyc-100-180-nails-care-skinpack-cookies\\\/#breadcrumb\"},\"inLanguage\":\"en-GB\",\"potentialAction\":[{\"@type\":\"ReadAction\",\"target\":[\"https:\\\/\\\/velesnails.pl\\\/product\\\/aba-group-pilnik-do-paznokci-edycja-limitowana-polksiezyc-100-180-nails-care-skinpack-cookies\\\/\"]}]},{\"@type\":\"ImageObject\",\"inLanguage\":\"en-GB\",\"@id\":\"https:\\\/\\\/velesnails.pl\\\/product\\\/aba-group-pilnik-do-paznokci-edycja-limitowana-polksiezyc-100-180-nails-care-skinpack-cookies\\\/#primaryimage\",\"url\":\"https:\\\/\\\/i0.wp.com\\\/velesnails.pl\\\/wp-content\\\/uploads\\\/2024\\\/07\\\/Aba-Group-Pilnik-EDYCJA-LIMITOWANA-100-180.png?fit=779%2C845&ssl=1\",\"contentUrl\":\"https:\\\/\\\/i0.wp.com\\\/velesnails.pl\\\/wp-content\\\/uploads\\\/2024\\\/07\\\/Aba-Group-Pilnik-EDYCJA-LIMITOWANA-100-180.png?fit=779%2C845&ssl=1\",\"width\":779,\"height\":845},{\"@type\":\"BreadcrumbList\",\"@id\":\"https:\\\/\\\/velesnails.pl\\\/product\\\/aba-group-pilnik-do-paznokci-edycja-limitowana-polksiezyc-100-180-nails-care-skinpack-cookies\\\/#breadcrumb\",\"itemListElement\":[{\"@type\":\"ListItem\",\"position\":1,\"name\":\"\u0413\u043e\u043b\u043e\u0432\u043d\u0430\",\"item\":\"https:\\\/\\\/velesnails.pl\\\/\"},{\"@type\":\"ListItem\",\"position\":2,\"name\":\"Sklep\",\"item\":\"https:\\\/\\\/velesnails.pl\\\/shop\\\/\"},{\"@type\":\"ListItem\",\"position\":3,\"name\":\"Aba Group Pilnik do paznokci EDYCJA LIMITOWANA &#8211; P\u00d3\u0141KSI\u0118\u017bYC 100\\\/180 &#8222;Nails Care&#8221; &#8211; Skinpack Cookies\"}]},{\"@type\":\"WebSite\",\"@id\":\"https:\\\/\\\/velesnails.pl\\\/#website\",\"url\":\"https:\\\/\\\/velesnails.pl\\\/\",\"name\":\"velesnails\",\"description\":\"Sklep z manicure\",\"publisher\":{\"@id\":\"https:\\\/\\\/velesnails.pl\\\/#organization\"},\"potentialAction\":[{\"@type\":\"SearchAction\",\"target\":{\"@type\":\"EntryPoint\",\"urlTemplate\":\"https:\\\/\\\/velesnails.pl\\\/?s={search_term_string}\"},\"query-input\":{\"@type\":\"PropertyValueSpecification\",\"valueRequired\":true,\"valueName\":\"search_term_string\"}}],\"inLanguage\":\"en-GB\"},{\"@type\":\"Organization\",\"@id\":\"https:\\\/\\\/velesnails.pl\\\/#organization\",\"name\":\"velesnails\",\"url\":\"https:\\\/\\\/velesnails.pl\\\/\",\"logo\":{\"@type\":\"ImageObject\",\"inLanguage\":\"en-GB\",\"@id\":\"https:\\\/\\\/velesnails.pl\\\/#\\\/schema\\\/logo\\\/image\\\/\",\"url\":\"https:\\\/\\\/i0.wp.com\\\/velesnails.pl\\\/wp-content\\\/uploads\\\/2025\\\/10\\\/cropped-obraz_viber_2025-10-22_13-55-55-969.jpg?fit=485%2C381&ssl=1\",\"contentUrl\":\"https:\\\/\\\/i0.wp.com\\\/velesnails.pl\\\/wp-content\\\/uploads\\\/2025\\\/10\\\/cropped-obraz_viber_2025-10-22_13-55-55-969.jpg?fit=485%2C381&ssl=1\",\"width\":485,\"height\":381,\"caption\":\"velesnails\"},\"image\":{\"@id\":\"https:\\\/\\\/velesnails.pl\\\/#\\\/schema\\\/logo\\\/image\\\/\"}}]}<\/script>\n<!-- \/ Yoast SEO plugin. -->","yoast_head_json":{"title":"Aba Group Pilnik do paznokci EDYCJA LIMITOWANA - P\u00d3\u0141KSI\u0118\u017bYC 100\/180 \"Nails Care\" - Skinpack Cookies - velesnails","robots":{"index":"index","follow":"follow","max-snippet":"max-snippet:-1","max-image-preview":"max-image-preview:large","max-video-preview":"max-video-preview:-1"},"canonical":"https:\/\/velesnails.pl\/en\/product\/aba-group-pilnik-do-paznokci-edycja-limitowana-polksiezyc-100-180-nails-care-skinpack-cookies\/","og_locale":"en_GB","og_type":"article","og_title":"Aba Group Pilnik do paznokci EDYCJA LIMITOWANA - P\u00d3\u0141KSI\u0118\u017bYC 100\/180 \"Nails Care\" - Skinpack Cookies - velesnails","og_description":"Jednorazowe pilniki do paznokci Aba Group o gradacji 100\/180, dedykowane do u\u017cytku profesjonalnego, teraz w kolorowej szacie graficznej Cookies, kt\u00f3re wygl\u0105daj\u0105 fantastycznie przy ka\u017cdym rodzaju i miejscu pracy. Pilniki przeznaczone s\u0105 do pracy z mas\u0105 \u017celow\u0105 i akrylow\u0105, zalecane do zabieg\u00f3w wymagaj\u0105cych efektywnego, a jednocze\u015bnie bezpiecznego opi\u0142owywania, skracania, czy te\u017c do wst\u0119pnej obr\u00f3bki paznokci. Zastosowanie [&hellip;]","og_url":"https:\/\/velesnails.pl\/en\/product\/aba-group-pilnik-do-paznokci-edycja-limitowana-polksiezyc-100-180-nails-care-skinpack-cookies\/","og_site_name":"velesnails","article_modified_time":"2025-07-08T13:45:01+00:00","og_image":[{"width":779,"height":845,"url":"https:\/\/i0.wp.com\/velesnails.pl\/wp-content\/uploads\/2024\/07\/Aba-Group-Pilnik-EDYCJA-LIMITOWANA-100-180.png?fit=779%2C845&ssl=1","type":"image\/png"}],"twitter_card":"summary_large_image","twitter_misc":{"Estimated reading time":"1 minute"},"schema":{"@context":"https:\/\/schema.org","@graph":[{"@type":"WebPage","@id":"https:\/\/velesnails.pl\/product\/aba-group-pilnik-do-paznokci-edycja-limitowana-polksiezyc-100-180-nails-care-skinpack-cookies\/","url":"https:\/\/velesnails.pl\/product\/aba-group-pilnik-do-paznokci-edycja-limitowana-polksiezyc-100-180-nails-care-skinpack-cookies\/","name":"Aba Group Pilnik do paznokci EDYCJA LIMITOWANA - P\u00d3\u0141KSI\u0118\u017bYC 100\/180 \"Nails Care\" - Skinpack Cookies - velesnails","isPartOf":{"@id":"https:\/\/velesnails.pl\/#website"},"primaryImageOfPage":{"@id":"https:\/\/velesnails.pl\/product\/aba-group-pilnik-do-paznokci-edycja-limitowana-polksiezyc-100-180-nails-care-skinpack-cookies\/#primaryimage"},"image":{"@id":"https:\/\/velesnails.pl\/product\/aba-group-pilnik-do-paznokci-edycja-limitowana-polksiezyc-100-180-nails-care-skinpack-cookies\/#primaryimage"},"thumbnailUrl":"https:\/\/i0.wp.com\/velesnails.pl\/wp-content\/uploads\/2024\/07\/Aba-Group-Pilnik-EDYCJA-LIMITOWANA-100-180.png?fit=779%2C845&ssl=1","datePublished":"2024-07-27T09:19:18+00:00","dateModified":"2025-07-08T13:45:01+00:00","breadcrumb":{"@id":"https:\/\/velesnails.pl\/product\/aba-group-pilnik-do-paznokci-edycja-limitowana-polksiezyc-100-180-nails-care-skinpack-cookies\/#breadcrumb"},"inLanguage":"en-GB","potentialAction":[{"@type":"ReadAction","target":["https:\/\/velesnails.pl\/product\/aba-group-pilnik-do-paznokci-edycja-limitowana-polksiezyc-100-180-nails-care-skinpack-cookies\/"]}]},{"@type":"ImageObject","inLanguage":"en-GB","@id":"https:\/\/velesnails.pl\/product\/aba-group-pilnik-do-paznokci-edycja-limitowana-polksiezyc-100-180-nails-care-skinpack-cookies\/#primaryimage","url":"https:\/\/i0.wp.com\/velesnails.pl\/wp-content\/uploads\/2024\/07\/Aba-Group-Pilnik-EDYCJA-LIMITOWANA-100-180.png?fit=779%2C845&ssl=1","contentUrl":"https:\/\/i0.wp.com\/velesnails.pl\/wp-content\/uploads\/2024\/07\/Aba-Group-Pilnik-EDYCJA-LIMITOWANA-100-180.png?fit=779%2C845&ssl=1","width":779,"height":845},{"@type":"BreadcrumbList","@id":"https:\/\/velesnails.pl\/product\/aba-group-pilnik-do-paznokci-edycja-limitowana-polksiezyc-100-180-nails-care-skinpack-cookies\/#breadcrumb","itemListElement":[{"@type":"ListItem","position":1,"name":"\u0413\u043e\u043b\u043e\u0432\u043d\u0430","item":"https:\/\/velesnails.pl\/"},{"@type":"ListItem","position":2,"name":"Sklep","item":"https:\/\/velesnails.pl\/shop\/"},{"@type":"ListItem","position":3,"name":"Aba Group Pilnik do paznokci EDYCJA LIMITOWANA &#8211; P\u00d3\u0141KSI\u0118\u017bYC 100\/180 &#8222;Nails Care&#8221; &#8211; Skinpack Cookies"}]},{"@type":"WebSite","@id":"https:\/\/velesnails.pl\/#website","url":"https:\/\/velesnails.pl\/","name":"velesnails","description":"Manicure shop","publisher":{"@id":"https:\/\/velesnails.pl\/#organization"},"potentialAction":[{"@type":"SearchAction","target":{"@type":"EntryPoint","urlTemplate":"https:\/\/velesnails.pl\/?s={search_term_string}"},"query-input":{"@type":"PropertyValueSpecification","valueRequired":true,"valueName":"search_term_string"}}],"inLanguage":"en-GB"},{"@type":"Organization","@id":"https:\/\/velesnails.pl\/#organization","name":"velesnails","url":"https:\/\/velesnails.pl\/","logo":{"@type":"ImageObject","inLanguage":"en-GB","@id":"https:\/\/velesnails.pl\/#\/schema\/logo\/image\/","url":"https:\/\/i0.wp.com\/velesnails.pl\/wp-content\/uploads\/2025\/10\/cropped-obraz_viber_2025-10-22_13-55-55-969.jpg?fit=485%2C381&ssl=1","contentUrl":"https:\/\/i0.wp.com\/velesnails.pl\/wp-content\/uploads\/2025\/10\/cropped-obraz_viber_2025-10-22_13-55-55-969.jpg?fit=485%2C381&ssl=1","width":485,"height":381,"caption":"velesnails"},"image":{"@id":"https:\/\/velesnails.pl\/#\/schema\/logo\/image\/"}}]}},"_links":{"self":[{"href":"https:\/\/velesnails.pl\/en\/wp-json\/wp\/v2\/product\/3236","targetHints":{"allow":["GET"]}}],"collection":[{"href":"https:\/\/velesnails.pl\/en\/wp-json\/wp\/v2\/product"}],"about":[{"href":"https:\/\/velesnails.pl\/en\/wp-json\/wp\/v2\/types\/product"}],"replies":[{"embeddable":true,"href":"https:\/\/velesnails.pl\/en\/wp-json\/wp\/v2\/comments?post=3236"}],"wp:featuredmedia":[{"embeddable":true,"href":"https:\/\/velesnails.pl\/en\/wp-json\/wp\/v2\/media\/3237"}],"wp:attachment":[{"href":"https:\/\/velesnails.pl\/en\/wp-json\/wp\/v2\/media?parent=3236"}],"wp:term":[{"taxonomy":"product_brand","embeddable":true,"href":"https:\/\/velesnails.pl\/en\/wp-json\/wp\/v2\/product_brand?post=3236"},{"taxonomy":"product_cat","embeddable":true,"href":"https:\/\/velesnails.pl\/en\/wp-json\/wp\/v2\/product_cat?post=3236"},{"taxonomy":"product_tag","embeddable":true,"href":"https:\/\/velesnails.pl\/en\/wp-json\/wp\/v2\/product_tag?post=3236"}],"curies":[{"name":"wp","href":"https:\/\/api.w.org\/{rel}","templated":true}]}}