{"id":3120,"date":"2024-07-26T10:35:46","date_gmt":"2024-07-26T07:35:46","guid":{"rendered":"https:\/\/velesnails.loc\/?post_type=product&#038;p=3120"},"modified":"2025-10-03T15:54:20","modified_gmt":"2025-10-03T12:54:20","slug":"nails-of-the-day-pedzelek-nail-art-brush-liner-10-mm","status":"publish","type":"product","link":"https:\/\/velesnails.pl\/en\/product\/nails-of-the-day-pedzelek-nail-art-brush-liner-10-mm\/","title":{"rendered":"P\u0119dzelek -Nail Art Brush NAILSOFTHEDAY- liner 10 mm"},"content":{"rendered":"<p>NAILSOFTHENIGHT Nail Art Brush, 10 mm liner to cienki p\u0119dzelek do rysowania prostych, d\u0142ugich linii, koronkowych wzor\u00f3w i wzor\u00f3w geometrycznych. G\u0142adkie w\u0142osie umo\u017cliwia szybkie i \u0142atwe rysowanie linii. Stylowa, lakoniczna r\u0105czka ma wygodny kszta\u0142t i nie kr\u0119puje ruch\u00f3w podczas pracy. P\u0119dzelek liner zachwyca wysok\u0105 jako\u015bci\u0105 i niezwyk\u0142\u0105 \u0142atwo\u015bci\u0105 u\u017cytkowania.<\/p>\n<p>Piel\u0119gnacja: myj p\u0119dzle w ciep\u0142ej wodzie, delikatnie prostuj\u0105c w\u0142osie; nie zaleca si\u0119 pozostawiania mokrych p\u0119dzli &#8211; mog\u0105 straci\u0107 sw\u00f3j kszta\u0142t; u\u017cywaj p\u0119dzli dopiero po ca\u0142kowitym wyschni\u0119ciu; lepiej przechowywa\u0107 p\u0119dzle do manicure w etui lub pi\u00f3rniku, chroni\u0105c je przed kurzem, \u015bwiat\u0142em s\u0142onecznym i innymi czynnikami, kt\u00f3re mog\u0105 je uszkodzi\u0107.<\/p>\n<p>Odpowiednia piel\u0119gnacja i przechowywanie narz\u0119dzi nie tylko wyd\u0142u\u017cy ich \u017cywotno\u015b\u0107, ale tak\u017ce zapewni jako\u015b\u0107 pracy. Profesjonalne niemieckie p\u0119dzle wykonane s\u0105 z najwy\u017cszej jako\u015bci materia\u0142u i mog\u0105 zapewni\u0107 nawet 10 lat doskona\u0142ego malowania.<br \/>\nB\u0105d\u017a trendy z NAILSOFTHEDAY!<\/p>","protected":false},"excerpt":{"rendered":"<p>NAILSOFTHENIGHT Nail Art Brush, 10 mm liner to cienki p\u0119dzelek do rysowania prostych, d\u0142ugich linii, koronkowych wzor\u00f3w i wzor\u00f3w geometrycznych. G\u0142adkie w\u0142osie umo\u017cliwia szybkie i \u0142atwe rysowanie linii. Stylowa, lakoniczna r\u0105czka ma wygodny kszta\u0142t i nie kr\u0119puje ruch\u00f3w podczas pracy. P\u0119dzelek liner zachwyca wysok\u0105 jako\u015bci\u0105 i niezwyk\u0142\u0105 \u0142atwo\u015bci\u0105 u\u017cytkowania. Piel\u0119gnacja: myj p\u0119dzle w ciep\u0142ej wodzie, [&hellip;]<\/p>\n","protected":false},"featured_media":3121,"comment_status":"closed","ping_status":"closed","template":"","meta":{"om_disable_all_campaigns":false,"ocean_post_layout":"","ocean_both_sidebars_style":"","ocean_both_sidebars_content_width":0,"ocean_both_sidebars_sidebars_width":0,"ocean_sidebar":"0","ocean_second_sidebar":"0","ocean_disable_margins":"enable","ocean_add_body_class":"","ocean_shortcode_before_top_bar":"","ocean_shortcode_after_top_bar":"","ocean_shortcode_before_header":"","ocean_shortcode_after_header":"","ocean_has_shortcode":"","ocean_shortcode_after_title":"","ocean_shortcode_before_footer_widgets":"","ocean_shortcode_after_footer_widgets":"","ocean_shortcode_before_footer_bottom":"","ocean_shortcode_after_footer_bottom":"","ocean_display_top_bar":"default","ocean_display_header":"default","ocean_header_style":"","ocean_center_header_left_menu":"0","ocean_custom_header_template":"0","ocean_custom_logo":0,"ocean_custom_retina_logo":0,"ocean_custom_logo_max_width":0,"ocean_custom_logo_tablet_max_width":0,"ocean_custom_logo_mobile_max_width":0,"ocean_custom_logo_max_height":0,"ocean_custom_logo_tablet_max_height":0,"ocean_custom_logo_mobile_max_height":0,"ocean_header_custom_menu":"0","ocean_menu_typo_font_family":"0","ocean_menu_typo_font_subset":"","ocean_menu_typo_font_size":0,"ocean_menu_typo_font_size_tablet":0,"ocean_menu_typo_font_size_mobile":0,"ocean_menu_typo_font_size_unit":"px","ocean_menu_typo_font_weight":"","ocean_menu_typo_font_weight_tablet":"","ocean_menu_typo_font_weight_mobile":"","ocean_menu_typo_transform":"","ocean_menu_typo_transform_tablet":"","ocean_menu_typo_transform_mobile":"","ocean_menu_typo_line_height":0,"ocean_menu_typo_line_height_tablet":0,"ocean_menu_typo_line_height_mobile":0,"ocean_menu_typo_line_height_unit":"","ocean_menu_typo_spacing":0,"ocean_menu_typo_spacing_tablet":0,"ocean_menu_typo_spacing_mobile":0,"ocean_menu_typo_spacing_unit":"","ocean_menu_link_color":"","ocean_menu_link_color_hover":"","ocean_menu_link_color_active":"","ocean_menu_link_background":"","ocean_menu_link_hover_background":"","ocean_menu_link_active_background":"","ocean_menu_social_links_bg":"","ocean_menu_social_hover_links_bg":"","ocean_menu_social_links_color":"","ocean_menu_social_hover_links_color":"","ocean_disable_title":"default","ocean_disable_heading":"default","ocean_post_title":"","ocean_post_subheading":"","ocean_post_title_style":"","ocean_post_title_background_color":"","ocean_post_title_background":0,"ocean_post_title_bg_image_position":"","ocean_post_title_bg_image_attachment":"","ocean_post_title_bg_image_repeat":"","ocean_post_title_bg_image_size":"","ocean_post_title_height":0,"ocean_post_title_bg_overlay":0.5,"ocean_post_title_bg_overlay_color":"","ocean_disable_breadcrumbs":"default","ocean_breadcrumbs_color":"","ocean_breadcrumbs_separator_color":"","ocean_breadcrumbs_links_color":"","ocean_breadcrumbs_links_hover_color":"","ocean_display_footer_widgets":"default","ocean_display_footer_bottom":"default","ocean_custom_footer_template":"0"},"product_brand":[],"product_cat":[176,188,110,144,145],"product_tag":[],"class_list":{"0":"post-3120","1":"product","2":"type-product","3":"status-publish","4":"has-post-thumbnail","6":"product_cat-marki","7":"product_cat-nailsoftheday-1","8":"product_cat-paznokcie","9":"product_cat-pedzelki","10":"product_cat-pedzelki-do-zdobien","12":"entry","13":"has-media","15":"first","16":"outofstock","17":"taxable","18":"shipping-taxable","19":"purchasable","20":"product-type-simple","21":"has-product-nav","22":"col","23":"span_1_of_3","24":"owp-content-center","25":"owp-thumbs-layout-horizontal","26":"owp-btn-normal","27":"owp-tabs-layout-horizontal","28":"has-no-thumbnails"},"yoast_head":"<!-- This site is optimized with the Yoast SEO plugin v27.6 - https:\/\/yoast.com\/product\/yoast-seo-wordpress\/ -->\n<title>P\u0119dzelek -Nail Art Brush NAILSOFTHEDAY- liner 10 mm - velesnails<\/title>\n<meta name=\"robots\" content=\"index, follow, max-snippet:-1, max-image-preview:large, max-video-preview:-1\" \/>\n<link rel=\"canonical\" href=\"https:\/\/velesnails.pl\/en\/product\/nails-of-the-day-pedzelek-nail-art-brush-liner-10-mm\/\" \/>\n<meta property=\"og:locale\" content=\"en_GB\" \/>\n<meta property=\"og:type\" content=\"article\" \/>\n<meta property=\"og:title\" content=\"P\u0119dzelek -Nail Art Brush NAILSOFTHEDAY- liner 10 mm - velesnails\" \/>\n<meta property=\"og:description\" content=\"NAILSOFTHENIGHT Nail Art Brush, 10 mm liner to cienki p\u0119dzelek do rysowania prostych, d\u0142ugich linii, koronkowych wzor\u00f3w i wzor\u00f3w geometrycznych. G\u0142adkie w\u0142osie umo\u017cliwia szybkie i \u0142atwe rysowanie linii. Stylowa, lakoniczna r\u0105czka ma wygodny kszta\u0142t i nie kr\u0119puje ruch\u00f3w podczas pracy. P\u0119dzelek liner zachwyca wysok\u0105 jako\u015bci\u0105 i niezwyk\u0142\u0105 \u0142atwo\u015bci\u0105 u\u017cytkowania. Piel\u0119gnacja: myj p\u0119dzle w ciep\u0142ej wodzie, [&hellip;]\" \/>\n<meta property=\"og:url\" content=\"https:\/\/velesnails.pl\/en\/product\/nails-of-the-day-pedzelek-nail-art-brush-liner-10-mm\/\" \/>\n<meta property=\"og:site_name\" content=\"velesnails\" \/>\n<meta property=\"article:modified_time\" content=\"2025-10-03T12:54:20+00:00\" \/>\n<meta property=\"og:image\" content=\"https:\/\/velesnails.pl\/wp-content\/uploads\/2024\/07\/Nails-Of-The-Day-Nail-Art-Brush-10-mm.jpg\" \/>\n\t<meta property=\"og:image:width\" content=\"500\" \/>\n\t<meta property=\"og:image:height\" content=\"493\" \/>\n\t<meta property=\"og:image:type\" content=\"image\/jpeg\" \/>\n<meta name=\"twitter:card\" content=\"summary_large_image\" \/>\n<meta name=\"twitter:label1\" content=\"Estimated reading time\" \/>\n\t<meta name=\"twitter:data1\" content=\"1 minute\" \/>\n<script type=\"application\/ld+json\" class=\"yoast-schema-graph\">{\"@context\":\"https:\\\/\\\/schema.org\",\"@graph\":[{\"@type\":\"WebPage\",\"@id\":\"https:\\\/\\\/velesnails.pl\\\/product\\\/nails-of-the-day-pedzelek-nail-art-brush-liner-10-mm\\\/\",\"url\":\"https:\\\/\\\/velesnails.pl\\\/product\\\/nails-of-the-day-pedzelek-nail-art-brush-liner-10-mm\\\/\",\"name\":\"P\u0119dzelek -Nail Art Brush NAILSOFTHEDAY- liner 10 mm - velesnails\",\"isPartOf\":{\"@id\":\"https:\\\/\\\/velesnails.pl\\\/#website\"},\"primaryImageOfPage\":{\"@id\":\"https:\\\/\\\/velesnails.pl\\\/product\\\/nails-of-the-day-pedzelek-nail-art-brush-liner-10-mm\\\/#primaryimage\"},\"image\":{\"@id\":\"https:\\\/\\\/velesnails.pl\\\/product\\\/nails-of-the-day-pedzelek-nail-art-brush-liner-10-mm\\\/#primaryimage\"},\"thumbnailUrl\":\"https:\\\/\\\/i0.wp.com\\\/velesnails.pl\\\/wp-content\\\/uploads\\\/2024\\\/07\\\/Nails-Of-The-Day-Nail-Art-Brush-10-mm.jpg?fit=500%2C493&ssl=1\",\"datePublished\":\"2024-07-26T07:35:46+00:00\",\"dateModified\":\"2025-10-03T12:54:20+00:00\",\"breadcrumb\":{\"@id\":\"https:\\\/\\\/velesnails.pl\\\/product\\\/nails-of-the-day-pedzelek-nail-art-brush-liner-10-mm\\\/#breadcrumb\"},\"inLanguage\":\"en-GB\",\"potentialAction\":[{\"@type\":\"ReadAction\",\"target\":[\"https:\\\/\\\/velesnails.pl\\\/product\\\/nails-of-the-day-pedzelek-nail-art-brush-liner-10-mm\\\/\"]}]},{\"@type\":\"ImageObject\",\"inLanguage\":\"en-GB\",\"@id\":\"https:\\\/\\\/velesnails.pl\\\/product\\\/nails-of-the-day-pedzelek-nail-art-brush-liner-10-mm\\\/#primaryimage\",\"url\":\"https:\\\/\\\/i0.wp.com\\\/velesnails.pl\\\/wp-content\\\/uploads\\\/2024\\\/07\\\/Nails-Of-The-Day-Nail-Art-Brush-10-mm.jpg?fit=500%2C493&ssl=1\",\"contentUrl\":\"https:\\\/\\\/i0.wp.com\\\/velesnails.pl\\\/wp-content\\\/uploads\\\/2024\\\/07\\\/Nails-Of-The-Day-Nail-Art-Brush-10-mm.jpg?fit=500%2C493&ssl=1\",\"width\":500,\"height\":493},{\"@type\":\"BreadcrumbList\",\"@id\":\"https:\\\/\\\/velesnails.pl\\\/product\\\/nails-of-the-day-pedzelek-nail-art-brush-liner-10-mm\\\/#breadcrumb\",\"itemListElement\":[{\"@type\":\"ListItem\",\"position\":1,\"name\":\"\u0413\u043e\u043b\u043e\u0432\u043d\u0430\",\"item\":\"https:\\\/\\\/velesnails.pl\\\/\"},{\"@type\":\"ListItem\",\"position\":2,\"name\":\"Sklep\",\"item\":\"https:\\\/\\\/velesnails.pl\\\/shop\\\/\"},{\"@type\":\"ListItem\",\"position\":3,\"name\":\"P\u0119dzelek -Nail Art Brush NAILSOFTHEDAY- liner 10 mm\"}]},{\"@type\":\"WebSite\",\"@id\":\"https:\\\/\\\/velesnails.pl\\\/#website\",\"url\":\"https:\\\/\\\/velesnails.pl\\\/\",\"name\":\"velesnails\",\"description\":\"Sklep z manicure\",\"publisher\":{\"@id\":\"https:\\\/\\\/velesnails.pl\\\/#organization\"},\"potentialAction\":[{\"@type\":\"SearchAction\",\"target\":{\"@type\":\"EntryPoint\",\"urlTemplate\":\"https:\\\/\\\/velesnails.pl\\\/?s={search_term_string}\"},\"query-input\":{\"@type\":\"PropertyValueSpecification\",\"valueRequired\":true,\"valueName\":\"search_term_string\"}}],\"inLanguage\":\"en-GB\"},{\"@type\":\"Organization\",\"@id\":\"https:\\\/\\\/velesnails.pl\\\/#organization\",\"name\":\"velesnails\",\"url\":\"https:\\\/\\\/velesnails.pl\\\/\",\"logo\":{\"@type\":\"ImageObject\",\"inLanguage\":\"en-GB\",\"@id\":\"https:\\\/\\\/velesnails.pl\\\/#\\\/schema\\\/logo\\\/image\\\/\",\"url\":\"https:\\\/\\\/i0.wp.com\\\/velesnails.pl\\\/wp-content\\\/uploads\\\/2025\\\/10\\\/cropped-obraz_viber_2025-10-22_13-55-55-969.jpg?fit=485%2C381&ssl=1\",\"contentUrl\":\"https:\\\/\\\/i0.wp.com\\\/velesnails.pl\\\/wp-content\\\/uploads\\\/2025\\\/10\\\/cropped-obraz_viber_2025-10-22_13-55-55-969.jpg?fit=485%2C381&ssl=1\",\"width\":485,\"height\":381,\"caption\":\"velesnails\"},\"image\":{\"@id\":\"https:\\\/\\\/velesnails.pl\\\/#\\\/schema\\\/logo\\\/image\\\/\"}}]}<\/script>\n<!-- \/ Yoast SEO plugin. -->","yoast_head_json":{"title":"P\u0119dzelek -Nail Art Brush NAILSOFTHEDAY- liner 10 mm - velesnails","robots":{"index":"index","follow":"follow","max-snippet":"max-snippet:-1","max-image-preview":"max-image-preview:large","max-video-preview":"max-video-preview:-1"},"canonical":"https:\/\/velesnails.pl\/en\/product\/nails-of-the-day-pedzelek-nail-art-brush-liner-10-mm\/","og_locale":"en_GB","og_type":"article","og_title":"P\u0119dzelek -Nail Art Brush NAILSOFTHEDAY- liner 10 mm - velesnails","og_description":"NAILSOFTHENIGHT Nail Art Brush, 10 mm liner to cienki p\u0119dzelek do rysowania prostych, d\u0142ugich linii, koronkowych wzor\u00f3w i wzor\u00f3w geometrycznych. G\u0142adkie w\u0142osie umo\u017cliwia szybkie i \u0142atwe rysowanie linii. Stylowa, lakoniczna r\u0105czka ma wygodny kszta\u0142t i nie kr\u0119puje ruch\u00f3w podczas pracy. P\u0119dzelek liner zachwyca wysok\u0105 jako\u015bci\u0105 i niezwyk\u0142\u0105 \u0142atwo\u015bci\u0105 u\u017cytkowania. Piel\u0119gnacja: myj p\u0119dzle w ciep\u0142ej wodzie, [&hellip;]","og_url":"https:\/\/velesnails.pl\/en\/product\/nails-of-the-day-pedzelek-nail-art-brush-liner-10-mm\/","og_site_name":"velesnails","article_modified_time":"2025-10-03T12:54:20+00:00","og_image":[{"width":500,"height":493,"url":"https:\/\/velesnails.pl\/wp-content\/uploads\/2024\/07\/Nails-Of-The-Day-Nail-Art-Brush-10-mm.jpg","type":"image\/jpeg"}],"twitter_card":"summary_large_image","twitter_misc":{"Estimated reading time":"1 minute"},"schema":{"@context":"https:\/\/schema.org","@graph":[{"@type":"WebPage","@id":"https:\/\/velesnails.pl\/product\/nails-of-the-day-pedzelek-nail-art-brush-liner-10-mm\/","url":"https:\/\/velesnails.pl\/product\/nails-of-the-day-pedzelek-nail-art-brush-liner-10-mm\/","name":"P\u0119dzelek -Nail Art Brush NAILSOFTHEDAY- liner 10 mm - velesnails","isPartOf":{"@id":"https:\/\/velesnails.pl\/#website"},"primaryImageOfPage":{"@id":"https:\/\/velesnails.pl\/product\/nails-of-the-day-pedzelek-nail-art-brush-liner-10-mm\/#primaryimage"},"image":{"@id":"https:\/\/velesnails.pl\/product\/nails-of-the-day-pedzelek-nail-art-brush-liner-10-mm\/#primaryimage"},"thumbnailUrl":"https:\/\/i0.wp.com\/velesnails.pl\/wp-content\/uploads\/2024\/07\/Nails-Of-The-Day-Nail-Art-Brush-10-mm.jpg?fit=500%2C493&ssl=1","datePublished":"2024-07-26T07:35:46+00:00","dateModified":"2025-10-03T12:54:20+00:00","breadcrumb":{"@id":"https:\/\/velesnails.pl\/product\/nails-of-the-day-pedzelek-nail-art-brush-liner-10-mm\/#breadcrumb"},"inLanguage":"en-GB","potentialAction":[{"@type":"ReadAction","target":["https:\/\/velesnails.pl\/product\/nails-of-the-day-pedzelek-nail-art-brush-liner-10-mm\/"]}]},{"@type":"ImageObject","inLanguage":"en-GB","@id":"https:\/\/velesnails.pl\/product\/nails-of-the-day-pedzelek-nail-art-brush-liner-10-mm\/#primaryimage","url":"https:\/\/i0.wp.com\/velesnails.pl\/wp-content\/uploads\/2024\/07\/Nails-Of-The-Day-Nail-Art-Brush-10-mm.jpg?fit=500%2C493&ssl=1","contentUrl":"https:\/\/i0.wp.com\/velesnails.pl\/wp-content\/uploads\/2024\/07\/Nails-Of-The-Day-Nail-Art-Brush-10-mm.jpg?fit=500%2C493&ssl=1","width":500,"height":493},{"@type":"BreadcrumbList","@id":"https:\/\/velesnails.pl\/product\/nails-of-the-day-pedzelek-nail-art-brush-liner-10-mm\/#breadcrumb","itemListElement":[{"@type":"ListItem","position":1,"name":"\u0413\u043e\u043b\u043e\u0432\u043d\u0430","item":"https:\/\/velesnails.pl\/"},{"@type":"ListItem","position":2,"name":"Sklep","item":"https:\/\/velesnails.pl\/shop\/"},{"@type":"ListItem","position":3,"name":"P\u0119dzelek -Nail Art Brush NAILSOFTHEDAY- liner 10 mm"}]},{"@type":"WebSite","@id":"https:\/\/velesnails.pl\/#website","url":"https:\/\/velesnails.pl\/","name":"velesnails","description":"Manicure shop","publisher":{"@id":"https:\/\/velesnails.pl\/#organization"},"potentialAction":[{"@type":"SearchAction","target":{"@type":"EntryPoint","urlTemplate":"https:\/\/velesnails.pl\/?s={search_term_string}"},"query-input":{"@type":"PropertyValueSpecification","valueRequired":true,"valueName":"search_term_string"}}],"inLanguage":"en-GB"},{"@type":"Organization","@id":"https:\/\/velesnails.pl\/#organization","name":"velesnails","url":"https:\/\/velesnails.pl\/","logo":{"@type":"ImageObject","inLanguage":"en-GB","@id":"https:\/\/velesnails.pl\/#\/schema\/logo\/image\/","url":"https:\/\/i0.wp.com\/velesnails.pl\/wp-content\/uploads\/2025\/10\/cropped-obraz_viber_2025-10-22_13-55-55-969.jpg?fit=485%2C381&ssl=1","contentUrl":"https:\/\/i0.wp.com\/velesnails.pl\/wp-content\/uploads\/2025\/10\/cropped-obraz_viber_2025-10-22_13-55-55-969.jpg?fit=485%2C381&ssl=1","width":485,"height":381,"caption":"velesnails"},"image":{"@id":"https:\/\/velesnails.pl\/#\/schema\/logo\/image\/"}}]}},"_links":{"self":[{"href":"https:\/\/velesnails.pl\/en\/wp-json\/wp\/v2\/product\/3120","targetHints":{"allow":["GET"]}}],"collection":[{"href":"https:\/\/velesnails.pl\/en\/wp-json\/wp\/v2\/product"}],"about":[{"href":"https:\/\/velesnails.pl\/en\/wp-json\/wp\/v2\/types\/product"}],"replies":[{"embeddable":true,"href":"https:\/\/velesnails.pl\/en\/wp-json\/wp\/v2\/comments?post=3120"}],"wp:featuredmedia":[{"embeddable":true,"href":"https:\/\/velesnails.pl\/en\/wp-json\/wp\/v2\/media\/3121"}],"wp:attachment":[{"href":"https:\/\/velesnails.pl\/en\/wp-json\/wp\/v2\/media?parent=3120"}],"wp:term":[{"taxonomy":"product_brand","embeddable":true,"href":"https:\/\/velesnails.pl\/en\/wp-json\/wp\/v2\/product_brand?post=3120"},{"taxonomy":"product_cat","embeddable":true,"href":"https:\/\/velesnails.pl\/en\/wp-json\/wp\/v2\/product_cat?post=3120"},{"taxonomy":"product_tag","embeddable":true,"href":"https:\/\/velesnails.pl\/en\/wp-json\/wp\/v2\/product_tag?post=3120"}],"curies":[{"name":"wp","href":"https:\/\/api.w.org\/{rel}","templated":true}]}}