{"id":3038,"date":"2024-07-25T14:56:55","date_gmt":"2024-07-25T11:56:55","guid":{"rendered":"https:\/\/velesnails.loc\/?post_type=product&#038;p=3038"},"modified":"2025-05-08T17:30:36","modified_gmt":"2025-05-08T14:30:36","slug":"wzornik-probnik-migdal-na-kole-do-zeli-lakierow-hybryd-i-pylkow-transparentny-50-sztuk-mat","status":"publish","type":"product","link":"https:\/\/velesnails.pl\/en\/product\/wzornik-probnik-migdal-na-kole-do-zeli-lakierow-hybryd-i-pylkow-transparentny-50-sztuk-mat\/","title":{"rendered":"Wzornik pr\u00f3bnik migda\u0142 na kole do \u017celi lakier\u00f3w hybryd i py\u0142k\u00f3w transparentny 50 sztuk mat"},"content":{"rendered":"<p class=\"western\" align=\"left\">Praktyczny, estetyczny, funkcjonalny. Najlepszy i naj\u0142atwiejszy spos\u00f3b by zaprezentowa\u0107 swoj\u0105 ofert\u0119 zdobie\u0144 klientom.<\/p>\n<p class=\"western\" align=\"left\">Wszystkie wzorniki w tym modelu s\u0105 zmatowione od spodu.<\/p>\n<p class=\"western\" align=\"left\">Ilo\u015b\u0107: 50szt.<\/p>","protected":false},"excerpt":{"rendered":"<p>Praktyczny, estetyczny, funkcjonalny. Najlepszy i naj\u0142atwiejszy spos\u00f3b by zaprezentowa\u0107 swoj\u0105 ofert\u0119 zdobie\u0144 klientom. Wszystkie wzorniki w tym modelu s\u0105 zmatowione od spodu. Ilo\u015b\u0107: 50szt.<\/p>","protected":false},"featured_media":3032,"comment_status":"closed","ping_status":"closed","template":"","meta":{"om_disable_all_campaigns":false,"ocean_post_layout":"","ocean_both_sidebars_style":"","ocean_both_sidebars_content_width":0,"ocean_both_sidebars_sidebars_width":0,"ocean_sidebar":"0","ocean_second_sidebar":"0","ocean_disable_margins":"enable","ocean_add_body_class":"","ocean_shortcode_before_top_bar":"","ocean_shortcode_after_top_bar":"","ocean_shortcode_before_header":"","ocean_shortcode_after_header":"","ocean_has_shortcode":"","ocean_shortcode_after_title":"","ocean_shortcode_before_footer_widgets":"","ocean_shortcode_after_footer_widgets":"","ocean_shortcode_before_footer_bottom":"","ocean_shortcode_after_footer_bottom":"","ocean_display_top_bar":"default","ocean_display_header":"default","ocean_header_style":"","ocean_center_header_left_menu":"0","ocean_custom_header_template":"0","ocean_custom_logo":0,"ocean_custom_retina_logo":0,"ocean_custom_logo_max_width":0,"ocean_custom_logo_tablet_max_width":0,"ocean_custom_logo_mobile_max_width":0,"ocean_custom_logo_max_height":0,"ocean_custom_logo_tablet_max_height":0,"ocean_custom_logo_mobile_max_height":0,"ocean_header_custom_menu":"0","ocean_menu_typo_font_family":"0","ocean_menu_typo_font_subset":"","ocean_menu_typo_font_size":0,"ocean_menu_typo_font_size_tablet":0,"ocean_menu_typo_font_size_mobile":0,"ocean_menu_typo_font_size_unit":"px","ocean_menu_typo_font_weight":"","ocean_menu_typo_font_weight_tablet":"","ocean_menu_typo_font_weight_mobile":"","ocean_menu_typo_transform":"","ocean_menu_typo_transform_tablet":"","ocean_menu_typo_transform_mobile":"","ocean_menu_typo_line_height":0,"ocean_menu_typo_line_height_tablet":0,"ocean_menu_typo_line_height_mobile":0,"ocean_menu_typo_line_height_unit":"","ocean_menu_typo_spacing":0,"ocean_menu_typo_spacing_tablet":0,"ocean_menu_typo_spacing_mobile":0,"ocean_menu_typo_spacing_unit":"","ocean_menu_link_color":"","ocean_menu_link_color_hover":"","ocean_menu_link_color_active":"","ocean_menu_link_background":"","ocean_menu_link_hover_background":"","ocean_menu_link_active_background":"","ocean_menu_social_links_bg":"","ocean_menu_social_hover_links_bg":"","ocean_menu_social_links_color":"","ocean_menu_social_hover_links_color":"","ocean_disable_title":"default","ocean_disable_heading":"default","ocean_post_title":"","ocean_post_subheading":"","ocean_post_title_style":"","ocean_post_title_background_color":"","ocean_post_title_background":0,"ocean_post_title_bg_image_position":"","ocean_post_title_bg_image_attachment":"","ocean_post_title_bg_image_repeat":"","ocean_post_title_bg_image_size":"","ocean_post_title_height":0,"ocean_post_title_bg_overlay":0.5,"ocean_post_title_bg_overlay_color":"","ocean_disable_breadcrumbs":"default","ocean_breadcrumbs_color":"","ocean_breadcrumbs_separator_color":"","ocean_breadcrumbs_links_color":"","ocean_breadcrumbs_links_hover_color":"","ocean_display_footer_widgets":"default","ocean_display_footer_bottom":"default","ocean_custom_footer_template":"0"},"product_brand":[],"product_cat":[139,110,142],"product_tag":[],"class_list":{"0":"post-3038","1":"product","2":"type-product","3":"status-publish","4":"has-post-thumbnail","6":"product_cat-akcesoria","7":"product_cat-paznokcie","8":"product_cat-wzorniki","10":"entry","11":"has-media","13":"first","14":"outofstock","15":"taxable","16":"shipping-taxable","17":"purchasable","18":"product-type-simple","19":"has-product-nav","20":"col","21":"span_1_of_3","22":"owp-content-center","23":"owp-thumbs-layout-horizontal","24":"owp-btn-normal","25":"owp-tabs-layout-horizontal","26":"has-no-thumbnails"},"yoast_head":"<!-- This site is optimized with the Yoast SEO plugin v27.4 - https:\/\/yoast.com\/product\/yoast-seo-wordpress\/ -->\n<title>Wzornik pr\u00f3bnik migda\u0142 na kole do \u017celi lakier\u00f3w hybryd i py\u0142k\u00f3w transparentny 50 sztuk mat - velesnails<\/title>\n<meta name=\"robots\" content=\"index, follow, max-snippet:-1, max-image-preview:large, max-video-preview:-1\" \/>\n<link rel=\"canonical\" href=\"https:\/\/velesnails.pl\/en\/product\/wzornik-probnik-migdal-na-kole-do-zeli-lakierow-hybryd-i-pylkow-transparentny-50-sztuk-mat\/\" \/>\n<meta property=\"og:locale\" content=\"en_GB\" \/>\n<meta property=\"og:type\" content=\"article\" \/>\n<meta property=\"og:title\" content=\"Wzornik pr\u00f3bnik migda\u0142 na kole do \u017celi lakier\u00f3w hybryd i py\u0142k\u00f3w transparentny 50 sztuk mat - velesnails\" \/>\n<meta property=\"og:description\" content=\"Praktyczny, estetyczny, funkcjonalny. Najlepszy i naj\u0142atwiejszy spos\u00f3b by zaprezentowa\u0107 swoj\u0105 ofert\u0119 zdobie\u0144 klientom. Wszystkie wzorniki w tym modelu s\u0105 zmatowione od spodu. Ilo\u015b\u0107: 50szt.\" \/>\n<meta property=\"og:url\" content=\"https:\/\/velesnails.pl\/en\/product\/wzornik-probnik-migdal-na-kole-do-zeli-lakierow-hybryd-i-pylkow-transparentny-50-sztuk-mat\/\" \/>\n<meta property=\"og:site_name\" content=\"velesnails\" \/>\n<meta property=\"article:modified_time\" content=\"2025-05-08T14:30:36+00:00\" \/>\n<meta property=\"og:image\" content=\"https:\/\/i0.wp.com\/velesnails.pl\/wp-content\/uploads\/2024\/07\/Wzornik-migdal-na-kole-50-szt-mat.jpg?fit=500%2C482&ssl=1\" \/>\n\t<meta property=\"og:image:width\" content=\"500\" \/>\n\t<meta property=\"og:image:height\" content=\"482\" \/>\n\t<meta property=\"og:image:type\" content=\"image\/jpeg\" \/>\n<meta name=\"twitter:card\" content=\"summary_large_image\" \/>\n<script type=\"application\/ld+json\" class=\"yoast-schema-graph\">{\"@context\":\"https:\\\/\\\/schema.org\",\"@graph\":[{\"@type\":\"WebPage\",\"@id\":\"https:\\\/\\\/velesnails.pl\\\/product\\\/wzornik-probnik-migdal-na-kole-do-zeli-lakierow-hybryd-i-pylkow-transparentny-50-sztuk-mat\\\/\",\"url\":\"https:\\\/\\\/velesnails.pl\\\/product\\\/wzornik-probnik-migdal-na-kole-do-zeli-lakierow-hybryd-i-pylkow-transparentny-50-sztuk-mat\\\/\",\"name\":\"Wzornik pr\u00f3bnik migda\u0142 na kole do \u017celi lakier\u00f3w hybryd i py\u0142k\u00f3w transparentny 50 sztuk mat - velesnails\",\"isPartOf\":{\"@id\":\"https:\\\/\\\/velesnails.pl\\\/#website\"},\"primaryImageOfPage\":{\"@id\":\"https:\\\/\\\/velesnails.pl\\\/product\\\/wzornik-probnik-migdal-na-kole-do-zeli-lakierow-hybryd-i-pylkow-transparentny-50-sztuk-mat\\\/#primaryimage\"},\"image\":{\"@id\":\"https:\\\/\\\/velesnails.pl\\\/product\\\/wzornik-probnik-migdal-na-kole-do-zeli-lakierow-hybryd-i-pylkow-transparentny-50-sztuk-mat\\\/#primaryimage\"},\"thumbnailUrl\":\"https:\\\/\\\/i0.wp.com\\\/velesnails.pl\\\/wp-content\\\/uploads\\\/2024\\\/07\\\/Wzornik-migdal-na-kole-50-szt-mat.jpg?fit=500%2C482&ssl=1\",\"datePublished\":\"2024-07-25T11:56:55+00:00\",\"dateModified\":\"2025-05-08T14:30:36+00:00\",\"breadcrumb\":{\"@id\":\"https:\\\/\\\/velesnails.pl\\\/product\\\/wzornik-probnik-migdal-na-kole-do-zeli-lakierow-hybryd-i-pylkow-transparentny-50-sztuk-mat\\\/#breadcrumb\"},\"inLanguage\":\"en-GB\",\"potentialAction\":[{\"@type\":\"ReadAction\",\"target\":[\"https:\\\/\\\/velesnails.pl\\\/product\\\/wzornik-probnik-migdal-na-kole-do-zeli-lakierow-hybryd-i-pylkow-transparentny-50-sztuk-mat\\\/\"]}]},{\"@type\":\"ImageObject\",\"inLanguage\":\"en-GB\",\"@id\":\"https:\\\/\\\/velesnails.pl\\\/product\\\/wzornik-probnik-migdal-na-kole-do-zeli-lakierow-hybryd-i-pylkow-transparentny-50-sztuk-mat\\\/#primaryimage\",\"url\":\"https:\\\/\\\/i0.wp.com\\\/velesnails.pl\\\/wp-content\\\/uploads\\\/2024\\\/07\\\/Wzornik-migdal-na-kole-50-szt-mat.jpg?fit=500%2C482&ssl=1\",\"contentUrl\":\"https:\\\/\\\/i0.wp.com\\\/velesnails.pl\\\/wp-content\\\/uploads\\\/2024\\\/07\\\/Wzornik-migdal-na-kole-50-szt-mat.jpg?fit=500%2C482&ssl=1\",\"width\":500,\"height\":482},{\"@type\":\"BreadcrumbList\",\"@id\":\"https:\\\/\\\/velesnails.pl\\\/product\\\/wzornik-probnik-migdal-na-kole-do-zeli-lakierow-hybryd-i-pylkow-transparentny-50-sztuk-mat\\\/#breadcrumb\",\"itemListElement\":[{\"@type\":\"ListItem\",\"position\":1,\"name\":\"\u0413\u043e\u043b\u043e\u0432\u043d\u0430\",\"item\":\"https:\\\/\\\/velesnails.pl\\\/\"},{\"@type\":\"ListItem\",\"position\":2,\"name\":\"Sklep\",\"item\":\"https:\\\/\\\/velesnails.pl\\\/shop\\\/\"},{\"@type\":\"ListItem\",\"position\":3,\"name\":\"Wzornik pr\u00f3bnik migda\u0142 na kole do \u017celi lakier\u00f3w hybryd i py\u0142k\u00f3w transparentny 50 sztuk mat\"}]},{\"@type\":\"WebSite\",\"@id\":\"https:\\\/\\\/velesnails.pl\\\/#website\",\"url\":\"https:\\\/\\\/velesnails.pl\\\/\",\"name\":\"velesnails\",\"description\":\"Sklep z manicure\",\"publisher\":{\"@id\":\"https:\\\/\\\/velesnails.pl\\\/#organization\"},\"potentialAction\":[{\"@type\":\"SearchAction\",\"target\":{\"@type\":\"EntryPoint\",\"urlTemplate\":\"https:\\\/\\\/velesnails.pl\\\/?s={search_term_string}\"},\"query-input\":{\"@type\":\"PropertyValueSpecification\",\"valueRequired\":true,\"valueName\":\"search_term_string\"}}],\"inLanguage\":\"en-GB\"},{\"@type\":\"Organization\",\"@id\":\"https:\\\/\\\/velesnails.pl\\\/#organization\",\"name\":\"velesnails\",\"url\":\"https:\\\/\\\/velesnails.pl\\\/\",\"logo\":{\"@type\":\"ImageObject\",\"inLanguage\":\"en-GB\",\"@id\":\"https:\\\/\\\/velesnails.pl\\\/#\\\/schema\\\/logo\\\/image\\\/\",\"url\":\"https:\\\/\\\/i0.wp.com\\\/velesnails.pl\\\/wp-content\\\/uploads\\\/2025\\\/10\\\/cropped-obraz_viber_2025-10-22_13-55-55-969.jpg?fit=485%2C381&ssl=1\",\"contentUrl\":\"https:\\\/\\\/i0.wp.com\\\/velesnails.pl\\\/wp-content\\\/uploads\\\/2025\\\/10\\\/cropped-obraz_viber_2025-10-22_13-55-55-969.jpg?fit=485%2C381&ssl=1\",\"width\":485,\"height\":381,\"caption\":\"velesnails\"},\"image\":{\"@id\":\"https:\\\/\\\/velesnails.pl\\\/#\\\/schema\\\/logo\\\/image\\\/\"}}]}<\/script>\n<!-- \/ Yoast SEO plugin. -->","yoast_head_json":{"title":"Wzornik pr\u00f3bnik migda\u0142 na kole do \u017celi lakier\u00f3w hybryd i py\u0142k\u00f3w transparentny 50 sztuk mat - velesnails","robots":{"index":"index","follow":"follow","max-snippet":"max-snippet:-1","max-image-preview":"max-image-preview:large","max-video-preview":"max-video-preview:-1"},"canonical":"https:\/\/velesnails.pl\/en\/product\/wzornik-probnik-migdal-na-kole-do-zeli-lakierow-hybryd-i-pylkow-transparentny-50-sztuk-mat\/","og_locale":"en_GB","og_type":"article","og_title":"Wzornik pr\u00f3bnik migda\u0142 na kole do \u017celi lakier\u00f3w hybryd i py\u0142k\u00f3w transparentny 50 sztuk mat - velesnails","og_description":"Praktyczny, estetyczny, funkcjonalny. Najlepszy i naj\u0142atwiejszy spos\u00f3b by zaprezentowa\u0107 swoj\u0105 ofert\u0119 zdobie\u0144 klientom. Wszystkie wzorniki w tym modelu s\u0105 zmatowione od spodu. Ilo\u015b\u0107: 50szt.","og_url":"https:\/\/velesnails.pl\/en\/product\/wzornik-probnik-migdal-na-kole-do-zeli-lakierow-hybryd-i-pylkow-transparentny-50-sztuk-mat\/","og_site_name":"velesnails","article_modified_time":"2025-05-08T14:30:36+00:00","og_image":[{"width":500,"height":482,"url":"https:\/\/i0.wp.com\/velesnails.pl\/wp-content\/uploads\/2024\/07\/Wzornik-migdal-na-kole-50-szt-mat.jpg?fit=500%2C482&ssl=1","type":"image\/jpeg"}],"twitter_card":"summary_large_image","schema":{"@context":"https:\/\/schema.org","@graph":[{"@type":"WebPage","@id":"https:\/\/velesnails.pl\/product\/wzornik-probnik-migdal-na-kole-do-zeli-lakierow-hybryd-i-pylkow-transparentny-50-sztuk-mat\/","url":"https:\/\/velesnails.pl\/product\/wzornik-probnik-migdal-na-kole-do-zeli-lakierow-hybryd-i-pylkow-transparentny-50-sztuk-mat\/","name":"Wzornik pr\u00f3bnik migda\u0142 na kole do \u017celi lakier\u00f3w hybryd i py\u0142k\u00f3w transparentny 50 sztuk mat - velesnails","isPartOf":{"@id":"https:\/\/velesnails.pl\/#website"},"primaryImageOfPage":{"@id":"https:\/\/velesnails.pl\/product\/wzornik-probnik-migdal-na-kole-do-zeli-lakierow-hybryd-i-pylkow-transparentny-50-sztuk-mat\/#primaryimage"},"image":{"@id":"https:\/\/velesnails.pl\/product\/wzornik-probnik-migdal-na-kole-do-zeli-lakierow-hybryd-i-pylkow-transparentny-50-sztuk-mat\/#primaryimage"},"thumbnailUrl":"https:\/\/i0.wp.com\/velesnails.pl\/wp-content\/uploads\/2024\/07\/Wzornik-migdal-na-kole-50-szt-mat.jpg?fit=500%2C482&ssl=1","datePublished":"2024-07-25T11:56:55+00:00","dateModified":"2025-05-08T14:30:36+00:00","breadcrumb":{"@id":"https:\/\/velesnails.pl\/product\/wzornik-probnik-migdal-na-kole-do-zeli-lakierow-hybryd-i-pylkow-transparentny-50-sztuk-mat\/#breadcrumb"},"inLanguage":"en-GB","potentialAction":[{"@type":"ReadAction","target":["https:\/\/velesnails.pl\/product\/wzornik-probnik-migdal-na-kole-do-zeli-lakierow-hybryd-i-pylkow-transparentny-50-sztuk-mat\/"]}]},{"@type":"ImageObject","inLanguage":"en-GB","@id":"https:\/\/velesnails.pl\/product\/wzornik-probnik-migdal-na-kole-do-zeli-lakierow-hybryd-i-pylkow-transparentny-50-sztuk-mat\/#primaryimage","url":"https:\/\/i0.wp.com\/velesnails.pl\/wp-content\/uploads\/2024\/07\/Wzornik-migdal-na-kole-50-szt-mat.jpg?fit=500%2C482&ssl=1","contentUrl":"https:\/\/i0.wp.com\/velesnails.pl\/wp-content\/uploads\/2024\/07\/Wzornik-migdal-na-kole-50-szt-mat.jpg?fit=500%2C482&ssl=1","width":500,"height":482},{"@type":"BreadcrumbList","@id":"https:\/\/velesnails.pl\/product\/wzornik-probnik-migdal-na-kole-do-zeli-lakierow-hybryd-i-pylkow-transparentny-50-sztuk-mat\/#breadcrumb","itemListElement":[{"@type":"ListItem","position":1,"name":"\u0413\u043e\u043b\u043e\u0432\u043d\u0430","item":"https:\/\/velesnails.pl\/"},{"@type":"ListItem","position":2,"name":"Sklep","item":"https:\/\/velesnails.pl\/shop\/"},{"@type":"ListItem","position":3,"name":"Wzornik pr\u00f3bnik migda\u0142 na kole do \u017celi lakier\u00f3w hybryd i py\u0142k\u00f3w transparentny 50 sztuk mat"}]},{"@type":"WebSite","@id":"https:\/\/velesnails.pl\/#website","url":"https:\/\/velesnails.pl\/","name":"velesnails","description":"Manicure shop","publisher":{"@id":"https:\/\/velesnails.pl\/#organization"},"potentialAction":[{"@type":"SearchAction","target":{"@type":"EntryPoint","urlTemplate":"https:\/\/velesnails.pl\/?s={search_term_string}"},"query-input":{"@type":"PropertyValueSpecification","valueRequired":true,"valueName":"search_term_string"}}],"inLanguage":"en-GB"},{"@type":"Organization","@id":"https:\/\/velesnails.pl\/#organization","name":"velesnails","url":"https:\/\/velesnails.pl\/","logo":{"@type":"ImageObject","inLanguage":"en-GB","@id":"https:\/\/velesnails.pl\/#\/schema\/logo\/image\/","url":"https:\/\/i0.wp.com\/velesnails.pl\/wp-content\/uploads\/2025\/10\/cropped-obraz_viber_2025-10-22_13-55-55-969.jpg?fit=485%2C381&ssl=1","contentUrl":"https:\/\/i0.wp.com\/velesnails.pl\/wp-content\/uploads\/2025\/10\/cropped-obraz_viber_2025-10-22_13-55-55-969.jpg?fit=485%2C381&ssl=1","width":485,"height":381,"caption":"velesnails"},"image":{"@id":"https:\/\/velesnails.pl\/#\/schema\/logo\/image\/"}}]}},"_links":{"self":[{"href":"https:\/\/velesnails.pl\/en\/wp-json\/wp\/v2\/product\/3038","targetHints":{"allow":["GET"]}}],"collection":[{"href":"https:\/\/velesnails.pl\/en\/wp-json\/wp\/v2\/product"}],"about":[{"href":"https:\/\/velesnails.pl\/en\/wp-json\/wp\/v2\/types\/product"}],"replies":[{"embeddable":true,"href":"https:\/\/velesnails.pl\/en\/wp-json\/wp\/v2\/comments?post=3038"}],"wp:featuredmedia":[{"embeddable":true,"href":"https:\/\/velesnails.pl\/en\/wp-json\/wp\/v2\/media\/3032"}],"wp:attachment":[{"href":"https:\/\/velesnails.pl\/en\/wp-json\/wp\/v2\/media?parent=3038"}],"wp:term":[{"taxonomy":"product_brand","embeddable":true,"href":"https:\/\/velesnails.pl\/en\/wp-json\/wp\/v2\/product_brand?post=3038"},{"taxonomy":"product_cat","embeddable":true,"href":"https:\/\/velesnails.pl\/en\/wp-json\/wp\/v2\/product_cat?post=3038"},{"taxonomy":"product_tag","embeddable":true,"href":"https:\/\/velesnails.pl\/en\/wp-json\/wp\/v2\/product_tag?post=3038"}],"curies":[{"name":"wp","href":"https:\/\/api.w.org\/{rel}","templated":true}]}}