{"id":2991,"date":"2024-07-25T12:49:02","date_gmt":"2024-07-25T09:49:02","guid":{"rendered":"https:\/\/velesnails.loc\/?post_type=product&#038;p=2991"},"modified":"2024-07-25T12:49:05","modified_gmt":"2024-07-25T09:49:05","slug":"mollylac-combo-system-dual-form-silikonowe-formy-do-frencha-owal-krotki-12-szt","status":"publish","type":"product","link":"https:\/\/velesnails.pl\/en\/product\/mollylac-combo-system-dual-form-silikonowe-formy-do-frencha-owal-krotki-12-szt\/","title":{"rendered":"MollyLac Combo system dual form silikonowe formy do frencha owal kr\u00f3tki 12 szt"},"content":{"rendered":"<p class=\"western\" align=\"left\">Silikonowe formy w po\u0142\u0105czeniu z g\u00f3rnymi dual formami pomog\u0105 Ci stworzy\u0107 idealn\u0105 lini\u0119 frencha.<\/p>\n<p class=\"western\" align=\"left\">\u0141atwe w u\u017cyciu i idealne dla os\u00f3b o ka\u017cdym poziomie zaawansowania. Ka\u017cdy zestaw zawiera 12 rozmiar\u00f3w form, aby m\u00f3c idealnie dopasowa\u0107 je do ka\u017cdej g\u00f3rnej dual formy.<\/p>\n<p class=\"western\" align=\"left\">Silikonowe formy s\u0105 wielokrotnego u\u017cytku.<\/p>\n<p class=\"western\" align=\"left\">Przeznaczenie do wszystkich kszta\u0142t\u00f3w.<\/p>\n<p class=\"western\" align=\"left\">Method of use:<\/p>\n<p class=\"western\" align=\"left\">-Przed pierwszym u\u017cyciem \u015bci\u0105gnij foli\u0119 zabezpieczaj\u0105ca ka\u017cd\u0105 form\u0119!<\/p>\n<p class=\"western\" align=\"left\">-Dobierz odpowiedni rozmiar formy do g\u00f3rnej dual formy.<\/p>\n<p class=\"western\" align=\"left\">-Wklej silikonow\u0105 form\u0119 do wn\u0119trza dual formy tak, aby linia frencha by\u0142a idealnie r\u00f3wna i symetryczna oraz pozb\u0105d\u017a si\u0119 wszystkich p\u0119cherzyk\u00f3w powietrza. Je\u015bli masz k\u0142opot z wklejeniem foremki, wype\u0142nij dual form\u0119 cienk\u0105 warstw\u0105 przezroczystego \u017celu.<\/p>\n<p class=\"western\" align=\"left\">-Zaaplikuj wybrany produkt na \u0142o\u017cysko frencha cienk\u0105 warstw\u0105 i utward\u017a w lampie.<\/p>\n<p class=\"western\" align=\"left\">-Odklej silikonow\u0105 form\u0119 (wyczy\u015b\u0107 cleanerem &#8211; formy s\u0105 wielokrotnego u\u017cytku).<\/p>\n<p class=\"western\" align=\"left\">-Wype\u0142nij ko\u0144c\u00f3wk\u0119 frencha po silikonowej formie \u017celem lub akrylo\u017celem i utward\u017a w lampie.<\/p>\n<p class=\"western\" align=\"left\">-Uzupe\u0142nij \u0142o\u017cysko paznokcia \u017celem lub akrylo\u017celem. Przy\u0142\u00f3\u017c dual form\u0119 do paznokcia i utward\u017a w lampie.<\/p>\n<p class=\"western\" align=\"left\">-Odklej dual form\u0119 z powierzchni powsta\u0142ego paznokcia.<\/p>\n<p class=\"western\" align=\"left\">-Przetrzyj lepk\u0105 warstw\u0119 inhibicyjn\u0105 znajduj\u0105ca si\u0119 od spodu paznokcia .<\/p>\n<p class=\"western\" align=\"left\">-Opracuj niedoskona\u0142o\u015bci paznokcia pilnikiem o gradacji 100\/180, a nast\u0119pnie u\u017cyj bloczka, \u017ceby zmatowi\u0107 jego powierzchni\u0119.<\/p>\n<p class=\"western\" align=\"left\">Ilo\u015b\u0107: 12szt<\/p>","protected":false},"excerpt":{"rendered":"<p>Silikonowe formy w po\u0142\u0105czeniu z g\u00f3rnymi dual formami pomog\u0105 Ci stworzy\u0107 idealn\u0105 lini\u0119 frencha. \u0141atwe w u\u017cyciu i idealne dla os\u00f3b o ka\u017cdym poziomie zaawansowania. Ka\u017cdy zestaw zawiera 12 rozmiar\u00f3w form, aby m\u00f3c idealnie dopasowa\u0107 je do ka\u017cdej g\u00f3rnej dual formy. Silikonowe formy s\u0105 wielokrotnego u\u017cytku. Przeznaczenie do wszystkich kszta\u0142t\u00f3w. Spos\u00f3b u\u017cycia: -Przed pierwszym u\u017cyciem [&hellip;]<\/p>\n","protected":false},"featured_media":2985,"comment_status":"open","ping_status":"closed","template":"","meta":{"om_disable_all_campaigns":false,"ocean_post_layout":"","ocean_both_sidebars_style":"","ocean_both_sidebars_content_width":0,"ocean_both_sidebars_sidebars_width":0,"ocean_sidebar":"0","ocean_second_sidebar":"0","ocean_disable_margins":"enable","ocean_add_body_class":"","ocean_shortcode_before_top_bar":"","ocean_shortcode_after_top_bar":"","ocean_shortcode_before_header":"","ocean_shortcode_after_header":"","ocean_has_shortcode":"","ocean_shortcode_after_title":"","ocean_shortcode_before_footer_widgets":"","ocean_shortcode_after_footer_widgets":"","ocean_shortcode_before_footer_bottom":"","ocean_shortcode_after_footer_bottom":"","ocean_display_top_bar":"default","ocean_display_header":"default","ocean_header_style":"","ocean_center_header_left_menu":"0","ocean_custom_header_template":"0","ocean_custom_logo":0,"ocean_custom_retina_logo":0,"ocean_custom_logo_max_width":0,"ocean_custom_logo_tablet_max_width":0,"ocean_custom_logo_mobile_max_width":0,"ocean_custom_logo_max_height":0,"ocean_custom_logo_tablet_max_height":0,"ocean_custom_logo_mobile_max_height":0,"ocean_header_custom_menu":"0","ocean_menu_typo_font_family":"0","ocean_menu_typo_font_subset":"","ocean_menu_typo_font_size":0,"ocean_menu_typo_font_size_tablet":0,"ocean_menu_typo_font_size_mobile":0,"ocean_menu_typo_font_size_unit":"px","ocean_menu_typo_font_weight":"","ocean_menu_typo_font_weight_tablet":"","ocean_menu_typo_font_weight_mobile":"","ocean_menu_typo_transform":"","ocean_menu_typo_transform_tablet":"","ocean_menu_typo_transform_mobile":"","ocean_menu_typo_line_height":0,"ocean_menu_typo_line_height_tablet":0,"ocean_menu_typo_line_height_mobile":0,"ocean_menu_typo_line_height_unit":"","ocean_menu_typo_spacing":0,"ocean_menu_typo_spacing_tablet":0,"ocean_menu_typo_spacing_mobile":0,"ocean_menu_typo_spacing_unit":"","ocean_menu_link_color":"","ocean_menu_link_color_hover":"","ocean_menu_link_color_active":"","ocean_menu_link_background":"","ocean_menu_link_hover_background":"","ocean_menu_link_active_background":"","ocean_menu_social_links_bg":"","ocean_menu_social_hover_links_bg":"","ocean_menu_social_links_color":"","ocean_menu_social_hover_links_color":"","ocean_disable_title":"default","ocean_disable_heading":"default","ocean_post_title":"","ocean_post_subheading":"","ocean_post_title_style":"","ocean_post_title_background_color":"","ocean_post_title_background":0,"ocean_post_title_bg_image_position":"","ocean_post_title_bg_image_attachment":"","ocean_post_title_bg_image_repeat":"","ocean_post_title_bg_image_size":"","ocean_post_title_height":0,"ocean_post_title_bg_overlay":0.5,"ocean_post_title_bg_overlay_color":"","ocean_disable_breadcrumbs":"default","ocean_breadcrumbs_color":"","ocean_breadcrumbs_separator_color":"","ocean_breadcrumbs_links_color":"","ocean_breadcrumbs_links_hover_color":"","ocean_display_footer_widgets":"default","ocean_display_footer_bottom":"default","ocean_custom_footer_template":"0"},"product_brand":[],"product_cat":[139,176,189,110,140],"product_tag":[],"class_list":{"0":"post-2991","1":"product","2":"type-product","3":"status-publish","4":"has-post-thumbnail","6":"product_cat-akcesoria","7":"product_cat-marki","8":"product_cat-molly-lac-1","9":"product_cat-paznokcie","10":"product_cat-sszablony-i-formy","12":"entry","13":"has-media","15":"first","16":"instock","17":"taxable","18":"shipping-taxable","19":"purchasable","20":"product-type-simple","21":"has-product-nav","22":"col","23":"span_1_of_3","24":"owp-content-center","25":"owp-thumbs-layout-horizontal","26":"owp-btn-normal","27":"owp-tabs-layout-horizontal","28":"has-no-thumbnails"},"yoast_head":"<!-- This site is optimized with the Yoast SEO plugin v27.5 - https:\/\/yoast.com\/product\/yoast-seo-wordpress\/ -->\n<title>MollyLac Combo system dual form silikonowe formy do frencha owal kr\u00f3tki 12 szt - velesnails<\/title>\n<meta name=\"robots\" content=\"index, follow, max-snippet:-1, max-image-preview:large, max-video-preview:-1\" \/>\n<link rel=\"canonical\" href=\"https:\/\/velesnails.pl\/en\/product\/mollylac-combo-system-dual-form-silikonowe-formy-do-frencha-owal-krotki-12-szt\/\" \/>\n<meta property=\"og:locale\" content=\"en_GB\" \/>\n<meta property=\"og:type\" content=\"article\" \/>\n<meta property=\"og:title\" content=\"MollyLac Combo system dual form silikonowe formy do frencha owal kr\u00f3tki 12 szt - velesnails\" \/>\n<meta property=\"og:description\" content=\"Silikonowe formy w po\u0142\u0105czeniu z g\u00f3rnymi dual formami pomog\u0105 Ci stworzy\u0107 idealn\u0105 lini\u0119 frencha. \u0141atwe w u\u017cyciu i idealne dla os\u00f3b o ka\u017cdym poziomie zaawansowania. Ka\u017cdy zestaw zawiera 12 rozmiar\u00f3w form, aby m\u00f3c idealnie dopasowa\u0107 je do ka\u017cdej g\u00f3rnej dual formy. Silikonowe formy s\u0105 wielokrotnego u\u017cytku. Przeznaczenie do wszystkich kszta\u0142t\u00f3w. Spos\u00f3b u\u017cycia: -Przed pierwszym u\u017cyciem [&hellip;]\" \/>\n<meta property=\"og:url\" content=\"https:\/\/velesnails.pl\/en\/product\/mollylac-combo-system-dual-form-silikonowe-formy-do-frencha-owal-krotki-12-szt\/\" \/>\n<meta property=\"og:site_name\" content=\"velesnails\" \/>\n<meta property=\"article:modified_time\" content=\"2024-07-25T09:49:05+00:00\" \/>\n<meta property=\"og:image\" content=\"https:\/\/i0.wp.com\/velesnails.pl\/wp-content\/uploads\/2024\/07\/Combo-system-dual-do-frencha-owal-krotki.jpg?fit=486%2C500&ssl=1\" \/>\n\t<meta property=\"og:image:width\" content=\"486\" \/>\n\t<meta property=\"og:image:height\" content=\"500\" \/>\n\t<meta property=\"og:image:type\" content=\"image\/jpeg\" \/>\n<meta name=\"twitter:card\" content=\"summary_large_image\" \/>\n<meta name=\"twitter:label1\" content=\"Estimated reading time\" \/>\n\t<meta name=\"twitter:data1\" content=\"1 minute\" \/>\n<script type=\"application\/ld+json\" class=\"yoast-schema-graph\">{\"@context\":\"https:\\\/\\\/schema.org\",\"@graph\":[{\"@type\":\"WebPage\",\"@id\":\"https:\\\/\\\/velesnails.pl\\\/product\\\/mollylac-combo-system-dual-form-silikonowe-formy-do-frencha-owal-krotki-12-szt\\\/\",\"url\":\"https:\\\/\\\/velesnails.pl\\\/product\\\/mollylac-combo-system-dual-form-silikonowe-formy-do-frencha-owal-krotki-12-szt\\\/\",\"name\":\"MollyLac Combo system dual form silikonowe formy do frencha owal kr\u00f3tki 12 szt - velesnails\",\"isPartOf\":{\"@id\":\"https:\\\/\\\/velesnails.pl\\\/#website\"},\"primaryImageOfPage\":{\"@id\":\"https:\\\/\\\/velesnails.pl\\\/product\\\/mollylac-combo-system-dual-form-silikonowe-formy-do-frencha-owal-krotki-12-szt\\\/#primaryimage\"},\"image\":{\"@id\":\"https:\\\/\\\/velesnails.pl\\\/product\\\/mollylac-combo-system-dual-form-silikonowe-formy-do-frencha-owal-krotki-12-szt\\\/#primaryimage\"},\"thumbnailUrl\":\"https:\\\/\\\/i0.wp.com\\\/velesnails.pl\\\/wp-content\\\/uploads\\\/2024\\\/07\\\/Combo-system-dual-do-frencha-owal-krotki.jpg?fit=486%2C500&ssl=1\",\"datePublished\":\"2024-07-25T09:49:02+00:00\",\"dateModified\":\"2024-07-25T09:49:05+00:00\",\"breadcrumb\":{\"@id\":\"https:\\\/\\\/velesnails.pl\\\/product\\\/mollylac-combo-system-dual-form-silikonowe-formy-do-frencha-owal-krotki-12-szt\\\/#breadcrumb\"},\"inLanguage\":\"en-GB\",\"potentialAction\":[{\"@type\":\"ReadAction\",\"target\":[\"https:\\\/\\\/velesnails.pl\\\/product\\\/mollylac-combo-system-dual-form-silikonowe-formy-do-frencha-owal-krotki-12-szt\\\/\"]}]},{\"@type\":\"ImageObject\",\"inLanguage\":\"en-GB\",\"@id\":\"https:\\\/\\\/velesnails.pl\\\/product\\\/mollylac-combo-system-dual-form-silikonowe-formy-do-frencha-owal-krotki-12-szt\\\/#primaryimage\",\"url\":\"https:\\\/\\\/i0.wp.com\\\/velesnails.pl\\\/wp-content\\\/uploads\\\/2024\\\/07\\\/Combo-system-dual-do-frencha-owal-krotki.jpg?fit=486%2C500&ssl=1\",\"contentUrl\":\"https:\\\/\\\/i0.wp.com\\\/velesnails.pl\\\/wp-content\\\/uploads\\\/2024\\\/07\\\/Combo-system-dual-do-frencha-owal-krotki.jpg?fit=486%2C500&ssl=1\",\"width\":486,\"height\":500},{\"@type\":\"BreadcrumbList\",\"@id\":\"https:\\\/\\\/velesnails.pl\\\/product\\\/mollylac-combo-system-dual-form-silikonowe-formy-do-frencha-owal-krotki-12-szt\\\/#breadcrumb\",\"itemListElement\":[{\"@type\":\"ListItem\",\"position\":1,\"name\":\"\u0413\u043e\u043b\u043e\u0432\u043d\u0430\",\"item\":\"https:\\\/\\\/velesnails.pl\\\/\"},{\"@type\":\"ListItem\",\"position\":2,\"name\":\"Sklep\",\"item\":\"https:\\\/\\\/velesnails.pl\\\/shop\\\/\"},{\"@type\":\"ListItem\",\"position\":3,\"name\":\"MollyLac Combo system dual form silikonowe formy do frencha owal kr\u00f3tki 12 szt\"}]},{\"@type\":\"WebSite\",\"@id\":\"https:\\\/\\\/velesnails.pl\\\/#website\",\"url\":\"https:\\\/\\\/velesnails.pl\\\/\",\"name\":\"velesnails\",\"description\":\"Sklep z manicure\",\"publisher\":{\"@id\":\"https:\\\/\\\/velesnails.pl\\\/#organization\"},\"potentialAction\":[{\"@type\":\"SearchAction\",\"target\":{\"@type\":\"EntryPoint\",\"urlTemplate\":\"https:\\\/\\\/velesnails.pl\\\/?s={search_term_string}\"},\"query-input\":{\"@type\":\"PropertyValueSpecification\",\"valueRequired\":true,\"valueName\":\"search_term_string\"}}],\"inLanguage\":\"en-GB\"},{\"@type\":\"Organization\",\"@id\":\"https:\\\/\\\/velesnails.pl\\\/#organization\",\"name\":\"velesnails\",\"url\":\"https:\\\/\\\/velesnails.pl\\\/\",\"logo\":{\"@type\":\"ImageObject\",\"inLanguage\":\"en-GB\",\"@id\":\"https:\\\/\\\/velesnails.pl\\\/#\\\/schema\\\/logo\\\/image\\\/\",\"url\":\"https:\\\/\\\/i0.wp.com\\\/velesnails.pl\\\/wp-content\\\/uploads\\\/2025\\\/10\\\/cropped-obraz_viber_2025-10-22_13-55-55-969.jpg?fit=485%2C381&ssl=1\",\"contentUrl\":\"https:\\\/\\\/i0.wp.com\\\/velesnails.pl\\\/wp-content\\\/uploads\\\/2025\\\/10\\\/cropped-obraz_viber_2025-10-22_13-55-55-969.jpg?fit=485%2C381&ssl=1\",\"width\":485,\"height\":381,\"caption\":\"velesnails\"},\"image\":{\"@id\":\"https:\\\/\\\/velesnails.pl\\\/#\\\/schema\\\/logo\\\/image\\\/\"}}]}<\/script>\n<!-- \/ Yoast SEO plugin. -->","yoast_head_json":{"title":"MollyLac Combo system dual form silikonowe formy do frencha owal kr\u00f3tki 12 szt - velesnails","robots":{"index":"index","follow":"follow","max-snippet":"max-snippet:-1","max-image-preview":"max-image-preview:large","max-video-preview":"max-video-preview:-1"},"canonical":"https:\/\/velesnails.pl\/en\/product\/mollylac-combo-system-dual-form-silikonowe-formy-do-frencha-owal-krotki-12-szt\/","og_locale":"en_GB","og_type":"article","og_title":"MollyLac Combo system dual form silikonowe formy do frencha owal kr\u00f3tki 12 szt - velesnails","og_description":"Silikonowe formy w po\u0142\u0105czeniu z g\u00f3rnymi dual formami pomog\u0105 Ci stworzy\u0107 idealn\u0105 lini\u0119 frencha. \u0141atwe w u\u017cyciu i idealne dla os\u00f3b o ka\u017cdym poziomie zaawansowania. Ka\u017cdy zestaw zawiera 12 rozmiar\u00f3w form, aby m\u00f3c idealnie dopasowa\u0107 je do ka\u017cdej g\u00f3rnej dual formy. Silikonowe formy s\u0105 wielokrotnego u\u017cytku. Przeznaczenie do wszystkich kszta\u0142t\u00f3w. Spos\u00f3b u\u017cycia: -Przed pierwszym u\u017cyciem [&hellip;]","og_url":"https:\/\/velesnails.pl\/en\/product\/mollylac-combo-system-dual-form-silikonowe-formy-do-frencha-owal-krotki-12-szt\/","og_site_name":"velesnails","article_modified_time":"2024-07-25T09:49:05+00:00","og_image":[{"width":486,"height":500,"url":"https:\/\/i0.wp.com\/velesnails.pl\/wp-content\/uploads\/2024\/07\/Combo-system-dual-do-frencha-owal-krotki.jpg?fit=486%2C500&ssl=1","type":"image\/jpeg"}],"twitter_card":"summary_large_image","twitter_misc":{"Estimated reading time":"1 minute"},"schema":{"@context":"https:\/\/schema.org","@graph":[{"@type":"WebPage","@id":"https:\/\/velesnails.pl\/product\/mollylac-combo-system-dual-form-silikonowe-formy-do-frencha-owal-krotki-12-szt\/","url":"https:\/\/velesnails.pl\/product\/mollylac-combo-system-dual-form-silikonowe-formy-do-frencha-owal-krotki-12-szt\/","name":"MollyLac Combo system dual form silikonowe formy do frencha owal kr\u00f3tki 12 szt - velesnails","isPartOf":{"@id":"https:\/\/velesnails.pl\/#website"},"primaryImageOfPage":{"@id":"https:\/\/velesnails.pl\/product\/mollylac-combo-system-dual-form-silikonowe-formy-do-frencha-owal-krotki-12-szt\/#primaryimage"},"image":{"@id":"https:\/\/velesnails.pl\/product\/mollylac-combo-system-dual-form-silikonowe-formy-do-frencha-owal-krotki-12-szt\/#primaryimage"},"thumbnailUrl":"https:\/\/i0.wp.com\/velesnails.pl\/wp-content\/uploads\/2024\/07\/Combo-system-dual-do-frencha-owal-krotki.jpg?fit=486%2C500&ssl=1","datePublished":"2024-07-25T09:49:02+00:00","dateModified":"2024-07-25T09:49:05+00:00","breadcrumb":{"@id":"https:\/\/velesnails.pl\/product\/mollylac-combo-system-dual-form-silikonowe-formy-do-frencha-owal-krotki-12-szt\/#breadcrumb"},"inLanguage":"en-GB","potentialAction":[{"@type":"ReadAction","target":["https:\/\/velesnails.pl\/product\/mollylac-combo-system-dual-form-silikonowe-formy-do-frencha-owal-krotki-12-szt\/"]}]},{"@type":"ImageObject","inLanguage":"en-GB","@id":"https:\/\/velesnails.pl\/product\/mollylac-combo-system-dual-form-silikonowe-formy-do-frencha-owal-krotki-12-szt\/#primaryimage","url":"https:\/\/i0.wp.com\/velesnails.pl\/wp-content\/uploads\/2024\/07\/Combo-system-dual-do-frencha-owal-krotki.jpg?fit=486%2C500&ssl=1","contentUrl":"https:\/\/i0.wp.com\/velesnails.pl\/wp-content\/uploads\/2024\/07\/Combo-system-dual-do-frencha-owal-krotki.jpg?fit=486%2C500&ssl=1","width":486,"height":500},{"@type":"BreadcrumbList","@id":"https:\/\/velesnails.pl\/product\/mollylac-combo-system-dual-form-silikonowe-formy-do-frencha-owal-krotki-12-szt\/#breadcrumb","itemListElement":[{"@type":"ListItem","position":1,"name":"\u0413\u043e\u043b\u043e\u0432\u043d\u0430","item":"https:\/\/velesnails.pl\/"},{"@type":"ListItem","position":2,"name":"Sklep","item":"https:\/\/velesnails.pl\/shop\/"},{"@type":"ListItem","position":3,"name":"MollyLac Combo system dual form silikonowe formy do frencha owal kr\u00f3tki 12 szt"}]},{"@type":"WebSite","@id":"https:\/\/velesnails.pl\/#website","url":"https:\/\/velesnails.pl\/","name":"velesnails","description":"Manicure shop","publisher":{"@id":"https:\/\/velesnails.pl\/#organization"},"potentialAction":[{"@type":"SearchAction","target":{"@type":"EntryPoint","urlTemplate":"https:\/\/velesnails.pl\/?s={search_term_string}"},"query-input":{"@type":"PropertyValueSpecification","valueRequired":true,"valueName":"search_term_string"}}],"inLanguage":"en-GB"},{"@type":"Organization","@id":"https:\/\/velesnails.pl\/#organization","name":"velesnails","url":"https:\/\/velesnails.pl\/","logo":{"@type":"ImageObject","inLanguage":"en-GB","@id":"https:\/\/velesnails.pl\/#\/schema\/logo\/image\/","url":"https:\/\/i0.wp.com\/velesnails.pl\/wp-content\/uploads\/2025\/10\/cropped-obraz_viber_2025-10-22_13-55-55-969.jpg?fit=485%2C381&ssl=1","contentUrl":"https:\/\/i0.wp.com\/velesnails.pl\/wp-content\/uploads\/2025\/10\/cropped-obraz_viber_2025-10-22_13-55-55-969.jpg?fit=485%2C381&ssl=1","width":485,"height":381,"caption":"velesnails"},"image":{"@id":"https:\/\/velesnails.pl\/#\/schema\/logo\/image\/"}}]}},"_links":{"self":[{"href":"https:\/\/velesnails.pl\/en\/wp-json\/wp\/v2\/product\/2991","targetHints":{"allow":["GET"]}}],"collection":[{"href":"https:\/\/velesnails.pl\/en\/wp-json\/wp\/v2\/product"}],"about":[{"href":"https:\/\/velesnails.pl\/en\/wp-json\/wp\/v2\/types\/product"}],"replies":[{"embeddable":true,"href":"https:\/\/velesnails.pl\/en\/wp-json\/wp\/v2\/comments?post=2991"}],"wp:featuredmedia":[{"embeddable":true,"href":"https:\/\/velesnails.pl\/en\/wp-json\/wp\/v2\/media\/2985"}],"wp:attachment":[{"href":"https:\/\/velesnails.pl\/en\/wp-json\/wp\/v2\/media?parent=2991"}],"wp:term":[{"taxonomy":"product_brand","embeddable":true,"href":"https:\/\/velesnails.pl\/en\/wp-json\/wp\/v2\/product_brand?post=2991"},{"taxonomy":"product_cat","embeddable":true,"href":"https:\/\/velesnails.pl\/en\/wp-json\/wp\/v2\/product_cat?post=2991"},{"taxonomy":"product_tag","embeddable":true,"href":"https:\/\/velesnails.pl\/en\/wp-json\/wp\/v2\/product_tag?post=2991"}],"curies":[{"name":"wp","href":"https:\/\/api.w.org\/{rel}","templated":true}]}}