{"id":2935,"date":"2024-07-24T15:24:34","date_gmt":"2024-07-24T12:24:34","guid":{"rendered":"https:\/\/velesnails.loc\/?post_type=product&#038;p=2935"},"modified":"2025-08-01T12:44:22","modified_gmt":"2025-08-01T09:44:22","slug":"mollylac-cuticle-remover-preparat-do-zmiekczania-i-usuwania-skorek-10-ml","status":"publish","type":"product","link":"https:\/\/velesnails.pl\/en\/product\/mollylac-cuticle-remover-preparat-do-zmiekczania-i-usuwania-skorek-10-ml\/","title":{"rendered":"MollyLac Cuticle Remover Preparat do zmi\u0119kczania i usuwania sk\u00f3rek  10 ml"},"content":{"rendered":"<p>Profesjonalny preparat w postaci \u017celowego p\u0142ynu dzi\u0119ki kt\u00f3remu w szybki i \u0142atwy spos\u00f3b pozb\u0119dziesz si\u0119 niechcianych, stwardnia\u0142ych sk\u00f3rek i odcisk\u00f3w czy nagniotk\u00f3w w bezinwazyjny spos\u00f3b. Mleczna barwa i bardzo delikatny, niedra\u017cni\u0105cy zapach zapewni\u0105 Ci komfort pracy. Ultra szybkie dzia\u0142anie zapewnione dzi\u0119ki rewolucyjnej formule a \u0142agodny sk\u0142ad pozwala na kontakt nawet z bardzo wra\u017cliw\u0105 sk\u00f3r\u0105. Zaawansowana formu\u0142a piel\u0119gnuj\u0105ca Twoj\u0105 sk\u00f3r\u0119 &#8211; zadbaj o siebie i ciesz si\u0119 wyj\u0105tkowo mi\u0119kkimi sk\u00f3rkami bez zadziork\u00f3w na d\u0142ugi czas. Regularne stosowanie to gwarancja, \u017ce sk\u00f3rki nie b\u0119d\u0105 narasta\u0107 i p\u0119ka\u0107.<\/p>\n<p>Method of use:<\/p>\n<p>-Na\u0142\u00f3\u017c \u017cel na oko\u0142o nask\u00f3rka, kt\u00f3ry wymaga zmi\u0119kczenia.<br \/>\n-Pozostaw produkt w kontakcie ze sk\u00f3r\u0105 przez ok 20-30 sekund i odsuwaj sk\u00f3rki patyczkiem drewnianym lub kopytkiem.<br \/>\n-Umyj r\u0119ce ciep\u0142\u0105 wod\u0105 z myd\u0142em. W przypadku bardzo opornego i twardego zrogowacia\u0142ego nask\u00f3rka (no w przypadku pedicure) pozostaw \u017cel na sk\u00f3rze ok 1 min.<br \/>\n-Nie u\u017cywaj produktu na uszkodzon\u0105 sk\u00f3r\u0119.<br \/>\n-Pojemno\u015b\u0107: 10 ml<\/p>\n<p>Ostrze\u017cenia:<\/p>\n<p>Produkt tylko do u\u017cytku profesjonalnego.<br \/>\nKeep out of the reach of children.<br \/>\nMay cause an allergic reaction.<br \/>\nPlease read the directions for use carefully.<\/p>","protected":false},"excerpt":{"rendered":"<p>Profesjonalny preparat w postaci \u017celowego p\u0142ynu dzi\u0119ki kt\u00f3remu w szybki i \u0142atwy spos\u00f3b pozb\u0119dziesz si\u0119 niechcianych, stwardnia\u0142ych sk\u00f3rek i odcisk\u00f3w czy nagniotk\u00f3w w bezinwazyjny spos\u00f3b. Mleczna barwa i bardzo delikatny, niedra\u017cni\u0105cy zapach zapewni\u0105 Ci komfort pracy. Ultra szybkie dzia\u0142anie zapewnione dzi\u0119ki rewolucyjnej formule a \u0142agodny sk\u0142ad pozwala na kontakt nawet z bardzo wra\u017cliw\u0105 sk\u00f3r\u0105. Zaawansowana [&hellip;]<\/p>\n","protected":false},"featured_media":2937,"comment_status":"closed","ping_status":"closed","template":"","meta":{"om_disable_all_campaigns":false,"ocean_post_layout":"","ocean_both_sidebars_style":"","ocean_both_sidebars_content_width":0,"ocean_both_sidebars_sidebars_width":0,"ocean_sidebar":"0","ocean_second_sidebar":"0","ocean_disable_margins":"enable","ocean_add_body_class":"","ocean_shortcode_before_top_bar":"","ocean_shortcode_after_top_bar":"","ocean_shortcode_before_header":"","ocean_shortcode_after_header":"","ocean_has_shortcode":"","ocean_shortcode_after_title":"","ocean_shortcode_before_footer_widgets":"","ocean_shortcode_after_footer_widgets":"","ocean_shortcode_before_footer_bottom":"","ocean_shortcode_after_footer_bottom":"","ocean_display_top_bar":"default","ocean_display_header":"default","ocean_header_style":"","ocean_center_header_left_menu":"0","ocean_custom_header_template":"0","ocean_custom_logo":0,"ocean_custom_retina_logo":0,"ocean_custom_logo_max_width":0,"ocean_custom_logo_tablet_max_width":0,"ocean_custom_logo_mobile_max_width":0,"ocean_custom_logo_max_height":0,"ocean_custom_logo_tablet_max_height":0,"ocean_custom_logo_mobile_max_height":0,"ocean_header_custom_menu":"0","ocean_menu_typo_font_family":"0","ocean_menu_typo_font_subset":"","ocean_menu_typo_font_size":0,"ocean_menu_typo_font_size_tablet":0,"ocean_menu_typo_font_size_mobile":0,"ocean_menu_typo_font_size_unit":"px","ocean_menu_typo_font_weight":"","ocean_menu_typo_font_weight_tablet":"","ocean_menu_typo_font_weight_mobile":"","ocean_menu_typo_transform":"","ocean_menu_typo_transform_tablet":"","ocean_menu_typo_transform_mobile":"","ocean_menu_typo_line_height":0,"ocean_menu_typo_line_height_tablet":0,"ocean_menu_typo_line_height_mobile":0,"ocean_menu_typo_line_height_unit":"","ocean_menu_typo_spacing":0,"ocean_menu_typo_spacing_tablet":0,"ocean_menu_typo_spacing_mobile":0,"ocean_menu_typo_spacing_unit":"","ocean_menu_link_color":"","ocean_menu_link_color_hover":"","ocean_menu_link_color_active":"","ocean_menu_link_background":"","ocean_menu_link_hover_background":"","ocean_menu_link_active_background":"","ocean_menu_social_links_bg":"","ocean_menu_social_hover_links_bg":"","ocean_menu_social_links_color":"","ocean_menu_social_hover_links_color":"","ocean_disable_title":"default","ocean_disable_heading":"default","ocean_post_title":"","ocean_post_subheading":"","ocean_post_title_style":"","ocean_post_title_background_color":"","ocean_post_title_background":0,"ocean_post_title_bg_image_position":"","ocean_post_title_bg_image_attachment":"","ocean_post_title_bg_image_repeat":"","ocean_post_title_bg_image_size":"","ocean_post_title_height":0,"ocean_post_title_bg_overlay":0.5,"ocean_post_title_bg_overlay_color":"","ocean_disable_breadcrumbs":"default","ocean_breadcrumbs_color":"","ocean_breadcrumbs_separator_color":"","ocean_breadcrumbs_links_color":"","ocean_breadcrumbs_links_hover_color":"","ocean_display_footer_widgets":"default","ocean_display_footer_bottom":"default","ocean_custom_footer_template":"0"},"product_brand":[],"product_cat":[176,189,110,132,138],"product_tag":[],"class_list":{"0":"post-2935","1":"product","2":"type-product","3":"status-publish","4":"has-post-thumbnail","6":"product_cat-marki","7":"product_cat-molly-lac-1","8":"product_cat-paznokcie","9":"product_cat-plyny-i-preparaty","10":"product_cat-prepsraty-do-usuwania-skorek","12":"entry","13":"has-media","15":"first","16":"outofstock","17":"taxable","18":"shipping-taxable","19":"purchasable","20":"product-type-simple","21":"has-product-nav","22":"col","23":"span_1_of_3","24":"owp-content-center","25":"owp-thumbs-layout-horizontal","26":"owp-btn-normal","27":"owp-tabs-layout-horizontal","28":"has-no-thumbnails"},"yoast_head":"<!-- This site is optimized with the Yoast SEO plugin v27.6 - https:\/\/yoast.com\/product\/yoast-seo-wordpress\/ -->\n<title>MollyLac Cuticle Remover Preparat do zmi\u0119kczania i usuwania sk\u00f3rek 10 ml - velesnails<\/title>\n<meta name=\"robots\" content=\"index, follow, max-snippet:-1, max-image-preview:large, max-video-preview:-1\" \/>\n<link rel=\"canonical\" href=\"https:\/\/velesnails.pl\/en\/product\/mollylac-cuticle-remover-preparat-do-zmiekczania-i-usuwania-skorek-10-ml\/\" \/>\n<meta property=\"og:locale\" content=\"en_GB\" \/>\n<meta property=\"og:type\" content=\"article\" \/>\n<meta property=\"og:title\" content=\"MollyLac Cuticle Remover Preparat do zmi\u0119kczania i usuwania sk\u00f3rek 10 ml - velesnails\" \/>\n<meta property=\"og:description\" content=\"Profesjonalny preparat w postaci \u017celowego p\u0142ynu dzi\u0119ki kt\u00f3remu w szybki i \u0142atwy spos\u00f3b pozb\u0119dziesz si\u0119 niechcianych, stwardnia\u0142ych sk\u00f3rek i odcisk\u00f3w czy nagniotk\u00f3w w bezinwazyjny spos\u00f3b. Mleczna barwa i bardzo delikatny, niedra\u017cni\u0105cy zapach zapewni\u0105 Ci komfort pracy. Ultra szybkie dzia\u0142anie zapewnione dzi\u0119ki rewolucyjnej formule a \u0142agodny sk\u0142ad pozwala na kontakt nawet z bardzo wra\u017cliw\u0105 sk\u00f3r\u0105. Zaawansowana [&hellip;]\" \/>\n<meta property=\"og:url\" content=\"https:\/\/velesnails.pl\/en\/product\/mollylac-cuticle-remover-preparat-do-zmiekczania-i-usuwania-skorek-10-ml\/\" \/>\n<meta property=\"og:site_name\" content=\"velesnails\" \/>\n<meta property=\"article:modified_time\" content=\"2025-08-01T09:44:22+00:00\" \/>\n<meta property=\"og:image\" content=\"https:\/\/i0.wp.com\/velesnails.pl\/wp-content\/uploads\/2024\/07\/Cuticle-Remover-MollyLac-10-ml.png?fit=830%2C835&ssl=1\" \/>\n\t<meta property=\"og:image:width\" content=\"830\" \/>\n\t<meta property=\"og:image:height\" content=\"835\" \/>\n\t<meta property=\"og:image:type\" content=\"image\/png\" \/>\n<meta name=\"twitter:card\" content=\"summary_large_image\" \/>\n<meta name=\"twitter:label1\" content=\"Estimated reading time\" \/>\n\t<meta name=\"twitter:data1\" content=\"1 minute\" \/>\n<script type=\"application\/ld+json\" class=\"yoast-schema-graph\">{\"@context\":\"https:\\\/\\\/schema.org\",\"@graph\":[{\"@type\":\"WebPage\",\"@id\":\"https:\\\/\\\/velesnails.pl\\\/product\\\/mollylac-cuticle-remover-preparat-do-zmiekczania-i-usuwania-skorek-10-ml\\\/\",\"url\":\"https:\\\/\\\/velesnails.pl\\\/product\\\/mollylac-cuticle-remover-preparat-do-zmiekczania-i-usuwania-skorek-10-ml\\\/\",\"name\":\"MollyLac Cuticle Remover Preparat do zmi\u0119kczania i usuwania sk\u00f3rek 10 ml - velesnails\",\"isPartOf\":{\"@id\":\"https:\\\/\\\/velesnails.pl\\\/#website\"},\"primaryImageOfPage\":{\"@id\":\"https:\\\/\\\/velesnails.pl\\\/product\\\/mollylac-cuticle-remover-preparat-do-zmiekczania-i-usuwania-skorek-10-ml\\\/#primaryimage\"},\"image\":{\"@id\":\"https:\\\/\\\/velesnails.pl\\\/product\\\/mollylac-cuticle-remover-preparat-do-zmiekczania-i-usuwania-skorek-10-ml\\\/#primaryimage\"},\"thumbnailUrl\":\"https:\\\/\\\/i0.wp.com\\\/velesnails.pl\\\/wp-content\\\/uploads\\\/2024\\\/07\\\/Cuticle-Remover-MollyLac-10-ml.png?fit=830%2C835&ssl=1\",\"datePublished\":\"2024-07-24T12:24:34+00:00\",\"dateModified\":\"2025-08-01T09:44:22+00:00\",\"breadcrumb\":{\"@id\":\"https:\\\/\\\/velesnails.pl\\\/product\\\/mollylac-cuticle-remover-preparat-do-zmiekczania-i-usuwania-skorek-10-ml\\\/#breadcrumb\"},\"inLanguage\":\"en-GB\",\"potentialAction\":[{\"@type\":\"ReadAction\",\"target\":[\"https:\\\/\\\/velesnails.pl\\\/product\\\/mollylac-cuticle-remover-preparat-do-zmiekczania-i-usuwania-skorek-10-ml\\\/\"]}]},{\"@type\":\"ImageObject\",\"inLanguage\":\"en-GB\",\"@id\":\"https:\\\/\\\/velesnails.pl\\\/product\\\/mollylac-cuticle-remover-preparat-do-zmiekczania-i-usuwania-skorek-10-ml\\\/#primaryimage\",\"url\":\"https:\\\/\\\/i0.wp.com\\\/velesnails.pl\\\/wp-content\\\/uploads\\\/2024\\\/07\\\/Cuticle-Remover-MollyLac-10-ml.png?fit=830%2C835&ssl=1\",\"contentUrl\":\"https:\\\/\\\/i0.wp.com\\\/velesnails.pl\\\/wp-content\\\/uploads\\\/2024\\\/07\\\/Cuticle-Remover-MollyLac-10-ml.png?fit=830%2C835&ssl=1\",\"width\":830,\"height\":835},{\"@type\":\"BreadcrumbList\",\"@id\":\"https:\\\/\\\/velesnails.pl\\\/product\\\/mollylac-cuticle-remover-preparat-do-zmiekczania-i-usuwania-skorek-10-ml\\\/#breadcrumb\",\"itemListElement\":[{\"@type\":\"ListItem\",\"position\":1,\"name\":\"\u0413\u043e\u043b\u043e\u0432\u043d\u0430\",\"item\":\"https:\\\/\\\/velesnails.pl\\\/\"},{\"@type\":\"ListItem\",\"position\":2,\"name\":\"Sklep\",\"item\":\"https:\\\/\\\/velesnails.pl\\\/shop\\\/\"},{\"@type\":\"ListItem\",\"position\":3,\"name\":\"MollyLac Cuticle Remover Preparat do zmi\u0119kczania i usuwania sk\u00f3rek 10 ml\"}]},{\"@type\":\"WebSite\",\"@id\":\"https:\\\/\\\/velesnails.pl\\\/#website\",\"url\":\"https:\\\/\\\/velesnails.pl\\\/\",\"name\":\"velesnails\",\"description\":\"Sklep z manicure\",\"publisher\":{\"@id\":\"https:\\\/\\\/velesnails.pl\\\/#organization\"},\"potentialAction\":[{\"@type\":\"SearchAction\",\"target\":{\"@type\":\"EntryPoint\",\"urlTemplate\":\"https:\\\/\\\/velesnails.pl\\\/?s={search_term_string}\"},\"query-input\":{\"@type\":\"PropertyValueSpecification\",\"valueRequired\":true,\"valueName\":\"search_term_string\"}}],\"inLanguage\":\"en-GB\"},{\"@type\":\"Organization\",\"@id\":\"https:\\\/\\\/velesnails.pl\\\/#organization\",\"name\":\"velesnails\",\"url\":\"https:\\\/\\\/velesnails.pl\\\/\",\"logo\":{\"@type\":\"ImageObject\",\"inLanguage\":\"en-GB\",\"@id\":\"https:\\\/\\\/velesnails.pl\\\/#\\\/schema\\\/logo\\\/image\\\/\",\"url\":\"https:\\\/\\\/i0.wp.com\\\/velesnails.pl\\\/wp-content\\\/uploads\\\/2025\\\/10\\\/cropped-obraz_viber_2025-10-22_13-55-55-969.jpg?fit=485%2C381&ssl=1\",\"contentUrl\":\"https:\\\/\\\/i0.wp.com\\\/velesnails.pl\\\/wp-content\\\/uploads\\\/2025\\\/10\\\/cropped-obraz_viber_2025-10-22_13-55-55-969.jpg?fit=485%2C381&ssl=1\",\"width\":485,\"height\":381,\"caption\":\"velesnails\"},\"image\":{\"@id\":\"https:\\\/\\\/velesnails.pl\\\/#\\\/schema\\\/logo\\\/image\\\/\"}}]}<\/script>\n<!-- \/ Yoast SEO plugin. -->","yoast_head_json":{"title":"MollyLac Cuticle Remover Preparat do zmi\u0119kczania i usuwania sk\u00f3rek 10 ml - velesnails","robots":{"index":"index","follow":"follow","max-snippet":"max-snippet:-1","max-image-preview":"max-image-preview:large","max-video-preview":"max-video-preview:-1"},"canonical":"https:\/\/velesnails.pl\/en\/product\/mollylac-cuticle-remover-preparat-do-zmiekczania-i-usuwania-skorek-10-ml\/","og_locale":"en_GB","og_type":"article","og_title":"MollyLac Cuticle Remover Preparat do zmi\u0119kczania i usuwania sk\u00f3rek 10 ml - velesnails","og_description":"Profesjonalny preparat w postaci \u017celowego p\u0142ynu dzi\u0119ki kt\u00f3remu w szybki i \u0142atwy spos\u00f3b pozb\u0119dziesz si\u0119 niechcianych, stwardnia\u0142ych sk\u00f3rek i odcisk\u00f3w czy nagniotk\u00f3w w bezinwazyjny spos\u00f3b. Mleczna barwa i bardzo delikatny, niedra\u017cni\u0105cy zapach zapewni\u0105 Ci komfort pracy. Ultra szybkie dzia\u0142anie zapewnione dzi\u0119ki rewolucyjnej formule a \u0142agodny sk\u0142ad pozwala na kontakt nawet z bardzo wra\u017cliw\u0105 sk\u00f3r\u0105. Zaawansowana [&hellip;]","og_url":"https:\/\/velesnails.pl\/en\/product\/mollylac-cuticle-remover-preparat-do-zmiekczania-i-usuwania-skorek-10-ml\/","og_site_name":"velesnails","article_modified_time":"2025-08-01T09:44:22+00:00","og_image":[{"width":830,"height":835,"url":"https:\/\/i0.wp.com\/velesnails.pl\/wp-content\/uploads\/2024\/07\/Cuticle-Remover-MollyLac-10-ml.png?fit=830%2C835&ssl=1","type":"image\/png"}],"twitter_card":"summary_large_image","twitter_misc":{"Estimated reading time":"1 minute"},"schema":{"@context":"https:\/\/schema.org","@graph":[{"@type":"WebPage","@id":"https:\/\/velesnails.pl\/product\/mollylac-cuticle-remover-preparat-do-zmiekczania-i-usuwania-skorek-10-ml\/","url":"https:\/\/velesnails.pl\/product\/mollylac-cuticle-remover-preparat-do-zmiekczania-i-usuwania-skorek-10-ml\/","name":"MollyLac Cuticle Remover Preparat do zmi\u0119kczania i usuwania sk\u00f3rek 10 ml - velesnails","isPartOf":{"@id":"https:\/\/velesnails.pl\/#website"},"primaryImageOfPage":{"@id":"https:\/\/velesnails.pl\/product\/mollylac-cuticle-remover-preparat-do-zmiekczania-i-usuwania-skorek-10-ml\/#primaryimage"},"image":{"@id":"https:\/\/velesnails.pl\/product\/mollylac-cuticle-remover-preparat-do-zmiekczania-i-usuwania-skorek-10-ml\/#primaryimage"},"thumbnailUrl":"https:\/\/i0.wp.com\/velesnails.pl\/wp-content\/uploads\/2024\/07\/Cuticle-Remover-MollyLac-10-ml.png?fit=830%2C835&ssl=1","datePublished":"2024-07-24T12:24:34+00:00","dateModified":"2025-08-01T09:44:22+00:00","breadcrumb":{"@id":"https:\/\/velesnails.pl\/product\/mollylac-cuticle-remover-preparat-do-zmiekczania-i-usuwania-skorek-10-ml\/#breadcrumb"},"inLanguage":"en-GB","potentialAction":[{"@type":"ReadAction","target":["https:\/\/velesnails.pl\/product\/mollylac-cuticle-remover-preparat-do-zmiekczania-i-usuwania-skorek-10-ml\/"]}]},{"@type":"ImageObject","inLanguage":"en-GB","@id":"https:\/\/velesnails.pl\/product\/mollylac-cuticle-remover-preparat-do-zmiekczania-i-usuwania-skorek-10-ml\/#primaryimage","url":"https:\/\/i0.wp.com\/velesnails.pl\/wp-content\/uploads\/2024\/07\/Cuticle-Remover-MollyLac-10-ml.png?fit=830%2C835&ssl=1","contentUrl":"https:\/\/i0.wp.com\/velesnails.pl\/wp-content\/uploads\/2024\/07\/Cuticle-Remover-MollyLac-10-ml.png?fit=830%2C835&ssl=1","width":830,"height":835},{"@type":"BreadcrumbList","@id":"https:\/\/velesnails.pl\/product\/mollylac-cuticle-remover-preparat-do-zmiekczania-i-usuwania-skorek-10-ml\/#breadcrumb","itemListElement":[{"@type":"ListItem","position":1,"name":"\u0413\u043e\u043b\u043e\u0432\u043d\u0430","item":"https:\/\/velesnails.pl\/"},{"@type":"ListItem","position":2,"name":"Sklep","item":"https:\/\/velesnails.pl\/shop\/"},{"@type":"ListItem","position":3,"name":"MollyLac Cuticle Remover Preparat do zmi\u0119kczania i usuwania sk\u00f3rek 10 ml"}]},{"@type":"WebSite","@id":"https:\/\/velesnails.pl\/#website","url":"https:\/\/velesnails.pl\/","name":"velesnails","description":"Manicure shop","publisher":{"@id":"https:\/\/velesnails.pl\/#organization"},"potentialAction":[{"@type":"SearchAction","target":{"@type":"EntryPoint","urlTemplate":"https:\/\/velesnails.pl\/?s={search_term_string}"},"query-input":{"@type":"PropertyValueSpecification","valueRequired":true,"valueName":"search_term_string"}}],"inLanguage":"en-GB"},{"@type":"Organization","@id":"https:\/\/velesnails.pl\/#organization","name":"velesnails","url":"https:\/\/velesnails.pl\/","logo":{"@type":"ImageObject","inLanguage":"en-GB","@id":"https:\/\/velesnails.pl\/#\/schema\/logo\/image\/","url":"https:\/\/i0.wp.com\/velesnails.pl\/wp-content\/uploads\/2025\/10\/cropped-obraz_viber_2025-10-22_13-55-55-969.jpg?fit=485%2C381&ssl=1","contentUrl":"https:\/\/i0.wp.com\/velesnails.pl\/wp-content\/uploads\/2025\/10\/cropped-obraz_viber_2025-10-22_13-55-55-969.jpg?fit=485%2C381&ssl=1","width":485,"height":381,"caption":"velesnails"},"image":{"@id":"https:\/\/velesnails.pl\/#\/schema\/logo\/image\/"}}]}},"_links":{"self":[{"href":"https:\/\/velesnails.pl\/en\/wp-json\/wp\/v2\/product\/2935","targetHints":{"allow":["GET"]}}],"collection":[{"href":"https:\/\/velesnails.pl\/en\/wp-json\/wp\/v2\/product"}],"about":[{"href":"https:\/\/velesnails.pl\/en\/wp-json\/wp\/v2\/types\/product"}],"replies":[{"embeddable":true,"href":"https:\/\/velesnails.pl\/en\/wp-json\/wp\/v2\/comments?post=2935"}],"wp:featuredmedia":[{"embeddable":true,"href":"https:\/\/velesnails.pl\/en\/wp-json\/wp\/v2\/media\/2937"}],"wp:attachment":[{"href":"https:\/\/velesnails.pl\/en\/wp-json\/wp\/v2\/media?parent=2935"}],"wp:term":[{"taxonomy":"product_brand","embeddable":true,"href":"https:\/\/velesnails.pl\/en\/wp-json\/wp\/v2\/product_brand?post=2935"},{"taxonomy":"product_cat","embeddable":true,"href":"https:\/\/velesnails.pl\/en\/wp-json\/wp\/v2\/product_cat?post=2935"},{"taxonomy":"product_tag","embeddable":true,"href":"https:\/\/velesnails.pl\/en\/wp-json\/wp\/v2\/product_tag?post=2935"}],"curies":[{"name":"wp","href":"https:\/\/api.w.org\/{rel}","templated":true}]}}