{"id":2924,"date":"2024-07-24T14:55:55","date_gmt":"2024-07-24T11:55:55","guid":{"rendered":"https:\/\/velesnails.loc\/?post_type=product&#038;p=2924"},"modified":"2024-10-07T12:37:13","modified_gmt":"2024-10-07T09:37:13","slug":"clavier-primer-kwasowy-acid-primer-sour-power-do-paznokci-hybryd-zelu-7ml","status":"publish","type":"product","link":"https:\/\/velesnails.pl\/en\/product\/clavier-primer-kwasowy-acid-primer-sour-power-do-paznokci-hybryd-zelu-7ml\/","title":{"rendered":"Clavier acid primer ACID PRIMER SOUR power, for nails, hybrids, gel, 7ml"},"content":{"rendered":"<p>Sour power<br \/>\nPrimer kwasowy jest niezawodny, gdy masz problematyczn\u0105 pytk\u0119, stylizacja hybrydowa odpada, czy te\u017c \u017cel. Wszystko robisz poprawnie, a \u017cadna stylizacja si\u0119 nie utrzymuje? Nic straconego! Si\u0119nij po bro\u0144 wi\u0119kszego kalibru jakim jest primer kwasowy. Produkt wysuszy twoj\u0105 pytk\u0119, wyci\u0105gnie ca\u0142\u0105 wilgo\u0107, a powsta\u0142e rowki po pi\u0142owaniu podniesie jeszcze wy\u017cej, tak aby kolejny preparat m\u00f3g\u0142 wej\u015b\u0107 jeszcze g\u0142\u0119biej. Jego si\u0142a polega na tym, \u017ce rozpuszcza pozosta\u0142e modu\u0142y t\u0142uszczu na p\u0142ytce, tak aby produkt m\u00f3g\u0142 wtopi\u0107 si\u0119 i sklei\u0107 z paznokciem. idelIdealny do paznokci hormonalnych (np. Tarczycowych). Primer kwasowy jest mocniejszy od bezkwasowego, \u015bwietnie sprawdza si\u0119 r\u00f3wnie\u017c przy przed\u0142u\u017caniu paznokci \u017celem.<\/p>\n<p>U\u0142atwia prac\u0119 ka\u017cdej profesjonalnej stylistce paznokci jak i osobom pocz\u0105tkuj\u0105cym!<\/p>\n<p>Primery do paznokci nie wymagaj\u0105 utwardzania w lampie. Nie nale\u017cy ich r\u00f3wnie\u017c przemywa\u0107 cleanerem \u2013 w przeciwnym razie mog\u0105 straci\u0107 swoje w\u0142a\u015bciwo\u015bci. W Naszym sklepie znajdziesz r\u00f3wnie\u017c inne preparaty z tej kolekcji.<\/p>\n<p>Method of use:<\/p>\n<p>Nanie\u015b\u0107 niewielk\u0105 ilo\u015b\u0107 produktu na p\u0142ytk\u0119 paznokcia, odczekaj chwil\u0119 i na\u0142\u00f3\u017c baz\u0119 hybrydow\u0105.<\/p>\n<p>Sk\u0142ad preparatu:<\/p>\n<p>Ethyl Methacylate, Urethane Methacylate, BHT, p-Hydroxyanisole, Hydroquinone.<\/p>\n<p>Ostrze\u017cenie:<\/p>\n<p>\u0141atwopalne. Unika\u0107 kontaktu z oczami i ze sk\u00f3ra. Mo\u017ce powodowa\u0107 reakcj\u0119 alergiczn\u0105. W przypadku podra\u017cnienia oczu, \u015bluz\u00f3wki przemy\u0107 obficie wod\u0105 i skonsultowa\u0107 si\u0119 z lekarzem. Chroni\u0107 przed dzie\u0107mi. Stosowa\u0107 w dobrze wentylowanych pomieszczeniach. Przed zastosowaniem uwa\u017cnie przeczyta\u0107 spos\u00f3b u\u017cycia!<\/p>","protected":false},"excerpt":{"rendered":"<p>Sour power Primer kwasowy jest niezawodny, gdy masz problematyczn\u0105 pytk\u0119, stylizacja hybrydowa odpada, czy te\u017c \u017cel. Wszystko robisz poprawnie, a \u017cadna stylizacja si\u0119 nie utrzymuje? Nic straconego! Si\u0119nij po bro\u0144 wi\u0119kszego kalibru jakim jest primer kwasowy. Produkt wysuszy twoj\u0105 pytk\u0119, wyci\u0105gnie ca\u0142\u0105 wilgo\u0107, a powsta\u0142e rowki po pi\u0142owaniu podniesie jeszcze wy\u017cej, tak aby kolejny preparat [&hellip;]<\/p>\n","protected":false},"featured_media":2926,"comment_status":"open","ping_status":"closed","template":"","meta":{"om_disable_all_campaigns":false,"ocean_post_layout":"","ocean_both_sidebars_style":"","ocean_both_sidebars_content_width":0,"ocean_both_sidebars_sidebars_width":0,"ocean_sidebar":"0","ocean_second_sidebar":"0","ocean_disable_margins":"enable","ocean_add_body_class":"","ocean_shortcode_before_top_bar":"","ocean_shortcode_after_top_bar":"","ocean_shortcode_before_header":"","ocean_shortcode_after_header":"","ocean_has_shortcode":"","ocean_shortcode_after_title":"","ocean_shortcode_before_footer_widgets":"","ocean_shortcode_after_footer_widgets":"","ocean_shortcode_before_footer_bottom":"","ocean_shortcode_after_footer_bottom":"","ocean_display_top_bar":"default","ocean_display_header":"default","ocean_header_style":"","ocean_center_header_left_menu":"0","ocean_custom_header_template":"0","ocean_custom_logo":0,"ocean_custom_retina_logo":0,"ocean_custom_logo_max_width":0,"ocean_custom_logo_tablet_max_width":0,"ocean_custom_logo_mobile_max_width":0,"ocean_custom_logo_max_height":0,"ocean_custom_logo_tablet_max_height":0,"ocean_custom_logo_mobile_max_height":0,"ocean_header_custom_menu":"0","ocean_menu_typo_font_family":"0","ocean_menu_typo_font_subset":"","ocean_menu_typo_font_size":0,"ocean_menu_typo_font_size_tablet":0,"ocean_menu_typo_font_size_mobile":0,"ocean_menu_typo_font_size_unit":"px","ocean_menu_typo_font_weight":"","ocean_menu_typo_font_weight_tablet":"","ocean_menu_typo_font_weight_mobile":"","ocean_menu_typo_transform":"","ocean_menu_typo_transform_tablet":"","ocean_menu_typo_transform_mobile":"","ocean_menu_typo_line_height":0,"ocean_menu_typo_line_height_tablet":0,"ocean_menu_typo_line_height_mobile":0,"ocean_menu_typo_line_height_unit":"","ocean_menu_typo_spacing":0,"ocean_menu_typo_spacing_tablet":0,"ocean_menu_typo_spacing_mobile":0,"ocean_menu_typo_spacing_unit":"","ocean_menu_link_color":"","ocean_menu_link_color_hover":"","ocean_menu_link_color_active":"","ocean_menu_link_background":"","ocean_menu_link_hover_background":"","ocean_menu_link_active_background":"","ocean_menu_social_links_bg":"","ocean_menu_social_hover_links_bg":"","ocean_menu_social_links_color":"","ocean_menu_social_hover_links_color":"","ocean_disable_title":"default","ocean_disable_heading":"default","ocean_post_title":"","ocean_post_subheading":"","ocean_post_title_style":"","ocean_post_title_background_color":"","ocean_post_title_background":0,"ocean_post_title_bg_image_position":"","ocean_post_title_bg_image_attachment":"","ocean_post_title_bg_image_repeat":"","ocean_post_title_bg_image_size":"","ocean_post_title_height":0,"ocean_post_title_bg_overlay":0.5,"ocean_post_title_bg_overlay_color":"","ocean_disable_breadcrumbs":"default","ocean_breadcrumbs_color":"","ocean_breadcrumbs_separator_color":"","ocean_breadcrumbs_links_color":"","ocean_breadcrumbs_links_hover_color":"","ocean_display_footer_widgets":"default","ocean_display_footer_bottom":"default","ocean_custom_footer_template":"0"},"product_brand":[],"product_cat":[190,176,110,132,137],"product_tag":[],"class_list":{"0":"post-2924","1":"product","2":"type-product","3":"status-publish","4":"has-post-thumbnail","6":"product_cat-clavier-1","7":"product_cat-marki","8":"product_cat-paznokcie","9":"product_cat-plyny-i-preparaty","10":"product_cat-primer","12":"entry","13":"has-media","15":"first","16":"instock","17":"taxable","18":"shipping-taxable","19":"purchasable","20":"product-type-simple","21":"has-product-nav","22":"col","23":"span_1_of_3","24":"owp-content-center","25":"owp-thumbs-layout-horizontal","26":"owp-btn-normal","27":"owp-tabs-layout-horizontal","28":"has-no-thumbnails"},"yoast_head":"<!-- This site is optimized with the Yoast SEO plugin v27.5 - https:\/\/yoast.com\/product\/yoast-seo-wordpress\/ -->\n<title>Clavier Primer kwasowy ACID PRIMER SOUR power, do paznokci, hybryd, \u017celu, 7ml - velesnails<\/title>\n<meta name=\"robots\" content=\"index, follow, max-snippet:-1, max-image-preview:large, max-video-preview:-1\" \/>\n<link rel=\"canonical\" href=\"https:\/\/velesnails.pl\/en\/product\/clavier-primer-kwasowy-acid-primer-sour-power-do-paznokci-hybryd-zelu-7ml\/\" \/>\n<meta property=\"og:locale\" content=\"en_GB\" \/>\n<meta property=\"og:type\" content=\"article\" \/>\n<meta property=\"og:title\" content=\"Clavier Primer kwasowy ACID PRIMER SOUR power, do paznokci, hybryd, \u017celu, 7ml - velesnails\" \/>\n<meta property=\"og:description\" content=\"Sour power Primer kwasowy jest niezawodny, gdy masz problematyczn\u0105 pytk\u0119, stylizacja hybrydowa odpada, czy te\u017c \u017cel. Wszystko robisz poprawnie, a \u017cadna stylizacja si\u0119 nie utrzymuje? Nic straconego! Si\u0119nij po bro\u0144 wi\u0119kszego kalibru jakim jest primer kwasowy. Produkt wysuszy twoj\u0105 pytk\u0119, wyci\u0105gnie ca\u0142\u0105 wilgo\u0107, a powsta\u0142e rowki po pi\u0142owaniu podniesie jeszcze wy\u017cej, tak aby kolejny preparat [&hellip;]\" \/>\n<meta property=\"og:url\" content=\"https:\/\/velesnails.pl\/en\/product\/clavier-primer-kwasowy-acid-primer-sour-power-do-paznokci-hybryd-zelu-7ml\/\" \/>\n<meta property=\"og:site_name\" content=\"velesnails\" \/>\n<meta property=\"article:modified_time\" content=\"2024-10-07T09:37:13+00:00\" \/>\n<meta property=\"og:image\" content=\"https:\/\/i0.wp.com\/velesnails.pl\/wp-content\/uploads\/2024\/07\/Clavier-ACID-PRIMER.png?fit=846%2C845&ssl=1\" \/>\n\t<meta property=\"og:image:width\" content=\"846\" \/>\n\t<meta property=\"og:image:height\" content=\"845\" \/>\n\t<meta property=\"og:image:type\" content=\"image\/png\" \/>\n<meta name=\"twitter:card\" content=\"summary_large_image\" \/>\n<meta name=\"twitter:label1\" content=\"Estimated reading time\" \/>\n\t<meta name=\"twitter:data1\" content=\"1 minute\" \/>\n<script type=\"application\/ld+json\" class=\"yoast-schema-graph\">{\"@context\":\"https:\\\/\\\/schema.org\",\"@graph\":[{\"@type\":\"WebPage\",\"@id\":\"https:\\\/\\\/velesnails.pl\\\/product\\\/clavier-primer-kwasowy-acid-primer-sour-power-do-paznokci-hybryd-zelu-7ml\\\/\",\"url\":\"https:\\\/\\\/velesnails.pl\\\/product\\\/clavier-primer-kwasowy-acid-primer-sour-power-do-paznokci-hybryd-zelu-7ml\\\/\",\"name\":\"Clavier Primer kwasowy ACID PRIMER SOUR power, do paznokci, hybryd, \u017celu, 7ml - velesnails\",\"isPartOf\":{\"@id\":\"https:\\\/\\\/velesnails.pl\\\/#website\"},\"primaryImageOfPage\":{\"@id\":\"https:\\\/\\\/velesnails.pl\\\/product\\\/clavier-primer-kwasowy-acid-primer-sour-power-do-paznokci-hybryd-zelu-7ml\\\/#primaryimage\"},\"image\":{\"@id\":\"https:\\\/\\\/velesnails.pl\\\/product\\\/clavier-primer-kwasowy-acid-primer-sour-power-do-paznokci-hybryd-zelu-7ml\\\/#primaryimage\"},\"thumbnailUrl\":\"https:\\\/\\\/i0.wp.com\\\/velesnails.pl\\\/wp-content\\\/uploads\\\/2024\\\/07\\\/Clavier-ACID-PRIMER.png?fit=846%2C845&ssl=1\",\"datePublished\":\"2024-07-24T11:55:55+00:00\",\"dateModified\":\"2024-10-07T09:37:13+00:00\",\"breadcrumb\":{\"@id\":\"https:\\\/\\\/velesnails.pl\\\/product\\\/clavier-primer-kwasowy-acid-primer-sour-power-do-paznokci-hybryd-zelu-7ml\\\/#breadcrumb\"},\"inLanguage\":\"en-GB\",\"potentialAction\":[{\"@type\":\"ReadAction\",\"target\":[\"https:\\\/\\\/velesnails.pl\\\/product\\\/clavier-primer-kwasowy-acid-primer-sour-power-do-paznokci-hybryd-zelu-7ml\\\/\"]}]},{\"@type\":\"ImageObject\",\"inLanguage\":\"en-GB\",\"@id\":\"https:\\\/\\\/velesnails.pl\\\/product\\\/clavier-primer-kwasowy-acid-primer-sour-power-do-paznokci-hybryd-zelu-7ml\\\/#primaryimage\",\"url\":\"https:\\\/\\\/i0.wp.com\\\/velesnails.pl\\\/wp-content\\\/uploads\\\/2024\\\/07\\\/Clavier-ACID-PRIMER.png?fit=846%2C845&ssl=1\",\"contentUrl\":\"https:\\\/\\\/i0.wp.com\\\/velesnails.pl\\\/wp-content\\\/uploads\\\/2024\\\/07\\\/Clavier-ACID-PRIMER.png?fit=846%2C845&ssl=1\",\"width\":846,\"height\":845},{\"@type\":\"BreadcrumbList\",\"@id\":\"https:\\\/\\\/velesnails.pl\\\/product\\\/clavier-primer-kwasowy-acid-primer-sour-power-do-paznokci-hybryd-zelu-7ml\\\/#breadcrumb\",\"itemListElement\":[{\"@type\":\"ListItem\",\"position\":1,\"name\":\"\u0413\u043e\u043b\u043e\u0432\u043d\u0430\",\"item\":\"https:\\\/\\\/velesnails.pl\\\/\"},{\"@type\":\"ListItem\",\"position\":2,\"name\":\"Sklep\",\"item\":\"https:\\\/\\\/velesnails.pl\\\/shop\\\/\"},{\"@type\":\"ListItem\",\"position\":3,\"name\":\"Clavier Primer kwasowy ACID PRIMER SOUR power, do paznokci, hybryd, \u017celu, 7ml\"}]},{\"@type\":\"WebSite\",\"@id\":\"https:\\\/\\\/velesnails.pl\\\/#website\",\"url\":\"https:\\\/\\\/velesnails.pl\\\/\",\"name\":\"velesnails\",\"description\":\"Sklep z manicure\",\"publisher\":{\"@id\":\"https:\\\/\\\/velesnails.pl\\\/#organization\"},\"potentialAction\":[{\"@type\":\"SearchAction\",\"target\":{\"@type\":\"EntryPoint\",\"urlTemplate\":\"https:\\\/\\\/velesnails.pl\\\/?s={search_term_string}\"},\"query-input\":{\"@type\":\"PropertyValueSpecification\",\"valueRequired\":true,\"valueName\":\"search_term_string\"}}],\"inLanguage\":\"en-GB\"},{\"@type\":\"Organization\",\"@id\":\"https:\\\/\\\/velesnails.pl\\\/#organization\",\"name\":\"velesnails\",\"url\":\"https:\\\/\\\/velesnails.pl\\\/\",\"logo\":{\"@type\":\"ImageObject\",\"inLanguage\":\"en-GB\",\"@id\":\"https:\\\/\\\/velesnails.pl\\\/#\\\/schema\\\/logo\\\/image\\\/\",\"url\":\"https:\\\/\\\/i0.wp.com\\\/velesnails.pl\\\/wp-content\\\/uploads\\\/2025\\\/10\\\/cropped-obraz_viber_2025-10-22_13-55-55-969.jpg?fit=485%2C381&ssl=1\",\"contentUrl\":\"https:\\\/\\\/i0.wp.com\\\/velesnails.pl\\\/wp-content\\\/uploads\\\/2025\\\/10\\\/cropped-obraz_viber_2025-10-22_13-55-55-969.jpg?fit=485%2C381&ssl=1\",\"width\":485,\"height\":381,\"caption\":\"velesnails\"},\"image\":{\"@id\":\"https:\\\/\\\/velesnails.pl\\\/#\\\/schema\\\/logo\\\/image\\\/\"}}]}<\/script>\n<!-- \/ Yoast SEO plugin. -->","yoast_head_json":{"title":"Clavier Primer kwasowy ACID PRIMER SOUR power, do paznokci, hybryd, \u017celu, 7ml - velesnails","robots":{"index":"index","follow":"follow","max-snippet":"max-snippet:-1","max-image-preview":"max-image-preview:large","max-video-preview":"max-video-preview:-1"},"canonical":"https:\/\/velesnails.pl\/en\/product\/clavier-primer-kwasowy-acid-primer-sour-power-do-paznokci-hybryd-zelu-7ml\/","og_locale":"en_GB","og_type":"article","og_title":"Clavier Primer kwasowy ACID PRIMER SOUR power, do paznokci, hybryd, \u017celu, 7ml - velesnails","og_description":"Sour power Primer kwasowy jest niezawodny, gdy masz problematyczn\u0105 pytk\u0119, stylizacja hybrydowa odpada, czy te\u017c \u017cel. Wszystko robisz poprawnie, a \u017cadna stylizacja si\u0119 nie utrzymuje? Nic straconego! Si\u0119nij po bro\u0144 wi\u0119kszego kalibru jakim jest primer kwasowy. Produkt wysuszy twoj\u0105 pytk\u0119, wyci\u0105gnie ca\u0142\u0105 wilgo\u0107, a powsta\u0142e rowki po pi\u0142owaniu podniesie jeszcze wy\u017cej, tak aby kolejny preparat [&hellip;]","og_url":"https:\/\/velesnails.pl\/en\/product\/clavier-primer-kwasowy-acid-primer-sour-power-do-paznokci-hybryd-zelu-7ml\/","og_site_name":"velesnails","article_modified_time":"2024-10-07T09:37:13+00:00","og_image":[{"width":846,"height":845,"url":"https:\/\/i0.wp.com\/velesnails.pl\/wp-content\/uploads\/2024\/07\/Clavier-ACID-PRIMER.png?fit=846%2C845&ssl=1","type":"image\/png"}],"twitter_card":"summary_large_image","twitter_misc":{"Estimated reading time":"1 minute"},"schema":{"@context":"https:\/\/schema.org","@graph":[{"@type":"WebPage","@id":"https:\/\/velesnails.pl\/product\/clavier-primer-kwasowy-acid-primer-sour-power-do-paznokci-hybryd-zelu-7ml\/","url":"https:\/\/velesnails.pl\/product\/clavier-primer-kwasowy-acid-primer-sour-power-do-paznokci-hybryd-zelu-7ml\/","name":"Clavier Primer kwasowy ACID PRIMER SOUR power, do paznokci, hybryd, \u017celu, 7ml - velesnails","isPartOf":{"@id":"https:\/\/velesnails.pl\/#website"},"primaryImageOfPage":{"@id":"https:\/\/velesnails.pl\/product\/clavier-primer-kwasowy-acid-primer-sour-power-do-paznokci-hybryd-zelu-7ml\/#primaryimage"},"image":{"@id":"https:\/\/velesnails.pl\/product\/clavier-primer-kwasowy-acid-primer-sour-power-do-paznokci-hybryd-zelu-7ml\/#primaryimage"},"thumbnailUrl":"https:\/\/i0.wp.com\/velesnails.pl\/wp-content\/uploads\/2024\/07\/Clavier-ACID-PRIMER.png?fit=846%2C845&ssl=1","datePublished":"2024-07-24T11:55:55+00:00","dateModified":"2024-10-07T09:37:13+00:00","breadcrumb":{"@id":"https:\/\/velesnails.pl\/product\/clavier-primer-kwasowy-acid-primer-sour-power-do-paznokci-hybryd-zelu-7ml\/#breadcrumb"},"inLanguage":"en-GB","potentialAction":[{"@type":"ReadAction","target":["https:\/\/velesnails.pl\/product\/clavier-primer-kwasowy-acid-primer-sour-power-do-paznokci-hybryd-zelu-7ml\/"]}]},{"@type":"ImageObject","inLanguage":"en-GB","@id":"https:\/\/velesnails.pl\/product\/clavier-primer-kwasowy-acid-primer-sour-power-do-paznokci-hybryd-zelu-7ml\/#primaryimage","url":"https:\/\/i0.wp.com\/velesnails.pl\/wp-content\/uploads\/2024\/07\/Clavier-ACID-PRIMER.png?fit=846%2C845&ssl=1","contentUrl":"https:\/\/i0.wp.com\/velesnails.pl\/wp-content\/uploads\/2024\/07\/Clavier-ACID-PRIMER.png?fit=846%2C845&ssl=1","width":846,"height":845},{"@type":"BreadcrumbList","@id":"https:\/\/velesnails.pl\/product\/clavier-primer-kwasowy-acid-primer-sour-power-do-paznokci-hybryd-zelu-7ml\/#breadcrumb","itemListElement":[{"@type":"ListItem","position":1,"name":"\u0413\u043e\u043b\u043e\u0432\u043d\u0430","item":"https:\/\/velesnails.pl\/"},{"@type":"ListItem","position":2,"name":"Sklep","item":"https:\/\/velesnails.pl\/shop\/"},{"@type":"ListItem","position":3,"name":"Clavier Primer kwasowy ACID PRIMER SOUR power, do paznokci, hybryd, \u017celu, 7ml"}]},{"@type":"WebSite","@id":"https:\/\/velesnails.pl\/#website","url":"https:\/\/velesnails.pl\/","name":"velesnails","description":"Manicure shop","publisher":{"@id":"https:\/\/velesnails.pl\/#organization"},"potentialAction":[{"@type":"SearchAction","target":{"@type":"EntryPoint","urlTemplate":"https:\/\/velesnails.pl\/?s={search_term_string}"},"query-input":{"@type":"PropertyValueSpecification","valueRequired":true,"valueName":"search_term_string"}}],"inLanguage":"en-GB"},{"@type":"Organization","@id":"https:\/\/velesnails.pl\/#organization","name":"velesnails","url":"https:\/\/velesnails.pl\/","logo":{"@type":"ImageObject","inLanguage":"en-GB","@id":"https:\/\/velesnails.pl\/#\/schema\/logo\/image\/","url":"https:\/\/i0.wp.com\/velesnails.pl\/wp-content\/uploads\/2025\/10\/cropped-obraz_viber_2025-10-22_13-55-55-969.jpg?fit=485%2C381&ssl=1","contentUrl":"https:\/\/i0.wp.com\/velesnails.pl\/wp-content\/uploads\/2025\/10\/cropped-obraz_viber_2025-10-22_13-55-55-969.jpg?fit=485%2C381&ssl=1","width":485,"height":381,"caption":"velesnails"},"image":{"@id":"https:\/\/velesnails.pl\/#\/schema\/logo\/image\/"}}]}},"_links":{"self":[{"href":"https:\/\/velesnails.pl\/en\/wp-json\/wp\/v2\/product\/2924","targetHints":{"allow":["GET"]}}],"collection":[{"href":"https:\/\/velesnails.pl\/en\/wp-json\/wp\/v2\/product"}],"about":[{"href":"https:\/\/velesnails.pl\/en\/wp-json\/wp\/v2\/types\/product"}],"replies":[{"embeddable":true,"href":"https:\/\/velesnails.pl\/en\/wp-json\/wp\/v2\/comments?post=2924"}],"wp:featuredmedia":[{"embeddable":true,"href":"https:\/\/velesnails.pl\/en\/wp-json\/wp\/v2\/media\/2926"}],"wp:attachment":[{"href":"https:\/\/velesnails.pl\/en\/wp-json\/wp\/v2\/media?parent=2924"}],"wp:term":[{"taxonomy":"product_brand","embeddable":true,"href":"https:\/\/velesnails.pl\/en\/wp-json\/wp\/v2\/product_brand?post=2924"},{"taxonomy":"product_cat","embeddable":true,"href":"https:\/\/velesnails.pl\/en\/wp-json\/wp\/v2\/product_cat?post=2924"},{"taxonomy":"product_tag","embeddable":true,"href":"https:\/\/velesnails.pl\/en\/wp-json\/wp\/v2\/product_tag?post=2924"}],"curies":[{"name":"wp","href":"https:\/\/api.w.org\/{rel}","templated":true}]}}