{"id":2905,"date":"2024-07-24T13:46:12","date_gmt":"2024-07-24T10:46:12","guid":{"rendered":"https:\/\/velesnails.loc\/?post_type=product&#038;p=2905"},"modified":"2024-07-24T13:46:15","modified_gmt":"2024-07-24T10:46:15","slug":"allelac-oliwka-do-skorek-i-paznokci-z-zakraplaczem-o-zapachu-banana-50ml","status":"publish","type":"product","link":"https:\/\/velesnails.pl\/en\/product\/allelac-oliwka-do-skorek-i-paznokci-z-zakraplaczem-o-zapachu-banana-50ml\/","title":{"rendered":"AlleLac Oliwka do sk\u00f3rek i paznokci z zakraplaczem o zapachu banana 50ml"},"content":{"rendered":"<p class=\"western\" align=\"left\">Si\u0142a naturalnych sk\u0142adnik\u00f3w zakl\u0119ta w dobroczynnej oliwce perfumowanej dla Twoich d\u0142oni i zmys\u0142\u00f3w.<\/p>\n<p class=\"western\" align=\"left\">Niezwykle d\u0142ugotrwale pachn\u0105ce oliwki w 5 wyj\u0105tkowych nutach zapachowych &#8211; wybierz sw\u00f3j wymarzony zapach i zapewnij luksusowe zako\u0144czenie zabiegu stylizacji paznokci w salonie lub w zaciszu domowym.<\/p>\n<p class=\"western\" align=\"left\">Innowacyjne ekstrakty z a\u017c 7 olejk\u00f3w oraz dzi\u0119ki ogromnej dawce witaminy E wzmocnisz p\u0142ytk\u0119 paznokcia, uchronisz je przed rozdwajaniem a tak\u017ce zapewnisz im ochron\u0119 przed szkodliwymi czynnikami \u015bwiata codziennego. Pi\u0119knie od\u017cywione i nat\u0142uszczone sk\u00f3rki wok\u00f3\u0142 paznokci na d\u0142u\u017cej.<\/p>\n<p class=\"western\" align=\"left\">Niezwykle trwa\u0142y i kusz\u0105cy manicure to marzenie ka\u017cdej z nas. Pozw\u00f3l sobie na luksus i ob\u0142\u0119dny zapach!<\/p>\n<p class=\"western\" align=\"left\">Kompleks olej\u00f3w z oliwek, rycynowego, z orzech\u00f3w macadamia, z pestek winogron, sojowy, lniany a tak\u017ce awokado to bomba witaminowa dla Ciebie i Twoich d\u0142oni!<\/p>\n<p class=\"western\" align=\"left\">Spos\u00f3b u\u017cycia: Aplikuj po zako\u0144czonym zabiegu manicure na sk\u00f3rki wok\u00f3\u0142 paznokci a tak\u017ce zawsze kiedy masz na to ochot\u0119! Wystarczy wmasowa\u0107 po 1 kropli &#8211; oliwka jest niezwykle wydajna.<\/p>\n<p class=\"western\" align=\"left\">Chro\u0144 swoje paznokcie przed rozdwajaniem, krucho\u015bci\u0105 i \u0142amliwo\u015bci\u0105 a tak\u017ce sk\u00f3rki przed sucho\u015bci\u0105 i brakiem elastyczno\u015bci.<\/p>\n<p class=\"western\" align=\"left\">Ostrze\u017cenia:<\/p>\n<p class=\"western\" align=\"left\">Produkt tylko do u\u017cytku profesjonalnego.<\/p>\n<p class=\"western\" align=\"left\">Keep out of the reach of children.<\/p>\n<p class=\"western\" align=\"left\">May cause an allergic reaction.<\/p>\n<p class=\"western\" align=\"left\">Please read the directions for use carefully.<\/p>","protected":false},"excerpt":{"rendered":"<p>Si\u0142a naturalnych sk\u0142adnik\u00f3w zakl\u0119ta w dobroczynnej oliwce perfumowanej dla Twoich d\u0142oni i zmys\u0142\u00f3w. Niezwykle d\u0142ugotrwale pachn\u0105ce oliwki w 5 wyj\u0105tkowych nutach zapachowych &#8211; wybierz sw\u00f3j wymarzony zapach i zapewnij luksusowe zako\u0144czenie zabiegu stylizacji paznokci w salonie lub w zaciszu domowym. Innowacyjne ekstrakty z a\u017c 7 olejk\u00f3w oraz dzi\u0119ki ogromnej dawce witaminy E wzmocnisz p\u0142ytk\u0119 paznokcia, [&hellip;]<\/p>\n","protected":false},"featured_media":2902,"comment_status":"open","ping_status":"closed","template":"","meta":{"om_disable_all_campaigns":false,"ocean_post_layout":"","ocean_both_sidebars_style":"","ocean_both_sidebars_content_width":0,"ocean_both_sidebars_sidebars_width":0,"ocean_sidebar":"0","ocean_second_sidebar":"0","ocean_disable_margins":"enable","ocean_add_body_class":"","ocean_shortcode_before_top_bar":"","ocean_shortcode_after_top_bar":"","ocean_shortcode_before_header":"","ocean_shortcode_after_header":"","ocean_has_shortcode":"","ocean_shortcode_after_title":"","ocean_shortcode_before_footer_widgets":"","ocean_shortcode_after_footer_widgets":"","ocean_shortcode_before_footer_bottom":"","ocean_shortcode_after_footer_bottom":"","ocean_display_top_bar":"default","ocean_display_header":"default","ocean_header_style":"","ocean_center_header_left_menu":"0","ocean_custom_header_template":"0","ocean_custom_logo":0,"ocean_custom_retina_logo":0,"ocean_custom_logo_max_width":0,"ocean_custom_logo_tablet_max_width":0,"ocean_custom_logo_mobile_max_width":0,"ocean_custom_logo_max_height":0,"ocean_custom_logo_tablet_max_height":0,"ocean_custom_logo_mobile_max_height":0,"ocean_header_custom_menu":"0","ocean_menu_typo_font_family":"0","ocean_menu_typo_font_subset":"","ocean_menu_typo_font_size":0,"ocean_menu_typo_font_size_tablet":0,"ocean_menu_typo_font_size_mobile":0,"ocean_menu_typo_font_size_unit":"px","ocean_menu_typo_font_weight":"","ocean_menu_typo_font_weight_tablet":"","ocean_menu_typo_font_weight_mobile":"","ocean_menu_typo_transform":"","ocean_menu_typo_transform_tablet":"","ocean_menu_typo_transform_mobile":"","ocean_menu_typo_line_height":0,"ocean_menu_typo_line_height_tablet":0,"ocean_menu_typo_line_height_mobile":0,"ocean_menu_typo_line_height_unit":"","ocean_menu_typo_spacing":0,"ocean_menu_typo_spacing_tablet":0,"ocean_menu_typo_spacing_mobile":0,"ocean_menu_typo_spacing_unit":"","ocean_menu_link_color":"","ocean_menu_link_color_hover":"","ocean_menu_link_color_active":"","ocean_menu_link_background":"","ocean_menu_link_hover_background":"","ocean_menu_link_active_background":"","ocean_menu_social_links_bg":"","ocean_menu_social_hover_links_bg":"","ocean_menu_social_links_color":"","ocean_menu_social_hover_links_color":"","ocean_disable_title":"default","ocean_disable_heading":"default","ocean_post_title":"","ocean_post_subheading":"","ocean_post_title_style":"","ocean_post_title_background_color":"","ocean_post_title_background":0,"ocean_post_title_bg_image_position":"","ocean_post_title_bg_image_attachment":"","ocean_post_title_bg_image_repeat":"","ocean_post_title_bg_image_size":"","ocean_post_title_height":0,"ocean_post_title_bg_overlay":0.5,"ocean_post_title_bg_overlay_color":"","ocean_disable_breadcrumbs":"default","ocean_breadcrumbs_color":"","ocean_breadcrumbs_separator_color":"","ocean_breadcrumbs_links_color":"","ocean_breadcrumbs_links_hover_color":"","ocean_display_footer_widgets":"default","ocean_display_footer_bottom":"default","ocean_custom_footer_template":"0"},"product_brand":[],"product_cat":[136,110,132],"product_tag":[],"class_list":{"0":"post-2905","1":"product","2":"type-product","3":"status-publish","4":"has-post-thumbnail","6":"product_cat-oliwki-do-skorek","7":"product_cat-paznokcie","8":"product_cat-plyny-i-preparaty","10":"entry","11":"has-media","13":"first","14":"instock","15":"taxable","16":"shipping-taxable","17":"purchasable","18":"product-type-simple","19":"has-product-nav","20":"col","21":"span_1_of_3","22":"owp-content-center","23":"owp-thumbs-layout-horizontal","24":"owp-btn-normal","25":"owp-tabs-layout-horizontal","26":"has-no-thumbnails"},"yoast_head":"<!-- This site is optimized with the Yoast SEO plugin v27.6 - https:\/\/yoast.com\/product\/yoast-seo-wordpress\/ -->\n<title>AlleLac Oliwka do sk\u00f3rek i paznokci z zakraplaczem o zapachu banana 50ml - velesnails<\/title>\n<meta name=\"robots\" content=\"index, follow, max-snippet:-1, max-image-preview:large, max-video-preview:-1\" \/>\n<link rel=\"canonical\" href=\"https:\/\/velesnails.pl\/en\/product\/allelac-oliwka-do-skorek-i-paznokci-z-zakraplaczem-o-zapachu-banana-50ml\/\" \/>\n<meta property=\"og:locale\" content=\"en_GB\" \/>\n<meta property=\"og:type\" content=\"article\" \/>\n<meta property=\"og:title\" content=\"AlleLac Oliwka do sk\u00f3rek i paznokci z zakraplaczem o zapachu banana 50ml - velesnails\" \/>\n<meta property=\"og:description\" content=\"Si\u0142a naturalnych sk\u0142adnik\u00f3w zakl\u0119ta w dobroczynnej oliwce perfumowanej dla Twoich d\u0142oni i zmys\u0142\u00f3w. Niezwykle d\u0142ugotrwale pachn\u0105ce oliwki w 5 wyj\u0105tkowych nutach zapachowych &#8211; wybierz sw\u00f3j wymarzony zapach i zapewnij luksusowe zako\u0144czenie zabiegu stylizacji paznokci w salonie lub w zaciszu domowym. Innowacyjne ekstrakty z a\u017c 7 olejk\u00f3w oraz dzi\u0119ki ogromnej dawce witaminy E wzmocnisz p\u0142ytk\u0119 paznokcia, [&hellip;]\" \/>\n<meta property=\"og:url\" content=\"https:\/\/velesnails.pl\/en\/product\/allelac-oliwka-do-skorek-i-paznokci-z-zakraplaczem-o-zapachu-banana-50ml\/\" \/>\n<meta property=\"og:site_name\" content=\"velesnails\" \/>\n<meta property=\"article:modified_time\" content=\"2024-07-24T10:46:15+00:00\" \/>\n<meta property=\"og:image\" content=\"https:\/\/i0.wp.com\/velesnails.pl\/wp-content\/uploads\/2024\/07\/AlleLac-banana-50ml.png?fit=832%2C841&ssl=1\" \/>\n\t<meta property=\"og:image:width\" content=\"832\" \/>\n\t<meta property=\"og:image:height\" content=\"841\" \/>\n\t<meta property=\"og:image:type\" content=\"image\/png\" \/>\n<meta name=\"twitter:card\" content=\"summary_large_image\" \/>\n<meta name=\"twitter:label1\" content=\"Estimated reading time\" \/>\n\t<meta name=\"twitter:data1\" content=\"1 minute\" \/>\n<script type=\"application\/ld+json\" class=\"yoast-schema-graph\">{\"@context\":\"https:\\\/\\\/schema.org\",\"@graph\":[{\"@type\":\"WebPage\",\"@id\":\"https:\\\/\\\/velesnails.pl\\\/product\\\/allelac-oliwka-do-skorek-i-paznokci-z-zakraplaczem-o-zapachu-banana-50ml\\\/\",\"url\":\"https:\\\/\\\/velesnails.pl\\\/product\\\/allelac-oliwka-do-skorek-i-paznokci-z-zakraplaczem-o-zapachu-banana-50ml\\\/\",\"name\":\"AlleLac Oliwka do sk\u00f3rek i paznokci z zakraplaczem o zapachu banana 50ml - velesnails\",\"isPartOf\":{\"@id\":\"https:\\\/\\\/velesnails.pl\\\/#website\"},\"primaryImageOfPage\":{\"@id\":\"https:\\\/\\\/velesnails.pl\\\/product\\\/allelac-oliwka-do-skorek-i-paznokci-z-zakraplaczem-o-zapachu-banana-50ml\\\/#primaryimage\"},\"image\":{\"@id\":\"https:\\\/\\\/velesnails.pl\\\/product\\\/allelac-oliwka-do-skorek-i-paznokci-z-zakraplaczem-o-zapachu-banana-50ml\\\/#primaryimage\"},\"thumbnailUrl\":\"https:\\\/\\\/i0.wp.com\\\/velesnails.pl\\\/wp-content\\\/uploads\\\/2024\\\/07\\\/AlleLac-banana-50ml.png?fit=832%2C841&ssl=1\",\"datePublished\":\"2024-07-24T10:46:12+00:00\",\"dateModified\":\"2024-07-24T10:46:15+00:00\",\"breadcrumb\":{\"@id\":\"https:\\\/\\\/velesnails.pl\\\/product\\\/allelac-oliwka-do-skorek-i-paznokci-z-zakraplaczem-o-zapachu-banana-50ml\\\/#breadcrumb\"},\"inLanguage\":\"en-GB\",\"potentialAction\":[{\"@type\":\"ReadAction\",\"target\":[\"https:\\\/\\\/velesnails.pl\\\/product\\\/allelac-oliwka-do-skorek-i-paznokci-z-zakraplaczem-o-zapachu-banana-50ml\\\/\"]}]},{\"@type\":\"ImageObject\",\"inLanguage\":\"en-GB\",\"@id\":\"https:\\\/\\\/velesnails.pl\\\/product\\\/allelac-oliwka-do-skorek-i-paznokci-z-zakraplaczem-o-zapachu-banana-50ml\\\/#primaryimage\",\"url\":\"https:\\\/\\\/i0.wp.com\\\/velesnails.pl\\\/wp-content\\\/uploads\\\/2024\\\/07\\\/AlleLac-banana-50ml.png?fit=832%2C841&ssl=1\",\"contentUrl\":\"https:\\\/\\\/i0.wp.com\\\/velesnails.pl\\\/wp-content\\\/uploads\\\/2024\\\/07\\\/AlleLac-banana-50ml.png?fit=832%2C841&ssl=1\",\"width\":832,\"height\":841},{\"@type\":\"BreadcrumbList\",\"@id\":\"https:\\\/\\\/velesnails.pl\\\/product\\\/allelac-oliwka-do-skorek-i-paznokci-z-zakraplaczem-o-zapachu-banana-50ml\\\/#breadcrumb\",\"itemListElement\":[{\"@type\":\"ListItem\",\"position\":1,\"name\":\"\u0413\u043e\u043b\u043e\u0432\u043d\u0430\",\"item\":\"https:\\\/\\\/velesnails.pl\\\/\"},{\"@type\":\"ListItem\",\"position\":2,\"name\":\"Sklep\",\"item\":\"https:\\\/\\\/velesnails.pl\\\/shop\\\/\"},{\"@type\":\"ListItem\",\"position\":3,\"name\":\"AlleLac Oliwka do sk\u00f3rek i paznokci z zakraplaczem o zapachu banana 50ml\"}]},{\"@type\":\"WebSite\",\"@id\":\"https:\\\/\\\/velesnails.pl\\\/#website\",\"url\":\"https:\\\/\\\/velesnails.pl\\\/\",\"name\":\"velesnails\",\"description\":\"Sklep z manicure\",\"publisher\":{\"@id\":\"https:\\\/\\\/velesnails.pl\\\/#organization\"},\"potentialAction\":[{\"@type\":\"SearchAction\",\"target\":{\"@type\":\"EntryPoint\",\"urlTemplate\":\"https:\\\/\\\/velesnails.pl\\\/?s={search_term_string}\"},\"query-input\":{\"@type\":\"PropertyValueSpecification\",\"valueRequired\":true,\"valueName\":\"search_term_string\"}}],\"inLanguage\":\"en-GB\"},{\"@type\":\"Organization\",\"@id\":\"https:\\\/\\\/velesnails.pl\\\/#organization\",\"name\":\"velesnails\",\"url\":\"https:\\\/\\\/velesnails.pl\\\/\",\"logo\":{\"@type\":\"ImageObject\",\"inLanguage\":\"en-GB\",\"@id\":\"https:\\\/\\\/velesnails.pl\\\/#\\\/schema\\\/logo\\\/image\\\/\",\"url\":\"https:\\\/\\\/i0.wp.com\\\/velesnails.pl\\\/wp-content\\\/uploads\\\/2025\\\/10\\\/cropped-obraz_viber_2025-10-22_13-55-55-969.jpg?fit=485%2C381&ssl=1\",\"contentUrl\":\"https:\\\/\\\/i0.wp.com\\\/velesnails.pl\\\/wp-content\\\/uploads\\\/2025\\\/10\\\/cropped-obraz_viber_2025-10-22_13-55-55-969.jpg?fit=485%2C381&ssl=1\",\"width\":485,\"height\":381,\"caption\":\"velesnails\"},\"image\":{\"@id\":\"https:\\\/\\\/velesnails.pl\\\/#\\\/schema\\\/logo\\\/image\\\/\"}}]}<\/script>\n<!-- \/ Yoast SEO plugin. -->","yoast_head_json":{"title":"AlleLac Oliwka do sk\u00f3rek i paznokci z zakraplaczem o zapachu banana 50ml - velesnails","robots":{"index":"index","follow":"follow","max-snippet":"max-snippet:-1","max-image-preview":"max-image-preview:large","max-video-preview":"max-video-preview:-1"},"canonical":"https:\/\/velesnails.pl\/en\/product\/allelac-oliwka-do-skorek-i-paznokci-z-zakraplaczem-o-zapachu-banana-50ml\/","og_locale":"en_GB","og_type":"article","og_title":"AlleLac Oliwka do sk\u00f3rek i paznokci z zakraplaczem o zapachu banana 50ml - velesnails","og_description":"Si\u0142a naturalnych sk\u0142adnik\u00f3w zakl\u0119ta w dobroczynnej oliwce perfumowanej dla Twoich d\u0142oni i zmys\u0142\u00f3w. Niezwykle d\u0142ugotrwale pachn\u0105ce oliwki w 5 wyj\u0105tkowych nutach zapachowych &#8211; wybierz sw\u00f3j wymarzony zapach i zapewnij luksusowe zako\u0144czenie zabiegu stylizacji paznokci w salonie lub w zaciszu domowym. Innowacyjne ekstrakty z a\u017c 7 olejk\u00f3w oraz dzi\u0119ki ogromnej dawce witaminy E wzmocnisz p\u0142ytk\u0119 paznokcia, [&hellip;]","og_url":"https:\/\/velesnails.pl\/en\/product\/allelac-oliwka-do-skorek-i-paznokci-z-zakraplaczem-o-zapachu-banana-50ml\/","og_site_name":"velesnails","article_modified_time":"2024-07-24T10:46:15+00:00","og_image":[{"width":832,"height":841,"url":"https:\/\/i0.wp.com\/velesnails.pl\/wp-content\/uploads\/2024\/07\/AlleLac-banana-50ml.png?fit=832%2C841&ssl=1","type":"image\/png"}],"twitter_card":"summary_large_image","twitter_misc":{"Estimated reading time":"1 minute"},"schema":{"@context":"https:\/\/schema.org","@graph":[{"@type":"WebPage","@id":"https:\/\/velesnails.pl\/product\/allelac-oliwka-do-skorek-i-paznokci-z-zakraplaczem-o-zapachu-banana-50ml\/","url":"https:\/\/velesnails.pl\/product\/allelac-oliwka-do-skorek-i-paznokci-z-zakraplaczem-o-zapachu-banana-50ml\/","name":"AlleLac Oliwka do sk\u00f3rek i paznokci z zakraplaczem o zapachu banana 50ml - velesnails","isPartOf":{"@id":"https:\/\/velesnails.pl\/#website"},"primaryImageOfPage":{"@id":"https:\/\/velesnails.pl\/product\/allelac-oliwka-do-skorek-i-paznokci-z-zakraplaczem-o-zapachu-banana-50ml\/#primaryimage"},"image":{"@id":"https:\/\/velesnails.pl\/product\/allelac-oliwka-do-skorek-i-paznokci-z-zakraplaczem-o-zapachu-banana-50ml\/#primaryimage"},"thumbnailUrl":"https:\/\/i0.wp.com\/velesnails.pl\/wp-content\/uploads\/2024\/07\/AlleLac-banana-50ml.png?fit=832%2C841&ssl=1","datePublished":"2024-07-24T10:46:12+00:00","dateModified":"2024-07-24T10:46:15+00:00","breadcrumb":{"@id":"https:\/\/velesnails.pl\/product\/allelac-oliwka-do-skorek-i-paznokci-z-zakraplaczem-o-zapachu-banana-50ml\/#breadcrumb"},"inLanguage":"en-GB","potentialAction":[{"@type":"ReadAction","target":["https:\/\/velesnails.pl\/product\/allelac-oliwka-do-skorek-i-paznokci-z-zakraplaczem-o-zapachu-banana-50ml\/"]}]},{"@type":"ImageObject","inLanguage":"en-GB","@id":"https:\/\/velesnails.pl\/product\/allelac-oliwka-do-skorek-i-paznokci-z-zakraplaczem-o-zapachu-banana-50ml\/#primaryimage","url":"https:\/\/i0.wp.com\/velesnails.pl\/wp-content\/uploads\/2024\/07\/AlleLac-banana-50ml.png?fit=832%2C841&ssl=1","contentUrl":"https:\/\/i0.wp.com\/velesnails.pl\/wp-content\/uploads\/2024\/07\/AlleLac-banana-50ml.png?fit=832%2C841&ssl=1","width":832,"height":841},{"@type":"BreadcrumbList","@id":"https:\/\/velesnails.pl\/product\/allelac-oliwka-do-skorek-i-paznokci-z-zakraplaczem-o-zapachu-banana-50ml\/#breadcrumb","itemListElement":[{"@type":"ListItem","position":1,"name":"\u0413\u043e\u043b\u043e\u0432\u043d\u0430","item":"https:\/\/velesnails.pl\/"},{"@type":"ListItem","position":2,"name":"Sklep","item":"https:\/\/velesnails.pl\/shop\/"},{"@type":"ListItem","position":3,"name":"AlleLac Oliwka do sk\u00f3rek i paznokci z zakraplaczem o zapachu banana 50ml"}]},{"@type":"WebSite","@id":"https:\/\/velesnails.pl\/#website","url":"https:\/\/velesnails.pl\/","name":"velesnails","description":"Manicure shop","publisher":{"@id":"https:\/\/velesnails.pl\/#organization"},"potentialAction":[{"@type":"SearchAction","target":{"@type":"EntryPoint","urlTemplate":"https:\/\/velesnails.pl\/?s={search_term_string}"},"query-input":{"@type":"PropertyValueSpecification","valueRequired":true,"valueName":"search_term_string"}}],"inLanguage":"en-GB"},{"@type":"Organization","@id":"https:\/\/velesnails.pl\/#organization","name":"velesnails","url":"https:\/\/velesnails.pl\/","logo":{"@type":"ImageObject","inLanguage":"en-GB","@id":"https:\/\/velesnails.pl\/#\/schema\/logo\/image\/","url":"https:\/\/i0.wp.com\/velesnails.pl\/wp-content\/uploads\/2025\/10\/cropped-obraz_viber_2025-10-22_13-55-55-969.jpg?fit=485%2C381&ssl=1","contentUrl":"https:\/\/i0.wp.com\/velesnails.pl\/wp-content\/uploads\/2025\/10\/cropped-obraz_viber_2025-10-22_13-55-55-969.jpg?fit=485%2C381&ssl=1","width":485,"height":381,"caption":"velesnails"},"image":{"@id":"https:\/\/velesnails.pl\/#\/schema\/logo\/image\/"}}]}},"_links":{"self":[{"href":"https:\/\/velesnails.pl\/en\/wp-json\/wp\/v2\/product\/2905","targetHints":{"allow":["GET"]}}],"collection":[{"href":"https:\/\/velesnails.pl\/en\/wp-json\/wp\/v2\/product"}],"about":[{"href":"https:\/\/velesnails.pl\/en\/wp-json\/wp\/v2\/types\/product"}],"replies":[{"embeddable":true,"href":"https:\/\/velesnails.pl\/en\/wp-json\/wp\/v2\/comments?post=2905"}],"wp:featuredmedia":[{"embeddable":true,"href":"https:\/\/velesnails.pl\/en\/wp-json\/wp\/v2\/media\/2902"}],"wp:attachment":[{"href":"https:\/\/velesnails.pl\/en\/wp-json\/wp\/v2\/media?parent=2905"}],"wp:term":[{"taxonomy":"product_brand","embeddable":true,"href":"https:\/\/velesnails.pl\/en\/wp-json\/wp\/v2\/product_brand?post=2905"},{"taxonomy":"product_cat","embeddable":true,"href":"https:\/\/velesnails.pl\/en\/wp-json\/wp\/v2\/product_cat?post=2905"},{"taxonomy":"product_tag","embeddable":true,"href":"https:\/\/velesnails.pl\/en\/wp-json\/wp\/v2\/product_tag?post=2905"}],"curies":[{"name":"wp","href":"https:\/\/api.w.org\/{rel}","templated":true}]}}