{"id":2863,"date":"2024-07-24T11:42:38","date_gmt":"2024-07-24T08:42:38","guid":{"rendered":"https:\/\/velesnails.loc\/?post_type=product&#038;p=2863"},"modified":"2025-10-30T17:37:59","modified_gmt":"2025-10-30T14:37:59","slug":"mollylac-cleaner-do-odtluszczania-plytki-paznokcia-przemyje-cie-500-ml","status":"publish","type":"product","link":"https:\/\/velesnails.pl\/en\/product\/mollylac-cleaner-do-odtluszczania-plytki-paznokcia-przemyje-cie-500-ml\/","title":{"rendered":"MollyLac Cleaner do odt\u0142uszczania p\u0142ytki paznokcia Przemyj\u0119 Ci\u0119&#8230; 500 ml"},"content":{"rendered":"<p class=\"western\" align=\"left\">Wysokiej jako\u015bci p\u0142yn do odt\u0142uszczania p\u0142ytki paznokcia oraz usuwania warstwy dyspersyjnej lakieru hybrydowego, masy \u017celowej i akrylo\u017celu o bardzo przyjemnym zapachu.<\/p>\n<p class=\"western\" align=\"left\">Dlaczego powinna\u015b wybra\u0107 w\u0142a\u015bnie ten produkt?<\/p>\n<p class=\"western\" align=\"left\">Oczyszcza p\u0142ytk\u0119 paznokcia<\/p>\n<p class=\"western\" align=\"left\">Odt\u0142uszcza<\/p>\n<p class=\"western\" align=\"left\">Usuwa warstw\u0119 dyspersyjn\u0105 tzw. Warstw\u0119 lepk\u0105<\/p>\n<p class=\"western\" align=\"left\">Zwi\u0119ksza przyczepno\u015b\u0107 nak\u0142adanych preparat\u00f3w<\/p>\n<p class=\"western\" align=\"left\">Dezynfekuje p\u0142ytk\u0119 paznokcia<\/p>\n<p class=\"western\" align=\"left\">Nie niszczy powierzchni lakierowanych<\/p>\n<p class=\"western\" align=\"left\">Stosuj\u0105c preparaty MollyLac, zapewniasz klientowi poczucie bezpiecze\u0144stwa i komfort podczas zabiegu.<\/p>\n<p class=\"western\" align=\"left\">Method of use:<\/p>\n<p class=\"western\" align=\"left\">Nierozcie\u0144czony produkt nanie\u015b\u0107 na wacik.<\/p>\n<p class=\"western\" align=\"left\">Przetrzyj wacikiem mas\u0119 UV w celu odt\u0142uszczenia p\u0142ytki paznokcia.<\/p>\n<p class=\"western\" align=\"left\">Ostrze\u017cenia:<\/p>\n<p class=\"western\" align=\"left\">Produkt tylko do u\u017cytku profesjonalnego.<\/p>\n<p class=\"western\" align=\"left\">Keep out of the reach of children.<\/p>\n<p class=\"western\" align=\"left\">May cause an allergic reaction.<\/p>\n<p class=\"western\" align=\"left\">Please read the directions for use carefully.<\/p>","protected":false},"excerpt":{"rendered":"<p>Wysokiej jako\u015bci p\u0142yn do odt\u0142uszczania p\u0142ytki paznokcia oraz usuwania warstwy dyspersyjnej lakieru hybrydowego, masy \u017celowej i akrylo\u017celu o bardzo przyjemnym zapachu. Dlaczego powinna\u015b wybra\u0107 w\u0142a\u015bnie ten produkt? Oczyszcza p\u0142ytk\u0119 paznokcia Odt\u0142uszcza Usuwa warstw\u0119 dyspersyjn\u0105 tzw. Warstw\u0119 lepk\u0105 Zwi\u0119ksza przyczepno\u015b\u0107 nak\u0142adanych preparat\u00f3w Dezynfekuje p\u0142ytk\u0119 paznokcia Nie niszczy powierzchni lakierowanych Stosuj\u0105c preparaty MollyLac, zapewniasz klientowi poczucie bezpiecze\u0144stwa [&hellip;]<\/p>\n","protected":false},"featured_media":2861,"comment_status":"closed","ping_status":"closed","template":"","meta":{"om_disable_all_campaigns":false,"ocean_post_layout":"","ocean_both_sidebars_style":"","ocean_both_sidebars_content_width":0,"ocean_both_sidebars_sidebars_width":0,"ocean_sidebar":"0","ocean_second_sidebar":"0","ocean_disable_margins":"enable","ocean_add_body_class":"","ocean_shortcode_before_top_bar":"","ocean_shortcode_after_top_bar":"","ocean_shortcode_before_header":"","ocean_shortcode_after_header":"","ocean_has_shortcode":"","ocean_shortcode_after_title":"","ocean_shortcode_before_footer_widgets":"","ocean_shortcode_after_footer_widgets":"","ocean_shortcode_before_footer_bottom":"","ocean_shortcode_after_footer_bottom":"","ocean_display_top_bar":"default","ocean_display_header":"default","ocean_header_style":"","ocean_center_header_left_menu":"0","ocean_custom_header_template":"0","ocean_custom_logo":0,"ocean_custom_retina_logo":0,"ocean_custom_logo_max_width":0,"ocean_custom_logo_tablet_max_width":0,"ocean_custom_logo_mobile_max_width":0,"ocean_custom_logo_max_height":0,"ocean_custom_logo_tablet_max_height":0,"ocean_custom_logo_mobile_max_height":0,"ocean_header_custom_menu":"0","ocean_menu_typo_font_family":"0","ocean_menu_typo_font_subset":"","ocean_menu_typo_font_size":0,"ocean_menu_typo_font_size_tablet":0,"ocean_menu_typo_font_size_mobile":0,"ocean_menu_typo_font_size_unit":"px","ocean_menu_typo_font_weight":"","ocean_menu_typo_font_weight_tablet":"","ocean_menu_typo_font_weight_mobile":"","ocean_menu_typo_transform":"","ocean_menu_typo_transform_tablet":"","ocean_menu_typo_transform_mobile":"","ocean_menu_typo_line_height":0,"ocean_menu_typo_line_height_tablet":0,"ocean_menu_typo_line_height_mobile":0,"ocean_menu_typo_line_height_unit":"","ocean_menu_typo_spacing":0,"ocean_menu_typo_spacing_tablet":0,"ocean_menu_typo_spacing_mobile":0,"ocean_menu_typo_spacing_unit":"","ocean_menu_link_color":"","ocean_menu_link_color_hover":"","ocean_menu_link_color_active":"","ocean_menu_link_background":"","ocean_menu_link_hover_background":"","ocean_menu_link_active_background":"","ocean_menu_social_links_bg":"","ocean_menu_social_hover_links_bg":"","ocean_menu_social_links_color":"","ocean_menu_social_hover_links_color":"","ocean_disable_title":"default","ocean_disable_heading":"default","ocean_post_title":"","ocean_post_subheading":"","ocean_post_title_style":"","ocean_post_title_background_color":"","ocean_post_title_background":0,"ocean_post_title_bg_image_position":"","ocean_post_title_bg_image_attachment":"","ocean_post_title_bg_image_repeat":"","ocean_post_title_bg_image_size":"","ocean_post_title_height":0,"ocean_post_title_bg_overlay":0.5,"ocean_post_title_bg_overlay_color":"","ocean_disable_breadcrumbs":"default","ocean_breadcrumbs_color":"","ocean_breadcrumbs_separator_color":"","ocean_breadcrumbs_links_color":"","ocean_breadcrumbs_links_hover_color":"","ocean_display_footer_widgets":"default","ocean_display_footer_bottom":"default","ocean_custom_footer_template":"0"},"product_brand":[],"product_cat":[134,176,189,110,132],"product_tag":[],"class_list":{"0":"post-2863","1":"product","2":"type-product","3":"status-publish","4":"has-post-thumbnail","6":"product_cat-cleaner","7":"product_cat-marki","8":"product_cat-molly-lac-1","9":"product_cat-paznokcie","10":"product_cat-plyny-i-preparaty","12":"entry","13":"has-media","15":"first","16":"outofstock","17":"taxable","18":"shipping-taxable","19":"purchasable","20":"product-type-simple","21":"has-product-nav","22":"col","23":"span_1_of_3","24":"owp-content-center","25":"owp-thumbs-layout-horizontal","26":"owp-btn-normal","27":"owp-tabs-layout-horizontal","28":"has-no-thumbnails"},"yoast_head":"<!-- This site is optimized with the Yoast SEO plugin v27.4 - https:\/\/yoast.com\/product\/yoast-seo-wordpress\/ -->\n<title>MollyLac Cleaner do odt\u0142uszczania p\u0142ytki paznokcia Przemyj\u0119 Ci\u0119... 500 ml - velesnails<\/title>\n<meta name=\"robots\" content=\"index, follow, max-snippet:-1, max-image-preview:large, max-video-preview:-1\" \/>\n<link rel=\"canonical\" href=\"https:\/\/velesnails.pl\/en\/product\/mollylac-cleaner-do-odtluszczania-plytki-paznokcia-przemyje-cie-500-ml\/\" \/>\n<meta property=\"og:locale\" content=\"en_GB\" \/>\n<meta property=\"og:type\" content=\"article\" \/>\n<meta property=\"og:title\" content=\"MollyLac Cleaner do odt\u0142uszczania p\u0142ytki paznokcia Przemyj\u0119 Ci\u0119... 500 ml - velesnails\" \/>\n<meta property=\"og:description\" content=\"Wysokiej jako\u015bci p\u0142yn do odt\u0142uszczania p\u0142ytki paznokcia oraz usuwania warstwy dyspersyjnej lakieru hybrydowego, masy \u017celowej i akrylo\u017celu o bardzo przyjemnym zapachu. Dlaczego powinna\u015b wybra\u0107 w\u0142a\u015bnie ten produkt? Oczyszcza p\u0142ytk\u0119 paznokcia Odt\u0142uszcza Usuwa warstw\u0119 dyspersyjn\u0105 tzw. Warstw\u0119 lepk\u0105 Zwi\u0119ksza przyczepno\u015b\u0107 nak\u0142adanych preparat\u00f3w Dezynfekuje p\u0142ytk\u0119 paznokcia Nie niszczy powierzchni lakierowanych Stosuj\u0105c preparaty MollyLac, zapewniasz klientowi poczucie bezpiecze\u0144stwa [&hellip;]\" \/>\n<meta property=\"og:url\" content=\"https:\/\/velesnails.pl\/en\/product\/mollylac-cleaner-do-odtluszczania-plytki-paznokcia-przemyje-cie-500-ml\/\" \/>\n<meta property=\"og:site_name\" content=\"velesnails\" \/>\n<meta property=\"article:modified_time\" content=\"2025-10-30T14:37:59+00:00\" \/>\n<meta property=\"og:image\" content=\"https:\/\/velesnails.pl\/wp-content\/uploads\/2024\/07\/MollyLac-Cleaner-500-ml.png\" \/>\n\t<meta property=\"og:image:width\" content=\"849\" \/>\n\t<meta property=\"og:image:height\" content=\"849\" \/>\n\t<meta property=\"og:image:type\" content=\"image\/png\" \/>\n<meta name=\"twitter:card\" content=\"summary_large_image\" \/>\n<meta name=\"twitter:label1\" content=\"Estimated reading time\" \/>\n\t<meta name=\"twitter:data1\" content=\"1 minute\" \/>\n<script type=\"application\/ld+json\" class=\"yoast-schema-graph\">{\"@context\":\"https:\\\/\\\/schema.org\",\"@graph\":[{\"@type\":\"WebPage\",\"@id\":\"https:\\\/\\\/velesnails.pl\\\/product\\\/mollylac-cleaner-do-odtluszczania-plytki-paznokcia-przemyje-cie-500-ml\\\/\",\"url\":\"https:\\\/\\\/velesnails.pl\\\/product\\\/mollylac-cleaner-do-odtluszczania-plytki-paznokcia-przemyje-cie-500-ml\\\/\",\"name\":\"MollyLac Cleaner do odt\u0142uszczania p\u0142ytki paznokcia Przemyj\u0119 Ci\u0119... 500 ml - velesnails\",\"isPartOf\":{\"@id\":\"https:\\\/\\\/velesnails.pl\\\/#website\"},\"primaryImageOfPage\":{\"@id\":\"https:\\\/\\\/velesnails.pl\\\/product\\\/mollylac-cleaner-do-odtluszczania-plytki-paznokcia-przemyje-cie-500-ml\\\/#primaryimage\"},\"image\":{\"@id\":\"https:\\\/\\\/velesnails.pl\\\/product\\\/mollylac-cleaner-do-odtluszczania-plytki-paznokcia-przemyje-cie-500-ml\\\/#primaryimage\"},\"thumbnailUrl\":\"https:\\\/\\\/i0.wp.com\\\/velesnails.pl\\\/wp-content\\\/uploads\\\/2024\\\/07\\\/MollyLac-Cleaner-500-ml.png?fit=849%2C849&ssl=1\",\"datePublished\":\"2024-07-24T08:42:38+00:00\",\"dateModified\":\"2025-10-30T14:37:59+00:00\",\"breadcrumb\":{\"@id\":\"https:\\\/\\\/velesnails.pl\\\/product\\\/mollylac-cleaner-do-odtluszczania-plytki-paznokcia-przemyje-cie-500-ml\\\/#breadcrumb\"},\"inLanguage\":\"en-GB\",\"potentialAction\":[{\"@type\":\"ReadAction\",\"target\":[\"https:\\\/\\\/velesnails.pl\\\/product\\\/mollylac-cleaner-do-odtluszczania-plytki-paznokcia-przemyje-cie-500-ml\\\/\"]}]},{\"@type\":\"ImageObject\",\"inLanguage\":\"en-GB\",\"@id\":\"https:\\\/\\\/velesnails.pl\\\/product\\\/mollylac-cleaner-do-odtluszczania-plytki-paznokcia-przemyje-cie-500-ml\\\/#primaryimage\",\"url\":\"https:\\\/\\\/i0.wp.com\\\/velesnails.pl\\\/wp-content\\\/uploads\\\/2024\\\/07\\\/MollyLac-Cleaner-500-ml.png?fit=849%2C849&ssl=1\",\"contentUrl\":\"https:\\\/\\\/i0.wp.com\\\/velesnails.pl\\\/wp-content\\\/uploads\\\/2024\\\/07\\\/MollyLac-Cleaner-500-ml.png?fit=849%2C849&ssl=1\",\"width\":849,\"height\":849},{\"@type\":\"BreadcrumbList\",\"@id\":\"https:\\\/\\\/velesnails.pl\\\/product\\\/mollylac-cleaner-do-odtluszczania-plytki-paznokcia-przemyje-cie-500-ml\\\/#breadcrumb\",\"itemListElement\":[{\"@type\":\"ListItem\",\"position\":1,\"name\":\"\u0413\u043e\u043b\u043e\u0432\u043d\u0430\",\"item\":\"https:\\\/\\\/velesnails.pl\\\/\"},{\"@type\":\"ListItem\",\"position\":2,\"name\":\"Sklep\",\"item\":\"https:\\\/\\\/velesnails.pl\\\/shop\\\/\"},{\"@type\":\"ListItem\",\"position\":3,\"name\":\"MollyLac Cleaner do odt\u0142uszczania p\u0142ytki paznokcia Przemyj\u0119 Ci\u0119&#8230; 500 ml\"}]},{\"@type\":\"WebSite\",\"@id\":\"https:\\\/\\\/velesnails.pl\\\/#website\",\"url\":\"https:\\\/\\\/velesnails.pl\\\/\",\"name\":\"velesnails\",\"description\":\"Sklep z manicure\",\"publisher\":{\"@id\":\"https:\\\/\\\/velesnails.pl\\\/#organization\"},\"potentialAction\":[{\"@type\":\"SearchAction\",\"target\":{\"@type\":\"EntryPoint\",\"urlTemplate\":\"https:\\\/\\\/velesnails.pl\\\/?s={search_term_string}\"},\"query-input\":{\"@type\":\"PropertyValueSpecification\",\"valueRequired\":true,\"valueName\":\"search_term_string\"}}],\"inLanguage\":\"en-GB\"},{\"@type\":\"Organization\",\"@id\":\"https:\\\/\\\/velesnails.pl\\\/#organization\",\"name\":\"velesnails\",\"url\":\"https:\\\/\\\/velesnails.pl\\\/\",\"logo\":{\"@type\":\"ImageObject\",\"inLanguage\":\"en-GB\",\"@id\":\"https:\\\/\\\/velesnails.pl\\\/#\\\/schema\\\/logo\\\/image\\\/\",\"url\":\"https:\\\/\\\/i0.wp.com\\\/velesnails.pl\\\/wp-content\\\/uploads\\\/2025\\\/10\\\/cropped-obraz_viber_2025-10-22_13-55-55-969.jpg?fit=485%2C381&ssl=1\",\"contentUrl\":\"https:\\\/\\\/i0.wp.com\\\/velesnails.pl\\\/wp-content\\\/uploads\\\/2025\\\/10\\\/cropped-obraz_viber_2025-10-22_13-55-55-969.jpg?fit=485%2C381&ssl=1\",\"width\":485,\"height\":381,\"caption\":\"velesnails\"},\"image\":{\"@id\":\"https:\\\/\\\/velesnails.pl\\\/#\\\/schema\\\/logo\\\/image\\\/\"}}]}<\/script>\n<!-- \/ Yoast SEO plugin. -->","yoast_head_json":{"title":"MollyLac Cleaner do odt\u0142uszczania p\u0142ytki paznokcia Przemyj\u0119 Ci\u0119... 500 ml - velesnails","robots":{"index":"index","follow":"follow","max-snippet":"max-snippet:-1","max-image-preview":"max-image-preview:large","max-video-preview":"max-video-preview:-1"},"canonical":"https:\/\/velesnails.pl\/en\/product\/mollylac-cleaner-do-odtluszczania-plytki-paznokcia-przemyje-cie-500-ml\/","og_locale":"en_GB","og_type":"article","og_title":"MollyLac Cleaner do odt\u0142uszczania p\u0142ytki paznokcia Przemyj\u0119 Ci\u0119... 500 ml - velesnails","og_description":"Wysokiej jako\u015bci p\u0142yn do odt\u0142uszczania p\u0142ytki paznokcia oraz usuwania warstwy dyspersyjnej lakieru hybrydowego, masy \u017celowej i akrylo\u017celu o bardzo przyjemnym zapachu. Dlaczego powinna\u015b wybra\u0107 w\u0142a\u015bnie ten produkt? Oczyszcza p\u0142ytk\u0119 paznokcia Odt\u0142uszcza Usuwa warstw\u0119 dyspersyjn\u0105 tzw. Warstw\u0119 lepk\u0105 Zwi\u0119ksza przyczepno\u015b\u0107 nak\u0142adanych preparat\u00f3w Dezynfekuje p\u0142ytk\u0119 paznokcia Nie niszczy powierzchni lakierowanych Stosuj\u0105c preparaty MollyLac, zapewniasz klientowi poczucie bezpiecze\u0144stwa [&hellip;]","og_url":"https:\/\/velesnails.pl\/en\/product\/mollylac-cleaner-do-odtluszczania-plytki-paznokcia-przemyje-cie-500-ml\/","og_site_name":"velesnails","article_modified_time":"2025-10-30T14:37:59+00:00","og_image":[{"width":849,"height":849,"url":"https:\/\/velesnails.pl\/wp-content\/uploads\/2024\/07\/MollyLac-Cleaner-500-ml.png","type":"image\/png"}],"twitter_card":"summary_large_image","twitter_misc":{"Estimated reading time":"1 minute"},"schema":{"@context":"https:\/\/schema.org","@graph":[{"@type":"WebPage","@id":"https:\/\/velesnails.pl\/product\/mollylac-cleaner-do-odtluszczania-plytki-paznokcia-przemyje-cie-500-ml\/","url":"https:\/\/velesnails.pl\/product\/mollylac-cleaner-do-odtluszczania-plytki-paznokcia-przemyje-cie-500-ml\/","name":"MollyLac Cleaner do odt\u0142uszczania p\u0142ytki paznokcia Przemyj\u0119 Ci\u0119... 500 ml - velesnails","isPartOf":{"@id":"https:\/\/velesnails.pl\/#website"},"primaryImageOfPage":{"@id":"https:\/\/velesnails.pl\/product\/mollylac-cleaner-do-odtluszczania-plytki-paznokcia-przemyje-cie-500-ml\/#primaryimage"},"image":{"@id":"https:\/\/velesnails.pl\/product\/mollylac-cleaner-do-odtluszczania-plytki-paznokcia-przemyje-cie-500-ml\/#primaryimage"},"thumbnailUrl":"https:\/\/i0.wp.com\/velesnails.pl\/wp-content\/uploads\/2024\/07\/MollyLac-Cleaner-500-ml.png?fit=849%2C849&ssl=1","datePublished":"2024-07-24T08:42:38+00:00","dateModified":"2025-10-30T14:37:59+00:00","breadcrumb":{"@id":"https:\/\/velesnails.pl\/product\/mollylac-cleaner-do-odtluszczania-plytki-paznokcia-przemyje-cie-500-ml\/#breadcrumb"},"inLanguage":"en-GB","potentialAction":[{"@type":"ReadAction","target":["https:\/\/velesnails.pl\/product\/mollylac-cleaner-do-odtluszczania-plytki-paznokcia-przemyje-cie-500-ml\/"]}]},{"@type":"ImageObject","inLanguage":"en-GB","@id":"https:\/\/velesnails.pl\/product\/mollylac-cleaner-do-odtluszczania-plytki-paznokcia-przemyje-cie-500-ml\/#primaryimage","url":"https:\/\/i0.wp.com\/velesnails.pl\/wp-content\/uploads\/2024\/07\/MollyLac-Cleaner-500-ml.png?fit=849%2C849&ssl=1","contentUrl":"https:\/\/i0.wp.com\/velesnails.pl\/wp-content\/uploads\/2024\/07\/MollyLac-Cleaner-500-ml.png?fit=849%2C849&ssl=1","width":849,"height":849},{"@type":"BreadcrumbList","@id":"https:\/\/velesnails.pl\/product\/mollylac-cleaner-do-odtluszczania-plytki-paznokcia-przemyje-cie-500-ml\/#breadcrumb","itemListElement":[{"@type":"ListItem","position":1,"name":"\u0413\u043e\u043b\u043e\u0432\u043d\u0430","item":"https:\/\/velesnails.pl\/"},{"@type":"ListItem","position":2,"name":"Sklep","item":"https:\/\/velesnails.pl\/shop\/"},{"@type":"ListItem","position":3,"name":"MollyLac Cleaner do odt\u0142uszczania p\u0142ytki paznokcia Przemyj\u0119 Ci\u0119&#8230; 500 ml"}]},{"@type":"WebSite","@id":"https:\/\/velesnails.pl\/#website","url":"https:\/\/velesnails.pl\/","name":"velesnails","description":"Manicure shop","publisher":{"@id":"https:\/\/velesnails.pl\/#organization"},"potentialAction":[{"@type":"SearchAction","target":{"@type":"EntryPoint","urlTemplate":"https:\/\/velesnails.pl\/?s={search_term_string}"},"query-input":{"@type":"PropertyValueSpecification","valueRequired":true,"valueName":"search_term_string"}}],"inLanguage":"en-GB"},{"@type":"Organization","@id":"https:\/\/velesnails.pl\/#organization","name":"velesnails","url":"https:\/\/velesnails.pl\/","logo":{"@type":"ImageObject","inLanguage":"en-GB","@id":"https:\/\/velesnails.pl\/#\/schema\/logo\/image\/","url":"https:\/\/i0.wp.com\/velesnails.pl\/wp-content\/uploads\/2025\/10\/cropped-obraz_viber_2025-10-22_13-55-55-969.jpg?fit=485%2C381&ssl=1","contentUrl":"https:\/\/i0.wp.com\/velesnails.pl\/wp-content\/uploads\/2025\/10\/cropped-obraz_viber_2025-10-22_13-55-55-969.jpg?fit=485%2C381&ssl=1","width":485,"height":381,"caption":"velesnails"},"image":{"@id":"https:\/\/velesnails.pl\/#\/schema\/logo\/image\/"}}]}},"_links":{"self":[{"href":"https:\/\/velesnails.pl\/en\/wp-json\/wp\/v2\/product\/2863","targetHints":{"allow":["GET"]}}],"collection":[{"href":"https:\/\/velesnails.pl\/en\/wp-json\/wp\/v2\/product"}],"about":[{"href":"https:\/\/velesnails.pl\/en\/wp-json\/wp\/v2\/types\/product"}],"replies":[{"embeddable":true,"href":"https:\/\/velesnails.pl\/en\/wp-json\/wp\/v2\/comments?post=2863"}],"wp:featuredmedia":[{"embeddable":true,"href":"https:\/\/velesnails.pl\/en\/wp-json\/wp\/v2\/media\/2861"}],"wp:attachment":[{"href":"https:\/\/velesnails.pl\/en\/wp-json\/wp\/v2\/media?parent=2863"}],"wp:term":[{"taxonomy":"product_brand","embeddable":true,"href":"https:\/\/velesnails.pl\/en\/wp-json\/wp\/v2\/product_brand?post=2863"},{"taxonomy":"product_cat","embeddable":true,"href":"https:\/\/velesnails.pl\/en\/wp-json\/wp\/v2\/product_cat?post=2863"},{"taxonomy":"product_tag","embeddable":true,"href":"https:\/\/velesnails.pl\/en\/wp-json\/wp\/v2\/product_tag?post=2863"}],"curies":[{"name":"wp","href":"https:\/\/api.w.org\/{rel}","templated":true}]}}