{"id":2853,"date":"2024-07-24T11:23:13","date_gmt":"2024-07-24T08:23:13","guid":{"rendered":"https:\/\/velesnails.loc\/?post_type=product&#038;p=2853"},"modified":"2025-01-27T18:39:26","modified_gmt":"2025-01-27T15:39:26","slug":"ntn-premium-cleaner-plyn-do-odtluszczania-plytki-paznokcia-1000ml","status":"publish","type":"product","link":"https:\/\/velesnails.pl\/en\/product\/ntn-premium-cleaner-plyn-do-odtluszczania-plytki-paznokcia-1000ml\/","title":{"rendered":"NTN Premium Cleaner p\u0142yn do odt\u0142uszczania p\u0142ytki paznokcia 1000ml"},"content":{"rendered":"<p class=\"western\" align=\"left\">Cleaner NTN Premium p\u0142yn do odt\u0142uszczania p\u0142ytki paznokcia 1000ml<\/p>\n<p class=\"western\" align=\"left\">ET &#8211; 60% Etanol\/ 40% Woda<\/p>\n<p class=\"western\" align=\"left\">Cleaner przeznaczony jest do odt\u0142uszczania p\u0142ytki paznokcia przed na\u0142o\u017ceniem bazy hybrydowej, \u017celi, b\u0105d\u017a akryli. Doskonale przemywa warstw\u0119 dyspersyjn\u0105 przy ka\u017cdej metodzie stylizacji paznokci.<\/p>\n<p class=\"western\" align=\"left\">Przydatny jest tak\u017ce do oczyszczania powierzchni roboczej min. lamp, pojemnik\u00f3w i narz\u0119dzi. Nie niszczy powierzchni lakierowanych.<\/p>\n<p class=\"western\" align=\"left\">Pami\u0119taj! U\u017cywanie Cleanera to pierwszy i ostatni, jednak bardzo wa\u017cny etap stylizacji!<\/p>\n<p class=\"western\" align=\"left\">Method of use:<\/p>\n<p class=\"western\" align=\"left\">Nas\u0105cz wacik Cleanerem .<\/p>\n<p class=\"western\" align=\"left\">Przetrzyj wacikiem p\u0142ytk\u0119 paznokcia w celu odt\u0142uszczenia, b\u0105d\u017a wierzchni\u0105 warstw\u0119 wystylizowanego paznokcia, jednocze\u015bnie zdejmuj\u0105c warstw\u0119 dyspersyjn\u0105 stylizacji.<\/p>\n<p class=\"western\" align=\"left\">Pojemno\u015b\u0107: 1000 ml<\/p>\n<p class=\"western\" align=\"left\">Sk\u0142ad\/INCI:<\/p>\n<p class=\"western\" align=\"left\">Alcohol Denat., Aqua<\/p>\n<p class=\"western\" align=\"left\">Ostrze\u017cenia:<\/p>\n<p class=\"western\" align=\"left\">Produkt tylko do u\u017cytku profesjonalnego.<\/p>\n<p class=\"western\" align=\"left\">Keep out of the reach of children.<\/p>\n<p class=\"western\" align=\"left\">May cause an allergic reaction.<\/p>\n<p class=\"western\" align=\"left\">Please read the directions for use carefully.<\/p>","protected":false},"excerpt":{"rendered":"<p>Cleaner NTN Premium p\u0142yn do odt\u0142uszczania p\u0142ytki paznokcia 1000ml ET &#8211; 60% Etanol\/ 40% Woda Cleaner przeznaczony jest do odt\u0142uszczania p\u0142ytki paznokcia przed na\u0142o\u017ceniem bazy hybrydowej, \u017celi, b\u0105d\u017a akryli. Doskonale przemywa warstw\u0119 dyspersyjn\u0105 przy ka\u017cdej metodzie stylizacji paznokci. Przydatny jest tak\u017ce do oczyszczania powierzchni roboczej min. lamp, pojemnik\u00f3w i narz\u0119dzi. Nie niszczy powierzchni lakierowanych. Pami\u0119taj! [&hellip;]<\/p>\n","protected":false},"featured_media":2857,"comment_status":"closed","ping_status":"closed","template":"","meta":{"om_disable_all_campaigns":false,"ocean_post_layout":"","ocean_both_sidebars_style":"","ocean_both_sidebars_content_width":0,"ocean_both_sidebars_sidebars_width":0,"ocean_sidebar":"0","ocean_second_sidebar":"0","ocean_disable_margins":"enable","ocean_add_body_class":"","ocean_shortcode_before_top_bar":"","ocean_shortcode_after_top_bar":"","ocean_shortcode_before_header":"","ocean_shortcode_after_header":"","ocean_has_shortcode":"","ocean_shortcode_after_title":"","ocean_shortcode_before_footer_widgets":"","ocean_shortcode_after_footer_widgets":"","ocean_shortcode_before_footer_bottom":"","ocean_shortcode_after_footer_bottom":"","ocean_display_top_bar":"default","ocean_display_header":"default","ocean_header_style":"","ocean_center_header_left_menu":"0","ocean_custom_header_template":"0","ocean_custom_logo":0,"ocean_custom_retina_logo":0,"ocean_custom_logo_max_width":0,"ocean_custom_logo_tablet_max_width":0,"ocean_custom_logo_mobile_max_width":0,"ocean_custom_logo_max_height":0,"ocean_custom_logo_tablet_max_height":0,"ocean_custom_logo_mobile_max_height":0,"ocean_header_custom_menu":"0","ocean_menu_typo_font_family":"0","ocean_menu_typo_font_subset":"","ocean_menu_typo_font_size":0,"ocean_menu_typo_font_size_tablet":0,"ocean_menu_typo_font_size_mobile":0,"ocean_menu_typo_font_size_unit":"px","ocean_menu_typo_font_weight":"","ocean_menu_typo_font_weight_tablet":"","ocean_menu_typo_font_weight_mobile":"","ocean_menu_typo_transform":"","ocean_menu_typo_transform_tablet":"","ocean_menu_typo_transform_mobile":"","ocean_menu_typo_line_height":0,"ocean_menu_typo_line_height_tablet":0,"ocean_menu_typo_line_height_mobile":0,"ocean_menu_typo_line_height_unit":"","ocean_menu_typo_spacing":0,"ocean_menu_typo_spacing_tablet":0,"ocean_menu_typo_spacing_mobile":0,"ocean_menu_typo_spacing_unit":"","ocean_menu_link_color":"","ocean_menu_link_color_hover":"","ocean_menu_link_color_active":"","ocean_menu_link_background":"","ocean_menu_link_hover_background":"","ocean_menu_link_active_background":"","ocean_menu_social_links_bg":"","ocean_menu_social_hover_links_bg":"","ocean_menu_social_links_color":"","ocean_menu_social_hover_links_color":"","ocean_disable_title":"default","ocean_disable_heading":"default","ocean_post_title":"","ocean_post_subheading":"","ocean_post_title_style":"","ocean_post_title_background_color":"","ocean_post_title_background":0,"ocean_post_title_bg_image_position":"","ocean_post_title_bg_image_attachment":"","ocean_post_title_bg_image_repeat":"","ocean_post_title_bg_image_size":"","ocean_post_title_height":0,"ocean_post_title_bg_overlay":0.5,"ocean_post_title_bg_overlay_color":"","ocean_disable_breadcrumbs":"default","ocean_breadcrumbs_color":"","ocean_breadcrumbs_separator_color":"","ocean_breadcrumbs_links_color":"","ocean_breadcrumbs_links_hover_color":"","ocean_display_footer_widgets":"default","ocean_display_footer_bottom":"default","ocean_custom_footer_template":"0"},"product_brand":[],"product_cat":[134,176,194,110,132],"product_tag":[],"class_list":{"0":"post-2853","1":"product","2":"type-product","3":"status-publish","4":"has-post-thumbnail","6":"product_cat-cleaner","7":"product_cat-marki","8":"product_cat-ntn","9":"product_cat-paznokcie","10":"product_cat-plyny-i-preparaty","12":"entry","13":"has-media","15":"first","16":"outofstock","17":"taxable","18":"shipping-taxable","19":"purchasable","20":"product-type-simple","21":"has-product-nav","22":"col","23":"span_1_of_3","24":"owp-content-center","25":"owp-thumbs-layout-horizontal","26":"owp-btn-normal","27":"owp-tabs-layout-horizontal","28":"has-no-thumbnails"},"yoast_head":"<!-- This site is optimized with the Yoast SEO plugin v27.4 - https:\/\/yoast.com\/product\/yoast-seo-wordpress\/ -->\n<title>NTN Premium Cleaner p\u0142yn do odt\u0142uszczania p\u0142ytki paznokcia 1000ml - velesnails<\/title>\n<meta name=\"robots\" content=\"index, follow, max-snippet:-1, max-image-preview:large, max-video-preview:-1\" \/>\n<link rel=\"canonical\" href=\"https:\/\/velesnails.pl\/en\/product\/ntn-premium-cleaner-plyn-do-odtluszczania-plytki-paznokcia-1000ml\/\" \/>\n<meta property=\"og:locale\" content=\"en_GB\" \/>\n<meta property=\"og:type\" content=\"article\" \/>\n<meta property=\"og:title\" content=\"NTN Premium Cleaner p\u0142yn do odt\u0142uszczania p\u0142ytki paznokcia 1000ml - velesnails\" \/>\n<meta property=\"og:description\" content=\"Cleaner NTN Premium p\u0142yn do odt\u0142uszczania p\u0142ytki paznokcia 1000ml ET &#8211; 60% Etanol\/ 40% Woda Cleaner przeznaczony jest do odt\u0142uszczania p\u0142ytki paznokcia przed na\u0142o\u017ceniem bazy hybrydowej, \u017celi, b\u0105d\u017a akryli. Doskonale przemywa warstw\u0119 dyspersyjn\u0105 przy ka\u017cdej metodzie stylizacji paznokci. Przydatny jest tak\u017ce do oczyszczania powierzchni roboczej min. lamp, pojemnik\u00f3w i narz\u0119dzi. Nie niszczy powierzchni lakierowanych. Pami\u0119taj! [&hellip;]\" \/>\n<meta property=\"og:url\" content=\"https:\/\/velesnails.pl\/en\/product\/ntn-premium-cleaner-plyn-do-odtluszczania-plytki-paznokcia-1000ml\/\" \/>\n<meta property=\"og:site_name\" content=\"velesnails\" \/>\n<meta property=\"article:modified_time\" content=\"2025-01-27T15:39:26+00:00\" \/>\n<meta property=\"og:image\" content=\"https:\/\/i0.wp.com\/velesnails.pl\/wp-content\/uploads\/2024\/07\/NTN-Premium-Cleaner-1000ml.png?fit=838%2C848&ssl=1\" \/>\n\t<meta property=\"og:image:width\" content=\"838\" \/>\n\t<meta property=\"og:image:height\" content=\"848\" \/>\n\t<meta property=\"og:image:type\" content=\"image\/png\" \/>\n<meta name=\"twitter:card\" content=\"summary_large_image\" \/>\n<meta name=\"twitter:label1\" content=\"Estimated reading time\" \/>\n\t<meta name=\"twitter:data1\" content=\"1 minute\" \/>\n<script type=\"application\/ld+json\" class=\"yoast-schema-graph\">{\"@context\":\"https:\\\/\\\/schema.org\",\"@graph\":[{\"@type\":\"WebPage\",\"@id\":\"https:\\\/\\\/velesnails.pl\\\/product\\\/ntn-premium-cleaner-plyn-do-odtluszczania-plytki-paznokcia-1000ml\\\/\",\"url\":\"https:\\\/\\\/velesnails.pl\\\/product\\\/ntn-premium-cleaner-plyn-do-odtluszczania-plytki-paznokcia-1000ml\\\/\",\"name\":\"NTN Premium Cleaner p\u0142yn do odt\u0142uszczania p\u0142ytki paznokcia 1000ml - velesnails\",\"isPartOf\":{\"@id\":\"https:\\\/\\\/velesnails.pl\\\/#website\"},\"primaryImageOfPage\":{\"@id\":\"https:\\\/\\\/velesnails.pl\\\/product\\\/ntn-premium-cleaner-plyn-do-odtluszczania-plytki-paznokcia-1000ml\\\/#primaryimage\"},\"image\":{\"@id\":\"https:\\\/\\\/velesnails.pl\\\/product\\\/ntn-premium-cleaner-plyn-do-odtluszczania-plytki-paznokcia-1000ml\\\/#primaryimage\"},\"thumbnailUrl\":\"https:\\\/\\\/i0.wp.com\\\/velesnails.pl\\\/wp-content\\\/uploads\\\/2024\\\/07\\\/NTN-Premium-Cleaner-1000ml.png?fit=838%2C848&ssl=1\",\"datePublished\":\"2024-07-24T08:23:13+00:00\",\"dateModified\":\"2025-01-27T15:39:26+00:00\",\"breadcrumb\":{\"@id\":\"https:\\\/\\\/velesnails.pl\\\/product\\\/ntn-premium-cleaner-plyn-do-odtluszczania-plytki-paznokcia-1000ml\\\/#breadcrumb\"},\"inLanguage\":\"en-GB\",\"potentialAction\":[{\"@type\":\"ReadAction\",\"target\":[\"https:\\\/\\\/velesnails.pl\\\/product\\\/ntn-premium-cleaner-plyn-do-odtluszczania-plytki-paznokcia-1000ml\\\/\"]}]},{\"@type\":\"ImageObject\",\"inLanguage\":\"en-GB\",\"@id\":\"https:\\\/\\\/velesnails.pl\\\/product\\\/ntn-premium-cleaner-plyn-do-odtluszczania-plytki-paznokcia-1000ml\\\/#primaryimage\",\"url\":\"https:\\\/\\\/i0.wp.com\\\/velesnails.pl\\\/wp-content\\\/uploads\\\/2024\\\/07\\\/NTN-Premium-Cleaner-1000ml.png?fit=838%2C848&ssl=1\",\"contentUrl\":\"https:\\\/\\\/i0.wp.com\\\/velesnails.pl\\\/wp-content\\\/uploads\\\/2024\\\/07\\\/NTN-Premium-Cleaner-1000ml.png?fit=838%2C848&ssl=1\",\"width\":838,\"height\":848},{\"@type\":\"BreadcrumbList\",\"@id\":\"https:\\\/\\\/velesnails.pl\\\/product\\\/ntn-premium-cleaner-plyn-do-odtluszczania-plytki-paznokcia-1000ml\\\/#breadcrumb\",\"itemListElement\":[{\"@type\":\"ListItem\",\"position\":1,\"name\":\"\u0413\u043e\u043b\u043e\u0432\u043d\u0430\",\"item\":\"https:\\\/\\\/velesnails.pl\\\/\"},{\"@type\":\"ListItem\",\"position\":2,\"name\":\"Sklep\",\"item\":\"https:\\\/\\\/velesnails.pl\\\/shop\\\/\"},{\"@type\":\"ListItem\",\"position\":3,\"name\":\"NTN Premium Cleaner p\u0142yn do odt\u0142uszczania p\u0142ytki paznokcia 1000ml\"}]},{\"@type\":\"WebSite\",\"@id\":\"https:\\\/\\\/velesnails.pl\\\/#website\",\"url\":\"https:\\\/\\\/velesnails.pl\\\/\",\"name\":\"velesnails\",\"description\":\"Sklep z manicure\",\"publisher\":{\"@id\":\"https:\\\/\\\/velesnails.pl\\\/#organization\"},\"potentialAction\":[{\"@type\":\"SearchAction\",\"target\":{\"@type\":\"EntryPoint\",\"urlTemplate\":\"https:\\\/\\\/velesnails.pl\\\/?s={search_term_string}\"},\"query-input\":{\"@type\":\"PropertyValueSpecification\",\"valueRequired\":true,\"valueName\":\"search_term_string\"}}],\"inLanguage\":\"en-GB\"},{\"@type\":\"Organization\",\"@id\":\"https:\\\/\\\/velesnails.pl\\\/#organization\",\"name\":\"velesnails\",\"url\":\"https:\\\/\\\/velesnails.pl\\\/\",\"logo\":{\"@type\":\"ImageObject\",\"inLanguage\":\"en-GB\",\"@id\":\"https:\\\/\\\/velesnails.pl\\\/#\\\/schema\\\/logo\\\/image\\\/\",\"url\":\"https:\\\/\\\/i0.wp.com\\\/velesnails.pl\\\/wp-content\\\/uploads\\\/2025\\\/10\\\/cropped-obraz_viber_2025-10-22_13-55-55-969.jpg?fit=485%2C381&ssl=1\",\"contentUrl\":\"https:\\\/\\\/i0.wp.com\\\/velesnails.pl\\\/wp-content\\\/uploads\\\/2025\\\/10\\\/cropped-obraz_viber_2025-10-22_13-55-55-969.jpg?fit=485%2C381&ssl=1\",\"width\":485,\"height\":381,\"caption\":\"velesnails\"},\"image\":{\"@id\":\"https:\\\/\\\/velesnails.pl\\\/#\\\/schema\\\/logo\\\/image\\\/\"}}]}<\/script>\n<!-- \/ Yoast SEO plugin. -->","yoast_head_json":{"title":"NTN Premium Cleaner p\u0142yn do odt\u0142uszczania p\u0142ytki paznokcia 1000ml - velesnails","robots":{"index":"index","follow":"follow","max-snippet":"max-snippet:-1","max-image-preview":"max-image-preview:large","max-video-preview":"max-video-preview:-1"},"canonical":"https:\/\/velesnails.pl\/en\/product\/ntn-premium-cleaner-plyn-do-odtluszczania-plytki-paznokcia-1000ml\/","og_locale":"en_GB","og_type":"article","og_title":"NTN Premium Cleaner p\u0142yn do odt\u0142uszczania p\u0142ytki paznokcia 1000ml - velesnails","og_description":"Cleaner NTN Premium p\u0142yn do odt\u0142uszczania p\u0142ytki paznokcia 1000ml ET &#8211; 60% Etanol\/ 40% Woda Cleaner przeznaczony jest do odt\u0142uszczania p\u0142ytki paznokcia przed na\u0142o\u017ceniem bazy hybrydowej, \u017celi, b\u0105d\u017a akryli. Doskonale przemywa warstw\u0119 dyspersyjn\u0105 przy ka\u017cdej metodzie stylizacji paznokci. Przydatny jest tak\u017ce do oczyszczania powierzchni roboczej min. lamp, pojemnik\u00f3w i narz\u0119dzi. Nie niszczy powierzchni lakierowanych. Pami\u0119taj! [&hellip;]","og_url":"https:\/\/velesnails.pl\/en\/product\/ntn-premium-cleaner-plyn-do-odtluszczania-plytki-paznokcia-1000ml\/","og_site_name":"velesnails","article_modified_time":"2025-01-27T15:39:26+00:00","og_image":[{"width":838,"height":848,"url":"https:\/\/i0.wp.com\/velesnails.pl\/wp-content\/uploads\/2024\/07\/NTN-Premium-Cleaner-1000ml.png?fit=838%2C848&ssl=1","type":"image\/png"}],"twitter_card":"summary_large_image","twitter_misc":{"Estimated reading time":"1 minute"},"schema":{"@context":"https:\/\/schema.org","@graph":[{"@type":"WebPage","@id":"https:\/\/velesnails.pl\/product\/ntn-premium-cleaner-plyn-do-odtluszczania-plytki-paznokcia-1000ml\/","url":"https:\/\/velesnails.pl\/product\/ntn-premium-cleaner-plyn-do-odtluszczania-plytki-paznokcia-1000ml\/","name":"NTN Premium Cleaner p\u0142yn do odt\u0142uszczania p\u0142ytki paznokcia 1000ml - velesnails","isPartOf":{"@id":"https:\/\/velesnails.pl\/#website"},"primaryImageOfPage":{"@id":"https:\/\/velesnails.pl\/product\/ntn-premium-cleaner-plyn-do-odtluszczania-plytki-paznokcia-1000ml\/#primaryimage"},"image":{"@id":"https:\/\/velesnails.pl\/product\/ntn-premium-cleaner-plyn-do-odtluszczania-plytki-paznokcia-1000ml\/#primaryimage"},"thumbnailUrl":"https:\/\/i0.wp.com\/velesnails.pl\/wp-content\/uploads\/2024\/07\/NTN-Premium-Cleaner-1000ml.png?fit=838%2C848&ssl=1","datePublished":"2024-07-24T08:23:13+00:00","dateModified":"2025-01-27T15:39:26+00:00","breadcrumb":{"@id":"https:\/\/velesnails.pl\/product\/ntn-premium-cleaner-plyn-do-odtluszczania-plytki-paznokcia-1000ml\/#breadcrumb"},"inLanguage":"en-GB","potentialAction":[{"@type":"ReadAction","target":["https:\/\/velesnails.pl\/product\/ntn-premium-cleaner-plyn-do-odtluszczania-plytki-paznokcia-1000ml\/"]}]},{"@type":"ImageObject","inLanguage":"en-GB","@id":"https:\/\/velesnails.pl\/product\/ntn-premium-cleaner-plyn-do-odtluszczania-plytki-paznokcia-1000ml\/#primaryimage","url":"https:\/\/i0.wp.com\/velesnails.pl\/wp-content\/uploads\/2024\/07\/NTN-Premium-Cleaner-1000ml.png?fit=838%2C848&ssl=1","contentUrl":"https:\/\/i0.wp.com\/velesnails.pl\/wp-content\/uploads\/2024\/07\/NTN-Premium-Cleaner-1000ml.png?fit=838%2C848&ssl=1","width":838,"height":848},{"@type":"BreadcrumbList","@id":"https:\/\/velesnails.pl\/product\/ntn-premium-cleaner-plyn-do-odtluszczania-plytki-paznokcia-1000ml\/#breadcrumb","itemListElement":[{"@type":"ListItem","position":1,"name":"\u0413\u043e\u043b\u043e\u0432\u043d\u0430","item":"https:\/\/velesnails.pl\/"},{"@type":"ListItem","position":2,"name":"Sklep","item":"https:\/\/velesnails.pl\/shop\/"},{"@type":"ListItem","position":3,"name":"NTN Premium Cleaner p\u0142yn do odt\u0142uszczania p\u0142ytki paznokcia 1000ml"}]},{"@type":"WebSite","@id":"https:\/\/velesnails.pl\/#website","url":"https:\/\/velesnails.pl\/","name":"velesnails","description":"Manicure shop","publisher":{"@id":"https:\/\/velesnails.pl\/#organization"},"potentialAction":[{"@type":"SearchAction","target":{"@type":"EntryPoint","urlTemplate":"https:\/\/velesnails.pl\/?s={search_term_string}"},"query-input":{"@type":"PropertyValueSpecification","valueRequired":true,"valueName":"search_term_string"}}],"inLanguage":"en-GB"},{"@type":"Organization","@id":"https:\/\/velesnails.pl\/#organization","name":"velesnails","url":"https:\/\/velesnails.pl\/","logo":{"@type":"ImageObject","inLanguage":"en-GB","@id":"https:\/\/velesnails.pl\/#\/schema\/logo\/image\/","url":"https:\/\/i0.wp.com\/velesnails.pl\/wp-content\/uploads\/2025\/10\/cropped-obraz_viber_2025-10-22_13-55-55-969.jpg?fit=485%2C381&ssl=1","contentUrl":"https:\/\/i0.wp.com\/velesnails.pl\/wp-content\/uploads\/2025\/10\/cropped-obraz_viber_2025-10-22_13-55-55-969.jpg?fit=485%2C381&ssl=1","width":485,"height":381,"caption":"velesnails"},"image":{"@id":"https:\/\/velesnails.pl\/#\/schema\/logo\/image\/"}}]}},"_links":{"self":[{"href":"https:\/\/velesnails.pl\/en\/wp-json\/wp\/v2\/product\/2853","targetHints":{"allow":["GET"]}}],"collection":[{"href":"https:\/\/velesnails.pl\/en\/wp-json\/wp\/v2\/product"}],"about":[{"href":"https:\/\/velesnails.pl\/en\/wp-json\/wp\/v2\/types\/product"}],"replies":[{"embeddable":true,"href":"https:\/\/velesnails.pl\/en\/wp-json\/wp\/v2\/comments?post=2853"}],"wp:featuredmedia":[{"embeddable":true,"href":"https:\/\/velesnails.pl\/en\/wp-json\/wp\/v2\/media\/2857"}],"wp:attachment":[{"href":"https:\/\/velesnails.pl\/en\/wp-json\/wp\/v2\/media?parent=2853"}],"wp:term":[{"taxonomy":"product_brand","embeddable":true,"href":"https:\/\/velesnails.pl\/en\/wp-json\/wp\/v2\/product_brand?post=2853"},{"taxonomy":"product_cat","embeddable":true,"href":"https:\/\/velesnails.pl\/en\/wp-json\/wp\/v2\/product_cat?post=2853"},{"taxonomy":"product_tag","embeddable":true,"href":"https:\/\/velesnails.pl\/en\/wp-json\/wp\/v2\/product_tag?post=2853"}],"curies":[{"name":"wp","href":"https:\/\/api.w.org\/{rel}","templated":true}]}}