{"id":2818,"date":"2024-07-24T09:39:27","date_gmt":"2024-07-24T06:39:27","guid":{"rendered":"https:\/\/velesnails.loc\/?post_type=product&#038;p=2818"},"modified":"2024-11-19T17:23:27","modified_gmt":"2024-11-19T14:23:27","slug":"mollylac-pylek-do-paznokci-efekt-jednorozca-03-g","status":"publish","type":"product","link":"https:\/\/velesnails.pl\/en\/product\/mollylac-pylek-do-paznokci-efekt-jednorozca-03-g\/","title":{"rendered":"MollyLac Py\u0142ek do paznokci Efekt Jednoro\u017cca 0,3 g"},"content":{"rendered":"<p>Efekt jednoro\u017cca to multimagiczna, wielobarwna tafla na Twoich d\u0142oniach, obok kt\u00f3rej nikt nie przejdzie oboj\u0119tnie!<\/p>\n<p>Je\u015bli cenisz sobie \u0142atw\u0105 aplikacj\u0119, spektakularny efekt oraz nieskazitelny blask wybierz ten efekt! Ciesz si\u0119 jednolit\u0105 tafl\u0105 w opalizuj\u0105cym kolorze b\u0142\u0119kitu, r\u00f3\u017cu i z\u0142ota.<\/p>\n<p>Produkt nale\u017cy aplikowa\u0107 w produkty bez dyspersji Mirror Top MollyLac, zabezpiecz topem, aby cieszy\u0107 si\u0119 cudown\u0105 po\u015bwiat\u0105 i intensywnym blaskiem!<\/p>\n<p>Wyszukany, a jednak dyskretny spos\u00f3b ozdabiania paznokci &#8211; efekt jednoro\u017cca wykorzystasz w wielu r\u00f3\u017cnych stylizacjach, gdy\u017c pasuje do wszystkich kolor\u00f3w.<\/p>\n<p>Ku\u015b i czaruj &#8211; bajeczna stylizacja w klimacie jednoro\u017cc\u00f3w to wyb\u00f3r ka\u017cdej influencerki!<\/p>","protected":false},"excerpt":{"rendered":"<p>Efekt jednoro\u017cca to multimagiczna, wielobarwna tafla na Twoich d\u0142oniach, obok kt\u00f3rej nikt nie przejdzie oboj\u0119tnie! Je\u015bli cenisz sobie \u0142atw\u0105 aplikacj\u0119, spektakularny efekt oraz nieskazitelny blask wybierz ten efekt! Ciesz si\u0119 jednolit\u0105 tafl\u0105 w opalizuj\u0105cym kolorze b\u0142\u0119kitu, r\u00f3\u017cu i z\u0142ota. Produkt nale\u017cy aplikowa\u0107 w produkty bez dyspersji Mirror Top MollyLac, zabezpiecz topem, aby cieszy\u0107 si\u0119 cudown\u0105 [&hellip;]<\/p>\n","protected":false},"featured_media":2819,"comment_status":"closed","ping_status":"closed","template":"","meta":{"om_disable_all_campaigns":false,"ocean_post_layout":"","ocean_both_sidebars_style":"","ocean_both_sidebars_content_width":0,"ocean_both_sidebars_sidebars_width":0,"ocean_sidebar":"0","ocean_second_sidebar":"0","ocean_disable_margins":"enable","ocean_add_body_class":"","ocean_shortcode_before_top_bar":"","ocean_shortcode_after_top_bar":"","ocean_shortcode_before_header":"","ocean_shortcode_after_header":"","ocean_has_shortcode":"","ocean_shortcode_after_title":"","ocean_shortcode_before_footer_widgets":"","ocean_shortcode_after_footer_widgets":"","ocean_shortcode_before_footer_bottom":"","ocean_shortcode_after_footer_bottom":"","ocean_display_top_bar":"default","ocean_display_header":"default","ocean_header_style":"","ocean_center_header_left_menu":"0","ocean_custom_header_template":"0","ocean_custom_logo":0,"ocean_custom_retina_logo":0,"ocean_custom_logo_max_width":0,"ocean_custom_logo_tablet_max_width":0,"ocean_custom_logo_mobile_max_width":0,"ocean_custom_logo_max_height":0,"ocean_custom_logo_tablet_max_height":0,"ocean_custom_logo_mobile_max_height":0,"ocean_header_custom_menu":"0","ocean_menu_typo_font_family":"0","ocean_menu_typo_font_subset":"","ocean_menu_typo_font_size":0,"ocean_menu_typo_font_size_tablet":0,"ocean_menu_typo_font_size_mobile":0,"ocean_menu_typo_font_size_unit":"px","ocean_menu_typo_font_weight":"","ocean_menu_typo_font_weight_tablet":"","ocean_menu_typo_font_weight_mobile":"","ocean_menu_typo_transform":"","ocean_menu_typo_transform_tablet":"","ocean_menu_typo_transform_mobile":"","ocean_menu_typo_line_height":0,"ocean_menu_typo_line_height_tablet":0,"ocean_menu_typo_line_height_mobile":0,"ocean_menu_typo_line_height_unit":"","ocean_menu_typo_spacing":0,"ocean_menu_typo_spacing_tablet":0,"ocean_menu_typo_spacing_mobile":0,"ocean_menu_typo_spacing_unit":"","ocean_menu_link_color":"","ocean_menu_link_color_hover":"","ocean_menu_link_color_active":"","ocean_menu_link_background":"","ocean_menu_link_hover_background":"","ocean_menu_link_active_background":"","ocean_menu_social_links_bg":"","ocean_menu_social_hover_links_bg":"","ocean_menu_social_links_color":"","ocean_menu_social_hover_links_color":"","ocean_disable_title":"default","ocean_disable_heading":"default","ocean_post_title":"","ocean_post_subheading":"","ocean_post_title_style":"","ocean_post_title_background_color":"","ocean_post_title_background":0,"ocean_post_title_bg_image_position":"","ocean_post_title_bg_image_attachment":"","ocean_post_title_bg_image_repeat":"","ocean_post_title_bg_image_size":"","ocean_post_title_height":0,"ocean_post_title_bg_overlay":0.5,"ocean_post_title_bg_overlay_color":"","ocean_disable_breadcrumbs":"default","ocean_breadcrumbs_color":"","ocean_breadcrumbs_separator_color":"","ocean_breadcrumbs_links_color":"","ocean_breadcrumbs_links_hover_color":"","ocean_display_footer_widgets":"default","ocean_display_footer_bottom":"default","ocean_custom_footer_template":"0"},"product_brand":[],"product_cat":[176,189,125,130,110],"product_tag":[],"class_list":{"0":"post-2818","1":"product","2":"type-product","3":"status-publish","4":"has-post-thumbnail","6":"product_cat-marki","7":"product_cat-molly-lac-1","8":"product_cat-nail-art","9":"product_cat-ozdoby-i-efekty","10":"product_cat-paznokcie","12":"entry","13":"has-media","15":"first","16":"outofstock","17":"taxable","18":"shipping-taxable","19":"purchasable","20":"product-type-simple","21":"has-product-nav","22":"col","23":"span_1_of_3","24":"owp-content-center","25":"owp-thumbs-layout-horizontal","26":"owp-btn-normal","27":"owp-tabs-layout-horizontal","28":"has-no-thumbnails"},"yoast_head":"<!-- This site is optimized with the Yoast SEO plugin v27.5 - https:\/\/yoast.com\/product\/yoast-seo-wordpress\/ -->\n<title>MollyLac Py\u0142ek do paznokci Efekt Jednoro\u017cca 0,3 g - velesnails<\/title>\n<meta name=\"robots\" content=\"index, follow, max-snippet:-1, max-image-preview:large, max-video-preview:-1\" \/>\n<link rel=\"canonical\" href=\"https:\/\/velesnails.pl\/en\/product\/mollylac-pylek-do-paznokci-efekt-jednorozca-03-g\/\" \/>\n<meta property=\"og:locale\" content=\"en_GB\" \/>\n<meta property=\"og:type\" content=\"article\" \/>\n<meta property=\"og:title\" content=\"MollyLac Py\u0142ek do paznokci Efekt Jednoro\u017cca 0,3 g - velesnails\" \/>\n<meta property=\"og:description\" content=\"Efekt jednoro\u017cca to multimagiczna, wielobarwna tafla na Twoich d\u0142oniach, obok kt\u00f3rej nikt nie przejdzie oboj\u0119tnie! Je\u015bli cenisz sobie \u0142atw\u0105 aplikacj\u0119, spektakularny efekt oraz nieskazitelny blask wybierz ten efekt! Ciesz si\u0119 jednolit\u0105 tafl\u0105 w opalizuj\u0105cym kolorze b\u0142\u0119kitu, r\u00f3\u017cu i z\u0142ota. Produkt nale\u017cy aplikowa\u0107 w produkty bez dyspersji Mirror Top MollyLac, zabezpiecz topem, aby cieszy\u0107 si\u0119 cudown\u0105 [&hellip;]\" \/>\n<meta property=\"og:url\" content=\"https:\/\/velesnails.pl\/en\/product\/mollylac-pylek-do-paznokci-efekt-jednorozca-03-g\/\" \/>\n<meta property=\"og:site_name\" content=\"velesnails\" \/>\n<meta property=\"article:modified_time\" content=\"2024-11-19T14:23:27+00:00\" \/>\n<meta property=\"og:image\" content=\"https:\/\/i0.wp.com\/velesnails.pl\/wp-content\/uploads\/2024\/07\/Pylek-MollyLac-Efekt-Jednorozca.jpg?fit=500%2C488&ssl=1\" \/>\n\t<meta property=\"og:image:width\" content=\"500\" \/>\n\t<meta property=\"og:image:height\" content=\"488\" \/>\n\t<meta property=\"og:image:type\" content=\"image\/jpeg\" \/>\n<meta name=\"twitter:card\" content=\"summary_large_image\" \/>\n<meta name=\"twitter:label1\" content=\"Estimated reading time\" \/>\n\t<meta name=\"twitter:data1\" content=\"1 minute\" \/>\n<script type=\"application\/ld+json\" class=\"yoast-schema-graph\">{\"@context\":\"https:\\\/\\\/schema.org\",\"@graph\":[{\"@type\":\"WebPage\",\"@id\":\"https:\\\/\\\/velesnails.pl\\\/product\\\/mollylac-pylek-do-paznokci-efekt-jednorozca-03-g\\\/\",\"url\":\"https:\\\/\\\/velesnails.pl\\\/product\\\/mollylac-pylek-do-paznokci-efekt-jednorozca-03-g\\\/\",\"name\":\"MollyLac Py\u0142ek do paznokci Efekt Jednoro\u017cca 0,3 g - velesnails\",\"isPartOf\":{\"@id\":\"https:\\\/\\\/velesnails.pl\\\/#website\"},\"primaryImageOfPage\":{\"@id\":\"https:\\\/\\\/velesnails.pl\\\/product\\\/mollylac-pylek-do-paznokci-efekt-jednorozca-03-g\\\/#primaryimage\"},\"image\":{\"@id\":\"https:\\\/\\\/velesnails.pl\\\/product\\\/mollylac-pylek-do-paznokci-efekt-jednorozca-03-g\\\/#primaryimage\"},\"thumbnailUrl\":\"https:\\\/\\\/i0.wp.com\\\/velesnails.pl\\\/wp-content\\\/uploads\\\/2024\\\/07\\\/Pylek-MollyLac-Efekt-Jednorozca.jpg?fit=500%2C488&ssl=1\",\"datePublished\":\"2024-07-24T06:39:27+00:00\",\"dateModified\":\"2024-11-19T14:23:27+00:00\",\"breadcrumb\":{\"@id\":\"https:\\\/\\\/velesnails.pl\\\/product\\\/mollylac-pylek-do-paznokci-efekt-jednorozca-03-g\\\/#breadcrumb\"},\"inLanguage\":\"en-GB\",\"potentialAction\":[{\"@type\":\"ReadAction\",\"target\":[\"https:\\\/\\\/velesnails.pl\\\/product\\\/mollylac-pylek-do-paznokci-efekt-jednorozca-03-g\\\/\"]}]},{\"@type\":\"ImageObject\",\"inLanguage\":\"en-GB\",\"@id\":\"https:\\\/\\\/velesnails.pl\\\/product\\\/mollylac-pylek-do-paznokci-efekt-jednorozca-03-g\\\/#primaryimage\",\"url\":\"https:\\\/\\\/i0.wp.com\\\/velesnails.pl\\\/wp-content\\\/uploads\\\/2024\\\/07\\\/Pylek-MollyLac-Efekt-Jednorozca.jpg?fit=500%2C488&ssl=1\",\"contentUrl\":\"https:\\\/\\\/i0.wp.com\\\/velesnails.pl\\\/wp-content\\\/uploads\\\/2024\\\/07\\\/Pylek-MollyLac-Efekt-Jednorozca.jpg?fit=500%2C488&ssl=1\",\"width\":500,\"height\":488},{\"@type\":\"BreadcrumbList\",\"@id\":\"https:\\\/\\\/velesnails.pl\\\/product\\\/mollylac-pylek-do-paznokci-efekt-jednorozca-03-g\\\/#breadcrumb\",\"itemListElement\":[{\"@type\":\"ListItem\",\"position\":1,\"name\":\"\u0413\u043e\u043b\u043e\u0432\u043d\u0430\",\"item\":\"https:\\\/\\\/velesnails.pl\\\/\"},{\"@type\":\"ListItem\",\"position\":2,\"name\":\"Sklep\",\"item\":\"https:\\\/\\\/velesnails.pl\\\/shop\\\/\"},{\"@type\":\"ListItem\",\"position\":3,\"name\":\"MollyLac Py\u0142ek do paznokci Efekt Jednoro\u017cca 0,3 g\"}]},{\"@type\":\"WebSite\",\"@id\":\"https:\\\/\\\/velesnails.pl\\\/#website\",\"url\":\"https:\\\/\\\/velesnails.pl\\\/\",\"name\":\"velesnails\",\"description\":\"Sklep z manicure\",\"publisher\":{\"@id\":\"https:\\\/\\\/velesnails.pl\\\/#organization\"},\"potentialAction\":[{\"@type\":\"SearchAction\",\"target\":{\"@type\":\"EntryPoint\",\"urlTemplate\":\"https:\\\/\\\/velesnails.pl\\\/?s={search_term_string}\"},\"query-input\":{\"@type\":\"PropertyValueSpecification\",\"valueRequired\":true,\"valueName\":\"search_term_string\"}}],\"inLanguage\":\"en-GB\"},{\"@type\":\"Organization\",\"@id\":\"https:\\\/\\\/velesnails.pl\\\/#organization\",\"name\":\"velesnails\",\"url\":\"https:\\\/\\\/velesnails.pl\\\/\",\"logo\":{\"@type\":\"ImageObject\",\"inLanguage\":\"en-GB\",\"@id\":\"https:\\\/\\\/velesnails.pl\\\/#\\\/schema\\\/logo\\\/image\\\/\",\"url\":\"https:\\\/\\\/i0.wp.com\\\/velesnails.pl\\\/wp-content\\\/uploads\\\/2025\\\/10\\\/cropped-obraz_viber_2025-10-22_13-55-55-969.jpg?fit=485%2C381&ssl=1\",\"contentUrl\":\"https:\\\/\\\/i0.wp.com\\\/velesnails.pl\\\/wp-content\\\/uploads\\\/2025\\\/10\\\/cropped-obraz_viber_2025-10-22_13-55-55-969.jpg?fit=485%2C381&ssl=1\",\"width\":485,\"height\":381,\"caption\":\"velesnails\"},\"image\":{\"@id\":\"https:\\\/\\\/velesnails.pl\\\/#\\\/schema\\\/logo\\\/image\\\/\"}}]}<\/script>\n<!-- \/ Yoast SEO plugin. -->","yoast_head_json":{"title":"MollyLac Py\u0142ek do paznokci Efekt Jednoro\u017cca 0,3 g - velesnails","robots":{"index":"index","follow":"follow","max-snippet":"max-snippet:-1","max-image-preview":"max-image-preview:large","max-video-preview":"max-video-preview:-1"},"canonical":"https:\/\/velesnails.pl\/en\/product\/mollylac-pylek-do-paznokci-efekt-jednorozca-03-g\/","og_locale":"en_GB","og_type":"article","og_title":"MollyLac Py\u0142ek do paznokci Efekt Jednoro\u017cca 0,3 g - velesnails","og_description":"Efekt jednoro\u017cca to multimagiczna, wielobarwna tafla na Twoich d\u0142oniach, obok kt\u00f3rej nikt nie przejdzie oboj\u0119tnie! Je\u015bli cenisz sobie \u0142atw\u0105 aplikacj\u0119, spektakularny efekt oraz nieskazitelny blask wybierz ten efekt! Ciesz si\u0119 jednolit\u0105 tafl\u0105 w opalizuj\u0105cym kolorze b\u0142\u0119kitu, r\u00f3\u017cu i z\u0142ota. Produkt nale\u017cy aplikowa\u0107 w produkty bez dyspersji Mirror Top MollyLac, zabezpiecz topem, aby cieszy\u0107 si\u0119 cudown\u0105 [&hellip;]","og_url":"https:\/\/velesnails.pl\/en\/product\/mollylac-pylek-do-paznokci-efekt-jednorozca-03-g\/","og_site_name":"velesnails","article_modified_time":"2024-11-19T14:23:27+00:00","og_image":[{"width":500,"height":488,"url":"https:\/\/i0.wp.com\/velesnails.pl\/wp-content\/uploads\/2024\/07\/Pylek-MollyLac-Efekt-Jednorozca.jpg?fit=500%2C488&ssl=1","type":"image\/jpeg"}],"twitter_card":"summary_large_image","twitter_misc":{"Estimated reading time":"1 minute"},"schema":{"@context":"https:\/\/schema.org","@graph":[{"@type":"WebPage","@id":"https:\/\/velesnails.pl\/product\/mollylac-pylek-do-paznokci-efekt-jednorozca-03-g\/","url":"https:\/\/velesnails.pl\/product\/mollylac-pylek-do-paznokci-efekt-jednorozca-03-g\/","name":"MollyLac Py\u0142ek do paznokci Efekt Jednoro\u017cca 0,3 g - velesnails","isPartOf":{"@id":"https:\/\/velesnails.pl\/#website"},"primaryImageOfPage":{"@id":"https:\/\/velesnails.pl\/product\/mollylac-pylek-do-paznokci-efekt-jednorozca-03-g\/#primaryimage"},"image":{"@id":"https:\/\/velesnails.pl\/product\/mollylac-pylek-do-paznokci-efekt-jednorozca-03-g\/#primaryimage"},"thumbnailUrl":"https:\/\/i0.wp.com\/velesnails.pl\/wp-content\/uploads\/2024\/07\/Pylek-MollyLac-Efekt-Jednorozca.jpg?fit=500%2C488&ssl=1","datePublished":"2024-07-24T06:39:27+00:00","dateModified":"2024-11-19T14:23:27+00:00","breadcrumb":{"@id":"https:\/\/velesnails.pl\/product\/mollylac-pylek-do-paznokci-efekt-jednorozca-03-g\/#breadcrumb"},"inLanguage":"en-GB","potentialAction":[{"@type":"ReadAction","target":["https:\/\/velesnails.pl\/product\/mollylac-pylek-do-paznokci-efekt-jednorozca-03-g\/"]}]},{"@type":"ImageObject","inLanguage":"en-GB","@id":"https:\/\/velesnails.pl\/product\/mollylac-pylek-do-paznokci-efekt-jednorozca-03-g\/#primaryimage","url":"https:\/\/i0.wp.com\/velesnails.pl\/wp-content\/uploads\/2024\/07\/Pylek-MollyLac-Efekt-Jednorozca.jpg?fit=500%2C488&ssl=1","contentUrl":"https:\/\/i0.wp.com\/velesnails.pl\/wp-content\/uploads\/2024\/07\/Pylek-MollyLac-Efekt-Jednorozca.jpg?fit=500%2C488&ssl=1","width":500,"height":488},{"@type":"BreadcrumbList","@id":"https:\/\/velesnails.pl\/product\/mollylac-pylek-do-paznokci-efekt-jednorozca-03-g\/#breadcrumb","itemListElement":[{"@type":"ListItem","position":1,"name":"\u0413\u043e\u043b\u043e\u0432\u043d\u0430","item":"https:\/\/velesnails.pl\/"},{"@type":"ListItem","position":2,"name":"Sklep","item":"https:\/\/velesnails.pl\/shop\/"},{"@type":"ListItem","position":3,"name":"MollyLac Py\u0142ek do paznokci Efekt Jednoro\u017cca 0,3 g"}]},{"@type":"WebSite","@id":"https:\/\/velesnails.pl\/#website","url":"https:\/\/velesnails.pl\/","name":"velesnails","description":"Manicure shop","publisher":{"@id":"https:\/\/velesnails.pl\/#organization"},"potentialAction":[{"@type":"SearchAction","target":{"@type":"EntryPoint","urlTemplate":"https:\/\/velesnails.pl\/?s={search_term_string}"},"query-input":{"@type":"PropertyValueSpecification","valueRequired":true,"valueName":"search_term_string"}}],"inLanguage":"en-GB"},{"@type":"Organization","@id":"https:\/\/velesnails.pl\/#organization","name":"velesnails","url":"https:\/\/velesnails.pl\/","logo":{"@type":"ImageObject","inLanguage":"en-GB","@id":"https:\/\/velesnails.pl\/#\/schema\/logo\/image\/","url":"https:\/\/i0.wp.com\/velesnails.pl\/wp-content\/uploads\/2025\/10\/cropped-obraz_viber_2025-10-22_13-55-55-969.jpg?fit=485%2C381&ssl=1","contentUrl":"https:\/\/i0.wp.com\/velesnails.pl\/wp-content\/uploads\/2025\/10\/cropped-obraz_viber_2025-10-22_13-55-55-969.jpg?fit=485%2C381&ssl=1","width":485,"height":381,"caption":"velesnails"},"image":{"@id":"https:\/\/velesnails.pl\/#\/schema\/logo\/image\/"}}]}},"_links":{"self":[{"href":"https:\/\/velesnails.pl\/en\/wp-json\/wp\/v2\/product\/2818","targetHints":{"allow":["GET"]}}],"collection":[{"href":"https:\/\/velesnails.pl\/en\/wp-json\/wp\/v2\/product"}],"about":[{"href":"https:\/\/velesnails.pl\/en\/wp-json\/wp\/v2\/types\/product"}],"replies":[{"embeddable":true,"href":"https:\/\/velesnails.pl\/en\/wp-json\/wp\/v2\/comments?post=2818"}],"wp:featuredmedia":[{"embeddable":true,"href":"https:\/\/velesnails.pl\/en\/wp-json\/wp\/v2\/media\/2819"}],"wp:attachment":[{"href":"https:\/\/velesnails.pl\/en\/wp-json\/wp\/v2\/media?parent=2818"}],"wp:term":[{"taxonomy":"product_brand","embeddable":true,"href":"https:\/\/velesnails.pl\/en\/wp-json\/wp\/v2\/product_brand?post=2818"},{"taxonomy":"product_cat","embeddable":true,"href":"https:\/\/velesnails.pl\/en\/wp-json\/wp\/v2\/product_cat?post=2818"},{"taxonomy":"product_tag","embeddable":true,"href":"https:\/\/velesnails.pl\/en\/wp-json\/wp\/v2\/product_tag?post=2818"}],"curies":[{"name":"wp","href":"https:\/\/api.w.org\/{rel}","templated":true}]}}