{"id":2799,"date":"2024-07-23T16:54:18","date_gmt":"2024-07-23T13:54:18","guid":{"rendered":"https:\/\/velesnails.loc\/?post_type=product&#038;p=2799"},"modified":"2024-07-23T16:54:22","modified_gmt":"2024-07-23T13:54:22","slug":"cyrkonie-do-paznokci-szklane-c-6-crystal-ab-mix-rozmiarow-ok-1440szt-paczka","status":"publish","type":"product","link":"https:\/\/velesnails.pl\/en\/product\/cyrkonie-do-paznokci-szklane-c-6-crystal-ab-mix-rozmiarow-ok-1440szt-paczka\/","title":{"rendered":"Cyrkonie do paznokci szklane C-6 Crystal AB mix rozmiar\u00f3w ok.1440szt paczka"},"content":{"rendered":"<p class=\"western\" align=\"left\">Cudne cyrkonie w sze\u015bciu rozmiarach. Ka\u017cdy rozmiar zamykany w osobnej plastikowej przegrodzie. Przeznaczone do r\u00f3\u017cnych metod zdobie\u0144 paznokci, \u015bwietnie sprawdz\u0105 si\u0119 na paznokciach \u017celowych, akrylowych oraz lakierach hybrydowych. Cyrkonie mo\u017cna nak\u0142ada\u0107 na naturalny paznokie\u0107, mokry lakier klasyczny, lakier hybrydowy. Mo\u017cna te\u017c je zatapia\u0107 w \u017celu UV lub w masie akrylowej. Efektowne wzory uzyskuje si\u0119 \u0142\u0105cz\u0105c cyrkonie z innymi produktami do zdobie\u0144 (np. bulionem, brokatem, itp.).<\/p>","protected":false},"excerpt":{"rendered":"<p>Cudne cyrkonie w sze\u015bciu rozmiarach. Ka\u017cdy rozmiar zamykany w osobnej plastikowej przegrodzie. Przeznaczone do r\u00f3\u017cnych metod zdobie\u0144 paznokci, \u015bwietnie sprawdz\u0105 si\u0119 na paznokciach \u017celowych, akrylowych oraz lakierach hybrydowych. Cyrkonie mo\u017cna nak\u0142ada\u0107 na naturalny paznokie\u0107, mokry lakier klasyczny, lakier hybrydowy. Mo\u017cna te\u017c je zatapia\u0107 w \u017celu UV lub w masie akrylowej. Efektowne wzory uzyskuje si\u0119 \u0142\u0105cz\u0105c [&hellip;]<\/p>\n","protected":false},"featured_media":2796,"comment_status":"open","ping_status":"closed","template":"","meta":{"om_disable_all_campaigns":false,"ocean_post_layout":"","ocean_both_sidebars_style":"","ocean_both_sidebars_content_width":0,"ocean_both_sidebars_sidebars_width":0,"ocean_sidebar":"0","ocean_second_sidebar":"0","ocean_disable_margins":"enable","ocean_add_body_class":"","ocean_shortcode_before_top_bar":"","ocean_shortcode_after_top_bar":"","ocean_shortcode_before_header":"","ocean_shortcode_after_header":"","ocean_has_shortcode":"","ocean_shortcode_after_title":"","ocean_shortcode_before_footer_widgets":"","ocean_shortcode_after_footer_widgets":"","ocean_shortcode_before_footer_bottom":"","ocean_shortcode_after_footer_bottom":"","ocean_display_top_bar":"default","ocean_display_header":"default","ocean_header_style":"","ocean_center_header_left_menu":"0","ocean_custom_header_template":"0","ocean_custom_logo":0,"ocean_custom_retina_logo":0,"ocean_custom_logo_max_width":0,"ocean_custom_logo_tablet_max_width":0,"ocean_custom_logo_mobile_max_width":0,"ocean_custom_logo_max_height":0,"ocean_custom_logo_tablet_max_height":0,"ocean_custom_logo_mobile_max_height":0,"ocean_header_custom_menu":"0","ocean_menu_typo_font_family":"0","ocean_menu_typo_font_subset":"","ocean_menu_typo_font_size":0,"ocean_menu_typo_font_size_tablet":0,"ocean_menu_typo_font_size_mobile":0,"ocean_menu_typo_font_size_unit":"px","ocean_menu_typo_font_weight":"","ocean_menu_typo_font_weight_tablet":"","ocean_menu_typo_font_weight_mobile":"","ocean_menu_typo_transform":"","ocean_menu_typo_transform_tablet":"","ocean_menu_typo_transform_mobile":"","ocean_menu_typo_line_height":0,"ocean_menu_typo_line_height_tablet":0,"ocean_menu_typo_line_height_mobile":0,"ocean_menu_typo_line_height_unit":"","ocean_menu_typo_spacing":0,"ocean_menu_typo_spacing_tablet":0,"ocean_menu_typo_spacing_mobile":0,"ocean_menu_typo_spacing_unit":"","ocean_menu_link_color":"","ocean_menu_link_color_hover":"","ocean_menu_link_color_active":"","ocean_menu_link_background":"","ocean_menu_link_hover_background":"","ocean_menu_link_active_background":"","ocean_menu_social_links_bg":"","ocean_menu_social_hover_links_bg":"","ocean_menu_social_links_color":"","ocean_menu_social_hover_links_color":"","ocean_disable_title":"default","ocean_disable_heading":"default","ocean_post_title":"","ocean_post_subheading":"","ocean_post_title_style":"","ocean_post_title_background_color":"","ocean_post_title_background":0,"ocean_post_title_bg_image_position":"","ocean_post_title_bg_image_attachment":"","ocean_post_title_bg_image_repeat":"","ocean_post_title_bg_image_size":"","ocean_post_title_height":0,"ocean_post_title_bg_overlay":0.5,"ocean_post_title_bg_overlay_color":"","ocean_disable_breadcrumbs":"default","ocean_breadcrumbs_color":"","ocean_breadcrumbs_separator_color":"","ocean_breadcrumbs_links_color":"","ocean_breadcrumbs_links_hover_color":"","ocean_display_footer_widgets":"default","ocean_display_footer_bottom":"default","ocean_custom_footer_template":"0"},"product_brand":[],"product_cat":[125,130,110],"product_tag":[],"class_list":{"0":"post-2799","1":"product","2":"type-product","3":"status-publish","4":"has-post-thumbnail","6":"product_cat-nail-art","7":"product_cat-ozdoby-i-efekty","8":"product_cat-paznokcie","10":"entry","11":"has-media","13":"first","14":"instock","15":"taxable","16":"shipping-taxable","17":"purchasable","18":"product-type-simple","19":"has-product-nav","20":"col","21":"span_1_of_3","22":"owp-content-center","23":"owp-thumbs-layout-horizontal","24":"owp-btn-normal","25":"owp-tabs-layout-horizontal","26":"has-no-thumbnails"},"yoast_head":"<!-- This site is optimized with the Yoast SEO plugin v27.5 - https:\/\/yoast.com\/product\/yoast-seo-wordpress\/ -->\n<title>Cyrkonie do paznokci szklane C-6 Crystal AB mix rozmiar\u00f3w ok.1440szt paczka - velesnails<\/title>\n<meta name=\"robots\" content=\"index, follow, max-snippet:-1, max-image-preview:large, max-video-preview:-1\" \/>\n<link rel=\"canonical\" href=\"https:\/\/velesnails.pl\/en\/product\/cyrkonie-do-paznokci-szklane-c-6-crystal-ab-mix-rozmiarow-ok-1440szt-paczka\/\" \/>\n<meta property=\"og:locale\" content=\"en_GB\" \/>\n<meta property=\"og:type\" content=\"article\" \/>\n<meta property=\"og:title\" content=\"Cyrkonie do paznokci szklane C-6 Crystal AB mix rozmiar\u00f3w ok.1440szt paczka - velesnails\" \/>\n<meta property=\"og:description\" content=\"Cudne cyrkonie w sze\u015bciu rozmiarach. Ka\u017cdy rozmiar zamykany w osobnej plastikowej przegrodzie. Przeznaczone do r\u00f3\u017cnych metod zdobie\u0144 paznokci, \u015bwietnie sprawdz\u0105 si\u0119 na paznokciach \u017celowych, akrylowych oraz lakierach hybrydowych. Cyrkonie mo\u017cna nak\u0142ada\u0107 na naturalny paznokie\u0107, mokry lakier klasyczny, lakier hybrydowy. Mo\u017cna te\u017c je zatapia\u0107 w \u017celu UV lub w masie akrylowej. Efektowne wzory uzyskuje si\u0119 \u0142\u0105cz\u0105c [&hellip;]\" \/>\n<meta property=\"og:url\" content=\"https:\/\/velesnails.pl\/en\/product\/cyrkonie-do-paznokci-szklane-c-6-crystal-ab-mix-rozmiarow-ok-1440szt-paczka\/\" \/>\n<meta property=\"og:site_name\" content=\"velesnails\" \/>\n<meta property=\"article:modified_time\" content=\"2024-07-23T13:54:22+00:00\" \/>\n<meta property=\"og:image\" content=\"https:\/\/i0.wp.com\/velesnails.pl\/wp-content\/uploads\/2024\/07\/Cyrkonie-C-6-Crystal-AB.jpg?fit=500%2C454&ssl=1\" \/>\n\t<meta property=\"og:image:width\" content=\"500\" \/>\n\t<meta property=\"og:image:height\" content=\"454\" \/>\n\t<meta property=\"og:image:type\" content=\"image\/jpeg\" \/>\n<meta name=\"twitter:card\" content=\"summary_large_image\" \/>\n<script type=\"application\/ld+json\" class=\"yoast-schema-graph\">{\"@context\":\"https:\\\/\\\/schema.org\",\"@graph\":[{\"@type\":\"WebPage\",\"@id\":\"https:\\\/\\\/velesnails.pl\\\/product\\\/cyrkonie-do-paznokci-szklane-c-6-crystal-ab-mix-rozmiarow-ok-1440szt-paczka\\\/\",\"url\":\"https:\\\/\\\/velesnails.pl\\\/product\\\/cyrkonie-do-paznokci-szklane-c-6-crystal-ab-mix-rozmiarow-ok-1440szt-paczka\\\/\",\"name\":\"Cyrkonie do paznokci szklane C-6 Crystal AB mix rozmiar\u00f3w ok.1440szt paczka - velesnails\",\"isPartOf\":{\"@id\":\"https:\\\/\\\/velesnails.pl\\\/#website\"},\"primaryImageOfPage\":{\"@id\":\"https:\\\/\\\/velesnails.pl\\\/product\\\/cyrkonie-do-paznokci-szklane-c-6-crystal-ab-mix-rozmiarow-ok-1440szt-paczka\\\/#primaryimage\"},\"image\":{\"@id\":\"https:\\\/\\\/velesnails.pl\\\/product\\\/cyrkonie-do-paznokci-szklane-c-6-crystal-ab-mix-rozmiarow-ok-1440szt-paczka\\\/#primaryimage\"},\"thumbnailUrl\":\"https:\\\/\\\/i0.wp.com\\\/velesnails.pl\\\/wp-content\\\/uploads\\\/2024\\\/07\\\/Cyrkonie-C-6-Crystal-AB.jpg?fit=500%2C454&ssl=1\",\"datePublished\":\"2024-07-23T13:54:18+00:00\",\"dateModified\":\"2024-07-23T13:54:22+00:00\",\"breadcrumb\":{\"@id\":\"https:\\\/\\\/velesnails.pl\\\/product\\\/cyrkonie-do-paznokci-szklane-c-6-crystal-ab-mix-rozmiarow-ok-1440szt-paczka\\\/#breadcrumb\"},\"inLanguage\":\"en-GB\",\"potentialAction\":[{\"@type\":\"ReadAction\",\"target\":[\"https:\\\/\\\/velesnails.pl\\\/product\\\/cyrkonie-do-paznokci-szklane-c-6-crystal-ab-mix-rozmiarow-ok-1440szt-paczka\\\/\"]}]},{\"@type\":\"ImageObject\",\"inLanguage\":\"en-GB\",\"@id\":\"https:\\\/\\\/velesnails.pl\\\/product\\\/cyrkonie-do-paznokci-szklane-c-6-crystal-ab-mix-rozmiarow-ok-1440szt-paczka\\\/#primaryimage\",\"url\":\"https:\\\/\\\/i0.wp.com\\\/velesnails.pl\\\/wp-content\\\/uploads\\\/2024\\\/07\\\/Cyrkonie-C-6-Crystal-AB.jpg?fit=500%2C454&ssl=1\",\"contentUrl\":\"https:\\\/\\\/i0.wp.com\\\/velesnails.pl\\\/wp-content\\\/uploads\\\/2024\\\/07\\\/Cyrkonie-C-6-Crystal-AB.jpg?fit=500%2C454&ssl=1\",\"width\":500,\"height\":454},{\"@type\":\"BreadcrumbList\",\"@id\":\"https:\\\/\\\/velesnails.pl\\\/product\\\/cyrkonie-do-paznokci-szklane-c-6-crystal-ab-mix-rozmiarow-ok-1440szt-paczka\\\/#breadcrumb\",\"itemListElement\":[{\"@type\":\"ListItem\",\"position\":1,\"name\":\"\u0413\u043e\u043b\u043e\u0432\u043d\u0430\",\"item\":\"https:\\\/\\\/velesnails.pl\\\/\"},{\"@type\":\"ListItem\",\"position\":2,\"name\":\"Sklep\",\"item\":\"https:\\\/\\\/velesnails.pl\\\/shop\\\/\"},{\"@type\":\"ListItem\",\"position\":3,\"name\":\"Cyrkonie do paznokci szklane C-6 Crystal AB mix rozmiar\u00f3w ok.1440szt paczka\"}]},{\"@type\":\"WebSite\",\"@id\":\"https:\\\/\\\/velesnails.pl\\\/#website\",\"url\":\"https:\\\/\\\/velesnails.pl\\\/\",\"name\":\"velesnails\",\"description\":\"Sklep z manicure\",\"publisher\":{\"@id\":\"https:\\\/\\\/velesnails.pl\\\/#organization\"},\"potentialAction\":[{\"@type\":\"SearchAction\",\"target\":{\"@type\":\"EntryPoint\",\"urlTemplate\":\"https:\\\/\\\/velesnails.pl\\\/?s={search_term_string}\"},\"query-input\":{\"@type\":\"PropertyValueSpecification\",\"valueRequired\":true,\"valueName\":\"search_term_string\"}}],\"inLanguage\":\"en-GB\"},{\"@type\":\"Organization\",\"@id\":\"https:\\\/\\\/velesnails.pl\\\/#organization\",\"name\":\"velesnails\",\"url\":\"https:\\\/\\\/velesnails.pl\\\/\",\"logo\":{\"@type\":\"ImageObject\",\"inLanguage\":\"en-GB\",\"@id\":\"https:\\\/\\\/velesnails.pl\\\/#\\\/schema\\\/logo\\\/image\\\/\",\"url\":\"https:\\\/\\\/i0.wp.com\\\/velesnails.pl\\\/wp-content\\\/uploads\\\/2025\\\/10\\\/cropped-obraz_viber_2025-10-22_13-55-55-969.jpg?fit=485%2C381&ssl=1\",\"contentUrl\":\"https:\\\/\\\/i0.wp.com\\\/velesnails.pl\\\/wp-content\\\/uploads\\\/2025\\\/10\\\/cropped-obraz_viber_2025-10-22_13-55-55-969.jpg?fit=485%2C381&ssl=1\",\"width\":485,\"height\":381,\"caption\":\"velesnails\"},\"image\":{\"@id\":\"https:\\\/\\\/velesnails.pl\\\/#\\\/schema\\\/logo\\\/image\\\/\"}}]}<\/script>\n<!-- \/ Yoast SEO plugin. -->","yoast_head_json":{"title":"Cyrkonie do paznokci szklane C-6 Crystal AB mix rozmiar\u00f3w ok.1440szt paczka - velesnails","robots":{"index":"index","follow":"follow","max-snippet":"max-snippet:-1","max-image-preview":"max-image-preview:large","max-video-preview":"max-video-preview:-1"},"canonical":"https:\/\/velesnails.pl\/en\/product\/cyrkonie-do-paznokci-szklane-c-6-crystal-ab-mix-rozmiarow-ok-1440szt-paczka\/","og_locale":"en_GB","og_type":"article","og_title":"Cyrkonie do paznokci szklane C-6 Crystal AB mix rozmiar\u00f3w ok.1440szt paczka - velesnails","og_description":"Cudne cyrkonie w sze\u015bciu rozmiarach. Ka\u017cdy rozmiar zamykany w osobnej plastikowej przegrodzie. Przeznaczone do r\u00f3\u017cnych metod zdobie\u0144 paznokci, \u015bwietnie sprawdz\u0105 si\u0119 na paznokciach \u017celowych, akrylowych oraz lakierach hybrydowych. Cyrkonie mo\u017cna nak\u0142ada\u0107 na naturalny paznokie\u0107, mokry lakier klasyczny, lakier hybrydowy. Mo\u017cna te\u017c je zatapia\u0107 w \u017celu UV lub w masie akrylowej. Efektowne wzory uzyskuje si\u0119 \u0142\u0105cz\u0105c [&hellip;]","og_url":"https:\/\/velesnails.pl\/en\/product\/cyrkonie-do-paznokci-szklane-c-6-crystal-ab-mix-rozmiarow-ok-1440szt-paczka\/","og_site_name":"velesnails","article_modified_time":"2024-07-23T13:54:22+00:00","og_image":[{"width":500,"height":454,"url":"https:\/\/i0.wp.com\/velesnails.pl\/wp-content\/uploads\/2024\/07\/Cyrkonie-C-6-Crystal-AB.jpg?fit=500%2C454&ssl=1","type":"image\/jpeg"}],"twitter_card":"summary_large_image","schema":{"@context":"https:\/\/schema.org","@graph":[{"@type":"WebPage","@id":"https:\/\/velesnails.pl\/product\/cyrkonie-do-paznokci-szklane-c-6-crystal-ab-mix-rozmiarow-ok-1440szt-paczka\/","url":"https:\/\/velesnails.pl\/product\/cyrkonie-do-paznokci-szklane-c-6-crystal-ab-mix-rozmiarow-ok-1440szt-paczka\/","name":"Cyrkonie do paznokci szklane C-6 Crystal AB mix rozmiar\u00f3w ok.1440szt paczka - velesnails","isPartOf":{"@id":"https:\/\/velesnails.pl\/#website"},"primaryImageOfPage":{"@id":"https:\/\/velesnails.pl\/product\/cyrkonie-do-paznokci-szklane-c-6-crystal-ab-mix-rozmiarow-ok-1440szt-paczka\/#primaryimage"},"image":{"@id":"https:\/\/velesnails.pl\/product\/cyrkonie-do-paznokci-szklane-c-6-crystal-ab-mix-rozmiarow-ok-1440szt-paczka\/#primaryimage"},"thumbnailUrl":"https:\/\/i0.wp.com\/velesnails.pl\/wp-content\/uploads\/2024\/07\/Cyrkonie-C-6-Crystal-AB.jpg?fit=500%2C454&ssl=1","datePublished":"2024-07-23T13:54:18+00:00","dateModified":"2024-07-23T13:54:22+00:00","breadcrumb":{"@id":"https:\/\/velesnails.pl\/product\/cyrkonie-do-paznokci-szklane-c-6-crystal-ab-mix-rozmiarow-ok-1440szt-paczka\/#breadcrumb"},"inLanguage":"en-GB","potentialAction":[{"@type":"ReadAction","target":["https:\/\/velesnails.pl\/product\/cyrkonie-do-paznokci-szklane-c-6-crystal-ab-mix-rozmiarow-ok-1440szt-paczka\/"]}]},{"@type":"ImageObject","inLanguage":"en-GB","@id":"https:\/\/velesnails.pl\/product\/cyrkonie-do-paznokci-szklane-c-6-crystal-ab-mix-rozmiarow-ok-1440szt-paczka\/#primaryimage","url":"https:\/\/i0.wp.com\/velesnails.pl\/wp-content\/uploads\/2024\/07\/Cyrkonie-C-6-Crystal-AB.jpg?fit=500%2C454&ssl=1","contentUrl":"https:\/\/i0.wp.com\/velesnails.pl\/wp-content\/uploads\/2024\/07\/Cyrkonie-C-6-Crystal-AB.jpg?fit=500%2C454&ssl=1","width":500,"height":454},{"@type":"BreadcrumbList","@id":"https:\/\/velesnails.pl\/product\/cyrkonie-do-paznokci-szklane-c-6-crystal-ab-mix-rozmiarow-ok-1440szt-paczka\/#breadcrumb","itemListElement":[{"@type":"ListItem","position":1,"name":"\u0413\u043e\u043b\u043e\u0432\u043d\u0430","item":"https:\/\/velesnails.pl\/"},{"@type":"ListItem","position":2,"name":"Sklep","item":"https:\/\/velesnails.pl\/shop\/"},{"@type":"ListItem","position":3,"name":"Cyrkonie do paznokci szklane C-6 Crystal AB mix rozmiar\u00f3w ok.1440szt paczka"}]},{"@type":"WebSite","@id":"https:\/\/velesnails.pl\/#website","url":"https:\/\/velesnails.pl\/","name":"velesnails","description":"Manicure shop","publisher":{"@id":"https:\/\/velesnails.pl\/#organization"},"potentialAction":[{"@type":"SearchAction","target":{"@type":"EntryPoint","urlTemplate":"https:\/\/velesnails.pl\/?s={search_term_string}"},"query-input":{"@type":"PropertyValueSpecification","valueRequired":true,"valueName":"search_term_string"}}],"inLanguage":"en-GB"},{"@type":"Organization","@id":"https:\/\/velesnails.pl\/#organization","name":"velesnails","url":"https:\/\/velesnails.pl\/","logo":{"@type":"ImageObject","inLanguage":"en-GB","@id":"https:\/\/velesnails.pl\/#\/schema\/logo\/image\/","url":"https:\/\/i0.wp.com\/velesnails.pl\/wp-content\/uploads\/2025\/10\/cropped-obraz_viber_2025-10-22_13-55-55-969.jpg?fit=485%2C381&ssl=1","contentUrl":"https:\/\/i0.wp.com\/velesnails.pl\/wp-content\/uploads\/2025\/10\/cropped-obraz_viber_2025-10-22_13-55-55-969.jpg?fit=485%2C381&ssl=1","width":485,"height":381,"caption":"velesnails"},"image":{"@id":"https:\/\/velesnails.pl\/#\/schema\/logo\/image\/"}}]}},"_links":{"self":[{"href":"https:\/\/velesnails.pl\/en\/wp-json\/wp\/v2\/product\/2799","targetHints":{"allow":["GET"]}}],"collection":[{"href":"https:\/\/velesnails.pl\/en\/wp-json\/wp\/v2\/product"}],"about":[{"href":"https:\/\/velesnails.pl\/en\/wp-json\/wp\/v2\/types\/product"}],"replies":[{"embeddable":true,"href":"https:\/\/velesnails.pl\/en\/wp-json\/wp\/v2\/comments?post=2799"}],"wp:featuredmedia":[{"embeddable":true,"href":"https:\/\/velesnails.pl\/en\/wp-json\/wp\/v2\/media\/2796"}],"wp:attachment":[{"href":"https:\/\/velesnails.pl\/en\/wp-json\/wp\/v2\/media?parent=2799"}],"wp:term":[{"taxonomy":"product_brand","embeddable":true,"href":"https:\/\/velesnails.pl\/en\/wp-json\/wp\/v2\/product_brand?post=2799"},{"taxonomy":"product_cat","embeddable":true,"href":"https:\/\/velesnails.pl\/en\/wp-json\/wp\/v2\/product_cat?post=2799"},{"taxonomy":"product_tag","embeddable":true,"href":"https:\/\/velesnails.pl\/en\/wp-json\/wp\/v2\/product_tag?post=2799"}],"curies":[{"name":"wp","href":"https:\/\/api.w.org\/{rel}","templated":true}]}}