{"id":2745,"date":"2024-07-23T14:40:05","date_gmt":"2024-07-23T11:40:05","guid":{"rendered":"https:\/\/velesnails.loc\/?post_type=product&#038;p=2745"},"modified":"2025-07-22T15:17:46","modified_gmt":"2025-07-22T12:17:46","slug":"mollylac-lakier-do-stempli-i-stampingu-czerwony-10ml-nr-5","status":"publish","type":"product","link":"https:\/\/velesnails.pl\/en\/product\/mollylac-lakier-do-stempli-i-stampingu-czerwony-10ml-nr-5\/","title":{"rendered":"MollyLac Lakier do stempli i stampingu czerwony 10ml Nr 5"},"content":{"rendered":"<p class=\"western\" align=\"left\">Wyj\u0105tkowa kolekcja klasycznych lakier\u00f3w do paznokci, kt\u00f3re nie wymagaj\u0105 utwardzania w lampie. Je\u015bli nie lubisz tworzy\u0107 misternych wzor\u00f3w a pasjonujesz si\u0119 pi\u0119knymi stylizacjami &#8211; pokochasz stamping! \u015awietna jako\u015b\u0107, mocna pigmentacja, unikalna kolorystyka. Odbijaj nawet najmniejsze detale i tw\u00f3rz ma\u0142e dzie\u0142a sztuki \u0142\u0105cz\u0105c ze sob\u0105 r\u00f3\u017cne wzory i kolory.<\/p>\n<p class=\"western\" align=\"left\">Stamping jeszcze nigdy nie by\u0142 tak \u0142atwy i przyjemny! Mocne krycie koloru i kremowa konsystencja zapewni\u0105 komfort pracy a g\u0119sta i \u015brednio schn\u0105ca formu\u0142a zapewni\u0105 szybko\u015b\u0107 Twojej pracy. Idealnie rozprowadzaj\u0105 si\u0119 na p\u0142ytce nie tworz\u0105c smug i zaciek\u00f3w. Unikalny sk\u0142ad sprawia, \u017ce wz\u00f3r po przeniesieniu na paznokie\u0107 szybko wysycha dzi\u0119ki czemu Tw\u00f3j wz\u00f3r nie b\u0119dzie si\u0119 rozmazywa\u0142 i przemieszcza\u0142! Szybkie i efektowne zdobienia w zasi\u0119gu Twojej r\u0119ki.<\/p>\n<p class=\"western\" align=\"left\">Spos\u00f3b u\u017cycia:<\/p>\n<p class=\"western\" align=\"left\">-Wybrany wz\u00f3r na blaszce do stempli lub p\u0142ytce pokryj lakierem do stempli.<\/p>\n<p class=\"western\" align=\"left\">-Zdrapk\u0105 zetrzyj nadmiar lakieru nie dociskaj\u0105c zbyt mocno do powierzchni.<\/p>\n<p class=\"western\" align=\"left\">-Bardzo sprawnie do\u0142\u00f3\u017c najlepiej silikonowy stempel do p\u0142ytki z wzorem i natychmiast na\u0142\u00f3\u017c ca\u0142o\u015b\u0107 na wybrany paznokie\u0107.<\/p>\n<p class=\"western\" align=\"left\">-Aby zabezpieczy\u0107 stylizacj\u0119 pokryj ca\u0142y paznokie\u0107 bezbarwnym lakierem \/ topem.<\/p>\n<p class=\"western\" align=\"left\">Sk\u0142ad: Butyl Acetate, Ethyl Acetate, Nitrocellulose, Adipic Acid\/Neopentyl Glycol\/Trimellitic Anhydride Copolymer, Isopropyl Alcohol, Acetyl Tributyl Citrate, Dipropylene Glycol Dibenzoate, Acrylates Copolymer, Tosylamide\/Epoxy Resin, Adipic Acid FumaricAcid\/Tricyclodecane Dimethanol Copolymer, Stearalkonium Bentonite, Silica, Phosphoric Acid, Aqua, Tin Oxide, Synthetic Fluorphlogopite, Mica, [+\/-] CI 12085, CI 77891, CI 15880, CI 77491, CI 42090, CI 73360, CI 77510, CI 77288, CI 77742, CI 19140, CI 15850, CI 77499, CI 60725, CI 77000, CI 45410, CI 77007.<\/p>\n<p class=\"western\" align=\"left\">Ostrze\u017cenia:<\/p>\n<p class=\"western\" align=\"left\">-Produkt tylko do u\u017cytku profesjonalnego.<\/p>\n<p class=\"western\" align=\"left\">-Chroni\u0107 przed dzie\u0107mi.<\/p>\n<p class=\"western\" align=\"left\">-Mo\u017ce powodowa\u0107 reakcj\u0119 alergiczn\u0105.<\/p>\n<p class=\"western\" align=\"left\">-Prosz\u0119 uwa\u017cnie przeczyta\u0107 spos\u00f3b u\u017cycia.<\/p>\n","protected":false},"excerpt":{"rendered":"<p>Wyj\u0105tkowa kolekcja klasycznych lakier\u00f3w do paznokci, kt\u00f3re nie wymagaj\u0105 utwardzania w lampie. Je\u015bli nie lubisz tworzy\u0107 misternych wzor\u00f3w a pasjonujesz si\u0119 pi\u0119knymi stylizacjami &#8211; pokochasz stamping! \u015awietna jako\u015b\u0107, mocna pigmentacja, unikalna kolorystyka. Odbijaj nawet najmniejsze detale i tw\u00f3rz ma\u0142e dzie\u0142a sztuki \u0142\u0105cz\u0105c ze sob\u0105 r\u00f3\u017cne wzory i kolory. Stamping jeszcze nigdy nie by\u0142 tak \u0142atwy [&hellip;]<\/p>\n","protected":false},"featured_media":2746,"comment_status":"open","ping_status":"closed","template":"","meta":{"om_disable_all_campaigns":false,"ocean_post_layout":"","ocean_both_sidebars_style":"","ocean_both_sidebars_content_width":0,"ocean_both_sidebars_sidebars_width":0,"ocean_sidebar":"0","ocean_second_sidebar":"0","ocean_disable_margins":"enable","ocean_add_body_class":"","ocean_shortcode_before_top_bar":"","ocean_shortcode_after_top_bar":"","ocean_shortcode_before_header":"","ocean_shortcode_after_header":"","ocean_has_shortcode":"","ocean_shortcode_after_title":"","ocean_shortcode_before_footer_widgets":"","ocean_shortcode_after_footer_widgets":"","ocean_shortcode_before_footer_bottom":"","ocean_shortcode_after_footer_bottom":"","ocean_display_top_bar":"default","ocean_display_header":"default","ocean_header_style":"","ocean_center_header_left_menu":"0","ocean_custom_header_template":"0","ocean_custom_logo":0,"ocean_custom_retina_logo":0,"ocean_custom_logo_max_width":0,"ocean_custom_logo_tablet_max_width":0,"ocean_custom_logo_mobile_max_width":0,"ocean_custom_logo_max_height":0,"ocean_custom_logo_tablet_max_height":0,"ocean_custom_logo_mobile_max_height":0,"ocean_header_custom_menu":"0","ocean_menu_typo_font_family":"0","ocean_menu_typo_font_subset":"","ocean_menu_typo_font_size":0,"ocean_menu_typo_font_size_tablet":0,"ocean_menu_typo_font_size_mobile":0,"ocean_menu_typo_font_size_unit":"px","ocean_menu_typo_font_weight":"","ocean_menu_typo_font_weight_tablet":"","ocean_menu_typo_font_weight_mobile":"","ocean_menu_typo_transform":"","ocean_menu_typo_transform_tablet":"","ocean_menu_typo_transform_mobile":"","ocean_menu_typo_line_height":0,"ocean_menu_typo_line_height_tablet":0,"ocean_menu_typo_line_height_mobile":0,"ocean_menu_typo_line_height_unit":"","ocean_menu_typo_spacing":0,"ocean_menu_typo_spacing_tablet":0,"ocean_menu_typo_spacing_mobile":0,"ocean_menu_typo_spacing_unit":"","ocean_menu_link_color":"","ocean_menu_link_color_hover":"","ocean_menu_link_color_active":"","ocean_menu_link_background":"","ocean_menu_link_hover_background":"","ocean_menu_link_active_background":"","ocean_menu_social_links_bg":"","ocean_menu_social_hover_links_bg":"","ocean_menu_social_links_color":"","ocean_menu_social_hover_links_color":"","ocean_disable_title":"default","ocean_disable_heading":"default","ocean_post_title":"","ocean_post_subheading":"","ocean_post_title_style":"","ocean_post_title_background_color":"","ocean_post_title_background":0,"ocean_post_title_bg_image_position":"","ocean_post_title_bg_image_attachment":"","ocean_post_title_bg_image_repeat":"","ocean_post_title_bg_image_size":"","ocean_post_title_height":0,"ocean_post_title_bg_overlay":0.5,"ocean_post_title_bg_overlay_color":"","ocean_disable_breadcrumbs":"default","ocean_breadcrumbs_color":"","ocean_breadcrumbs_separator_color":"","ocean_breadcrumbs_links_color":"","ocean_breadcrumbs_links_hover_color":"","ocean_display_footer_widgets":"default","ocean_display_footer_bottom":"default","ocean_custom_footer_template":"0"},"product_brand":[],"product_cat":[176,189,125,110,129],"product_tag":[],"class_list":{"0":"post-2745","1":"product","2":"type-product","3":"status-publish","4":"has-post-thumbnail","6":"product_cat-marki","7":"product_cat-molly-lac-1","8":"product_cat-nail-art","9":"product_cat-paznokcie","10":"product_cat-stamping","12":"entry","13":"has-media","15":"first","16":"instock","17":"taxable","18":"shipping-taxable","19":"purchasable","20":"product-type-simple","21":"has-product-nav","22":"col","23":"span_1_of_3","24":"owp-content-center","25":"owp-thumbs-layout-horizontal","26":"owp-btn-normal","27":"owp-tabs-layout-horizontal","28":"has-no-thumbnails"},"yoast_head":"<!-- This site is optimized with the Yoast SEO plugin v27.6 - https:\/\/yoast.com\/product\/yoast-seo-wordpress\/ -->\n<title>MollyLac Lakier do stempli i stampingu czerwony 10ml Nr 5 - velesnails<\/title>\n<meta name=\"robots\" content=\"index, follow, max-snippet:-1, max-image-preview:large, max-video-preview:-1\" \/>\n<link rel=\"canonical\" href=\"https:\/\/velesnails.pl\/en\/product\/mollylac-lakier-do-stempli-i-stampingu-czerwony-10ml-nr-5\/\" \/>\n<meta property=\"og:locale\" content=\"en_GB\" \/>\n<meta property=\"og:type\" content=\"article\" \/>\n<meta property=\"og:title\" content=\"MollyLac Lakier do stempli i stampingu czerwony 10ml Nr 5 - velesnails\" \/>\n<meta property=\"og:description\" content=\"Wyj\u0105tkowa kolekcja klasycznych lakier\u00f3w do paznokci, kt\u00f3re nie wymagaj\u0105 utwardzania w lampie. Je\u015bli nie lubisz tworzy\u0107 misternych wzor\u00f3w a pasjonujesz si\u0119 pi\u0119knymi stylizacjami &#8211; pokochasz stamping! \u015awietna jako\u015b\u0107, mocna pigmentacja, unikalna kolorystyka. Odbijaj nawet najmniejsze detale i tw\u00f3rz ma\u0142e dzie\u0142a sztuki \u0142\u0105cz\u0105c ze sob\u0105 r\u00f3\u017cne wzory i kolory. Stamping jeszcze nigdy nie by\u0142 tak \u0142atwy [&hellip;]\" \/>\n<meta property=\"og:url\" content=\"https:\/\/velesnails.pl\/en\/product\/mollylac-lakier-do-stempli-i-stampingu-czerwony-10ml-nr-5\/\" \/>\n<meta property=\"og:site_name\" content=\"velesnails\" \/>\n<meta property=\"article:modified_time\" content=\"2025-07-22T12:17:46+00:00\" \/>\n<meta property=\"og:image\" content=\"https:\/\/i0.wp.com\/velesnails.pl\/wp-content\/uploads\/2024\/07\/MollyLac-zielony-10ml-Nr-5.jpg?fit=500%2C492&ssl=1\" \/>\n\t<meta property=\"og:image:width\" content=\"500\" \/>\n\t<meta property=\"og:image:height\" content=\"492\" \/>\n\t<meta property=\"og:image:type\" content=\"image\/jpeg\" \/>\n<meta name=\"twitter:card\" content=\"summary_large_image\" \/>\n<meta name=\"twitter:label1\" content=\"Estimated reading time\" \/>\n\t<meta name=\"twitter:data1\" content=\"1 minute\" \/>\n<script type=\"application\/ld+json\" class=\"yoast-schema-graph\">{\"@context\":\"https:\\\/\\\/schema.org\",\"@graph\":[{\"@type\":\"WebPage\",\"@id\":\"https:\\\/\\\/velesnails.pl\\\/product\\\/mollylac-lakier-do-stempli-i-stampingu-czerwony-10ml-nr-5\\\/\",\"url\":\"https:\\\/\\\/velesnails.pl\\\/product\\\/mollylac-lakier-do-stempli-i-stampingu-czerwony-10ml-nr-5\\\/\",\"name\":\"MollyLac Lakier do stempli i stampingu czerwony 10ml Nr 5 - velesnails\",\"isPartOf\":{\"@id\":\"https:\\\/\\\/velesnails.pl\\\/#website\"},\"primaryImageOfPage\":{\"@id\":\"https:\\\/\\\/velesnails.pl\\\/product\\\/mollylac-lakier-do-stempli-i-stampingu-czerwony-10ml-nr-5\\\/#primaryimage\"},\"image\":{\"@id\":\"https:\\\/\\\/velesnails.pl\\\/product\\\/mollylac-lakier-do-stempli-i-stampingu-czerwony-10ml-nr-5\\\/#primaryimage\"},\"thumbnailUrl\":\"https:\\\/\\\/i0.wp.com\\\/velesnails.pl\\\/wp-content\\\/uploads\\\/2024\\\/07\\\/MollyLac-zielony-10ml-Nr-5.jpg?fit=500%2C492&ssl=1\",\"datePublished\":\"2024-07-23T11:40:05+00:00\",\"dateModified\":\"2025-07-22T12:17:46+00:00\",\"breadcrumb\":{\"@id\":\"https:\\\/\\\/velesnails.pl\\\/product\\\/mollylac-lakier-do-stempli-i-stampingu-czerwony-10ml-nr-5\\\/#breadcrumb\"},\"inLanguage\":\"en-GB\",\"potentialAction\":[{\"@type\":\"ReadAction\",\"target\":[\"https:\\\/\\\/velesnails.pl\\\/product\\\/mollylac-lakier-do-stempli-i-stampingu-czerwony-10ml-nr-5\\\/\"]}]},{\"@type\":\"ImageObject\",\"inLanguage\":\"en-GB\",\"@id\":\"https:\\\/\\\/velesnails.pl\\\/product\\\/mollylac-lakier-do-stempli-i-stampingu-czerwony-10ml-nr-5\\\/#primaryimage\",\"url\":\"https:\\\/\\\/i0.wp.com\\\/velesnails.pl\\\/wp-content\\\/uploads\\\/2024\\\/07\\\/MollyLac-zielony-10ml-Nr-5.jpg?fit=500%2C492&ssl=1\",\"contentUrl\":\"https:\\\/\\\/i0.wp.com\\\/velesnails.pl\\\/wp-content\\\/uploads\\\/2024\\\/07\\\/MollyLac-zielony-10ml-Nr-5.jpg?fit=500%2C492&ssl=1\",\"width\":500,\"height\":492},{\"@type\":\"BreadcrumbList\",\"@id\":\"https:\\\/\\\/velesnails.pl\\\/product\\\/mollylac-lakier-do-stempli-i-stampingu-czerwony-10ml-nr-5\\\/#breadcrumb\",\"itemListElement\":[{\"@type\":\"ListItem\",\"position\":1,\"name\":\"\u0413\u043e\u043b\u043e\u0432\u043d\u0430\",\"item\":\"https:\\\/\\\/velesnails.pl\\\/\"},{\"@type\":\"ListItem\",\"position\":2,\"name\":\"Sklep\",\"item\":\"https:\\\/\\\/velesnails.pl\\\/shop\\\/\"},{\"@type\":\"ListItem\",\"position\":3,\"name\":\"MollyLac Lakier do stempli i stampingu czerwony 10ml Nr 5\"}]},{\"@type\":\"WebSite\",\"@id\":\"https:\\\/\\\/velesnails.pl\\\/#website\",\"url\":\"https:\\\/\\\/velesnails.pl\\\/\",\"name\":\"velesnails\",\"description\":\"Sklep z manicure\",\"publisher\":{\"@id\":\"https:\\\/\\\/velesnails.pl\\\/#organization\"},\"potentialAction\":[{\"@type\":\"SearchAction\",\"target\":{\"@type\":\"EntryPoint\",\"urlTemplate\":\"https:\\\/\\\/velesnails.pl\\\/?s={search_term_string}\"},\"query-input\":{\"@type\":\"PropertyValueSpecification\",\"valueRequired\":true,\"valueName\":\"search_term_string\"}}],\"inLanguage\":\"en-GB\"},{\"@type\":\"Organization\",\"@id\":\"https:\\\/\\\/velesnails.pl\\\/#organization\",\"name\":\"velesnails\",\"url\":\"https:\\\/\\\/velesnails.pl\\\/\",\"logo\":{\"@type\":\"ImageObject\",\"inLanguage\":\"en-GB\",\"@id\":\"https:\\\/\\\/velesnails.pl\\\/#\\\/schema\\\/logo\\\/image\\\/\",\"url\":\"https:\\\/\\\/i0.wp.com\\\/velesnails.pl\\\/wp-content\\\/uploads\\\/2025\\\/10\\\/cropped-obraz_viber_2025-10-22_13-55-55-969.jpg?fit=485%2C381&ssl=1\",\"contentUrl\":\"https:\\\/\\\/i0.wp.com\\\/velesnails.pl\\\/wp-content\\\/uploads\\\/2025\\\/10\\\/cropped-obraz_viber_2025-10-22_13-55-55-969.jpg?fit=485%2C381&ssl=1\",\"width\":485,\"height\":381,\"caption\":\"velesnails\"},\"image\":{\"@id\":\"https:\\\/\\\/velesnails.pl\\\/#\\\/schema\\\/logo\\\/image\\\/\"}}]}<\/script>\n<!-- \/ Yoast SEO plugin. -->","yoast_head_json":{"title":"MollyLac Lakier do stempli i stampingu czerwony 10ml Nr 5 - velesnails","robots":{"index":"index","follow":"follow","max-snippet":"max-snippet:-1","max-image-preview":"max-image-preview:large","max-video-preview":"max-video-preview:-1"},"canonical":"https:\/\/velesnails.pl\/en\/product\/mollylac-lakier-do-stempli-i-stampingu-czerwony-10ml-nr-5\/","og_locale":"en_GB","og_type":"article","og_title":"MollyLac Lakier do stempli i stampingu czerwony 10ml Nr 5 - velesnails","og_description":"Wyj\u0105tkowa kolekcja klasycznych lakier\u00f3w do paznokci, kt\u00f3re nie wymagaj\u0105 utwardzania w lampie. Je\u015bli nie lubisz tworzy\u0107 misternych wzor\u00f3w a pasjonujesz si\u0119 pi\u0119knymi stylizacjami &#8211; pokochasz stamping! \u015awietna jako\u015b\u0107, mocna pigmentacja, unikalna kolorystyka. Odbijaj nawet najmniejsze detale i tw\u00f3rz ma\u0142e dzie\u0142a sztuki \u0142\u0105cz\u0105c ze sob\u0105 r\u00f3\u017cne wzory i kolory. Stamping jeszcze nigdy nie by\u0142 tak \u0142atwy [&hellip;]","og_url":"https:\/\/velesnails.pl\/en\/product\/mollylac-lakier-do-stempli-i-stampingu-czerwony-10ml-nr-5\/","og_site_name":"velesnails","article_modified_time":"2025-07-22T12:17:46+00:00","og_image":[{"width":500,"height":492,"url":"https:\/\/i0.wp.com\/velesnails.pl\/wp-content\/uploads\/2024\/07\/MollyLac-zielony-10ml-Nr-5.jpg?fit=500%2C492&ssl=1","type":"image\/jpeg"}],"twitter_card":"summary_large_image","twitter_misc":{"Estimated reading time":"1 minute"},"schema":{"@context":"https:\/\/schema.org","@graph":[{"@type":"WebPage","@id":"https:\/\/velesnails.pl\/product\/mollylac-lakier-do-stempli-i-stampingu-czerwony-10ml-nr-5\/","url":"https:\/\/velesnails.pl\/product\/mollylac-lakier-do-stempli-i-stampingu-czerwony-10ml-nr-5\/","name":"MollyLac Lakier do stempli i stampingu czerwony 10ml Nr 5 - velesnails","isPartOf":{"@id":"https:\/\/velesnails.pl\/#website"},"primaryImageOfPage":{"@id":"https:\/\/velesnails.pl\/product\/mollylac-lakier-do-stempli-i-stampingu-czerwony-10ml-nr-5\/#primaryimage"},"image":{"@id":"https:\/\/velesnails.pl\/product\/mollylac-lakier-do-stempli-i-stampingu-czerwony-10ml-nr-5\/#primaryimage"},"thumbnailUrl":"https:\/\/i0.wp.com\/velesnails.pl\/wp-content\/uploads\/2024\/07\/MollyLac-zielony-10ml-Nr-5.jpg?fit=500%2C492&ssl=1","datePublished":"2024-07-23T11:40:05+00:00","dateModified":"2025-07-22T12:17:46+00:00","breadcrumb":{"@id":"https:\/\/velesnails.pl\/product\/mollylac-lakier-do-stempli-i-stampingu-czerwony-10ml-nr-5\/#breadcrumb"},"inLanguage":"en-GB","potentialAction":[{"@type":"ReadAction","target":["https:\/\/velesnails.pl\/product\/mollylac-lakier-do-stempli-i-stampingu-czerwony-10ml-nr-5\/"]}]},{"@type":"ImageObject","inLanguage":"en-GB","@id":"https:\/\/velesnails.pl\/product\/mollylac-lakier-do-stempli-i-stampingu-czerwony-10ml-nr-5\/#primaryimage","url":"https:\/\/i0.wp.com\/velesnails.pl\/wp-content\/uploads\/2024\/07\/MollyLac-zielony-10ml-Nr-5.jpg?fit=500%2C492&ssl=1","contentUrl":"https:\/\/i0.wp.com\/velesnails.pl\/wp-content\/uploads\/2024\/07\/MollyLac-zielony-10ml-Nr-5.jpg?fit=500%2C492&ssl=1","width":500,"height":492},{"@type":"BreadcrumbList","@id":"https:\/\/velesnails.pl\/product\/mollylac-lakier-do-stempli-i-stampingu-czerwony-10ml-nr-5\/#breadcrumb","itemListElement":[{"@type":"ListItem","position":1,"name":"\u0413\u043e\u043b\u043e\u0432\u043d\u0430","item":"https:\/\/velesnails.pl\/"},{"@type":"ListItem","position":2,"name":"Sklep","item":"https:\/\/velesnails.pl\/shop\/"},{"@type":"ListItem","position":3,"name":"MollyLac Lakier do stempli i stampingu czerwony 10ml Nr 5"}]},{"@type":"WebSite","@id":"https:\/\/velesnails.pl\/#website","url":"https:\/\/velesnails.pl\/","name":"velesnails","description":"Manicure shop","publisher":{"@id":"https:\/\/velesnails.pl\/#organization"},"potentialAction":[{"@type":"SearchAction","target":{"@type":"EntryPoint","urlTemplate":"https:\/\/velesnails.pl\/?s={search_term_string}"},"query-input":{"@type":"PropertyValueSpecification","valueRequired":true,"valueName":"search_term_string"}}],"inLanguage":"en-GB"},{"@type":"Organization","@id":"https:\/\/velesnails.pl\/#organization","name":"velesnails","url":"https:\/\/velesnails.pl\/","logo":{"@type":"ImageObject","inLanguage":"en-GB","@id":"https:\/\/velesnails.pl\/#\/schema\/logo\/image\/","url":"https:\/\/i0.wp.com\/velesnails.pl\/wp-content\/uploads\/2025\/10\/cropped-obraz_viber_2025-10-22_13-55-55-969.jpg?fit=485%2C381&ssl=1","contentUrl":"https:\/\/i0.wp.com\/velesnails.pl\/wp-content\/uploads\/2025\/10\/cropped-obraz_viber_2025-10-22_13-55-55-969.jpg?fit=485%2C381&ssl=1","width":485,"height":381,"caption":"velesnails"},"image":{"@id":"https:\/\/velesnails.pl\/#\/schema\/logo\/image\/"}}]}},"_links":{"self":[{"href":"https:\/\/velesnails.pl\/en\/wp-json\/wp\/v2\/product\/2745","targetHints":{"allow":["GET"]}}],"collection":[{"href":"https:\/\/velesnails.pl\/en\/wp-json\/wp\/v2\/product"}],"about":[{"href":"https:\/\/velesnails.pl\/en\/wp-json\/wp\/v2\/types\/product"}],"replies":[{"embeddable":true,"href":"https:\/\/velesnails.pl\/en\/wp-json\/wp\/v2\/comments?post=2745"}],"wp:featuredmedia":[{"embeddable":true,"href":"https:\/\/velesnails.pl\/en\/wp-json\/wp\/v2\/media\/2746"}],"wp:attachment":[{"href":"https:\/\/velesnails.pl\/en\/wp-json\/wp\/v2\/media?parent=2745"}],"wp:term":[{"taxonomy":"product_brand","embeddable":true,"href":"https:\/\/velesnails.pl\/en\/wp-json\/wp\/v2\/product_brand?post=2745"},{"taxonomy":"product_cat","embeddable":true,"href":"https:\/\/velesnails.pl\/en\/wp-json\/wp\/v2\/product_cat?post=2745"},{"taxonomy":"product_tag","embeddable":true,"href":"https:\/\/velesnails.pl\/en\/wp-json\/wp\/v2\/product_tag?post=2745"}],"curies":[{"name":"wp","href":"https:\/\/api.w.org\/{rel}","templated":true}]}}