{"id":2573,"date":"2024-07-22T15:23:30","date_gmt":"2024-07-22T12:23:30","guid":{"rendered":"https:\/\/velesnails.loc\/?post_type=product&#038;p=2573"},"modified":"2025-07-21T13:12:33","modified_gmt":"2025-07-21T10:12:33","slug":"akrylozel-do-przedluzania-paznokci-jeeliq-clavier-white-30g","status":"publish","type":"product","link":"https:\/\/velesnails.pl\/en\/product\/akrylozel-do-przedluzania-paznokci-jeeliq-clavier-white-30g\/","title":{"rendered":"Akrylo\u017cel do przed\u0142u\u017cania paznokci, JEELIQ Clavier White 30g"},"content":{"rendered":"<p class=\"western\" align=\"left\">Akrylo\u017cel pozwala na wzmacnianie naturalnej p\u0142ytki, tworzenie szkielet\u00f3w oraz budowanie poprawnych krzywizn. \u015awietnie radzi sobie r\u00f3wnie\u017c przy korygowaniu paznokci rosn\u0105cych w d\u00f3\u0142.<\/p>\n<p class=\"western\" align=\"left\">Za co pokochasz nasz akrylo\u017cel JEELIQ Clavier?<\/p>\n<p class=\"western\" align=\"left\">Cechy charakterystyczne akrylo\u017celu JELLIQ Clavier:<\/p>\n<p class=\"western\" align=\"left\">-Elastyczno\u015b\u0107: Dzi\u0119ki swej elastyczno\u015bci jest mniej podatny na p\u0119kanie, co sprawia, \u017ce paznokcie s\u0105 bardziej odporne na uszkodzenia mechaniczne.<\/p>\n<p class=\"western\" align=\"left\">-\u0141atwo\u015b\u0107 aplikacji: \u0141atwa aplikacja czyni go bardziej przyjaznym dla pocz\u0105tkuj\u0105cych stylistek paznokci. Mo\u017cna go r\u00f3wnie\u017c korzystnie stosowa\u0107 do tworzenia kszta\u0142t\u00f3w paznokci i r\u00f3\u017cnych efekt\u00f3w.<\/p>\n<p class=\"western\" align=\"left\">-Trwa\u0142o\u015b\u0107: Paznokcie wykonane z Akrylu \u017celu s\u0105 trwa\u0142e i mog\u0105 utrzyma\u0107 si\u0119 przez d\u0142ugi czas, podobnie jak paznokcie wykonane tradycyjnymi metodami. Jednak konieczne jest regularne uzupe\u0142nianie na paznokcie rosn\u0105ce, aby zachowa\u0107 estetyk\u0119.<\/p>\n<p class=\"western\" align=\"left\">-Bezproblemowe usuwanie: Akrylo\u017cel mo\u017cna usuwa\u0107 za pomoc\u0105 procesu znanego jako frezowanie lub wykorzystuj\u0105c specjalne produkty do usuwania \u017celu hybrydowego.<\/p>\n<p class=\"western\" align=\"left\">-Kolorowe opcje: Produkt dost\u0119pny jest w kilku kolorach, w tym przezroczystym (Clear), bia\u0142ym (White) i r\u00f3\u017cowym (Pink). To pozwala na nadanie paznokciom delikatnego koloru lub wyb\u00f3r odpowiedniego odcienia jako bazy do dalszej stylizacji.<\/p>\n<p class=\"western\" align=\"left\">Ingredients:<\/p>\n<p class=\"western\" align=\"left\">Acrylates Copolymer, Hydroxypropyl Methacrylate, Polymethyl Methacrylate, Cellulose Acetate Butyrate, Dimethicone, Microcrystalline Wax, Ethyl Trimethylbenzoyl Phenylophospinate, +\/-: CI 77491, CI 77492, CI 77981, CI 77007, CI 77266.<\/p>","protected":false},"excerpt":{"rendered":"<p>Akrylo\u017cel pozwala na wzmacnianie naturalnej p\u0142ytki, tworzenie szkielet\u00f3w oraz budowanie poprawnych krzywizn. \u015awietnie radzi sobie r\u00f3wnie\u017c przy korygowaniu paznokci rosn\u0105cych w d\u00f3\u0142. Za co pokochasz nasz akrylo\u017cel JEELIQ Clavier? Cechy charakterystyczne akrylo\u017celu JELLIQ Clavier: -Elastyczno\u015b\u0107: Dzi\u0119ki swej elastyczno\u015bci jest mniej podatny na p\u0119kanie, co sprawia, \u017ce paznokcie s\u0105 bardziej odporne na uszkodzenia mechaniczne. -\u0141atwo\u015b\u0107 aplikacji: [&hellip;]<\/p>\n","protected":false},"featured_media":2565,"comment_status":"open","ping_status":"closed","template":"","meta":{"om_disable_all_campaigns":false,"ocean_post_layout":"","ocean_both_sidebars_style":"","ocean_both_sidebars_content_width":0,"ocean_both_sidebars_sidebars_width":0,"ocean_sidebar":"0","ocean_second_sidebar":"0","ocean_disable_margins":"enable","ocean_add_body_class":"","ocean_shortcode_before_top_bar":"","ocean_shortcode_after_top_bar":"","ocean_shortcode_before_header":"","ocean_shortcode_after_header":"","ocean_has_shortcode":"","ocean_shortcode_after_title":"","ocean_shortcode_before_footer_widgets":"","ocean_shortcode_after_footer_widgets":"","ocean_shortcode_before_footer_bottom":"","ocean_shortcode_after_footer_bottom":"","ocean_display_top_bar":"default","ocean_display_header":"default","ocean_header_style":"","ocean_center_header_left_menu":"0","ocean_custom_header_template":"0","ocean_custom_logo":0,"ocean_custom_retina_logo":0,"ocean_custom_logo_max_width":0,"ocean_custom_logo_tablet_max_width":0,"ocean_custom_logo_mobile_max_width":0,"ocean_custom_logo_max_height":0,"ocean_custom_logo_tablet_max_height":0,"ocean_custom_logo_mobile_max_height":0,"ocean_header_custom_menu":"0","ocean_menu_typo_font_family":"0","ocean_menu_typo_font_subset":"","ocean_menu_typo_font_size":0,"ocean_menu_typo_font_size_tablet":0,"ocean_menu_typo_font_size_mobile":0,"ocean_menu_typo_font_size_unit":"px","ocean_menu_typo_font_weight":"","ocean_menu_typo_font_weight_tablet":"","ocean_menu_typo_font_weight_mobile":"","ocean_menu_typo_transform":"","ocean_menu_typo_transform_tablet":"","ocean_menu_typo_transform_mobile":"","ocean_menu_typo_line_height":0,"ocean_menu_typo_line_height_tablet":0,"ocean_menu_typo_line_height_mobile":0,"ocean_menu_typo_line_height_unit":"","ocean_menu_typo_spacing":0,"ocean_menu_typo_spacing_tablet":0,"ocean_menu_typo_spacing_mobile":0,"ocean_menu_typo_spacing_unit":"","ocean_menu_link_color":"","ocean_menu_link_color_hover":"","ocean_menu_link_color_active":"","ocean_menu_link_background":"","ocean_menu_link_hover_background":"","ocean_menu_link_active_background":"","ocean_menu_social_links_bg":"","ocean_menu_social_hover_links_bg":"","ocean_menu_social_links_color":"","ocean_menu_social_hover_links_color":"","ocean_disable_title":"default","ocean_disable_heading":"default","ocean_post_title":"","ocean_post_subheading":"","ocean_post_title_style":"","ocean_post_title_background_color":"","ocean_post_title_background":0,"ocean_post_title_bg_image_position":"","ocean_post_title_bg_image_attachment":"","ocean_post_title_bg_image_repeat":"","ocean_post_title_bg_image_size":"","ocean_post_title_height":0,"ocean_post_title_bg_overlay":0.5,"ocean_post_title_bg_overlay_color":"","ocean_disable_breadcrumbs":"default","ocean_breadcrumbs_color":"","ocean_breadcrumbs_separator_color":"","ocean_breadcrumbs_links_color":"","ocean_breadcrumbs_links_hover_color":"","ocean_display_footer_widgets":"default","ocean_display_footer_bottom":"default","ocean_custom_footer_template":"0"},"product_brand":[],"product_cat":[121,190,176,110,120],"product_tag":[],"class_list":{"0":"post-2573","1":"product","2":"type-product","3":"status-publish","4":"has-post-thumbnail","6":"product_cat-akrylozel-i-akryl","7":"product_cat-clavier-1","8":"product_cat-marki","9":"product_cat-paznokcie","10":"product_cat-zele-i-akryle","12":"entry","13":"has-media","15":"first","16":"outofstock","17":"taxable","18":"shipping-taxable","19":"purchasable","20":"product-type-simple","21":"has-product-nav","22":"col","23":"span_1_of_3","24":"owp-content-center","25":"owp-thumbs-layout-horizontal","26":"owp-btn-normal","27":"owp-tabs-layout-horizontal","28":"has-no-thumbnails"},"yoast_head":"<!-- This site is optimized with the Yoast SEO plugin v27.6 - https:\/\/yoast.com\/product\/yoast-seo-wordpress\/ -->\n<title>Akrylo\u017cel do przed\u0142u\u017cania paznokci, JEELIQ Clavier White 30g - velesnails<\/title>\n<meta name=\"robots\" content=\"index, follow, max-snippet:-1, max-image-preview:large, max-video-preview:-1\" \/>\n<link rel=\"canonical\" href=\"https:\/\/velesnails.pl\/en\/product\/akrylozel-do-przedluzania-paznokci-jeeliq-clavier-white-30g\/\" \/>\n<meta property=\"og:locale\" content=\"en_GB\" \/>\n<meta property=\"og:type\" content=\"article\" \/>\n<meta property=\"og:title\" content=\"Akrylo\u017cel do przed\u0142u\u017cania paznokci, JEELIQ Clavier White 30g - velesnails\" \/>\n<meta property=\"og:description\" content=\"Akrylo\u017cel pozwala na wzmacnianie naturalnej p\u0142ytki, tworzenie szkielet\u00f3w oraz budowanie poprawnych krzywizn. \u015awietnie radzi sobie r\u00f3wnie\u017c przy korygowaniu paznokci rosn\u0105cych w d\u00f3\u0142. Za co pokochasz nasz akrylo\u017cel JEELIQ Clavier? Cechy charakterystyczne akrylo\u017celu JELLIQ Clavier: -Elastyczno\u015b\u0107: Dzi\u0119ki swej elastyczno\u015bci jest mniej podatny na p\u0119kanie, co sprawia, \u017ce paznokcie s\u0105 bardziej odporne na uszkodzenia mechaniczne. -\u0141atwo\u015b\u0107 aplikacji: [&hellip;]\" \/>\n<meta property=\"og:url\" content=\"https:\/\/velesnails.pl\/en\/product\/akrylozel-do-przedluzania-paznokci-jeeliq-clavier-white-30g\/\" \/>\n<meta property=\"og:site_name\" content=\"velesnails\" \/>\n<meta property=\"article:modified_time\" content=\"2025-07-21T10:12:33+00:00\" \/>\n<meta property=\"og:image\" content=\"https:\/\/i0.wp.com\/velesnails.pl\/wp-content\/uploads\/2024\/07\/Clavier-White-30g.png?fit=838%2C848&ssl=1\" \/>\n\t<meta property=\"og:image:width\" content=\"838\" \/>\n\t<meta property=\"og:image:height\" content=\"848\" \/>\n\t<meta property=\"og:image:type\" content=\"image\/png\" \/>\n<meta name=\"twitter:card\" content=\"summary_large_image\" \/>\n<meta name=\"twitter:label1\" content=\"Estimated reading time\" \/>\n\t<meta name=\"twitter:data1\" content=\"1 minute\" \/>\n<script type=\"application\/ld+json\" class=\"yoast-schema-graph\">{\"@context\":\"https:\\\/\\\/schema.org\",\"@graph\":[{\"@type\":\"WebPage\",\"@id\":\"https:\\\/\\\/velesnails.pl\\\/product\\\/akrylozel-do-przedluzania-paznokci-jeeliq-clavier-white-30g\\\/\",\"url\":\"https:\\\/\\\/velesnails.pl\\\/product\\\/akrylozel-do-przedluzania-paznokci-jeeliq-clavier-white-30g\\\/\",\"name\":\"Akrylo\u017cel do przed\u0142u\u017cania paznokci, JEELIQ Clavier White 30g - velesnails\",\"isPartOf\":{\"@id\":\"https:\\\/\\\/velesnails.pl\\\/#website\"},\"primaryImageOfPage\":{\"@id\":\"https:\\\/\\\/velesnails.pl\\\/product\\\/akrylozel-do-przedluzania-paznokci-jeeliq-clavier-white-30g\\\/#primaryimage\"},\"image\":{\"@id\":\"https:\\\/\\\/velesnails.pl\\\/product\\\/akrylozel-do-przedluzania-paznokci-jeeliq-clavier-white-30g\\\/#primaryimage\"},\"thumbnailUrl\":\"https:\\\/\\\/i0.wp.com\\\/velesnails.pl\\\/wp-content\\\/uploads\\\/2024\\\/07\\\/Clavier-White-30g.png?fit=838%2C848&ssl=1\",\"datePublished\":\"2024-07-22T12:23:30+00:00\",\"dateModified\":\"2025-07-21T10:12:33+00:00\",\"breadcrumb\":{\"@id\":\"https:\\\/\\\/velesnails.pl\\\/product\\\/akrylozel-do-przedluzania-paznokci-jeeliq-clavier-white-30g\\\/#breadcrumb\"},\"inLanguage\":\"en-GB\",\"potentialAction\":[{\"@type\":\"ReadAction\",\"target\":[\"https:\\\/\\\/velesnails.pl\\\/product\\\/akrylozel-do-przedluzania-paznokci-jeeliq-clavier-white-30g\\\/\"]}]},{\"@type\":\"ImageObject\",\"inLanguage\":\"en-GB\",\"@id\":\"https:\\\/\\\/velesnails.pl\\\/product\\\/akrylozel-do-przedluzania-paznokci-jeeliq-clavier-white-30g\\\/#primaryimage\",\"url\":\"https:\\\/\\\/i0.wp.com\\\/velesnails.pl\\\/wp-content\\\/uploads\\\/2024\\\/07\\\/Clavier-White-30g.png?fit=838%2C848&ssl=1\",\"contentUrl\":\"https:\\\/\\\/i0.wp.com\\\/velesnails.pl\\\/wp-content\\\/uploads\\\/2024\\\/07\\\/Clavier-White-30g.png?fit=838%2C848&ssl=1\",\"width\":838,\"height\":848},{\"@type\":\"BreadcrumbList\",\"@id\":\"https:\\\/\\\/velesnails.pl\\\/product\\\/akrylozel-do-przedluzania-paznokci-jeeliq-clavier-white-30g\\\/#breadcrumb\",\"itemListElement\":[{\"@type\":\"ListItem\",\"position\":1,\"name\":\"\u0413\u043e\u043b\u043e\u0432\u043d\u0430\",\"item\":\"https:\\\/\\\/velesnails.pl\\\/\"},{\"@type\":\"ListItem\",\"position\":2,\"name\":\"Sklep\",\"item\":\"https:\\\/\\\/velesnails.pl\\\/shop\\\/\"},{\"@type\":\"ListItem\",\"position\":3,\"name\":\"Akrylo\u017cel do przed\u0142u\u017cania paznokci, JEELIQ Clavier White 30g\"}]},{\"@type\":\"WebSite\",\"@id\":\"https:\\\/\\\/velesnails.pl\\\/#website\",\"url\":\"https:\\\/\\\/velesnails.pl\\\/\",\"name\":\"velesnails\",\"description\":\"Sklep z manicure\",\"publisher\":{\"@id\":\"https:\\\/\\\/velesnails.pl\\\/#organization\"},\"potentialAction\":[{\"@type\":\"SearchAction\",\"target\":{\"@type\":\"EntryPoint\",\"urlTemplate\":\"https:\\\/\\\/velesnails.pl\\\/?s={search_term_string}\"},\"query-input\":{\"@type\":\"PropertyValueSpecification\",\"valueRequired\":true,\"valueName\":\"search_term_string\"}}],\"inLanguage\":\"en-GB\"},{\"@type\":\"Organization\",\"@id\":\"https:\\\/\\\/velesnails.pl\\\/#organization\",\"name\":\"velesnails\",\"url\":\"https:\\\/\\\/velesnails.pl\\\/\",\"logo\":{\"@type\":\"ImageObject\",\"inLanguage\":\"en-GB\",\"@id\":\"https:\\\/\\\/velesnails.pl\\\/#\\\/schema\\\/logo\\\/image\\\/\",\"url\":\"https:\\\/\\\/i0.wp.com\\\/velesnails.pl\\\/wp-content\\\/uploads\\\/2025\\\/10\\\/cropped-obraz_viber_2025-10-22_13-55-55-969.jpg?fit=485%2C381&ssl=1\",\"contentUrl\":\"https:\\\/\\\/i0.wp.com\\\/velesnails.pl\\\/wp-content\\\/uploads\\\/2025\\\/10\\\/cropped-obraz_viber_2025-10-22_13-55-55-969.jpg?fit=485%2C381&ssl=1\",\"width\":485,\"height\":381,\"caption\":\"velesnails\"},\"image\":{\"@id\":\"https:\\\/\\\/velesnails.pl\\\/#\\\/schema\\\/logo\\\/image\\\/\"}}]}<\/script>\n<!-- \/ Yoast SEO plugin. -->","yoast_head_json":{"title":"Akrylo\u017cel do przed\u0142u\u017cania paznokci, JEELIQ Clavier White 30g - velesnails","robots":{"index":"index","follow":"follow","max-snippet":"max-snippet:-1","max-image-preview":"max-image-preview:large","max-video-preview":"max-video-preview:-1"},"canonical":"https:\/\/velesnails.pl\/en\/product\/akrylozel-do-przedluzania-paznokci-jeeliq-clavier-white-30g\/","og_locale":"en_GB","og_type":"article","og_title":"Akrylo\u017cel do przed\u0142u\u017cania paznokci, JEELIQ Clavier White 30g - velesnails","og_description":"Akrylo\u017cel pozwala na wzmacnianie naturalnej p\u0142ytki, tworzenie szkielet\u00f3w oraz budowanie poprawnych krzywizn. \u015awietnie radzi sobie r\u00f3wnie\u017c przy korygowaniu paznokci rosn\u0105cych w d\u00f3\u0142. Za co pokochasz nasz akrylo\u017cel JEELIQ Clavier? Cechy charakterystyczne akrylo\u017celu JELLIQ Clavier: -Elastyczno\u015b\u0107: Dzi\u0119ki swej elastyczno\u015bci jest mniej podatny na p\u0119kanie, co sprawia, \u017ce paznokcie s\u0105 bardziej odporne na uszkodzenia mechaniczne. -\u0141atwo\u015b\u0107 aplikacji: [&hellip;]","og_url":"https:\/\/velesnails.pl\/en\/product\/akrylozel-do-przedluzania-paznokci-jeeliq-clavier-white-30g\/","og_site_name":"velesnails","article_modified_time":"2025-07-21T10:12:33+00:00","og_image":[{"width":838,"height":848,"url":"https:\/\/i0.wp.com\/velesnails.pl\/wp-content\/uploads\/2024\/07\/Clavier-White-30g.png?fit=838%2C848&ssl=1","type":"image\/png"}],"twitter_card":"summary_large_image","twitter_misc":{"Estimated reading time":"1 minute"},"schema":{"@context":"https:\/\/schema.org","@graph":[{"@type":"WebPage","@id":"https:\/\/velesnails.pl\/product\/akrylozel-do-przedluzania-paznokci-jeeliq-clavier-white-30g\/","url":"https:\/\/velesnails.pl\/product\/akrylozel-do-przedluzania-paznokci-jeeliq-clavier-white-30g\/","name":"Akrylo\u017cel do przed\u0142u\u017cania paznokci, JEELIQ Clavier White 30g - velesnails","isPartOf":{"@id":"https:\/\/velesnails.pl\/#website"},"primaryImageOfPage":{"@id":"https:\/\/velesnails.pl\/product\/akrylozel-do-przedluzania-paznokci-jeeliq-clavier-white-30g\/#primaryimage"},"image":{"@id":"https:\/\/velesnails.pl\/product\/akrylozel-do-przedluzania-paznokci-jeeliq-clavier-white-30g\/#primaryimage"},"thumbnailUrl":"https:\/\/i0.wp.com\/velesnails.pl\/wp-content\/uploads\/2024\/07\/Clavier-White-30g.png?fit=838%2C848&ssl=1","datePublished":"2024-07-22T12:23:30+00:00","dateModified":"2025-07-21T10:12:33+00:00","breadcrumb":{"@id":"https:\/\/velesnails.pl\/product\/akrylozel-do-przedluzania-paznokci-jeeliq-clavier-white-30g\/#breadcrumb"},"inLanguage":"en-GB","potentialAction":[{"@type":"ReadAction","target":["https:\/\/velesnails.pl\/product\/akrylozel-do-przedluzania-paznokci-jeeliq-clavier-white-30g\/"]}]},{"@type":"ImageObject","inLanguage":"en-GB","@id":"https:\/\/velesnails.pl\/product\/akrylozel-do-przedluzania-paznokci-jeeliq-clavier-white-30g\/#primaryimage","url":"https:\/\/i0.wp.com\/velesnails.pl\/wp-content\/uploads\/2024\/07\/Clavier-White-30g.png?fit=838%2C848&ssl=1","contentUrl":"https:\/\/i0.wp.com\/velesnails.pl\/wp-content\/uploads\/2024\/07\/Clavier-White-30g.png?fit=838%2C848&ssl=1","width":838,"height":848},{"@type":"BreadcrumbList","@id":"https:\/\/velesnails.pl\/product\/akrylozel-do-przedluzania-paznokci-jeeliq-clavier-white-30g\/#breadcrumb","itemListElement":[{"@type":"ListItem","position":1,"name":"\u0413\u043e\u043b\u043e\u0432\u043d\u0430","item":"https:\/\/velesnails.pl\/"},{"@type":"ListItem","position":2,"name":"Sklep","item":"https:\/\/velesnails.pl\/shop\/"},{"@type":"ListItem","position":3,"name":"Akrylo\u017cel do przed\u0142u\u017cania paznokci, JEELIQ Clavier White 30g"}]},{"@type":"WebSite","@id":"https:\/\/velesnails.pl\/#website","url":"https:\/\/velesnails.pl\/","name":"velesnails","description":"Manicure shop","publisher":{"@id":"https:\/\/velesnails.pl\/#organization"},"potentialAction":[{"@type":"SearchAction","target":{"@type":"EntryPoint","urlTemplate":"https:\/\/velesnails.pl\/?s={search_term_string}"},"query-input":{"@type":"PropertyValueSpecification","valueRequired":true,"valueName":"search_term_string"}}],"inLanguage":"en-GB"},{"@type":"Organization","@id":"https:\/\/velesnails.pl\/#organization","name":"velesnails","url":"https:\/\/velesnails.pl\/","logo":{"@type":"ImageObject","inLanguage":"en-GB","@id":"https:\/\/velesnails.pl\/#\/schema\/logo\/image\/","url":"https:\/\/i0.wp.com\/velesnails.pl\/wp-content\/uploads\/2025\/10\/cropped-obraz_viber_2025-10-22_13-55-55-969.jpg?fit=485%2C381&ssl=1","contentUrl":"https:\/\/i0.wp.com\/velesnails.pl\/wp-content\/uploads\/2025\/10\/cropped-obraz_viber_2025-10-22_13-55-55-969.jpg?fit=485%2C381&ssl=1","width":485,"height":381,"caption":"velesnails"},"image":{"@id":"https:\/\/velesnails.pl\/#\/schema\/logo\/image\/"}}]}},"_links":{"self":[{"href":"https:\/\/velesnails.pl\/en\/wp-json\/wp\/v2\/product\/2573","targetHints":{"allow":["GET"]}}],"collection":[{"href":"https:\/\/velesnails.pl\/en\/wp-json\/wp\/v2\/product"}],"about":[{"href":"https:\/\/velesnails.pl\/en\/wp-json\/wp\/v2\/types\/product"}],"replies":[{"embeddable":true,"href":"https:\/\/velesnails.pl\/en\/wp-json\/wp\/v2\/comments?post=2573"}],"wp:featuredmedia":[{"embeddable":true,"href":"https:\/\/velesnails.pl\/en\/wp-json\/wp\/v2\/media\/2565"}],"wp:attachment":[{"href":"https:\/\/velesnails.pl\/en\/wp-json\/wp\/v2\/media?parent=2573"}],"wp:term":[{"taxonomy":"product_brand","embeddable":true,"href":"https:\/\/velesnails.pl\/en\/wp-json\/wp\/v2\/product_brand?post=2573"},{"taxonomy":"product_cat","embeddable":true,"href":"https:\/\/velesnails.pl\/en\/wp-json\/wp\/v2\/product_cat?post=2573"},{"taxonomy":"product_tag","embeddable":true,"href":"https:\/\/velesnails.pl\/en\/wp-json\/wp\/v2\/product_tag?post=2573"}],"curies":[{"name":"wp","href":"https:\/\/api.w.org\/{rel}","templated":true}]}}