{"id":2523,"date":"2024-07-22T12:37:45","date_gmt":"2024-07-22T09:37:45","guid":{"rendered":"https:\/\/velesnails.loc\/?post_type=product&#038;p=2523"},"modified":"2025-10-01T16:45:33","modified_gmt":"2025-10-01T13:45:33","slug":"zel-budujacy-do-paznokci-hema-di-hema-free-z-olejkiem-z-drzewa-herbacianego-mollylac-herbaline-nude-love-by-gosia-krus-15g","status":"publish","type":"product","link":"https:\/\/velesnails.pl\/en\/product\/zel-budujacy-do-paznokci-hema-di-hema-free-z-olejkiem-z-drzewa-herbacianego-mollylac-herbaline-nude-love-by-gosia-krus-15g\/","title":{"rendered":"\u017bel buduj\u0105cy do paznokci Hema\/di-Hema free z olejkiem z drzewa herbacianego MollyLac HerbaLine Nude Love by Gosia Kru\u015b 15g"},"content":{"rendered":"<p>Innowacyjny, samopoziomuj\u0105cy \u017cel buduj\u0105cy do stylizacji paznokci z wyj\u0105tkowym sk\u0142adem i w\u0142a\u015bciwo\u015bciami stworzony przez Master Edukator MollyLac Ma\u0142gorzat\u0119 Kru\u015b. Dzi\u0119ki zawarto\u015bci olejku z drzewa herbacianego da pewno\u015b\u0107 Klientkom, \u017ce paznokcie b\u0119d\u0105 zabezpieczone przed ewentualnym ryzykiem zaka\u017cenia tzw. \u201ezielon\u0105 bakteri\u0105\u201d.<\/p>\n<p>Zadbaj o bezpiecze\u0144stwo swoich klientek i zastosuj \u017cel HerbaLine jako profilaktyk\u0119 przed powstaniem niechcianych zmian na paznokciach.<\/p>\n<p>To rewolucyjny \u017cel \u0142\u0105cz\u0105cy w sobie doskona\u0142e walory wizualne jak i technologiczne, jakich nie spotkamy w podobnych produktach. Krycie koloru ok. 60-70% to pe\u0142nia kontroli nad stanem paznokcia. Delikatnie i kobiece barwy to must have w Twoim salonie stylizacji. Naturalne kolory przypadn\u0105 do gustu wi\u0119kszo\u015bci klientek &#8211; nie wymagaj\u0105 malowania co mo\u017ce przyspieszy\u0107 znacz\u0105co czas pracy.<\/p>\n<p>Produkt jest przeznaczony nie tylko dla klientek z problemem nawracaj\u0105cych zaka\u017ce\u0144 pseudomonas aeruginosa, ale te\u017c doskonale sprawdzi si\u0119 w stylizacji trudnej p\u0142ytki z tendencj\u0105 do zapowietrze\u0144. Ponadto zawiera kwas mlekowy gwarantuj\u0105cy optymalne nawil\u017cenie naturalnego paznokcia. Jest r\u00f3wnie\u017c pozbawiony Hema i di-Hema, kt\u00f3re s\u0105 uwa\u017cane za jedne z najbardziej uczulaj\u0105cych sk\u0142adnik\u00f3w produkt\u00f3w do stylizacji.<\/p>\n<p>Dost\u0119pne w 3 kolorach dla fanek naturalnego be\u017cu, delikatnego r\u00f3\u017cu oraz b\u0142yskotek!<\/p>\n<p>Sugar Pink to rozbielony odcie\u0144 ch\u0142odnego r\u00f3\u017cu. Idealny dla dziewcz\u0119cych i zalotnych stylizacji saute!<br \/>\nShiny Flakes to idealny wyb\u00f3r dla lubi\u0105cych brokatowe stylizacje kobiet! Jego zalotny kolor be\u017cowego r\u00f3\u017cu i z\u0142oto r\u00f3\u017cowego brokatu tworzy po\u0142\u0105czenie doskona\u0142e nie wymagaj\u0105ce dodatkowych ozd\u00f3b<br \/>\nNude Love to typowy nudziak, obok kt\u00f3rego nie spos\u00f3b przej\u015b\u0107 oboj\u0119tnie. Dasz si\u0119 skusi\u0107 na ten ponadczasowy kolor?<br \/>\nMaster educator MollyLac Gosia Kru\u015b stworzy\u0142a lini\u0119 \u017celu o jakim marzy\u0142y stylistki. Niezwyk\u0142e w\u0142a\u015bciwo\u015bci olejku z drzewa herbacianego i antyseptyczne kwasu mlekowego wykorzysta\u0142a do spe\u0142nienia marze\u0144 o \u017celu idealnym!<\/p>\n<p>Na czym polegaj\u0105 dobroczynne w\u0142a\u015bciwo\u015bci obu sk\u0142adnik\u00f3w?<\/p>\n<p>To doskona\u0142e rozwi\u0105zanie po przebytym zaka\u017ceniu tzw. \u201ezielona bakteri\u0105\u201d, kt\u00f3re zapobiega jej nawrotom.<\/p>\n<p>Kwas mlekowy natomiast zapobiega utracie wody z p\u0142ytki paznokcia, pozostawiaj\u0105c j\u0105 w doskona\u0142ej kondycji tak\u017ce po wielokrotnej stylizacji paznokci. Ma tak\u017ce w\u0142a\u015bciwo\u015bci \u0142agodz\u0105ce i przeciwzapalne co b\u0119dzie zbawienne dla wymagaj\u0105cej p\u0142ytki paznokcia potrzebuj\u0105cej odpoczynku i zabezpieczenia do regeneracji.<\/p>\n<p>Poznaj zalety \u017celu Herbaline:<\/p>\n<p>-zabezpiecza<br \/>\n-chroni<br \/>\n-ma g\u0119st\u0105, samopoziomuj\u0105c\u0105 konsystencj\u0119<br \/>\n-ma bezpieczn\u0105 i innowacyjn\u0105 formu\u0142\u0119 z jedynym takim sk\u0142adem na rynku<br \/>\n-kamufluje ewentualne niedoskona\u0142o\u015bci p\u0142ytki paznokcia<br \/>\n-pi\u0119kne kolory z kryciem na poziomie 60-70% dla kontroli stanu paznokci<br \/>\n-polecany przy problematycznych i wymagaj\u0105cych paznokciach<br \/>\n-idealny do przed\u0142u\u017cania i nadbudowy<br \/>\n-idealny do zacisku- nie rozpr\u0119\u017ca si\u0119<br \/>\n-gwarantuje trwa\u0142\u0105 stylizacj\u0119 bez obawy o urazy mechaniczne<br \/>\n-pozwala na komfortow\u0105 prac\u0119 na ka\u017cdym etapie \u2013 od pocz\u0105tkuj\u0105cych do zaawansowanych stylistek<br \/>\n-idealnie kompatybilny z baz\u0105 X-Bond lub Bonder Base jako wcierk\u0105 przed aplikacj\u0105 \u017celu<br \/>\n-uczucie pieczenia zredukowane do minimum! &#8211; Idealny dla wra\u017cliwych klientek<br \/>\n-bezpieczny sk\u0142ad, kt\u00f3ry zabezpieczy Twoje klientki przed reakcjami alergicznymi dzi\u0119ki formule Hema, di-Hema Free<br \/>\nCzas utwardzania: 30-60 sek. lampa UV\/LED 48W<\/p>\n<p>Zaciskanie tunelu: po 10-15 sek. w zale\u017cno\u015bci od grubo\u015bci warstwy oraz mocy lampy<\/p>\n<p>Dost\u0119pny w 3 pojemno\u015bciach: 5g, 15g, 50g<\/p>\n<p>Ostrze\u017cenia:<\/p>\n<p>Produkt tylko do u\u017cytku profesjonalnego.<br \/>\nKeep out of the reach of children.<br \/>\nPlease read the directions for use carefully.<\/p>","protected":false},"excerpt":{"rendered":"<p>Innowacyjny, samopoziomuj\u0105cy \u017cel buduj\u0105cy do stylizacji paznokci z wyj\u0105tkowym sk\u0142adem i w\u0142a\u015bciwo\u015bciami stworzony przez Master Edukator MollyLac Ma\u0142gorzat\u0119 Kru\u015b. Dzi\u0119ki zawarto\u015bci olejku z drzewa herbacianego da pewno\u015b\u0107 Klientkom, \u017ce paznokcie b\u0119d\u0105 zabezpieczone przed ewentualnym ryzykiem zaka\u017cenia tzw. \u201ezielon\u0105 bakteri\u0105\u201d. Zadbaj o bezpiecze\u0144stwo swoich klientek i zastosuj \u017cel HerbaLine jako profilaktyk\u0119 przed powstaniem niechcianych zmian na [&hellip;]<\/p>\n","protected":false},"featured_media":3950,"comment_status":"closed","ping_status":"closed","template":"","meta":{"om_disable_all_campaigns":false,"ocean_post_layout":"","ocean_both_sidebars_style":"","ocean_both_sidebars_content_width":0,"ocean_both_sidebars_sidebars_width":0,"ocean_sidebar":"0","ocean_second_sidebar":"0","ocean_disable_margins":"enable","ocean_add_body_class":"","ocean_shortcode_before_top_bar":"","ocean_shortcode_after_top_bar":"","ocean_shortcode_before_header":"","ocean_shortcode_after_header":"","ocean_has_shortcode":"","ocean_shortcode_after_title":"","ocean_shortcode_before_footer_widgets":"","ocean_shortcode_after_footer_widgets":"","ocean_shortcode_before_footer_bottom":"","ocean_shortcode_after_footer_bottom":"","ocean_display_top_bar":"default","ocean_display_header":"default","ocean_header_style":"","ocean_center_header_left_menu":"0","ocean_custom_header_template":"0","ocean_custom_logo":0,"ocean_custom_retina_logo":0,"ocean_custom_logo_max_width":0,"ocean_custom_logo_tablet_max_width":0,"ocean_custom_logo_mobile_max_width":0,"ocean_custom_logo_max_height":0,"ocean_custom_logo_tablet_max_height":0,"ocean_custom_logo_mobile_max_height":0,"ocean_header_custom_menu":"0","ocean_menu_typo_font_family":"0","ocean_menu_typo_font_subset":"","ocean_menu_typo_font_size":0,"ocean_menu_typo_font_size_tablet":0,"ocean_menu_typo_font_size_mobile":0,"ocean_menu_typo_font_size_unit":"px","ocean_menu_typo_font_weight":"","ocean_menu_typo_font_weight_tablet":"","ocean_menu_typo_font_weight_mobile":"","ocean_menu_typo_transform":"","ocean_menu_typo_transform_tablet":"","ocean_menu_typo_transform_mobile":"","ocean_menu_typo_line_height":0,"ocean_menu_typo_line_height_tablet":0,"ocean_menu_typo_line_height_mobile":0,"ocean_menu_typo_line_height_unit":"","ocean_menu_typo_spacing":0,"ocean_menu_typo_spacing_tablet":0,"ocean_menu_typo_spacing_mobile":0,"ocean_menu_typo_spacing_unit":"","ocean_menu_link_color":"","ocean_menu_link_color_hover":"","ocean_menu_link_color_active":"","ocean_menu_link_background":"","ocean_menu_link_hover_background":"","ocean_menu_link_active_background":"","ocean_menu_social_links_bg":"","ocean_menu_social_hover_links_bg":"","ocean_menu_social_links_color":"","ocean_menu_social_hover_links_color":"","ocean_disable_title":"default","ocean_disable_heading":"default","ocean_post_title":"","ocean_post_subheading":"","ocean_post_title_style":"","ocean_post_title_background_color":"","ocean_post_title_background":0,"ocean_post_title_bg_image_position":"","ocean_post_title_bg_image_attachment":"","ocean_post_title_bg_image_repeat":"","ocean_post_title_bg_image_size":"","ocean_post_title_height":0,"ocean_post_title_bg_overlay":0.5,"ocean_post_title_bg_overlay_color":"","ocean_disable_breadcrumbs":"default","ocean_breadcrumbs_color":"","ocean_breadcrumbs_separator_color":"","ocean_breadcrumbs_links_color":"","ocean_breadcrumbs_links_hover_color":"","ocean_display_footer_widgets":"default","ocean_display_footer_bottom":"default","ocean_custom_footer_template":"0"},"product_brand":[],"product_cat":[176,189,110,122,120],"product_tag":[],"class_list":{"0":"post-2523","1":"product","2":"type-product","3":"status-publish","4":"has-post-thumbnail","6":"product_cat-marki","7":"product_cat-molly-lac-1","8":"product_cat-paznokcie","9":"product_cat-zeli","10":"product_cat-zele-i-akryle","12":"entry","13":"has-media","15":"first","16":"outofstock","17":"taxable","18":"shipping-taxable","19":"purchasable","20":"product-type-simple","21":"has-product-nav","22":"col","23":"span_1_of_3","24":"owp-content-center","25":"owp-thumbs-layout-horizontal","26":"owp-btn-normal","27":"owp-tabs-layout-horizontal"},"yoast_head":"<!-- This site is optimized with the Yoast SEO plugin v27.4 - https:\/\/yoast.com\/product\/yoast-seo-wordpress\/ -->\n<title>\u017bel buduj\u0105cy do paznokci Hema\/di-Hema free z olejkiem z drzewa herbacianego MollyLac HerbaLine Nude Love by Gosia Kru\u015b 15g - velesnails<\/title>\n<meta name=\"robots\" content=\"index, follow, max-snippet:-1, max-image-preview:large, max-video-preview:-1\" \/>\n<link rel=\"canonical\" href=\"https:\/\/velesnails.pl\/en\/product\/zel-budujacy-do-paznokci-hema-di-hema-free-z-olejkiem-z-drzewa-herbacianego-mollylac-herbaline-nude-love-by-gosia-krus-15g\/\" \/>\n<meta property=\"og:locale\" content=\"en_GB\" \/>\n<meta property=\"og:type\" content=\"article\" \/>\n<meta property=\"og:title\" content=\"\u017bel buduj\u0105cy do paznokci Hema\/di-Hema free z olejkiem z drzewa herbacianego MollyLac HerbaLine Nude Love by Gosia Kru\u015b 15g - velesnails\" \/>\n<meta property=\"og:description\" content=\"Innowacyjny, samopoziomuj\u0105cy \u017cel buduj\u0105cy do stylizacji paznokci z wyj\u0105tkowym sk\u0142adem i w\u0142a\u015bciwo\u015bciami stworzony przez Master Edukator MollyLac Ma\u0142gorzat\u0119 Kru\u015b. Dzi\u0119ki zawarto\u015bci olejku z drzewa herbacianego da pewno\u015b\u0107 Klientkom, \u017ce paznokcie b\u0119d\u0105 zabezpieczone przed ewentualnym ryzykiem zaka\u017cenia tzw. \u201ezielon\u0105 bakteri\u0105\u201d. Zadbaj o bezpiecze\u0144stwo swoich klientek i zastosuj \u017cel HerbaLine jako profilaktyk\u0119 przed powstaniem niechcianych zmian na [&hellip;]\" \/>\n<meta property=\"og:url\" content=\"https:\/\/velesnails.pl\/en\/product\/zel-budujacy-do-paznokci-hema-di-hema-free-z-olejkiem-z-drzewa-herbacianego-mollylac-herbaline-nude-love-by-gosia-krus-15g\/\" \/>\n<meta property=\"og:site_name\" content=\"velesnails\" \/>\n<meta property=\"article:modified_time\" content=\"2025-10-01T13:45:33+00:00\" \/>\n<meta property=\"og:image\" content=\"https:\/\/velesnails.pl\/wp-content\/uploads\/2024\/07\/\u0417\u043d\u0456\u043c\u043e\u043a-\u0435\u043a\u0440\u0430\u043d\u0430-2024-08-22-112541.png\" \/>\n\t<meta property=\"og:image:width\" content=\"838\" \/>\n\t<meta property=\"og:image:height\" content=\"831\" \/>\n\t<meta property=\"og:image:type\" content=\"image\/png\" \/>\n<meta name=\"twitter:card\" content=\"summary_large_image\" \/>\n<meta name=\"twitter:label1\" content=\"Estimated reading time\" \/>\n\t<meta name=\"twitter:data1\" content=\"3 minutes\" \/>\n<script type=\"application\/ld+json\" class=\"yoast-schema-graph\">{\"@context\":\"https:\\\/\\\/schema.org\",\"@graph\":[{\"@type\":\"WebPage\",\"@id\":\"https:\\\/\\\/velesnails.pl\\\/product\\\/zel-budujacy-do-paznokci-hema-di-hema-free-z-olejkiem-z-drzewa-herbacianego-mollylac-herbaline-nude-love-by-gosia-krus-15g\\\/\",\"url\":\"https:\\\/\\\/velesnails.pl\\\/product\\\/zel-budujacy-do-paznokci-hema-di-hema-free-z-olejkiem-z-drzewa-herbacianego-mollylac-herbaline-nude-love-by-gosia-krus-15g\\\/\",\"name\":\"\u017bel buduj\u0105cy do paznokci Hema\\\/di-Hema free z olejkiem z drzewa herbacianego MollyLac HerbaLine Nude Love by Gosia Kru\u015b 15g - velesnails\",\"isPartOf\":{\"@id\":\"https:\\\/\\\/velesnails.pl\\\/#website\"},\"primaryImageOfPage\":{\"@id\":\"https:\\\/\\\/velesnails.pl\\\/product\\\/zel-budujacy-do-paznokci-hema-di-hema-free-z-olejkiem-z-drzewa-herbacianego-mollylac-herbaline-nude-love-by-gosia-krus-15g\\\/#primaryimage\"},\"image\":{\"@id\":\"https:\\\/\\\/velesnails.pl\\\/product\\\/zel-budujacy-do-paznokci-hema-di-hema-free-z-olejkiem-z-drzewa-herbacianego-mollylac-herbaline-nude-love-by-gosia-krus-15g\\\/#primaryimage\"},\"thumbnailUrl\":\"https:\\\/\\\/i0.wp.com\\\/velesnails.pl\\\/wp-content\\\/uploads\\\/2024\\\/07\\\/%D0%97%D0%BD%D1%96%D0%BC%D0%BE%D0%BA-%D0%B5%D0%BA%D1%80%D0%B0%D0%BD%D0%B0-2024-08-22-112541.png?fit=838%2C831&ssl=1\",\"datePublished\":\"2024-07-22T09:37:45+00:00\",\"dateModified\":\"2025-10-01T13:45:33+00:00\",\"breadcrumb\":{\"@id\":\"https:\\\/\\\/velesnails.pl\\\/product\\\/zel-budujacy-do-paznokci-hema-di-hema-free-z-olejkiem-z-drzewa-herbacianego-mollylac-herbaline-nude-love-by-gosia-krus-15g\\\/#breadcrumb\"},\"inLanguage\":\"en-GB\",\"potentialAction\":[{\"@type\":\"ReadAction\",\"target\":[\"https:\\\/\\\/velesnails.pl\\\/product\\\/zel-budujacy-do-paznokci-hema-di-hema-free-z-olejkiem-z-drzewa-herbacianego-mollylac-herbaline-nude-love-by-gosia-krus-15g\\\/\"]}]},{\"@type\":\"ImageObject\",\"inLanguage\":\"en-GB\",\"@id\":\"https:\\\/\\\/velesnails.pl\\\/product\\\/zel-budujacy-do-paznokci-hema-di-hema-free-z-olejkiem-z-drzewa-herbacianego-mollylac-herbaline-nude-love-by-gosia-krus-15g\\\/#primaryimage\",\"url\":\"https:\\\/\\\/i0.wp.com\\\/velesnails.pl\\\/wp-content\\\/uploads\\\/2024\\\/07\\\/%D0%97%D0%BD%D1%96%D0%BC%D0%BE%D0%BA-%D0%B5%D0%BA%D1%80%D0%B0%D0%BD%D0%B0-2024-08-22-112541.png?fit=838%2C831&ssl=1\",\"contentUrl\":\"https:\\\/\\\/i0.wp.com\\\/velesnails.pl\\\/wp-content\\\/uploads\\\/2024\\\/07\\\/%D0%97%D0%BD%D1%96%D0%BC%D0%BE%D0%BA-%D0%B5%D0%BA%D1%80%D0%B0%D0%BD%D0%B0-2024-08-22-112541.png?fit=838%2C831&ssl=1\",\"width\":838,\"height\":831},{\"@type\":\"BreadcrumbList\",\"@id\":\"https:\\\/\\\/velesnails.pl\\\/product\\\/zel-budujacy-do-paznokci-hema-di-hema-free-z-olejkiem-z-drzewa-herbacianego-mollylac-herbaline-nude-love-by-gosia-krus-15g\\\/#breadcrumb\",\"itemListElement\":[{\"@type\":\"ListItem\",\"position\":1,\"name\":\"\u0413\u043e\u043b\u043e\u0432\u043d\u0430\",\"item\":\"https:\\\/\\\/velesnails.pl\\\/\"},{\"@type\":\"ListItem\",\"position\":2,\"name\":\"Sklep\",\"item\":\"https:\\\/\\\/velesnails.pl\\\/shop\\\/\"},{\"@type\":\"ListItem\",\"position\":3,\"name\":\"\u017bel buduj\u0105cy do paznokci Hema\\\/di-Hema free z olejkiem z drzewa herbacianego MollyLac HerbaLine Nude Love by Gosia Kru\u015b 15g\"}]},{\"@type\":\"WebSite\",\"@id\":\"https:\\\/\\\/velesnails.pl\\\/#website\",\"url\":\"https:\\\/\\\/velesnails.pl\\\/\",\"name\":\"velesnails\",\"description\":\"Sklep z manicure\",\"publisher\":{\"@id\":\"https:\\\/\\\/velesnails.pl\\\/#organization\"},\"potentialAction\":[{\"@type\":\"SearchAction\",\"target\":{\"@type\":\"EntryPoint\",\"urlTemplate\":\"https:\\\/\\\/velesnails.pl\\\/?s={search_term_string}\"},\"query-input\":{\"@type\":\"PropertyValueSpecification\",\"valueRequired\":true,\"valueName\":\"search_term_string\"}}],\"inLanguage\":\"en-GB\"},{\"@type\":\"Organization\",\"@id\":\"https:\\\/\\\/velesnails.pl\\\/#organization\",\"name\":\"velesnails\",\"url\":\"https:\\\/\\\/velesnails.pl\\\/\",\"logo\":{\"@type\":\"ImageObject\",\"inLanguage\":\"en-GB\",\"@id\":\"https:\\\/\\\/velesnails.pl\\\/#\\\/schema\\\/logo\\\/image\\\/\",\"url\":\"https:\\\/\\\/i0.wp.com\\\/velesnails.pl\\\/wp-content\\\/uploads\\\/2025\\\/10\\\/cropped-obraz_viber_2025-10-22_13-55-55-969.jpg?fit=485%2C381&ssl=1\",\"contentUrl\":\"https:\\\/\\\/i0.wp.com\\\/velesnails.pl\\\/wp-content\\\/uploads\\\/2025\\\/10\\\/cropped-obraz_viber_2025-10-22_13-55-55-969.jpg?fit=485%2C381&ssl=1\",\"width\":485,\"height\":381,\"caption\":\"velesnails\"},\"image\":{\"@id\":\"https:\\\/\\\/velesnails.pl\\\/#\\\/schema\\\/logo\\\/image\\\/\"}}]}<\/script>\n<!-- \/ Yoast SEO plugin. -->","yoast_head_json":{"title":"\u017bel buduj\u0105cy do paznokci Hema\/di-Hema free z olejkiem z drzewa herbacianego MollyLac HerbaLine Nude Love by Gosia Kru\u015b 15g - velesnails","robots":{"index":"index","follow":"follow","max-snippet":"max-snippet:-1","max-image-preview":"max-image-preview:large","max-video-preview":"max-video-preview:-1"},"canonical":"https:\/\/velesnails.pl\/en\/product\/zel-budujacy-do-paznokci-hema-di-hema-free-z-olejkiem-z-drzewa-herbacianego-mollylac-herbaline-nude-love-by-gosia-krus-15g\/","og_locale":"en_GB","og_type":"article","og_title":"\u017bel buduj\u0105cy do paznokci Hema\/di-Hema free z olejkiem z drzewa herbacianego MollyLac HerbaLine Nude Love by Gosia Kru\u015b 15g - velesnails","og_description":"Innowacyjny, samopoziomuj\u0105cy \u017cel buduj\u0105cy do stylizacji paznokci z wyj\u0105tkowym sk\u0142adem i w\u0142a\u015bciwo\u015bciami stworzony przez Master Edukator MollyLac Ma\u0142gorzat\u0119 Kru\u015b. Dzi\u0119ki zawarto\u015bci olejku z drzewa herbacianego da pewno\u015b\u0107 Klientkom, \u017ce paznokcie b\u0119d\u0105 zabezpieczone przed ewentualnym ryzykiem zaka\u017cenia tzw. \u201ezielon\u0105 bakteri\u0105\u201d. Zadbaj o bezpiecze\u0144stwo swoich klientek i zastosuj \u017cel HerbaLine jako profilaktyk\u0119 przed powstaniem niechcianych zmian na [&hellip;]","og_url":"https:\/\/velesnails.pl\/en\/product\/zel-budujacy-do-paznokci-hema-di-hema-free-z-olejkiem-z-drzewa-herbacianego-mollylac-herbaline-nude-love-by-gosia-krus-15g\/","og_site_name":"velesnails","article_modified_time":"2025-10-01T13:45:33+00:00","og_image":[{"width":838,"height":831,"url":"https:\/\/velesnails.pl\/wp-content\/uploads\/2024\/07\/\u0417\u043d\u0456\u043c\u043e\u043a-\u0435\u043a\u0440\u0430\u043d\u0430-2024-08-22-112541.png","type":"image\/png"}],"twitter_card":"summary_large_image","twitter_misc":{"Estimated reading time":"3 minutes"},"schema":{"@context":"https:\/\/schema.org","@graph":[{"@type":"WebPage","@id":"https:\/\/velesnails.pl\/product\/zel-budujacy-do-paznokci-hema-di-hema-free-z-olejkiem-z-drzewa-herbacianego-mollylac-herbaline-nude-love-by-gosia-krus-15g\/","url":"https:\/\/velesnails.pl\/product\/zel-budujacy-do-paznokci-hema-di-hema-free-z-olejkiem-z-drzewa-herbacianego-mollylac-herbaline-nude-love-by-gosia-krus-15g\/","name":"\u017bel buduj\u0105cy do paznokci Hema\/di-Hema free z olejkiem z drzewa herbacianego MollyLac HerbaLine Nude Love by Gosia Kru\u015b 15g - velesnails","isPartOf":{"@id":"https:\/\/velesnails.pl\/#website"},"primaryImageOfPage":{"@id":"https:\/\/velesnails.pl\/product\/zel-budujacy-do-paznokci-hema-di-hema-free-z-olejkiem-z-drzewa-herbacianego-mollylac-herbaline-nude-love-by-gosia-krus-15g\/#primaryimage"},"image":{"@id":"https:\/\/velesnails.pl\/product\/zel-budujacy-do-paznokci-hema-di-hema-free-z-olejkiem-z-drzewa-herbacianego-mollylac-herbaline-nude-love-by-gosia-krus-15g\/#primaryimage"},"thumbnailUrl":"https:\/\/i0.wp.com\/velesnails.pl\/wp-content\/uploads\/2024\/07\/%D0%97%D0%BD%D1%96%D0%BC%D0%BE%D0%BA-%D0%B5%D0%BA%D1%80%D0%B0%D0%BD%D0%B0-2024-08-22-112541.png?fit=838%2C831&ssl=1","datePublished":"2024-07-22T09:37:45+00:00","dateModified":"2025-10-01T13:45:33+00:00","breadcrumb":{"@id":"https:\/\/velesnails.pl\/product\/zel-budujacy-do-paznokci-hema-di-hema-free-z-olejkiem-z-drzewa-herbacianego-mollylac-herbaline-nude-love-by-gosia-krus-15g\/#breadcrumb"},"inLanguage":"en-GB","potentialAction":[{"@type":"ReadAction","target":["https:\/\/velesnails.pl\/product\/zel-budujacy-do-paznokci-hema-di-hema-free-z-olejkiem-z-drzewa-herbacianego-mollylac-herbaline-nude-love-by-gosia-krus-15g\/"]}]},{"@type":"ImageObject","inLanguage":"en-GB","@id":"https:\/\/velesnails.pl\/product\/zel-budujacy-do-paznokci-hema-di-hema-free-z-olejkiem-z-drzewa-herbacianego-mollylac-herbaline-nude-love-by-gosia-krus-15g\/#primaryimage","url":"https:\/\/i0.wp.com\/velesnails.pl\/wp-content\/uploads\/2024\/07\/%D0%97%D0%BD%D1%96%D0%BC%D0%BE%D0%BA-%D0%B5%D0%BA%D1%80%D0%B0%D0%BD%D0%B0-2024-08-22-112541.png?fit=838%2C831&ssl=1","contentUrl":"https:\/\/i0.wp.com\/velesnails.pl\/wp-content\/uploads\/2024\/07\/%D0%97%D0%BD%D1%96%D0%BC%D0%BE%D0%BA-%D0%B5%D0%BA%D1%80%D0%B0%D0%BD%D0%B0-2024-08-22-112541.png?fit=838%2C831&ssl=1","width":838,"height":831},{"@type":"BreadcrumbList","@id":"https:\/\/velesnails.pl\/product\/zel-budujacy-do-paznokci-hema-di-hema-free-z-olejkiem-z-drzewa-herbacianego-mollylac-herbaline-nude-love-by-gosia-krus-15g\/#breadcrumb","itemListElement":[{"@type":"ListItem","position":1,"name":"\u0413\u043e\u043b\u043e\u0432\u043d\u0430","item":"https:\/\/velesnails.pl\/"},{"@type":"ListItem","position":2,"name":"Sklep","item":"https:\/\/velesnails.pl\/shop\/"},{"@type":"ListItem","position":3,"name":"\u017bel buduj\u0105cy do paznokci Hema\/di-Hema free z olejkiem z drzewa herbacianego MollyLac HerbaLine Nude Love by Gosia Kru\u015b 15g"}]},{"@type":"WebSite","@id":"https:\/\/velesnails.pl\/#website","url":"https:\/\/velesnails.pl\/","name":"velesnails","description":"Manicure shop","publisher":{"@id":"https:\/\/velesnails.pl\/#organization"},"potentialAction":[{"@type":"SearchAction","target":{"@type":"EntryPoint","urlTemplate":"https:\/\/velesnails.pl\/?s={search_term_string}"},"query-input":{"@type":"PropertyValueSpecification","valueRequired":true,"valueName":"search_term_string"}}],"inLanguage":"en-GB"},{"@type":"Organization","@id":"https:\/\/velesnails.pl\/#organization","name":"velesnails","url":"https:\/\/velesnails.pl\/","logo":{"@type":"ImageObject","inLanguage":"en-GB","@id":"https:\/\/velesnails.pl\/#\/schema\/logo\/image\/","url":"https:\/\/i0.wp.com\/velesnails.pl\/wp-content\/uploads\/2025\/10\/cropped-obraz_viber_2025-10-22_13-55-55-969.jpg?fit=485%2C381&ssl=1","contentUrl":"https:\/\/i0.wp.com\/velesnails.pl\/wp-content\/uploads\/2025\/10\/cropped-obraz_viber_2025-10-22_13-55-55-969.jpg?fit=485%2C381&ssl=1","width":485,"height":381,"caption":"velesnails"},"image":{"@id":"https:\/\/velesnails.pl\/#\/schema\/logo\/image\/"}}]}},"_links":{"self":[{"href":"https:\/\/velesnails.pl\/en\/wp-json\/wp\/v2\/product\/2523","targetHints":{"allow":["GET"]}}],"collection":[{"href":"https:\/\/velesnails.pl\/en\/wp-json\/wp\/v2\/product"}],"about":[{"href":"https:\/\/velesnails.pl\/en\/wp-json\/wp\/v2\/types\/product"}],"replies":[{"embeddable":true,"href":"https:\/\/velesnails.pl\/en\/wp-json\/wp\/v2\/comments?post=2523"}],"wp:featuredmedia":[{"embeddable":true,"href":"https:\/\/velesnails.pl\/en\/wp-json\/wp\/v2\/media\/3950"}],"wp:attachment":[{"href":"https:\/\/velesnails.pl\/en\/wp-json\/wp\/v2\/media?parent=2523"}],"wp:term":[{"taxonomy":"product_brand","embeddable":true,"href":"https:\/\/velesnails.pl\/en\/wp-json\/wp\/v2\/product_brand?post=2523"},{"taxonomy":"product_cat","embeddable":true,"href":"https:\/\/velesnails.pl\/en\/wp-json\/wp\/v2\/product_cat?post=2523"},{"taxonomy":"product_tag","embeddable":true,"href":"https:\/\/velesnails.pl\/en\/wp-json\/wp\/v2\/product_tag?post=2523"}],"curies":[{"name":"wp","href":"https:\/\/api.w.org\/{rel}","templated":true}]}}