{"id":2522,"date":"2024-07-22T12:33:10","date_gmt":"2024-07-22T09:33:10","guid":{"rendered":"https:\/\/velesnails.loc\/?post_type=product&#038;p=2522"},"modified":"2025-06-24T17:58:11","modified_gmt":"2025-06-24T14:58:11","slug":"zel-budujacy-z-tiksotropia-mollylac-one-drop-tixology-ice-glass-15g","status":"publish","type":"product","link":"https:\/\/velesnails.pl\/en\/product\/zel-budujacy-z-tiksotropia-mollylac-one-drop-tixology-ice-glass-15g\/","title":{"rendered":"\u017bel buduj\u0105cy z tiksotropi\u0105 MollyLac One Drop Tixology Ice Glass 15g"},"content":{"rendered":"<p class=\"western\" align=\"left\">One Drop Tixology- innowacyjny \u017cel samopoziomuj\u0105cy do stylizacji paznokci z pami\u0119ci\u0105 cieczy.<\/p>\n<p class=\"western\" align=\"left\">Produkt dost\u0119pny jest w czterech kolorach:<\/p>\n<p class=\"western\" align=\"left\">-przepi\u0119kny nudziak<\/p>\n<p class=\"western\" align=\"left\">-ch\u0142odny r\u00f3\u017c<\/p>\n<p class=\"western\" align=\"left\">-najmodniejsza ostatnio mleczna biel<\/p>\n<p class=\"western\" align=\"left\">-podstawowy, krystaliczny prze\u017aroczysty<\/p>\n<p class=\"western\" align=\"left\">Mild Rose: ch\u0142odny odcie\u0144 delikatnego r\u00f3\u017cu. Kolor ten przypadnie do gustu wszystkim fankom delikatnych stylizacji np. Princess nails czy babyboomer i french.<\/p>\n<p class=\"western\" align=\"left\">\u017bele niezwykle wszechstronne- One Drop b\u0119d\u0105 idealne zar\u00f3wno do szkieletu jak budowy paznokcia, a tak\u017ce do utwardzania naturalnej p\u0142ytki. Nowatorski pigment u\u017cyty w \u017celu zapewnia stylizacj\u0119 bez smug. Kolory typu cover- Silky White, Mild Rose, Hot Latte z poziomem krycia ok 90%.<\/p>\n<p class=\"western\" align=\"left\">Najnowsza generacja produktu zapewnia pe\u0142n\u0105 kontrol\u0119 nad aplikowanym \u017celem! Dzi\u0119ki technologii \u201epami\u0119ci cieczy\u201d tzw. Tiksotropii pozwala w 100% kontrolowa\u0107 aplikowany \u017cel i prowadzi\u0107 go dok\u0142adnie tak jak tego chcesz. One Drop Gel nie sp\u0142ywa z powierzchni p\u0142ytki i nie zalewa sk\u00f3rek, b\u0119d\u0105c jednocze\u015bnie produktem samopoziomuj\u0105cym.<\/p>\n<p class=\"western\" align=\"left\">To najlepszy wyb\u00f3r do stylizacji typu ,,\u017cel bez pi\u0142owania&#8221; w kt\u00f3rej to pracujemy porcj\u0105 \u017celu, uk\u0142adaj\u0105c go w idealny wybrany finalnie kszta\u0142t. Dzi\u0119ki specjalnej technice nak\u0142adania produktu, kt\u00f3r\u0105 mo\u017cesz zg\u0142\u0119bi\u0107 na naszych szkoleniach stacjonarnych i online, eliminuje do maksimum potrzeb\u0119 dodatkowego opi\u0142owywania \u017celu! Niezwyk\u0142a ekonomia i maksymalizacja czasu pracy.<\/p>\n<p class=\"western\" align=\"left\">Idealne kolory \u017celu \u2013 pasuj\u0105ce do wi\u0119kszo\u015bci karnacji to wyj\u0105tkowe rozwi\u0105zanie zar\u00f3wno dla os\u00f3b lubi\u0105cych wymy\u015blne zdobienia, ale tak\u017ce dla lubi\u0105cych naturalny look klientek. Wystarczy top i gotowe- subtelna stylizacja gotowa.<\/p>\n<p class=\"western\" align=\"left\">\u017bel nie piecze w lampie \u2013 jest to jego ogromna zaleta!<\/p>\n<p class=\"western\" align=\"left\">Czas utwardzania w lampie dual Led 48W:<\/p>\n<p class=\"western\" align=\"left\">Szkielet: 60 sek.<\/p>\n<p class=\"western\" align=\"left\">Warstwa buduj\u0105ca w zale\u017cno\u015bci od ilo\u015bci u\u017cytego produktu: ok. 120 sek.<\/p>\n<p class=\"western\" align=\"left\">Uwaga: ka\u017cdy \u017cel z pami\u0119ci\u0105 cieczy jest dedykowany do lamp o mocy w przedziale 36-54 W. W przypadku innych lamp czas utwardzania mo\u017ce si\u0119 znacznie wyd\u0142u\u017cy\u0107.<\/p>\n<p class=\"western\" align=\"left\">W\u0142a\u015bciwo\u015bci:<\/p>\n<p class=\"western\" align=\"left\">-innowacyjna formu\u0142a ,,pami\u0119ci cieczy&#8221;<\/p>\n<p class=\"western\" align=\"left\">-odporny na uszkodzenia mechaniczne<\/p>\n<p class=\"western\" align=\"left\">-samopoziomuj\u0105cy- posiada \u015brednie tempo poziomowania<\/p>\n<p class=\"western\" align=\"left\">-kamufluj\u0105cy przebarwienia ( kolory Mild Rose, Hot Latte i Silky White)<\/p>\n<p class=\"western\" align=\"left\">-jednolity kolor dzi\u0119ki nowatorskiemu pigmentowi &#8211; niepozostawiaj\u0105cy smug<\/p>\n<p class=\"western\" align=\"left\">-stosowany do przed\u0142u\u017ce\u0144 na dowoln\u0105 d\u0142ugo\u015b\u0107 oraz do utwardzania naturalnej p\u0142ytki paznokcia<\/p>\n<p class=\"western\" align=\"left\">-bardzo dobra adhezja<\/p>\n<p class=\"western\" align=\"left\">-nie piecze w lampie<\/p>\n<p class=\"western\" align=\"left\">-komfortowa praca bez po\u015bpiechu i obawy o zalane sk\u00f3rki<\/p>\n<p class=\"western\" align=\"left\">-bardzo mi\u0119kki w opi\u0142owaniu<\/p>\n<p class=\"western\" align=\"left\">-idealnie utrzymuje nadany kszta\u0142t i tunel<\/p>\n<p class=\"western\" align=\"left\">-idealny do metody ,,\u017cel bez pi\u0142owania&#8221;<\/p>\n<p class=\"western\" align=\"left\">Rekomendujemy zastosowanie bazy X-Bond MollyLac, jak produktu pomocniczego.<\/p>","protected":false},"excerpt":{"rendered":"<p>One Drop Tixology- innowacyjny \u017cel samopoziomuj\u0105cy do stylizacji paznokci z pami\u0119ci\u0105 cieczy. Produkt dost\u0119pny jest w czterech kolorach: -przepi\u0119kny nudziak -ch\u0142odny r\u00f3\u017c -najmodniejsza ostatnio mleczna biel -podstawowy, krystaliczny prze\u017aroczysty Mild Rose: ch\u0142odny odcie\u0144 delikatnego r\u00f3\u017cu. Kolor ten przypadnie do gustu wszystkim fankom delikatnych stylizacji np. Princess nails czy babyboomer i french. \u017bele niezwykle wszechstronne- One [&hellip;]<\/p>\n","protected":false},"featured_media":2517,"comment_status":"open","ping_status":"closed","template":"","meta":{"om_disable_all_campaigns":false,"ocean_post_layout":"","ocean_both_sidebars_style":"","ocean_both_sidebars_content_width":0,"ocean_both_sidebars_sidebars_width":0,"ocean_sidebar":"0","ocean_second_sidebar":"0","ocean_disable_margins":"enable","ocean_add_body_class":"","ocean_shortcode_before_top_bar":"","ocean_shortcode_after_top_bar":"","ocean_shortcode_before_header":"","ocean_shortcode_after_header":"","ocean_has_shortcode":"","ocean_shortcode_after_title":"","ocean_shortcode_before_footer_widgets":"","ocean_shortcode_after_footer_widgets":"","ocean_shortcode_before_footer_bottom":"","ocean_shortcode_after_footer_bottom":"","ocean_display_top_bar":"default","ocean_display_header":"default","ocean_header_style":"","ocean_center_header_left_menu":"0","ocean_custom_header_template":"0","ocean_custom_logo":0,"ocean_custom_retina_logo":0,"ocean_custom_logo_max_width":0,"ocean_custom_logo_tablet_max_width":0,"ocean_custom_logo_mobile_max_width":0,"ocean_custom_logo_max_height":0,"ocean_custom_logo_tablet_max_height":0,"ocean_custom_logo_mobile_max_height":0,"ocean_header_custom_menu":"0","ocean_menu_typo_font_family":"0","ocean_menu_typo_font_subset":"","ocean_menu_typo_font_size":0,"ocean_menu_typo_font_size_tablet":0,"ocean_menu_typo_font_size_mobile":0,"ocean_menu_typo_font_size_unit":"px","ocean_menu_typo_font_weight":"","ocean_menu_typo_font_weight_tablet":"","ocean_menu_typo_font_weight_mobile":"","ocean_menu_typo_transform":"","ocean_menu_typo_transform_tablet":"","ocean_menu_typo_transform_mobile":"","ocean_menu_typo_line_height":0,"ocean_menu_typo_line_height_tablet":0,"ocean_menu_typo_line_height_mobile":0,"ocean_menu_typo_line_height_unit":"","ocean_menu_typo_spacing":0,"ocean_menu_typo_spacing_tablet":0,"ocean_menu_typo_spacing_mobile":0,"ocean_menu_typo_spacing_unit":"","ocean_menu_link_color":"","ocean_menu_link_color_hover":"","ocean_menu_link_color_active":"","ocean_menu_link_background":"","ocean_menu_link_hover_background":"","ocean_menu_link_active_background":"","ocean_menu_social_links_bg":"","ocean_menu_social_hover_links_bg":"","ocean_menu_social_links_color":"","ocean_menu_social_hover_links_color":"","ocean_disable_title":"default","ocean_disable_heading":"default","ocean_post_title":"","ocean_post_subheading":"","ocean_post_title_style":"","ocean_post_title_background_color":"","ocean_post_title_background":0,"ocean_post_title_bg_image_position":"","ocean_post_title_bg_image_attachment":"","ocean_post_title_bg_image_repeat":"","ocean_post_title_bg_image_size":"","ocean_post_title_height":0,"ocean_post_title_bg_overlay":0.5,"ocean_post_title_bg_overlay_color":"","ocean_disable_breadcrumbs":"default","ocean_breadcrumbs_color":"","ocean_breadcrumbs_separator_color":"","ocean_breadcrumbs_links_color":"","ocean_breadcrumbs_links_hover_color":"","ocean_display_footer_widgets":"default","ocean_display_footer_bottom":"default","ocean_custom_footer_template":"0"},"product_brand":[],"product_cat":[176,189,110,122,120],"product_tag":[],"class_list":{"0":"post-2522","1":"product","2":"type-product","3":"status-publish","4":"has-post-thumbnail","6":"product_cat-marki","7":"product_cat-molly-lac-1","8":"product_cat-paznokcie","9":"product_cat-zeli","10":"product_cat-zele-i-akryle","12":"entry","13":"has-media","15":"first","16":"outofstock","17":"taxable","18":"shipping-taxable","19":"purchasable","20":"product-type-simple","21":"has-product-nav","22":"col","23":"span_1_of_3","24":"owp-content-center","25":"owp-thumbs-layout-horizontal","26":"owp-btn-normal","27":"owp-tabs-layout-horizontal","28":"has-no-thumbnails"},"yoast_head":"<!-- This site is optimized with the Yoast SEO plugin v27.4 - https:\/\/yoast.com\/product\/yoast-seo-wordpress\/ -->\n<title>\u017bel buduj\u0105cy z tiksotropi\u0105 MollyLac One Drop Tixology Ice Glass 15g - velesnails<\/title>\n<meta name=\"robots\" content=\"index, follow, max-snippet:-1, max-image-preview:large, max-video-preview:-1\" \/>\n<link rel=\"canonical\" href=\"https:\/\/velesnails.pl\/en\/product\/zel-budujacy-z-tiksotropia-mollylac-one-drop-tixology-ice-glass-15g\/\" \/>\n<meta property=\"og:locale\" content=\"en_GB\" \/>\n<meta property=\"og:type\" content=\"article\" \/>\n<meta property=\"og:title\" content=\"\u017bel buduj\u0105cy z tiksotropi\u0105 MollyLac One Drop Tixology Ice Glass 15g - velesnails\" \/>\n<meta property=\"og:description\" content=\"One Drop Tixology- innowacyjny \u017cel samopoziomuj\u0105cy do stylizacji paznokci z pami\u0119ci\u0105 cieczy. Produkt dost\u0119pny jest w czterech kolorach: -przepi\u0119kny nudziak -ch\u0142odny r\u00f3\u017c -najmodniejsza ostatnio mleczna biel -podstawowy, krystaliczny prze\u017aroczysty Mild Rose: ch\u0142odny odcie\u0144 delikatnego r\u00f3\u017cu. Kolor ten przypadnie do gustu wszystkim fankom delikatnych stylizacji np. Princess nails czy babyboomer i french. \u017bele niezwykle wszechstronne- One [&hellip;]\" \/>\n<meta property=\"og:url\" content=\"https:\/\/velesnails.pl\/en\/product\/zel-budujacy-z-tiksotropia-mollylac-one-drop-tixology-ice-glass-15g\/\" \/>\n<meta property=\"og:site_name\" content=\"velesnails\" \/>\n<meta property=\"article:modified_time\" content=\"2025-06-24T14:58:11+00:00\" \/>\n<meta property=\"og:image\" content=\"https:\/\/i0.wp.com\/velesnails.pl\/wp-content\/uploads\/2024\/07\/MollyLac-One-Drop-Tixology-Ice-Glass-15g.jpg?fit=500%2C484&ssl=1\" \/>\n\t<meta property=\"og:image:width\" content=\"500\" \/>\n\t<meta property=\"og:image:height\" content=\"484\" \/>\n\t<meta property=\"og:image:type\" content=\"image\/jpeg\" \/>\n<meta name=\"twitter:card\" content=\"summary_large_image\" \/>\n<meta name=\"twitter:label1\" content=\"Estimated reading time\" \/>\n\t<meta name=\"twitter:data1\" content=\"2 minutes\" \/>\n<script type=\"application\/ld+json\" class=\"yoast-schema-graph\">{\"@context\":\"https:\\\/\\\/schema.org\",\"@graph\":[{\"@type\":\"WebPage\",\"@id\":\"https:\\\/\\\/velesnails.pl\\\/product\\\/zel-budujacy-z-tiksotropia-mollylac-one-drop-tixology-ice-glass-15g\\\/\",\"url\":\"https:\\\/\\\/velesnails.pl\\\/product\\\/zel-budujacy-z-tiksotropia-mollylac-one-drop-tixology-ice-glass-15g\\\/\",\"name\":\"\u017bel buduj\u0105cy z tiksotropi\u0105 MollyLac One Drop Tixology Ice Glass 15g - velesnails\",\"isPartOf\":{\"@id\":\"https:\\\/\\\/velesnails.pl\\\/#website\"},\"primaryImageOfPage\":{\"@id\":\"https:\\\/\\\/velesnails.pl\\\/product\\\/zel-budujacy-z-tiksotropia-mollylac-one-drop-tixology-ice-glass-15g\\\/#primaryimage\"},\"image\":{\"@id\":\"https:\\\/\\\/velesnails.pl\\\/product\\\/zel-budujacy-z-tiksotropia-mollylac-one-drop-tixology-ice-glass-15g\\\/#primaryimage\"},\"thumbnailUrl\":\"https:\\\/\\\/i0.wp.com\\\/velesnails.pl\\\/wp-content\\\/uploads\\\/2024\\\/07\\\/MollyLac-One-Drop-Tixology-Ice-Glass-15g.jpg?fit=500%2C484&ssl=1\",\"datePublished\":\"2024-07-22T09:33:10+00:00\",\"dateModified\":\"2025-06-24T14:58:11+00:00\",\"breadcrumb\":{\"@id\":\"https:\\\/\\\/velesnails.pl\\\/product\\\/zel-budujacy-z-tiksotropia-mollylac-one-drop-tixology-ice-glass-15g\\\/#breadcrumb\"},\"inLanguage\":\"en-GB\",\"potentialAction\":[{\"@type\":\"ReadAction\",\"target\":[\"https:\\\/\\\/velesnails.pl\\\/product\\\/zel-budujacy-z-tiksotropia-mollylac-one-drop-tixology-ice-glass-15g\\\/\"]}]},{\"@type\":\"ImageObject\",\"inLanguage\":\"en-GB\",\"@id\":\"https:\\\/\\\/velesnails.pl\\\/product\\\/zel-budujacy-z-tiksotropia-mollylac-one-drop-tixology-ice-glass-15g\\\/#primaryimage\",\"url\":\"https:\\\/\\\/i0.wp.com\\\/velesnails.pl\\\/wp-content\\\/uploads\\\/2024\\\/07\\\/MollyLac-One-Drop-Tixology-Ice-Glass-15g.jpg?fit=500%2C484&ssl=1\",\"contentUrl\":\"https:\\\/\\\/i0.wp.com\\\/velesnails.pl\\\/wp-content\\\/uploads\\\/2024\\\/07\\\/MollyLac-One-Drop-Tixology-Ice-Glass-15g.jpg?fit=500%2C484&ssl=1\",\"width\":500,\"height\":484},{\"@type\":\"BreadcrumbList\",\"@id\":\"https:\\\/\\\/velesnails.pl\\\/product\\\/zel-budujacy-z-tiksotropia-mollylac-one-drop-tixology-ice-glass-15g\\\/#breadcrumb\",\"itemListElement\":[{\"@type\":\"ListItem\",\"position\":1,\"name\":\"\u0413\u043e\u043b\u043e\u0432\u043d\u0430\",\"item\":\"https:\\\/\\\/velesnails.pl\\\/\"},{\"@type\":\"ListItem\",\"position\":2,\"name\":\"Sklep\",\"item\":\"https:\\\/\\\/velesnails.pl\\\/shop\\\/\"},{\"@type\":\"ListItem\",\"position\":3,\"name\":\"\u017bel buduj\u0105cy z tiksotropi\u0105 MollyLac One Drop Tixology Ice Glass 15g\"}]},{\"@type\":\"WebSite\",\"@id\":\"https:\\\/\\\/velesnails.pl\\\/#website\",\"url\":\"https:\\\/\\\/velesnails.pl\\\/\",\"name\":\"velesnails\",\"description\":\"Sklep z manicure\",\"publisher\":{\"@id\":\"https:\\\/\\\/velesnails.pl\\\/#organization\"},\"potentialAction\":[{\"@type\":\"SearchAction\",\"target\":{\"@type\":\"EntryPoint\",\"urlTemplate\":\"https:\\\/\\\/velesnails.pl\\\/?s={search_term_string}\"},\"query-input\":{\"@type\":\"PropertyValueSpecification\",\"valueRequired\":true,\"valueName\":\"search_term_string\"}}],\"inLanguage\":\"en-GB\"},{\"@type\":\"Organization\",\"@id\":\"https:\\\/\\\/velesnails.pl\\\/#organization\",\"name\":\"velesnails\",\"url\":\"https:\\\/\\\/velesnails.pl\\\/\",\"logo\":{\"@type\":\"ImageObject\",\"inLanguage\":\"en-GB\",\"@id\":\"https:\\\/\\\/velesnails.pl\\\/#\\\/schema\\\/logo\\\/image\\\/\",\"url\":\"https:\\\/\\\/i0.wp.com\\\/velesnails.pl\\\/wp-content\\\/uploads\\\/2025\\\/10\\\/cropped-obraz_viber_2025-10-22_13-55-55-969.jpg?fit=485%2C381&ssl=1\",\"contentUrl\":\"https:\\\/\\\/i0.wp.com\\\/velesnails.pl\\\/wp-content\\\/uploads\\\/2025\\\/10\\\/cropped-obraz_viber_2025-10-22_13-55-55-969.jpg?fit=485%2C381&ssl=1\",\"width\":485,\"height\":381,\"caption\":\"velesnails\"},\"image\":{\"@id\":\"https:\\\/\\\/velesnails.pl\\\/#\\\/schema\\\/logo\\\/image\\\/\"}}]}<\/script>\n<!-- \/ Yoast SEO plugin. -->","yoast_head_json":{"title":"\u017bel buduj\u0105cy z tiksotropi\u0105 MollyLac One Drop Tixology Ice Glass 15g - velesnails","robots":{"index":"index","follow":"follow","max-snippet":"max-snippet:-1","max-image-preview":"max-image-preview:large","max-video-preview":"max-video-preview:-1"},"canonical":"https:\/\/velesnails.pl\/en\/product\/zel-budujacy-z-tiksotropia-mollylac-one-drop-tixology-ice-glass-15g\/","og_locale":"en_GB","og_type":"article","og_title":"\u017bel buduj\u0105cy z tiksotropi\u0105 MollyLac One Drop Tixology Ice Glass 15g - velesnails","og_description":"One Drop Tixology- innowacyjny \u017cel samopoziomuj\u0105cy do stylizacji paznokci z pami\u0119ci\u0105 cieczy. Produkt dost\u0119pny jest w czterech kolorach: -przepi\u0119kny nudziak -ch\u0142odny r\u00f3\u017c -najmodniejsza ostatnio mleczna biel -podstawowy, krystaliczny prze\u017aroczysty Mild Rose: ch\u0142odny odcie\u0144 delikatnego r\u00f3\u017cu. Kolor ten przypadnie do gustu wszystkim fankom delikatnych stylizacji np. Princess nails czy babyboomer i french. \u017bele niezwykle wszechstronne- One [&hellip;]","og_url":"https:\/\/velesnails.pl\/en\/product\/zel-budujacy-z-tiksotropia-mollylac-one-drop-tixology-ice-glass-15g\/","og_site_name":"velesnails","article_modified_time":"2025-06-24T14:58:11+00:00","og_image":[{"width":500,"height":484,"url":"https:\/\/i0.wp.com\/velesnails.pl\/wp-content\/uploads\/2024\/07\/MollyLac-One-Drop-Tixology-Ice-Glass-15g.jpg?fit=500%2C484&ssl=1","type":"image\/jpeg"}],"twitter_card":"summary_large_image","twitter_misc":{"Estimated reading time":"2 minutes"},"schema":{"@context":"https:\/\/schema.org","@graph":[{"@type":"WebPage","@id":"https:\/\/velesnails.pl\/product\/zel-budujacy-z-tiksotropia-mollylac-one-drop-tixology-ice-glass-15g\/","url":"https:\/\/velesnails.pl\/product\/zel-budujacy-z-tiksotropia-mollylac-one-drop-tixology-ice-glass-15g\/","name":"\u017bel buduj\u0105cy z tiksotropi\u0105 MollyLac One Drop Tixology Ice Glass 15g - velesnails","isPartOf":{"@id":"https:\/\/velesnails.pl\/#website"},"primaryImageOfPage":{"@id":"https:\/\/velesnails.pl\/product\/zel-budujacy-z-tiksotropia-mollylac-one-drop-tixology-ice-glass-15g\/#primaryimage"},"image":{"@id":"https:\/\/velesnails.pl\/product\/zel-budujacy-z-tiksotropia-mollylac-one-drop-tixology-ice-glass-15g\/#primaryimage"},"thumbnailUrl":"https:\/\/i0.wp.com\/velesnails.pl\/wp-content\/uploads\/2024\/07\/MollyLac-One-Drop-Tixology-Ice-Glass-15g.jpg?fit=500%2C484&ssl=1","datePublished":"2024-07-22T09:33:10+00:00","dateModified":"2025-06-24T14:58:11+00:00","breadcrumb":{"@id":"https:\/\/velesnails.pl\/product\/zel-budujacy-z-tiksotropia-mollylac-one-drop-tixology-ice-glass-15g\/#breadcrumb"},"inLanguage":"en-GB","potentialAction":[{"@type":"ReadAction","target":["https:\/\/velesnails.pl\/product\/zel-budujacy-z-tiksotropia-mollylac-one-drop-tixology-ice-glass-15g\/"]}]},{"@type":"ImageObject","inLanguage":"en-GB","@id":"https:\/\/velesnails.pl\/product\/zel-budujacy-z-tiksotropia-mollylac-one-drop-tixology-ice-glass-15g\/#primaryimage","url":"https:\/\/i0.wp.com\/velesnails.pl\/wp-content\/uploads\/2024\/07\/MollyLac-One-Drop-Tixology-Ice-Glass-15g.jpg?fit=500%2C484&ssl=1","contentUrl":"https:\/\/i0.wp.com\/velesnails.pl\/wp-content\/uploads\/2024\/07\/MollyLac-One-Drop-Tixology-Ice-Glass-15g.jpg?fit=500%2C484&ssl=1","width":500,"height":484},{"@type":"BreadcrumbList","@id":"https:\/\/velesnails.pl\/product\/zel-budujacy-z-tiksotropia-mollylac-one-drop-tixology-ice-glass-15g\/#breadcrumb","itemListElement":[{"@type":"ListItem","position":1,"name":"\u0413\u043e\u043b\u043e\u0432\u043d\u0430","item":"https:\/\/velesnails.pl\/"},{"@type":"ListItem","position":2,"name":"Sklep","item":"https:\/\/velesnails.pl\/shop\/"},{"@type":"ListItem","position":3,"name":"\u017bel buduj\u0105cy z tiksotropi\u0105 MollyLac One Drop Tixology Ice Glass 15g"}]},{"@type":"WebSite","@id":"https:\/\/velesnails.pl\/#website","url":"https:\/\/velesnails.pl\/","name":"velesnails","description":"Manicure shop","publisher":{"@id":"https:\/\/velesnails.pl\/#organization"},"potentialAction":[{"@type":"SearchAction","target":{"@type":"EntryPoint","urlTemplate":"https:\/\/velesnails.pl\/?s={search_term_string}"},"query-input":{"@type":"PropertyValueSpecification","valueRequired":true,"valueName":"search_term_string"}}],"inLanguage":"en-GB"},{"@type":"Organization","@id":"https:\/\/velesnails.pl\/#organization","name":"velesnails","url":"https:\/\/velesnails.pl\/","logo":{"@type":"ImageObject","inLanguage":"en-GB","@id":"https:\/\/velesnails.pl\/#\/schema\/logo\/image\/","url":"https:\/\/i0.wp.com\/velesnails.pl\/wp-content\/uploads\/2025\/10\/cropped-obraz_viber_2025-10-22_13-55-55-969.jpg?fit=485%2C381&ssl=1","contentUrl":"https:\/\/i0.wp.com\/velesnails.pl\/wp-content\/uploads\/2025\/10\/cropped-obraz_viber_2025-10-22_13-55-55-969.jpg?fit=485%2C381&ssl=1","width":485,"height":381,"caption":"velesnails"},"image":{"@id":"https:\/\/velesnails.pl\/#\/schema\/logo\/image\/"}}]}},"_links":{"self":[{"href":"https:\/\/velesnails.pl\/en\/wp-json\/wp\/v2\/product\/2522","targetHints":{"allow":["GET"]}}],"collection":[{"href":"https:\/\/velesnails.pl\/en\/wp-json\/wp\/v2\/product"}],"about":[{"href":"https:\/\/velesnails.pl\/en\/wp-json\/wp\/v2\/types\/product"}],"replies":[{"embeddable":true,"href":"https:\/\/velesnails.pl\/en\/wp-json\/wp\/v2\/comments?post=2522"}],"wp:featuredmedia":[{"embeddable":true,"href":"https:\/\/velesnails.pl\/en\/wp-json\/wp\/v2\/media\/2517"}],"wp:attachment":[{"href":"https:\/\/velesnails.pl\/en\/wp-json\/wp\/v2\/media?parent=2522"}],"wp:term":[{"taxonomy":"product_brand","embeddable":true,"href":"https:\/\/velesnails.pl\/en\/wp-json\/wp\/v2\/product_brand?post=2522"},{"taxonomy":"product_cat","embeddable":true,"href":"https:\/\/velesnails.pl\/en\/wp-json\/wp\/v2\/product_cat?post=2522"},{"taxonomy":"product_tag","embeddable":true,"href":"https:\/\/velesnails.pl\/en\/wp-json\/wp\/v2\/product_tag?post=2522"}],"curies":[{"name":"wp","href":"https:\/\/api.w.org\/{rel}","templated":true}]}}