{"id":2443,"date":"2024-07-20T14:47:53","date_gmt":"2024-07-20T11:47:53","guid":{"rendered":"https:\/\/velesnails.loc\/?post_type=product&#038;p=2443"},"modified":"2025-10-30T17:38:46","modified_gmt":"2025-10-30T14:38:46","slug":"clavier-luxury-top-coat-do-lakierow-hybrydowych","status":"publish","type":"product","link":"https:\/\/velesnails.pl\/en\/product\/clavier-luxury-top-coat-do-lakierow-hybrydowych\/","title":{"rendered":"Diamond Top Coat Nailsology, 8ml"},"content":{"rendered":"<h2 class=\"wp-block-heading\">Diamond Top Coat \u2013 Doskona\u0142e Wyko\u0144czenie Twojego Manicure<\/h2>\n<p><strong>Diamond Top Coat<\/strong>\u00a0to produkt stworzony z my\u015bl\u0105 o perfekcyjnym wyko\u0144czeniu stylizacji paznokci. Dzi\u0119ki innowacyjnej formule zapewnia\u00a0<strong>niezr\u00f3wnany blask przez d\u0142ugi czas, ekstremaln\u0105 trwa\u0142o\u015b\u0107 oraz ochron\u0119 koloru<\/strong>, sprawiaj\u0105c, \u017ce ka\u017cda stylizacja wygl\u0105da perfekcyjnie przez d\u0142ugi czas. Jego\u00a0<strong>ultrag\u0142adka, samopoziomuj\u0105ca si\u0119 konsystencja<\/strong>\u00a0u\u0142atwia aplikacj\u0119, nie pozostawiaj\u0105c smug ani nier\u00f3wno\u015bci.<\/p>\n<h2 class=\"wp-block-heading\">Nadaje ol\u015bniewaj\u0105cy blask i maksymalnie wzmacnia trwa\u0142o\u015b\u0107 manicure hybrydowego, skutecznie chroni\u0105c przed odpryskami i uszkodzeniami.<\/h2>\n<p>\u2705\u00a0<strong>Bezbarwna, elastyczna formu\u0142a<\/strong>\u00a0\u2013 nie zmienia odcienia lakieru<br \/>\n\u2705\u00a0<strong>D\u0142ugotrwa\u0142a trwa\u0142o\u015b\u0107<\/strong>\u00a0\u2013 odporno\u015b\u0107 na odpryski i zarysowania<br \/>\n\u2705\u00a0<strong>Efekt szklistych paznokci<\/strong>\u00a0\u2013 intensywny po\u0142ysk przez d\u0142ugi czas<br \/>\n\u2705\u00a0<strong>Bez warstwy dyspersyjnej<\/strong>\u00a0\u2013 brak konieczno\u015bci przecierania po utwardzeniu<\/p>\n<p><strong>Method of use:<\/strong>\u00a0Po wykonanej stylizacji lakierem hybrydowym na\u0142\u00f3\u017c Top Coat i utward\u017a lamp\u0105 UV\/LED przez 30\/60s.<\/p>\n<p><strong>Ingriedients:<\/strong>\u00a0Acrylates Copolymer, Hydroxypropyl Methacrylate, Dimethicone, Ethyl Trimethylbenzoyl, Phenylphosphinate.<\/p>\n<p><strong>Ostrze\u017cenie:<\/strong>\u00a0Tylko do u\u017cytku profesjonalnego. Unika\u0107 kontaktu ze sk\u00f3r\u0105. Prosz\u0119 uwa\u017cnie przeczyta\u0107 spos\u00f3b u\u017cycia.<\/p>","protected":false},"excerpt":{"rendered":"<p>Diamond Top Coat \u2013 Doskona\u0142e Wyko\u0144czenie Twojego Manicure Diamond Top Coat\u00a0to produkt stworzony z my\u015bl\u0105 o perfekcyjnym wyko\u0144czeniu stylizacji paznokci. Dzi\u0119ki innowacyjnej formule zapewnia\u00a0niezr\u00f3wnany blask przez d\u0142ugi czas, ekstremaln\u0105 trwa\u0142o\u015b\u0107 oraz ochron\u0119 koloru, sprawiaj\u0105c, \u017ce ka\u017cda stylizacja wygl\u0105da perfekcyjnie przez d\u0142ugi czas. Jego\u00a0ultrag\u0142adka, samopoziomuj\u0105ca si\u0119 konsystencja\u00a0u\u0142atwia aplikacj\u0119, nie pozostawiaj\u0105c smug ani nier\u00f3wno\u015bci. Nadaje ol\u015bniewaj\u0105cy blask [&hellip;]<\/p>\n","protected":false},"featured_media":7253,"comment_status":"closed","ping_status":"closed","template":"","meta":{"om_disable_all_campaigns":false,"ocean_post_layout":"","ocean_both_sidebars_style":"","ocean_both_sidebars_content_width":0,"ocean_both_sidebars_sidebars_width":0,"ocean_sidebar":"0","ocean_second_sidebar":"0","ocean_disable_margins":"enable","ocean_add_body_class":"","ocean_shortcode_before_top_bar":"","ocean_shortcode_after_top_bar":"","ocean_shortcode_before_header":"","ocean_shortcode_after_header":"","ocean_has_shortcode":"","ocean_shortcode_after_title":"","ocean_shortcode_before_footer_widgets":"","ocean_shortcode_after_footer_widgets":"","ocean_shortcode_before_footer_bottom":"","ocean_shortcode_after_footer_bottom":"","ocean_display_top_bar":"default","ocean_display_header":"default","ocean_header_style":"","ocean_center_header_left_menu":"0","ocean_custom_header_template":"0","ocean_custom_logo":0,"ocean_custom_retina_logo":0,"ocean_custom_logo_max_width":0,"ocean_custom_logo_tablet_max_width":0,"ocean_custom_logo_mobile_max_width":0,"ocean_custom_logo_max_height":0,"ocean_custom_logo_tablet_max_height":0,"ocean_custom_logo_mobile_max_height":0,"ocean_header_custom_menu":"0","ocean_menu_typo_font_family":"0","ocean_menu_typo_font_subset":"","ocean_menu_typo_font_size":0,"ocean_menu_typo_font_size_tablet":0,"ocean_menu_typo_font_size_mobile":0,"ocean_menu_typo_font_size_unit":"px","ocean_menu_typo_font_weight":"","ocean_menu_typo_font_weight_tablet":"","ocean_menu_typo_font_weight_mobile":"","ocean_menu_typo_transform":"","ocean_menu_typo_transform_tablet":"","ocean_menu_typo_transform_mobile":"","ocean_menu_typo_line_height":0,"ocean_menu_typo_line_height_tablet":0,"ocean_menu_typo_line_height_mobile":0,"ocean_menu_typo_line_height_unit":"","ocean_menu_typo_spacing":0,"ocean_menu_typo_spacing_tablet":0,"ocean_menu_typo_spacing_mobile":0,"ocean_menu_typo_spacing_unit":"","ocean_menu_link_color":"","ocean_menu_link_color_hover":"","ocean_menu_link_color_active":"","ocean_menu_link_background":"","ocean_menu_link_hover_background":"","ocean_menu_link_active_background":"","ocean_menu_social_links_bg":"","ocean_menu_social_hover_links_bg":"","ocean_menu_social_links_color":"","ocean_menu_social_hover_links_color":"","ocean_disable_title":"default","ocean_disable_heading":"default","ocean_post_title":"","ocean_post_subheading":"","ocean_post_title_style":"","ocean_post_title_background_color":"","ocean_post_title_background":0,"ocean_post_title_bg_image_position":"","ocean_post_title_bg_image_attachment":"","ocean_post_title_bg_image_repeat":"","ocean_post_title_bg_image_size":"","ocean_post_title_height":0,"ocean_post_title_bg_overlay":0.5,"ocean_post_title_bg_overlay_color":"","ocean_disable_breadcrumbs":"default","ocean_breadcrumbs_color":"","ocean_breadcrumbs_separator_color":"","ocean_breadcrumbs_links_color":"","ocean_breadcrumbs_links_hover_color":"","ocean_display_footer_widgets":"default","ocean_display_footer_bottom":"default","ocean_custom_footer_template":"0"},"product_brand":[],"product_cat":[184,190,176,110,187],"product_tag":[],"class_list":{"0":"post-2443","1":"product","2":"type-product","3":"status-publish","4":"has-post-thumbnail","6":"product_cat-bazy-i-topy","7":"product_cat-clavier-1","8":"product_cat-marki","9":"product_cat-paznokcie","10":"product_cat-topy","12":"entry","13":"has-media","15":"first","16":"instock","17":"taxable","18":"shipping-taxable","19":"purchasable","20":"product-type-simple","21":"has-product-nav","22":"col","23":"span_1_of_3","24":"owp-content-center","25":"owp-thumbs-layout-horizontal","26":"owp-btn-normal","27":"owp-tabs-layout-horizontal","28":"has-no-thumbnails"},"yoast_head":"<!-- This site is optimized with the Yoast SEO plugin v27.6 - https:\/\/yoast.com\/product\/yoast-seo-wordpress\/ -->\n<title>Diamond Top Coat Nailsology, 8ml - velesnails<\/title>\n<meta name=\"robots\" content=\"index, follow, max-snippet:-1, max-image-preview:large, max-video-preview:-1\" \/>\n<link rel=\"canonical\" href=\"https:\/\/velesnails.pl\/en\/product\/clavier-luxury-top-coat-do-lakierow-hybrydowych\/\" \/>\n<meta property=\"og:locale\" content=\"en_GB\" \/>\n<meta property=\"og:type\" content=\"article\" \/>\n<meta property=\"og:title\" content=\"Diamond Top Coat Nailsology, 8ml - velesnails\" \/>\n<meta property=\"og:description\" content=\"Diamond Top Coat \u2013 Doskona\u0142e Wyko\u0144czenie Twojego Manicure Diamond Top Coat\u00a0to produkt stworzony z my\u015bl\u0105 o perfekcyjnym wyko\u0144czeniu stylizacji paznokci. Dzi\u0119ki innowacyjnej formule zapewnia\u00a0niezr\u00f3wnany blask przez d\u0142ugi czas, ekstremaln\u0105 trwa\u0142o\u015b\u0107 oraz ochron\u0119 koloru, sprawiaj\u0105c, \u017ce ka\u017cda stylizacja wygl\u0105da perfekcyjnie przez d\u0142ugi czas. Jego\u00a0ultrag\u0142adka, samopoziomuj\u0105ca si\u0119 konsystencja\u00a0u\u0142atwia aplikacj\u0119, nie pozostawiaj\u0105c smug ani nier\u00f3wno\u015bci. Nadaje ol\u015bniewaj\u0105cy blask [&hellip;]\" \/>\n<meta property=\"og:url\" content=\"https:\/\/velesnails.pl\/en\/product\/clavier-luxury-top-coat-do-lakierow-hybrydowych\/\" \/>\n<meta property=\"og:site_name\" content=\"velesnails\" \/>\n<meta property=\"article:modified_time\" content=\"2025-10-30T14:38:46+00:00\" \/>\n<meta property=\"og:image\" content=\"https:\/\/velesnails.pl\/wp-content\/uploads\/2024\/07\/1-1.jpg\" \/>\n\t<meta property=\"og:image:width\" content=\"1280\" \/>\n\t<meta property=\"og:image:height\" content=\"1280\" \/>\n\t<meta property=\"og:image:type\" content=\"image\/jpeg\" \/>\n<meta name=\"twitter:card\" content=\"summary_large_image\" \/>\n<meta name=\"twitter:label1\" content=\"Estimated reading time\" \/>\n\t<meta name=\"twitter:data1\" content=\"1 minute\" \/>\n<script type=\"application\/ld+json\" class=\"yoast-schema-graph\">{\"@context\":\"https:\\\/\\\/schema.org\",\"@graph\":[{\"@type\":\"WebPage\",\"@id\":\"https:\\\/\\\/velesnails.pl\\\/product\\\/clavier-luxury-top-coat-do-lakierow-hybrydowych\\\/\",\"url\":\"https:\\\/\\\/velesnails.pl\\\/product\\\/clavier-luxury-top-coat-do-lakierow-hybrydowych\\\/\",\"name\":\"Diamond Top Coat Nailsology, 8ml - velesnails\",\"isPartOf\":{\"@id\":\"https:\\\/\\\/velesnails.pl\\\/#website\"},\"primaryImageOfPage\":{\"@id\":\"https:\\\/\\\/velesnails.pl\\\/product\\\/clavier-luxury-top-coat-do-lakierow-hybrydowych\\\/#primaryimage\"},\"image\":{\"@id\":\"https:\\\/\\\/velesnails.pl\\\/product\\\/clavier-luxury-top-coat-do-lakierow-hybrydowych\\\/#primaryimage\"},\"thumbnailUrl\":\"https:\\\/\\\/i0.wp.com\\\/velesnails.pl\\\/wp-content\\\/uploads\\\/2024\\\/07\\\/1-1.jpg?fit=1280%2C1280&ssl=1\",\"datePublished\":\"2024-07-20T11:47:53+00:00\",\"dateModified\":\"2025-10-30T14:38:46+00:00\",\"breadcrumb\":{\"@id\":\"https:\\\/\\\/velesnails.pl\\\/product\\\/clavier-luxury-top-coat-do-lakierow-hybrydowych\\\/#breadcrumb\"},\"inLanguage\":\"en-GB\",\"potentialAction\":[{\"@type\":\"ReadAction\",\"target\":[\"https:\\\/\\\/velesnails.pl\\\/product\\\/clavier-luxury-top-coat-do-lakierow-hybrydowych\\\/\"]}]},{\"@type\":\"ImageObject\",\"inLanguage\":\"en-GB\",\"@id\":\"https:\\\/\\\/velesnails.pl\\\/product\\\/clavier-luxury-top-coat-do-lakierow-hybrydowych\\\/#primaryimage\",\"url\":\"https:\\\/\\\/i0.wp.com\\\/velesnails.pl\\\/wp-content\\\/uploads\\\/2024\\\/07\\\/1-1.jpg?fit=1280%2C1280&ssl=1\",\"contentUrl\":\"https:\\\/\\\/i0.wp.com\\\/velesnails.pl\\\/wp-content\\\/uploads\\\/2024\\\/07\\\/1-1.jpg?fit=1280%2C1280&ssl=1\",\"width\":1280,\"height\":1280,\"caption\":\"#image_title\"},{\"@type\":\"BreadcrumbList\",\"@id\":\"https:\\\/\\\/velesnails.pl\\\/product\\\/clavier-luxury-top-coat-do-lakierow-hybrydowych\\\/#breadcrumb\",\"itemListElement\":[{\"@type\":\"ListItem\",\"position\":1,\"name\":\"\u0413\u043e\u043b\u043e\u0432\u043d\u0430\",\"item\":\"https:\\\/\\\/velesnails.pl\\\/\"},{\"@type\":\"ListItem\",\"position\":2,\"name\":\"Sklep\",\"item\":\"https:\\\/\\\/velesnails.pl\\\/shop\\\/\"},{\"@type\":\"ListItem\",\"position\":3,\"name\":\"Diamond Top Coat Nailsology, 8ml\"}]},{\"@type\":\"WebSite\",\"@id\":\"https:\\\/\\\/velesnails.pl\\\/#website\",\"url\":\"https:\\\/\\\/velesnails.pl\\\/\",\"name\":\"velesnails\",\"description\":\"Sklep z manicure\",\"publisher\":{\"@id\":\"https:\\\/\\\/velesnails.pl\\\/#organization\"},\"potentialAction\":[{\"@type\":\"SearchAction\",\"target\":{\"@type\":\"EntryPoint\",\"urlTemplate\":\"https:\\\/\\\/velesnails.pl\\\/?s={search_term_string}\"},\"query-input\":{\"@type\":\"PropertyValueSpecification\",\"valueRequired\":true,\"valueName\":\"search_term_string\"}}],\"inLanguage\":\"en-GB\"},{\"@type\":\"Organization\",\"@id\":\"https:\\\/\\\/velesnails.pl\\\/#organization\",\"name\":\"velesnails\",\"url\":\"https:\\\/\\\/velesnails.pl\\\/\",\"logo\":{\"@type\":\"ImageObject\",\"inLanguage\":\"en-GB\",\"@id\":\"https:\\\/\\\/velesnails.pl\\\/#\\\/schema\\\/logo\\\/image\\\/\",\"url\":\"https:\\\/\\\/i0.wp.com\\\/velesnails.pl\\\/wp-content\\\/uploads\\\/2025\\\/10\\\/cropped-obraz_viber_2025-10-22_13-55-55-969.jpg?fit=485%2C381&ssl=1\",\"contentUrl\":\"https:\\\/\\\/i0.wp.com\\\/velesnails.pl\\\/wp-content\\\/uploads\\\/2025\\\/10\\\/cropped-obraz_viber_2025-10-22_13-55-55-969.jpg?fit=485%2C381&ssl=1\",\"width\":485,\"height\":381,\"caption\":\"velesnails\"},\"image\":{\"@id\":\"https:\\\/\\\/velesnails.pl\\\/#\\\/schema\\\/logo\\\/image\\\/\"}}]}<\/script>\n<!-- \/ Yoast SEO plugin. -->","yoast_head_json":{"title":"Diamond Top Coat Nailsology, 8ml - velesnails","robots":{"index":"index","follow":"follow","max-snippet":"max-snippet:-1","max-image-preview":"max-image-preview:large","max-video-preview":"max-video-preview:-1"},"canonical":"https:\/\/velesnails.pl\/en\/product\/clavier-luxury-top-coat-do-lakierow-hybrydowych\/","og_locale":"en_GB","og_type":"article","og_title":"Diamond Top Coat Nailsology, 8ml - velesnails","og_description":"Diamond Top Coat \u2013 Doskona\u0142e Wyko\u0144czenie Twojego Manicure Diamond Top Coat\u00a0to produkt stworzony z my\u015bl\u0105 o perfekcyjnym wyko\u0144czeniu stylizacji paznokci. Dzi\u0119ki innowacyjnej formule zapewnia\u00a0niezr\u00f3wnany blask przez d\u0142ugi czas, ekstremaln\u0105 trwa\u0142o\u015b\u0107 oraz ochron\u0119 koloru, sprawiaj\u0105c, \u017ce ka\u017cda stylizacja wygl\u0105da perfekcyjnie przez d\u0142ugi czas. Jego\u00a0ultrag\u0142adka, samopoziomuj\u0105ca si\u0119 konsystencja\u00a0u\u0142atwia aplikacj\u0119, nie pozostawiaj\u0105c smug ani nier\u00f3wno\u015bci. Nadaje ol\u015bniewaj\u0105cy blask [&hellip;]","og_url":"https:\/\/velesnails.pl\/en\/product\/clavier-luxury-top-coat-do-lakierow-hybrydowych\/","og_site_name":"velesnails","article_modified_time":"2025-10-30T14:38:46+00:00","og_image":[{"width":1280,"height":1280,"url":"https:\/\/velesnails.pl\/wp-content\/uploads\/2024\/07\/1-1.jpg","type":"image\/jpeg"}],"twitter_card":"summary_large_image","twitter_misc":{"Estimated reading time":"1 minute"},"schema":{"@context":"https:\/\/schema.org","@graph":[{"@type":"WebPage","@id":"https:\/\/velesnails.pl\/product\/clavier-luxury-top-coat-do-lakierow-hybrydowych\/","url":"https:\/\/velesnails.pl\/product\/clavier-luxury-top-coat-do-lakierow-hybrydowych\/","name":"Diamond Top Coat Nailsology, 8ml - velesnails","isPartOf":{"@id":"https:\/\/velesnails.pl\/#website"},"primaryImageOfPage":{"@id":"https:\/\/velesnails.pl\/product\/clavier-luxury-top-coat-do-lakierow-hybrydowych\/#primaryimage"},"image":{"@id":"https:\/\/velesnails.pl\/product\/clavier-luxury-top-coat-do-lakierow-hybrydowych\/#primaryimage"},"thumbnailUrl":"https:\/\/i0.wp.com\/velesnails.pl\/wp-content\/uploads\/2024\/07\/1-1.jpg?fit=1280%2C1280&ssl=1","datePublished":"2024-07-20T11:47:53+00:00","dateModified":"2025-10-30T14:38:46+00:00","breadcrumb":{"@id":"https:\/\/velesnails.pl\/product\/clavier-luxury-top-coat-do-lakierow-hybrydowych\/#breadcrumb"},"inLanguage":"en-GB","potentialAction":[{"@type":"ReadAction","target":["https:\/\/velesnails.pl\/product\/clavier-luxury-top-coat-do-lakierow-hybrydowych\/"]}]},{"@type":"ImageObject","inLanguage":"en-GB","@id":"https:\/\/velesnails.pl\/product\/clavier-luxury-top-coat-do-lakierow-hybrydowych\/#primaryimage","url":"https:\/\/i0.wp.com\/velesnails.pl\/wp-content\/uploads\/2024\/07\/1-1.jpg?fit=1280%2C1280&ssl=1","contentUrl":"https:\/\/i0.wp.com\/velesnails.pl\/wp-content\/uploads\/2024\/07\/1-1.jpg?fit=1280%2C1280&ssl=1","width":1280,"height":1280,"caption":"#image_title"},{"@type":"BreadcrumbList","@id":"https:\/\/velesnails.pl\/product\/clavier-luxury-top-coat-do-lakierow-hybrydowych\/#breadcrumb","itemListElement":[{"@type":"ListItem","position":1,"name":"\u0413\u043e\u043b\u043e\u0432\u043d\u0430","item":"https:\/\/velesnails.pl\/"},{"@type":"ListItem","position":2,"name":"Sklep","item":"https:\/\/velesnails.pl\/shop\/"},{"@type":"ListItem","position":3,"name":"Diamond Top Coat Nailsology, 8ml"}]},{"@type":"WebSite","@id":"https:\/\/velesnails.pl\/#website","url":"https:\/\/velesnails.pl\/","name":"velesnails","description":"Manicure shop","publisher":{"@id":"https:\/\/velesnails.pl\/#organization"},"potentialAction":[{"@type":"SearchAction","target":{"@type":"EntryPoint","urlTemplate":"https:\/\/velesnails.pl\/?s={search_term_string}"},"query-input":{"@type":"PropertyValueSpecification","valueRequired":true,"valueName":"search_term_string"}}],"inLanguage":"en-GB"},{"@type":"Organization","@id":"https:\/\/velesnails.pl\/#organization","name":"velesnails","url":"https:\/\/velesnails.pl\/","logo":{"@type":"ImageObject","inLanguage":"en-GB","@id":"https:\/\/velesnails.pl\/#\/schema\/logo\/image\/","url":"https:\/\/i0.wp.com\/velesnails.pl\/wp-content\/uploads\/2025\/10\/cropped-obraz_viber_2025-10-22_13-55-55-969.jpg?fit=485%2C381&ssl=1","contentUrl":"https:\/\/i0.wp.com\/velesnails.pl\/wp-content\/uploads\/2025\/10\/cropped-obraz_viber_2025-10-22_13-55-55-969.jpg?fit=485%2C381&ssl=1","width":485,"height":381,"caption":"velesnails"},"image":{"@id":"https:\/\/velesnails.pl\/#\/schema\/logo\/image\/"}}]}},"_links":{"self":[{"href":"https:\/\/velesnails.pl\/en\/wp-json\/wp\/v2\/product\/2443","targetHints":{"allow":["GET"]}}],"collection":[{"href":"https:\/\/velesnails.pl\/en\/wp-json\/wp\/v2\/product"}],"about":[{"href":"https:\/\/velesnails.pl\/en\/wp-json\/wp\/v2\/types\/product"}],"replies":[{"embeddable":true,"href":"https:\/\/velesnails.pl\/en\/wp-json\/wp\/v2\/comments?post=2443"}],"wp:featuredmedia":[{"embeddable":true,"href":"https:\/\/velesnails.pl\/en\/wp-json\/wp\/v2\/media\/7253"}],"wp:attachment":[{"href":"https:\/\/velesnails.pl\/en\/wp-json\/wp\/v2\/media?parent=2443"}],"wp:term":[{"taxonomy":"product_brand","embeddable":true,"href":"https:\/\/velesnails.pl\/en\/wp-json\/wp\/v2\/product_brand?post=2443"},{"taxonomy":"product_cat","embeddable":true,"href":"https:\/\/velesnails.pl\/en\/wp-json\/wp\/v2\/product_cat?post=2443"},{"taxonomy":"product_tag","embeddable":true,"href":"https:\/\/velesnails.pl\/en\/wp-json\/wp\/v2\/product_tag?post=2443"}],"curies":[{"name":"wp","href":"https:\/\/api.w.org\/{rel}","templated":true}]}}