{"id":2417,"date":"2024-07-20T13:41:57","date_gmt":"2024-07-20T10:41:57","guid":{"rendered":"https:\/\/velesnails.loc\/?post_type=product&#038;p=2417"},"modified":"2026-01-18T19:40:36","modified_gmt":"2026-01-18T16:40:36","slug":"mollylac-satin-top-matowy-top-nawierzchniowy-no-wipe-bez-przemywania-10g","status":"publish","type":"product","link":"https:\/\/velesnails.pl\/en\/product\/mollylac-satin-top-matowy-top-nawierzchniowy-no-wipe-bez-przemywania-10g\/","title":{"rendered":"MollyLac Satin Top- matowy top nawierzchniowy no wipe bez przemywania 10g"},"content":{"rendered":"<p>Chcesz uzyska\u0107 satynowy efekt paznokci i przyci\u0105gn\u0105\u0107 wzrok innych?<\/p>\n<p>Innowacyjny top matuj\u0105cy, w kt\u00f3rym zosta\u0142a zastosowana innowacyjna formu\u0142a satynowego efektu<\/p>\n<p>Teraz ju\u017c masz mo\u017cliwo\u015b\u0107! Satin Top MollyLac to odpowied\u017a na zapotrzebowanie naszych wymagaj\u0105cych klientek, kt\u00f3re pragn\u0105 satynowego efektu na paznokciach!<\/p>\n<p>Satynowy, trwale matuj\u0105cy top nawierzchniowy, przeniesie Twoje stylizacje w inny wymiar!<\/p>\n<p>Top nawierzchniowy Satin Top MollyLac &#8211; to wysokiej jako\u015bci produkt zamkni\u0119ty w uroczej buteleczce 10 ml z precyzyjnym p\u0119dzelkiem w kszta\u0142cie kociego j\u0119zyka.<\/p>\n<p>? Rozpuszczalny w p\u0142ynach typu soak off.<\/p>\n<p>? Nie wyb\u0142yszcza si\u0119!<\/p>\n<p>? Nie wymaga przemywania<\/p>\n<p>? Ciesz si\u0119 d\u0142ugotrwa\u0142ym efektem matowych paznokci +14 dni!<\/p>\n<p>Method of use:<\/p>\n<p>-Na\u0142\u00f3\u017c warstw\u0119 Satin Top Molly Lac na stylizacj\u0119 hybrydow\u0105, \u017celow\u0105 b\u0105d\u017a akrylow\u0105<br \/>\n-Utwardzaj w lampie UV: 2 min\/LED 60 sekund (d\u0142u\u017csze utwardzanie daje d\u0142ugotrwa\u0142y efekt stylizacji)<br \/>\n-GOTOWE! Ciesz si\u0119 jedwabi\u015bcie matowym efektem na paznokciach!<br \/>\nSk\u0142ad: Isobornyl Methacrylate, Hydroxypropyl Methacrylate, HEMA, Hydroxycyclohexyl Phenyl Ketone, Bis(Methacryloyloxyethyl)Phospahte, Mica<\/p>\n<p>Ostrze\u017cenia:<\/p>\n<p>Produkt tylko do u\u017cytku profesjonalnego.<br \/>\nKeep out of the reach of children.<br \/>\nMay cause an allergic reaction.<br \/>\nPlease read the directions for use carefully.<\/p>","protected":false},"excerpt":{"rendered":"<p>Chcesz uzyska\u0107 satynowy efekt paznokci i przyci\u0105gn\u0105\u0107 wzrok innych? Innowacyjny top matuj\u0105cy, w kt\u00f3rym zosta\u0142a zastosowana innowacyjna formu\u0142a satynowego efektu Teraz ju\u017c masz mo\u017cliwo\u015b\u0107! Satin Top MollyLac to odpowied\u017a na zapotrzebowanie naszych wymagaj\u0105cych klientek, kt\u00f3re pragn\u0105 satynowego efektu na paznokciach! Satynowy, trwale matuj\u0105cy top nawierzchniowy, przeniesie Twoje stylizacje w inny wymiar! Top nawierzchniowy Satin Top [&hellip;]<\/p>\n","protected":false},"featured_media":2418,"comment_status":"open","ping_status":"closed","template":"","meta":{"om_disable_all_campaigns":false,"ocean_post_layout":"","ocean_both_sidebars_style":"","ocean_both_sidebars_content_width":0,"ocean_both_sidebars_sidebars_width":0,"ocean_sidebar":"0","ocean_second_sidebar":"0","ocean_disable_margins":"enable","ocean_add_body_class":"","ocean_shortcode_before_top_bar":"","ocean_shortcode_after_top_bar":"","ocean_shortcode_before_header":"","ocean_shortcode_after_header":"","ocean_has_shortcode":"","ocean_shortcode_after_title":"","ocean_shortcode_before_footer_widgets":"","ocean_shortcode_after_footer_widgets":"","ocean_shortcode_before_footer_bottom":"","ocean_shortcode_after_footer_bottom":"","ocean_display_top_bar":"default","ocean_display_header":"default","ocean_header_style":"","ocean_center_header_left_menu":"0","ocean_custom_header_template":"0","ocean_custom_logo":0,"ocean_custom_retina_logo":0,"ocean_custom_logo_max_width":0,"ocean_custom_logo_tablet_max_width":0,"ocean_custom_logo_mobile_max_width":0,"ocean_custom_logo_max_height":0,"ocean_custom_logo_tablet_max_height":0,"ocean_custom_logo_mobile_max_height":0,"ocean_header_custom_menu":"0","ocean_menu_typo_font_family":"0","ocean_menu_typo_font_subset":"","ocean_menu_typo_font_size":0,"ocean_menu_typo_font_size_tablet":0,"ocean_menu_typo_font_size_mobile":0,"ocean_menu_typo_font_size_unit":"px","ocean_menu_typo_font_weight":"","ocean_menu_typo_font_weight_tablet":"","ocean_menu_typo_font_weight_mobile":"","ocean_menu_typo_transform":"","ocean_menu_typo_transform_tablet":"","ocean_menu_typo_transform_mobile":"","ocean_menu_typo_line_height":0,"ocean_menu_typo_line_height_tablet":0,"ocean_menu_typo_line_height_mobile":0,"ocean_menu_typo_line_height_unit":"","ocean_menu_typo_spacing":0,"ocean_menu_typo_spacing_tablet":0,"ocean_menu_typo_spacing_mobile":0,"ocean_menu_typo_spacing_unit":"","ocean_menu_link_color":"","ocean_menu_link_color_hover":"","ocean_menu_link_color_active":"","ocean_menu_link_background":"","ocean_menu_link_hover_background":"","ocean_menu_link_active_background":"","ocean_menu_social_links_bg":"","ocean_menu_social_hover_links_bg":"","ocean_menu_social_links_color":"","ocean_menu_social_hover_links_color":"","ocean_disable_title":"default","ocean_disable_heading":"default","ocean_post_title":"","ocean_post_subheading":"","ocean_post_title_style":"","ocean_post_title_background_color":"","ocean_post_title_background":0,"ocean_post_title_bg_image_position":"","ocean_post_title_bg_image_attachment":"","ocean_post_title_bg_image_repeat":"","ocean_post_title_bg_image_size":"","ocean_post_title_height":0,"ocean_post_title_bg_overlay":0.5,"ocean_post_title_bg_overlay_color":"","ocean_disable_breadcrumbs":"default","ocean_breadcrumbs_color":"","ocean_breadcrumbs_separator_color":"","ocean_breadcrumbs_links_color":"","ocean_breadcrumbs_links_hover_color":"","ocean_display_footer_widgets":"default","ocean_display_footer_bottom":"default","ocean_custom_footer_template":"0"},"product_brand":[],"product_cat":[184,176,189,110,187],"product_tag":[],"class_list":{"0":"post-2417","1":"product","2":"type-product","3":"status-publish","4":"has-post-thumbnail","6":"product_cat-bazy-i-topy","7":"product_cat-marki","8":"product_cat-molly-lac-1","9":"product_cat-paznokcie","10":"product_cat-topy","12":"entry","13":"has-media","15":"first","16":"instock","17":"taxable","18":"shipping-taxable","19":"purchasable","20":"product-type-simple","21":"has-product-nav","22":"col","23":"span_1_of_3","24":"owp-content-center","25":"owp-thumbs-layout-horizontal","26":"owp-btn-normal","27":"owp-tabs-layout-horizontal"},"yoast_head":"<!-- This site is optimized with the Yoast SEO plugin v27.6 - https:\/\/yoast.com\/product\/yoast-seo-wordpress\/ -->\n<title>MollyLac Satin Top- matowy top nawierzchniowy no wipe bez przemywania 10g - velesnails<\/title>\n<meta name=\"robots\" content=\"index, follow, max-snippet:-1, max-image-preview:large, max-video-preview:-1\" \/>\n<link rel=\"canonical\" href=\"https:\/\/velesnails.pl\/en\/product\/mollylac-satin-top-matowy-top-nawierzchniowy-no-wipe-bez-przemywania-10g\/\" \/>\n<meta property=\"og:locale\" content=\"en_GB\" \/>\n<meta property=\"og:type\" content=\"article\" \/>\n<meta property=\"og:title\" content=\"MollyLac Satin Top- matowy top nawierzchniowy no wipe bez przemywania 10g - velesnails\" \/>\n<meta property=\"og:description\" content=\"Chcesz uzyska\u0107 satynowy efekt paznokci i przyci\u0105gn\u0105\u0107 wzrok innych? Innowacyjny top matuj\u0105cy, w kt\u00f3rym zosta\u0142a zastosowana innowacyjna formu\u0142a satynowego efektu Teraz ju\u017c masz mo\u017cliwo\u015b\u0107! Satin Top MollyLac to odpowied\u017a na zapotrzebowanie naszych wymagaj\u0105cych klientek, kt\u00f3re pragn\u0105 satynowego efektu na paznokciach! Satynowy, trwale matuj\u0105cy top nawierzchniowy, przeniesie Twoje stylizacje w inny wymiar! Top nawierzchniowy Satin Top [&hellip;]\" \/>\n<meta property=\"og:url\" content=\"https:\/\/velesnails.pl\/en\/product\/mollylac-satin-top-matowy-top-nawierzchniowy-no-wipe-bez-przemywania-10g\/\" \/>\n<meta property=\"og:site_name\" content=\"velesnails\" \/>\n<meta property=\"article:modified_time\" content=\"2026-01-18T16:40:36+00:00\" \/>\n<meta property=\"og:image\" content=\"https:\/\/velesnails.pl\/wp-content\/uploads\/2024\/07\/Satin-Top-MollyLac-1.jpg\" \/>\n\t<meta property=\"og:image:width\" content=\"497\" \/>\n\t<meta property=\"og:image:height\" content=\"500\" \/>\n\t<meta property=\"og:image:type\" content=\"image\/jpeg\" \/>\n<meta name=\"twitter:card\" content=\"summary_large_image\" \/>\n<meta name=\"twitter:label1\" content=\"Estimated reading time\" \/>\n\t<meta name=\"twitter:data1\" content=\"1 minute\" \/>\n<script type=\"application\/ld+json\" class=\"yoast-schema-graph\">{\"@context\":\"https:\\\/\\\/schema.org\",\"@graph\":[{\"@type\":\"WebPage\",\"@id\":\"https:\\\/\\\/velesnails.pl\\\/product\\\/mollylac-satin-top-matowy-top-nawierzchniowy-no-wipe-bez-przemywania-10g\\\/\",\"url\":\"https:\\\/\\\/velesnails.pl\\\/product\\\/mollylac-satin-top-matowy-top-nawierzchniowy-no-wipe-bez-przemywania-10g\\\/\",\"name\":\"MollyLac Satin Top- matowy top nawierzchniowy no wipe bez przemywania 10g - velesnails\",\"isPartOf\":{\"@id\":\"https:\\\/\\\/velesnails.pl\\\/#website\"},\"primaryImageOfPage\":{\"@id\":\"https:\\\/\\\/velesnails.pl\\\/product\\\/mollylac-satin-top-matowy-top-nawierzchniowy-no-wipe-bez-przemywania-10g\\\/#primaryimage\"},\"image\":{\"@id\":\"https:\\\/\\\/velesnails.pl\\\/product\\\/mollylac-satin-top-matowy-top-nawierzchniowy-no-wipe-bez-przemywania-10g\\\/#primaryimage\"},\"thumbnailUrl\":\"https:\\\/\\\/i0.wp.com\\\/velesnails.pl\\\/wp-content\\\/uploads\\\/2024\\\/07\\\/Satin-Top-MollyLac-1.jpg?fit=497%2C500&ssl=1\",\"datePublished\":\"2024-07-20T10:41:57+00:00\",\"dateModified\":\"2026-01-18T16:40:36+00:00\",\"breadcrumb\":{\"@id\":\"https:\\\/\\\/velesnails.pl\\\/product\\\/mollylac-satin-top-matowy-top-nawierzchniowy-no-wipe-bez-przemywania-10g\\\/#breadcrumb\"},\"inLanguage\":\"en-GB\",\"potentialAction\":[{\"@type\":\"ReadAction\",\"target\":[\"https:\\\/\\\/velesnails.pl\\\/product\\\/mollylac-satin-top-matowy-top-nawierzchniowy-no-wipe-bez-przemywania-10g\\\/\"]}]},{\"@type\":\"ImageObject\",\"inLanguage\":\"en-GB\",\"@id\":\"https:\\\/\\\/velesnails.pl\\\/product\\\/mollylac-satin-top-matowy-top-nawierzchniowy-no-wipe-bez-przemywania-10g\\\/#primaryimage\",\"url\":\"https:\\\/\\\/i0.wp.com\\\/velesnails.pl\\\/wp-content\\\/uploads\\\/2024\\\/07\\\/Satin-Top-MollyLac-1.jpg?fit=497%2C500&ssl=1\",\"contentUrl\":\"https:\\\/\\\/i0.wp.com\\\/velesnails.pl\\\/wp-content\\\/uploads\\\/2024\\\/07\\\/Satin-Top-MollyLac-1.jpg?fit=497%2C500&ssl=1\",\"width\":497,\"height\":500},{\"@type\":\"BreadcrumbList\",\"@id\":\"https:\\\/\\\/velesnails.pl\\\/product\\\/mollylac-satin-top-matowy-top-nawierzchniowy-no-wipe-bez-przemywania-10g\\\/#breadcrumb\",\"itemListElement\":[{\"@type\":\"ListItem\",\"position\":1,\"name\":\"\u0413\u043e\u043b\u043e\u0432\u043d\u0430\",\"item\":\"https:\\\/\\\/velesnails.pl\\\/\"},{\"@type\":\"ListItem\",\"position\":2,\"name\":\"Sklep\",\"item\":\"https:\\\/\\\/velesnails.pl\\\/shop\\\/\"},{\"@type\":\"ListItem\",\"position\":3,\"name\":\"MollyLac Satin Top- matowy top nawierzchniowy no wipe bez przemywania 10g\"}]},{\"@type\":\"WebSite\",\"@id\":\"https:\\\/\\\/velesnails.pl\\\/#website\",\"url\":\"https:\\\/\\\/velesnails.pl\\\/\",\"name\":\"velesnails\",\"description\":\"Sklep z manicure\",\"publisher\":{\"@id\":\"https:\\\/\\\/velesnails.pl\\\/#organization\"},\"potentialAction\":[{\"@type\":\"SearchAction\",\"target\":{\"@type\":\"EntryPoint\",\"urlTemplate\":\"https:\\\/\\\/velesnails.pl\\\/?s={search_term_string}\"},\"query-input\":{\"@type\":\"PropertyValueSpecification\",\"valueRequired\":true,\"valueName\":\"search_term_string\"}}],\"inLanguage\":\"en-GB\"},{\"@type\":\"Organization\",\"@id\":\"https:\\\/\\\/velesnails.pl\\\/#organization\",\"name\":\"velesnails\",\"url\":\"https:\\\/\\\/velesnails.pl\\\/\",\"logo\":{\"@type\":\"ImageObject\",\"inLanguage\":\"en-GB\",\"@id\":\"https:\\\/\\\/velesnails.pl\\\/#\\\/schema\\\/logo\\\/image\\\/\",\"url\":\"https:\\\/\\\/i0.wp.com\\\/velesnails.pl\\\/wp-content\\\/uploads\\\/2025\\\/10\\\/cropped-obraz_viber_2025-10-22_13-55-55-969.jpg?fit=485%2C381&ssl=1\",\"contentUrl\":\"https:\\\/\\\/i0.wp.com\\\/velesnails.pl\\\/wp-content\\\/uploads\\\/2025\\\/10\\\/cropped-obraz_viber_2025-10-22_13-55-55-969.jpg?fit=485%2C381&ssl=1\",\"width\":485,\"height\":381,\"caption\":\"velesnails\"},\"image\":{\"@id\":\"https:\\\/\\\/velesnails.pl\\\/#\\\/schema\\\/logo\\\/image\\\/\"}}]}<\/script>\n<!-- \/ Yoast SEO plugin. -->","yoast_head_json":{"title":"MollyLac Satin Top- matowy top nawierzchniowy no wipe bez przemywania 10g - velesnails","robots":{"index":"index","follow":"follow","max-snippet":"max-snippet:-1","max-image-preview":"max-image-preview:large","max-video-preview":"max-video-preview:-1"},"canonical":"https:\/\/velesnails.pl\/en\/product\/mollylac-satin-top-matowy-top-nawierzchniowy-no-wipe-bez-przemywania-10g\/","og_locale":"en_GB","og_type":"article","og_title":"MollyLac Satin Top- matowy top nawierzchniowy no wipe bez przemywania 10g - velesnails","og_description":"Chcesz uzyska\u0107 satynowy efekt paznokci i przyci\u0105gn\u0105\u0107 wzrok innych? Innowacyjny top matuj\u0105cy, w kt\u00f3rym zosta\u0142a zastosowana innowacyjna formu\u0142a satynowego efektu Teraz ju\u017c masz mo\u017cliwo\u015b\u0107! Satin Top MollyLac to odpowied\u017a na zapotrzebowanie naszych wymagaj\u0105cych klientek, kt\u00f3re pragn\u0105 satynowego efektu na paznokciach! Satynowy, trwale matuj\u0105cy top nawierzchniowy, przeniesie Twoje stylizacje w inny wymiar! Top nawierzchniowy Satin Top [&hellip;]","og_url":"https:\/\/velesnails.pl\/en\/product\/mollylac-satin-top-matowy-top-nawierzchniowy-no-wipe-bez-przemywania-10g\/","og_site_name":"velesnails","article_modified_time":"2026-01-18T16:40:36+00:00","og_image":[{"width":497,"height":500,"url":"https:\/\/velesnails.pl\/wp-content\/uploads\/2024\/07\/Satin-Top-MollyLac-1.jpg","type":"image\/jpeg"}],"twitter_card":"summary_large_image","twitter_misc":{"Estimated reading time":"1 minute"},"schema":{"@context":"https:\/\/schema.org","@graph":[{"@type":"WebPage","@id":"https:\/\/velesnails.pl\/product\/mollylac-satin-top-matowy-top-nawierzchniowy-no-wipe-bez-przemywania-10g\/","url":"https:\/\/velesnails.pl\/product\/mollylac-satin-top-matowy-top-nawierzchniowy-no-wipe-bez-przemywania-10g\/","name":"MollyLac Satin Top- matowy top nawierzchniowy no wipe bez przemywania 10g - velesnails","isPartOf":{"@id":"https:\/\/velesnails.pl\/#website"},"primaryImageOfPage":{"@id":"https:\/\/velesnails.pl\/product\/mollylac-satin-top-matowy-top-nawierzchniowy-no-wipe-bez-przemywania-10g\/#primaryimage"},"image":{"@id":"https:\/\/velesnails.pl\/product\/mollylac-satin-top-matowy-top-nawierzchniowy-no-wipe-bez-przemywania-10g\/#primaryimage"},"thumbnailUrl":"https:\/\/i0.wp.com\/velesnails.pl\/wp-content\/uploads\/2024\/07\/Satin-Top-MollyLac-1.jpg?fit=497%2C500&ssl=1","datePublished":"2024-07-20T10:41:57+00:00","dateModified":"2026-01-18T16:40:36+00:00","breadcrumb":{"@id":"https:\/\/velesnails.pl\/product\/mollylac-satin-top-matowy-top-nawierzchniowy-no-wipe-bez-przemywania-10g\/#breadcrumb"},"inLanguage":"en-GB","potentialAction":[{"@type":"ReadAction","target":["https:\/\/velesnails.pl\/product\/mollylac-satin-top-matowy-top-nawierzchniowy-no-wipe-bez-przemywania-10g\/"]}]},{"@type":"ImageObject","inLanguage":"en-GB","@id":"https:\/\/velesnails.pl\/product\/mollylac-satin-top-matowy-top-nawierzchniowy-no-wipe-bez-przemywania-10g\/#primaryimage","url":"https:\/\/i0.wp.com\/velesnails.pl\/wp-content\/uploads\/2024\/07\/Satin-Top-MollyLac-1.jpg?fit=497%2C500&ssl=1","contentUrl":"https:\/\/i0.wp.com\/velesnails.pl\/wp-content\/uploads\/2024\/07\/Satin-Top-MollyLac-1.jpg?fit=497%2C500&ssl=1","width":497,"height":500},{"@type":"BreadcrumbList","@id":"https:\/\/velesnails.pl\/product\/mollylac-satin-top-matowy-top-nawierzchniowy-no-wipe-bez-przemywania-10g\/#breadcrumb","itemListElement":[{"@type":"ListItem","position":1,"name":"\u0413\u043e\u043b\u043e\u0432\u043d\u0430","item":"https:\/\/velesnails.pl\/"},{"@type":"ListItem","position":2,"name":"Sklep","item":"https:\/\/velesnails.pl\/shop\/"},{"@type":"ListItem","position":3,"name":"MollyLac Satin Top- matowy top nawierzchniowy no wipe bez przemywania 10g"}]},{"@type":"WebSite","@id":"https:\/\/velesnails.pl\/#website","url":"https:\/\/velesnails.pl\/","name":"velesnails","description":"Manicure shop","publisher":{"@id":"https:\/\/velesnails.pl\/#organization"},"potentialAction":[{"@type":"SearchAction","target":{"@type":"EntryPoint","urlTemplate":"https:\/\/velesnails.pl\/?s={search_term_string}"},"query-input":{"@type":"PropertyValueSpecification","valueRequired":true,"valueName":"search_term_string"}}],"inLanguage":"en-GB"},{"@type":"Organization","@id":"https:\/\/velesnails.pl\/#organization","name":"velesnails","url":"https:\/\/velesnails.pl\/","logo":{"@type":"ImageObject","inLanguage":"en-GB","@id":"https:\/\/velesnails.pl\/#\/schema\/logo\/image\/","url":"https:\/\/i0.wp.com\/velesnails.pl\/wp-content\/uploads\/2025\/10\/cropped-obraz_viber_2025-10-22_13-55-55-969.jpg?fit=485%2C381&ssl=1","contentUrl":"https:\/\/i0.wp.com\/velesnails.pl\/wp-content\/uploads\/2025\/10\/cropped-obraz_viber_2025-10-22_13-55-55-969.jpg?fit=485%2C381&ssl=1","width":485,"height":381,"caption":"velesnails"},"image":{"@id":"https:\/\/velesnails.pl\/#\/schema\/logo\/image\/"}}]}},"_links":{"self":[{"href":"https:\/\/velesnails.pl\/en\/wp-json\/wp\/v2\/product\/2417","targetHints":{"allow":["GET"]}}],"collection":[{"href":"https:\/\/velesnails.pl\/en\/wp-json\/wp\/v2\/product"}],"about":[{"href":"https:\/\/velesnails.pl\/en\/wp-json\/wp\/v2\/types\/product"}],"replies":[{"embeddable":true,"href":"https:\/\/velesnails.pl\/en\/wp-json\/wp\/v2\/comments?post=2417"}],"wp:featuredmedia":[{"embeddable":true,"href":"https:\/\/velesnails.pl\/en\/wp-json\/wp\/v2\/media\/2418"}],"wp:attachment":[{"href":"https:\/\/velesnails.pl\/en\/wp-json\/wp\/v2\/media?parent=2417"}],"wp:term":[{"taxonomy":"product_brand","embeddable":true,"href":"https:\/\/velesnails.pl\/en\/wp-json\/wp\/v2\/product_brand?post=2417"},{"taxonomy":"product_cat","embeddable":true,"href":"https:\/\/velesnails.pl\/en\/wp-json\/wp\/v2\/product_cat?post=2417"},{"taxonomy":"product_tag","embeddable":true,"href":"https:\/\/velesnails.pl\/en\/wp-json\/wp\/v2\/product_tag?post=2417"}],"curies":[{"name":"wp","href":"https:\/\/api.w.org\/{rel}","templated":true}]}}