{"id":1628,"date":"2024-07-15T13:38:52","date_gmt":"2024-07-15T10:38:52","guid":{"rendered":"https:\/\/velesnails.loc\/?post_type=product&#038;p=1628"},"modified":"2024-11-29T17:44:15","modified_gmt":"2024-11-29T14:44:15","slug":"lakier-hybrydowy-mollylac-flashing-lights-neon-fizziness-hema-di-hema-free-5g-nr-642","status":"publish","type":"product","link":"https:\/\/velesnails.pl\/en\/product\/lakier-hybrydowy-mollylac-flashing-lights-neon-fizziness-hema-di-hema-free-5g-nr-642\/","title":{"rendered":"Lakier hybrydowy MollyLac Flashing Lights Neon Fizziness Hema\/di-Hema free 5g Nr 642"},"content":{"rendered":"<p>Flashing Lights Neon to kolekcja soczystych kolor\u00f3w z ultramodnym efektem flash. Musuj\u0105ca jak wakacyjne koktajle i b\u0142yszcz\u0105ca jak promienie letniego s\u0142o\u0144ca, tworz\u0105ce refleksy \u015bwietlne na wodach ocean\u00f3w! Niech porwie Ci\u0119 flow wakacyjnych dozna\u0144, w kt\u00f3re wkroczysz jak b\u0142yszcz\u0105ca diva. Baw si\u0119, rozkoszuj \u017cyciem i wolno\u015bci\u0105 z blaskiem hollywoodzkiej gwiazdy na d\u0142oniach!<\/p>\n<p>Hippie Bling to r\u00f3\u017c z delikatnym tonem fuksji, o jakim marzy\u0142a ka\u017cda fashionistka. Doskona\u0142y do letnich stylizacji w stylu glamour, dzi\u0119ki dodatkowi blasku flash, kt\u00f3ry b\u0119dzie mieni\u0142 si\u0119 przy ka\u017cdym ruchu r\u0119k\u0105. Sprawdzi si\u0119 jako solowa stylizacja lub jako kolor do malowania wzor\u00f3w, zw\u0142aszcza na czarnych g\u0142adkich stylizacjach.<\/p>\n<p>Method of use:<\/p>\n<p>Przygotowa\u0107 p\u0142ytk\u0119 paznokcia (odsun\u0105\u0107 sk\u00f3rki i b\u0142onki np. frezark\u0105, drewnianym patyczkiem b\u0105d\u017a d\u0142utkiem, zmatowi\u0107 p\u0142ytk\u0119 pilnikiem lub polerk\u0105 o delikatnej, wybranej gradacji).<\/p>\n<p>Odt\u0142u\u015bci\u0107 p\u0142ytk\u0119, na\u0142o\u017cy\u0107 cienk\u0105 warstw\u0119 bazy dedykowanej do danej p\u0142ytki i utwardzi\u0107 zgodnie z podanym czasem przez producenta.<\/p>\n<p>Na\u0142o\u017cy\u0107 pierwsz\u0105 warstw\u0119 wybranego koloru i utwardzi\u0107 w lampie. Czynno\u015b\u0107 powt\u00f3rzy\u0107 z drug\u0105 warstw\u0105. Nale\u017cy nak\u0142ada\u0107 ultracienkie warstwy ze wzgl\u0119du na du\u017ca pigmentacj\u0119 kolor\u00f3w. Uwaga, w przypadku kolor\u00f3w z drobinkami zalecamy dobrze wymiesza\u0107 produkt przed aplikacj\u0105.<\/p>\n<p>W celu wyko\u0144czenia stylizacji nale\u017cy pokry\u0107 lakierem nawierzchniowym czyli topem &#8211; kolejny raz utwardzi\u0107 w lampie, nale\u017cy pami\u0119ta\u0107 by zabezpieczy\u0107 r\u00f3wnie\u017c wolny brzeg!<\/p>\n<p>Na sk\u00f3rki po zako\u0144czonym manicure, mo\u017cna na\u0142o\u017cy\u0107 oliwk\u0119 MollyLac.<\/p>\n<p>Czas utwardzania: Lampa Led 48W -30sek<\/p>\n<p>Ostrze\u017cenia:<\/p>\n<p>Produkt tylko do u\u017cytku profesjonalnego.<\/p>\n<p>Keep out of the reach of children.<\/p>\n<p>Please read the directions for use carefully.<\/p>","protected":false},"excerpt":{"rendered":"<p>Flashing Lights Neon to kolekcja soczystych kolor\u00f3w z ultramodnym efektem flash. Musuj\u0105ca jak wakacyjne koktajle i b\u0142yszcz\u0105ca jak promienie letniego s\u0142o\u0144ca, tworz\u0105ce refleksy \u015bwietlne na wodach ocean\u00f3w! Niech porwie Ci\u0119 flow wakacyjnych dozna\u0144, w kt\u00f3re wkroczysz jak b\u0142yszcz\u0105ca diva. Baw si\u0119, rozkoszuj \u017cyciem i wolno\u015bci\u0105 z blaskiem hollywoodzkiej gwiazdy na d\u0142oniach! Hippie Bling to r\u00f3\u017c [&hellip;]<\/p>\n","protected":false},"featured_media":3869,"comment_status":"closed","ping_status":"closed","template":"","meta":{"om_disable_all_campaigns":false,"ocean_post_layout":"","ocean_both_sidebars_style":"","ocean_both_sidebars_content_width":0,"ocean_both_sidebars_sidebars_width":0,"ocean_sidebar":"0","ocean_second_sidebar":"0","ocean_disable_margins":"enable","ocean_add_body_class":"","ocean_shortcode_before_top_bar":"","ocean_shortcode_after_top_bar":"","ocean_shortcode_before_header":"","ocean_shortcode_after_header":"","ocean_has_shortcode":"","ocean_shortcode_after_title":"","ocean_shortcode_before_footer_widgets":"","ocean_shortcode_after_footer_widgets":"","ocean_shortcode_before_footer_bottom":"","ocean_shortcode_after_footer_bottom":"","ocean_display_top_bar":"default","ocean_display_header":"default","ocean_header_style":"","ocean_center_header_left_menu":"0","ocean_custom_header_template":"0","ocean_custom_logo":0,"ocean_custom_retina_logo":0,"ocean_custom_logo_max_width":0,"ocean_custom_logo_tablet_max_width":0,"ocean_custom_logo_mobile_max_width":0,"ocean_custom_logo_max_height":0,"ocean_custom_logo_tablet_max_height":0,"ocean_custom_logo_mobile_max_height":0,"ocean_header_custom_menu":"0","ocean_menu_typo_font_family":"0","ocean_menu_typo_font_subset":"","ocean_menu_typo_font_size":0,"ocean_menu_typo_font_size_tablet":0,"ocean_menu_typo_font_size_mobile":0,"ocean_menu_typo_font_size_unit":"px","ocean_menu_typo_font_weight":"","ocean_menu_typo_font_weight_tablet":"","ocean_menu_typo_font_weight_mobile":"","ocean_menu_typo_transform":"","ocean_menu_typo_transform_tablet":"","ocean_menu_typo_transform_mobile":"","ocean_menu_typo_line_height":0,"ocean_menu_typo_line_height_tablet":0,"ocean_menu_typo_line_height_mobile":0,"ocean_menu_typo_line_height_unit":"","ocean_menu_typo_spacing":0,"ocean_menu_typo_spacing_tablet":0,"ocean_menu_typo_spacing_mobile":0,"ocean_menu_typo_spacing_unit":"","ocean_menu_link_color":"","ocean_menu_link_color_hover":"","ocean_menu_link_color_active":"","ocean_menu_link_background":"","ocean_menu_link_hover_background":"","ocean_menu_link_active_background":"","ocean_menu_social_links_bg":"","ocean_menu_social_hover_links_bg":"","ocean_menu_social_links_color":"","ocean_menu_social_hover_links_color":"","ocean_disable_title":"default","ocean_disable_heading":"default","ocean_post_title":"","ocean_post_subheading":"","ocean_post_title_style":"","ocean_post_title_background_color":"","ocean_post_title_background":0,"ocean_post_title_bg_image_position":"","ocean_post_title_bg_image_attachment":"","ocean_post_title_bg_image_repeat":"","ocean_post_title_bg_image_size":"","ocean_post_title_height":0,"ocean_post_title_bg_overlay":0.5,"ocean_post_title_bg_overlay_color":"","ocean_disable_breadcrumbs":"default","ocean_breadcrumbs_color":"","ocean_breadcrumbs_separator_color":"","ocean_breadcrumbs_links_color":"","ocean_breadcrumbs_links_hover_color":"","ocean_display_footer_widgets":"default","ocean_display_footer_bottom":"default","ocean_custom_footer_template":"0"},"product_brand":[],"product_cat":[111,176,189,112,110],"product_tag":[],"class_list":{"0":"post-1628","1":"product","2":"type-product","3":"status-publish","4":"has-post-thumbnail","6":"product_cat-lakiery-hybrydowe","7":"product_cat-marki","8":"product_cat-molly-lac-1","9":"product_cat-mollylac","10":"product_cat-paznokcie","12":"entry","13":"has-media","15":"first","16":"instock","17":"sale","18":"taxable","19":"shipping-taxable","20":"purchasable","21":"product-type-simple","22":"has-product-nav","23":"col","24":"span_1_of_3","25":"owp-content-center","26":"owp-thumbs-layout-horizontal","27":"owp-btn-normal","28":"owp-tabs-layout-horizontal"},"yoast_head":"<!-- This site is optimized with the Yoast SEO plugin v27.3 - https:\/\/yoast.com\/product\/yoast-seo-wordpress\/ -->\n<title>Lakier hybrydowy MollyLac Flashing Lights Neon Fizziness Hema\/di-Hema free 5g Nr 642 - velesnails<\/title>\n<meta name=\"robots\" content=\"index, follow, max-snippet:-1, max-image-preview:large, max-video-preview:-1\" \/>\n<link rel=\"canonical\" href=\"https:\/\/velesnails.pl\/en\/product\/lakier-hybrydowy-mollylac-flashing-lights-neon-fizziness-hema-di-hema-free-5g-nr-642\/\" \/>\n<meta property=\"og:locale\" content=\"en_GB\" \/>\n<meta property=\"og:type\" content=\"article\" \/>\n<meta property=\"og:title\" content=\"Lakier hybrydowy MollyLac Flashing Lights Neon Fizziness Hema\/di-Hema free 5g Nr 642 - velesnails\" \/>\n<meta property=\"og:description\" content=\"Flashing Lights Neon to kolekcja soczystych kolor\u00f3w z ultramodnym efektem flash. Musuj\u0105ca jak wakacyjne koktajle i b\u0142yszcz\u0105ca jak promienie letniego s\u0142o\u0144ca, tworz\u0105ce refleksy \u015bwietlne na wodach ocean\u00f3w! Niech porwie Ci\u0119 flow wakacyjnych dozna\u0144, w kt\u00f3re wkroczysz jak b\u0142yszcz\u0105ca diva. Baw si\u0119, rozkoszuj \u017cyciem i wolno\u015bci\u0105 z blaskiem hollywoodzkiej gwiazdy na d\u0142oniach! Hippie Bling to r\u00f3\u017c [&hellip;]\" \/>\n<meta property=\"og:url\" content=\"https:\/\/velesnails.pl\/en\/product\/lakier-hybrydowy-mollylac-flashing-lights-neon-fizziness-hema-di-hema-free-5g-nr-642\/\" \/>\n<meta property=\"og:site_name\" content=\"velesnails\" \/>\n<meta property=\"article:modified_time\" content=\"2024-11-29T14:44:15+00:00\" \/>\n<meta property=\"og:image\" content=\"https:\/\/i0.wp.com\/velesnails.pl\/wp-content\/uploads\/2024\/07\/%D0%97%D0%BD%D1%96%D0%BC%D0%BE%D0%BA-%D0%B5%D0%BA%D1%80%D0%B0%D0%BD%D0%B0-2024-08-19-151114.png?fit=846%2C812&ssl=1\" \/>\n\t<meta property=\"og:image:width\" content=\"846\" \/>\n\t<meta property=\"og:image:height\" content=\"812\" \/>\n\t<meta property=\"og:image:type\" content=\"image\/png\" \/>\n<meta name=\"twitter:card\" content=\"summary_large_image\" \/>\n<meta name=\"twitter:label1\" content=\"Estimated reading time\" \/>\n\t<meta name=\"twitter:data1\" content=\"1 minute\" \/>\n<script type=\"application\/ld+json\" class=\"yoast-schema-graph\">{\"@context\":\"https:\\\/\\\/schema.org\",\"@graph\":[{\"@type\":\"WebPage\",\"@id\":\"https:\\\/\\\/velesnails.pl\\\/product\\\/lakier-hybrydowy-mollylac-flashing-lights-neon-fizziness-hema-di-hema-free-5g-nr-642\\\/\",\"url\":\"https:\\\/\\\/velesnails.pl\\\/product\\\/lakier-hybrydowy-mollylac-flashing-lights-neon-fizziness-hema-di-hema-free-5g-nr-642\\\/\",\"name\":\"Lakier hybrydowy MollyLac Flashing Lights Neon Fizziness Hema\\\/di-Hema free 5g Nr 642 - velesnails\",\"isPartOf\":{\"@id\":\"https:\\\/\\\/velesnails.pl\\\/#website\"},\"primaryImageOfPage\":{\"@id\":\"https:\\\/\\\/velesnails.pl\\\/product\\\/lakier-hybrydowy-mollylac-flashing-lights-neon-fizziness-hema-di-hema-free-5g-nr-642\\\/#primaryimage\"},\"image\":{\"@id\":\"https:\\\/\\\/velesnails.pl\\\/product\\\/lakier-hybrydowy-mollylac-flashing-lights-neon-fizziness-hema-di-hema-free-5g-nr-642\\\/#primaryimage\"},\"thumbnailUrl\":\"https:\\\/\\\/i0.wp.com\\\/velesnails.pl\\\/wp-content\\\/uploads\\\/2024\\\/07\\\/%D0%97%D0%BD%D1%96%D0%BC%D0%BE%D0%BA-%D0%B5%D0%BA%D1%80%D0%B0%D0%BD%D0%B0-2024-08-19-151114.png?fit=846%2C812&ssl=1\",\"datePublished\":\"2024-07-15T10:38:52+00:00\",\"dateModified\":\"2024-11-29T14:44:15+00:00\",\"breadcrumb\":{\"@id\":\"https:\\\/\\\/velesnails.pl\\\/product\\\/lakier-hybrydowy-mollylac-flashing-lights-neon-fizziness-hema-di-hema-free-5g-nr-642\\\/#breadcrumb\"},\"inLanguage\":\"en-GB\",\"potentialAction\":[{\"@type\":\"ReadAction\",\"target\":[\"https:\\\/\\\/velesnails.pl\\\/product\\\/lakier-hybrydowy-mollylac-flashing-lights-neon-fizziness-hema-di-hema-free-5g-nr-642\\\/\"]}]},{\"@type\":\"ImageObject\",\"inLanguage\":\"en-GB\",\"@id\":\"https:\\\/\\\/velesnails.pl\\\/product\\\/lakier-hybrydowy-mollylac-flashing-lights-neon-fizziness-hema-di-hema-free-5g-nr-642\\\/#primaryimage\",\"url\":\"https:\\\/\\\/i0.wp.com\\\/velesnails.pl\\\/wp-content\\\/uploads\\\/2024\\\/07\\\/%D0%97%D0%BD%D1%96%D0%BC%D0%BE%D0%BA-%D0%B5%D0%BA%D1%80%D0%B0%D0%BD%D0%B0-2024-08-19-151114.png?fit=846%2C812&ssl=1\",\"contentUrl\":\"https:\\\/\\\/i0.wp.com\\\/velesnails.pl\\\/wp-content\\\/uploads\\\/2024\\\/07\\\/%D0%97%D0%BD%D1%96%D0%BC%D0%BE%D0%BA-%D0%B5%D0%BA%D1%80%D0%B0%D0%BD%D0%B0-2024-08-19-151114.png?fit=846%2C812&ssl=1\",\"width\":846,\"height\":812},{\"@type\":\"BreadcrumbList\",\"@id\":\"https:\\\/\\\/velesnails.pl\\\/product\\\/lakier-hybrydowy-mollylac-flashing-lights-neon-fizziness-hema-di-hema-free-5g-nr-642\\\/#breadcrumb\",\"itemListElement\":[{\"@type\":\"ListItem\",\"position\":1,\"name\":\"\u0413\u043e\u043b\u043e\u0432\u043d\u0430\",\"item\":\"https:\\\/\\\/velesnails.pl\\\/\"},{\"@type\":\"ListItem\",\"position\":2,\"name\":\"Sklep\",\"item\":\"https:\\\/\\\/velesnails.pl\\\/shop\\\/\"},{\"@type\":\"ListItem\",\"position\":3,\"name\":\"Lakier hybrydowy MollyLac Flashing Lights Neon Fizziness Hema\\\/di-Hema free 5g Nr 642\"}]},{\"@type\":\"WebSite\",\"@id\":\"https:\\\/\\\/velesnails.pl\\\/#website\",\"url\":\"https:\\\/\\\/velesnails.pl\\\/\",\"name\":\"velesnails\",\"description\":\"Sklep z manicure\",\"publisher\":{\"@id\":\"https:\\\/\\\/velesnails.pl\\\/#organization\"},\"potentialAction\":[{\"@type\":\"SearchAction\",\"target\":{\"@type\":\"EntryPoint\",\"urlTemplate\":\"https:\\\/\\\/velesnails.pl\\\/?s={search_term_string}\"},\"query-input\":{\"@type\":\"PropertyValueSpecification\",\"valueRequired\":true,\"valueName\":\"search_term_string\"}}],\"inLanguage\":\"en-GB\"},{\"@type\":\"Organization\",\"@id\":\"https:\\\/\\\/velesnails.pl\\\/#organization\",\"name\":\"velesnails\",\"url\":\"https:\\\/\\\/velesnails.pl\\\/\",\"logo\":{\"@type\":\"ImageObject\",\"inLanguage\":\"en-GB\",\"@id\":\"https:\\\/\\\/velesnails.pl\\\/#\\\/schema\\\/logo\\\/image\\\/\",\"url\":\"https:\\\/\\\/i0.wp.com\\\/velesnails.pl\\\/wp-content\\\/uploads\\\/2025\\\/10\\\/cropped-obraz_viber_2025-10-22_13-55-55-969.jpg?fit=485%2C381&ssl=1\",\"contentUrl\":\"https:\\\/\\\/i0.wp.com\\\/velesnails.pl\\\/wp-content\\\/uploads\\\/2025\\\/10\\\/cropped-obraz_viber_2025-10-22_13-55-55-969.jpg?fit=485%2C381&ssl=1\",\"width\":485,\"height\":381,\"caption\":\"velesnails\"},\"image\":{\"@id\":\"https:\\\/\\\/velesnails.pl\\\/#\\\/schema\\\/logo\\\/image\\\/\"}}]}<\/script>\n<!-- \/ Yoast SEO plugin. -->","yoast_head_json":{"title":"Lakier hybrydowy MollyLac Flashing Lights Neon Fizziness Hema\/di-Hema free 5g Nr 642 - velesnails","robots":{"index":"index","follow":"follow","max-snippet":"max-snippet:-1","max-image-preview":"max-image-preview:large","max-video-preview":"max-video-preview:-1"},"canonical":"https:\/\/velesnails.pl\/en\/product\/lakier-hybrydowy-mollylac-flashing-lights-neon-fizziness-hema-di-hema-free-5g-nr-642\/","og_locale":"en_GB","og_type":"article","og_title":"Lakier hybrydowy MollyLac Flashing Lights Neon Fizziness Hema\/di-Hema free 5g Nr 642 - velesnails","og_description":"Flashing Lights Neon to kolekcja soczystych kolor\u00f3w z ultramodnym efektem flash. Musuj\u0105ca jak wakacyjne koktajle i b\u0142yszcz\u0105ca jak promienie letniego s\u0142o\u0144ca, tworz\u0105ce refleksy \u015bwietlne na wodach ocean\u00f3w! Niech porwie Ci\u0119 flow wakacyjnych dozna\u0144, w kt\u00f3re wkroczysz jak b\u0142yszcz\u0105ca diva. Baw si\u0119, rozkoszuj \u017cyciem i wolno\u015bci\u0105 z blaskiem hollywoodzkiej gwiazdy na d\u0142oniach! Hippie Bling to r\u00f3\u017c [&hellip;]","og_url":"https:\/\/velesnails.pl\/en\/product\/lakier-hybrydowy-mollylac-flashing-lights-neon-fizziness-hema-di-hema-free-5g-nr-642\/","og_site_name":"velesnails","article_modified_time":"2024-11-29T14:44:15+00:00","og_image":[{"width":846,"height":812,"url":"https:\/\/i0.wp.com\/velesnails.pl\/wp-content\/uploads\/2024\/07\/%D0%97%D0%BD%D1%96%D0%BC%D0%BE%D0%BA-%D0%B5%D0%BA%D1%80%D0%B0%D0%BD%D0%B0-2024-08-19-151114.png?fit=846%2C812&ssl=1","type":"image\/png"}],"twitter_card":"summary_large_image","twitter_misc":{"Estimated reading time":"1 minute"},"schema":{"@context":"https:\/\/schema.org","@graph":[{"@type":"WebPage","@id":"https:\/\/velesnails.pl\/product\/lakier-hybrydowy-mollylac-flashing-lights-neon-fizziness-hema-di-hema-free-5g-nr-642\/","url":"https:\/\/velesnails.pl\/product\/lakier-hybrydowy-mollylac-flashing-lights-neon-fizziness-hema-di-hema-free-5g-nr-642\/","name":"Lakier hybrydowy MollyLac Flashing Lights Neon Fizziness Hema\/di-Hema free 5g Nr 642 - velesnails","isPartOf":{"@id":"https:\/\/velesnails.pl\/#website"},"primaryImageOfPage":{"@id":"https:\/\/velesnails.pl\/product\/lakier-hybrydowy-mollylac-flashing-lights-neon-fizziness-hema-di-hema-free-5g-nr-642\/#primaryimage"},"image":{"@id":"https:\/\/velesnails.pl\/product\/lakier-hybrydowy-mollylac-flashing-lights-neon-fizziness-hema-di-hema-free-5g-nr-642\/#primaryimage"},"thumbnailUrl":"https:\/\/i0.wp.com\/velesnails.pl\/wp-content\/uploads\/2024\/07\/%D0%97%D0%BD%D1%96%D0%BC%D0%BE%D0%BA-%D0%B5%D0%BA%D1%80%D0%B0%D0%BD%D0%B0-2024-08-19-151114.png?fit=846%2C812&ssl=1","datePublished":"2024-07-15T10:38:52+00:00","dateModified":"2024-11-29T14:44:15+00:00","breadcrumb":{"@id":"https:\/\/velesnails.pl\/product\/lakier-hybrydowy-mollylac-flashing-lights-neon-fizziness-hema-di-hema-free-5g-nr-642\/#breadcrumb"},"inLanguage":"en-GB","potentialAction":[{"@type":"ReadAction","target":["https:\/\/velesnails.pl\/product\/lakier-hybrydowy-mollylac-flashing-lights-neon-fizziness-hema-di-hema-free-5g-nr-642\/"]}]},{"@type":"ImageObject","inLanguage":"en-GB","@id":"https:\/\/velesnails.pl\/product\/lakier-hybrydowy-mollylac-flashing-lights-neon-fizziness-hema-di-hema-free-5g-nr-642\/#primaryimage","url":"https:\/\/i0.wp.com\/velesnails.pl\/wp-content\/uploads\/2024\/07\/%D0%97%D0%BD%D1%96%D0%BC%D0%BE%D0%BA-%D0%B5%D0%BA%D1%80%D0%B0%D0%BD%D0%B0-2024-08-19-151114.png?fit=846%2C812&ssl=1","contentUrl":"https:\/\/i0.wp.com\/velesnails.pl\/wp-content\/uploads\/2024\/07\/%D0%97%D0%BD%D1%96%D0%BC%D0%BE%D0%BA-%D0%B5%D0%BA%D1%80%D0%B0%D0%BD%D0%B0-2024-08-19-151114.png?fit=846%2C812&ssl=1","width":846,"height":812},{"@type":"BreadcrumbList","@id":"https:\/\/velesnails.pl\/product\/lakier-hybrydowy-mollylac-flashing-lights-neon-fizziness-hema-di-hema-free-5g-nr-642\/#breadcrumb","itemListElement":[{"@type":"ListItem","position":1,"name":"\u0413\u043e\u043b\u043e\u0432\u043d\u0430","item":"https:\/\/velesnails.pl\/"},{"@type":"ListItem","position":2,"name":"Sklep","item":"https:\/\/velesnails.pl\/shop\/"},{"@type":"ListItem","position":3,"name":"Lakier hybrydowy MollyLac Flashing Lights Neon Fizziness Hema\/di-Hema free 5g Nr 642"}]},{"@type":"WebSite","@id":"https:\/\/velesnails.pl\/#website","url":"https:\/\/velesnails.pl\/","name":"velesnails","description":"Manicure shop","publisher":{"@id":"https:\/\/velesnails.pl\/#organization"},"potentialAction":[{"@type":"SearchAction","target":{"@type":"EntryPoint","urlTemplate":"https:\/\/velesnails.pl\/?s={search_term_string}"},"query-input":{"@type":"PropertyValueSpecification","valueRequired":true,"valueName":"search_term_string"}}],"inLanguage":"en-GB"},{"@type":"Organization","@id":"https:\/\/velesnails.pl\/#organization","name":"velesnails","url":"https:\/\/velesnails.pl\/","logo":{"@type":"ImageObject","inLanguage":"en-GB","@id":"https:\/\/velesnails.pl\/#\/schema\/logo\/image\/","url":"https:\/\/i0.wp.com\/velesnails.pl\/wp-content\/uploads\/2025\/10\/cropped-obraz_viber_2025-10-22_13-55-55-969.jpg?fit=485%2C381&ssl=1","contentUrl":"https:\/\/i0.wp.com\/velesnails.pl\/wp-content\/uploads\/2025\/10\/cropped-obraz_viber_2025-10-22_13-55-55-969.jpg?fit=485%2C381&ssl=1","width":485,"height":381,"caption":"velesnails"},"image":{"@id":"https:\/\/velesnails.pl\/#\/schema\/logo\/image\/"}}]}},"_links":{"self":[{"href":"https:\/\/velesnails.pl\/en\/wp-json\/wp\/v2\/product\/1628","targetHints":{"allow":["GET"]}}],"collection":[{"href":"https:\/\/velesnails.pl\/en\/wp-json\/wp\/v2\/product"}],"about":[{"href":"https:\/\/velesnails.pl\/en\/wp-json\/wp\/v2\/types\/product"}],"replies":[{"embeddable":true,"href":"https:\/\/velesnails.pl\/en\/wp-json\/wp\/v2\/comments?post=1628"}],"wp:featuredmedia":[{"embeddable":true,"href":"https:\/\/velesnails.pl\/en\/wp-json\/wp\/v2\/media\/3869"}],"wp:attachment":[{"href":"https:\/\/velesnails.pl\/en\/wp-json\/wp\/v2\/media?parent=1628"}],"wp:term":[{"taxonomy":"product_brand","embeddable":true,"href":"https:\/\/velesnails.pl\/en\/wp-json\/wp\/v2\/product_brand?post=1628"},{"taxonomy":"product_cat","embeddable":true,"href":"https:\/\/velesnails.pl\/en\/wp-json\/wp\/v2\/product_cat?post=1628"},{"taxonomy":"product_tag","embeddable":true,"href":"https:\/\/velesnails.pl\/en\/wp-json\/wp\/v2\/product_tag?post=1628"}],"curies":[{"name":"wp","href":"https:\/\/api.w.org\/{rel}","templated":true}]}}