{"id":1330,"date":"2024-07-09T14:45:53","date_gmt":"2024-07-09T11:45:53","guid":{"rendered":"https:\/\/velesnails.loc\/?post_type=product&#038;p=1330"},"modified":"2024-08-30T14:34:09","modified_gmt":"2024-08-30T11:34:09","slug":"lakier-klasyczny-mollylac-bikini-10ml-nr-143","status":"publish","type":"product","link":"https:\/\/velesnails.pl\/en\/product\/lakier-klasyczny-mollylac-bikini-10ml-nr-143\/","title":{"rendered":"Lakier klasyczny MollyLac Bikini 10ml NR 143"},"content":{"rendered":"<p>Tradycyjny lakier do paznokci stworzony z my\u015bl\u0105 o klientkach, kt\u00f3re ceni\u0105 sobie naturalne pi\u0119kno i ponadczasowe kolory.<\/p>\n<p>Lakiery z innowacyjn\u0105 formu\u0142\u0105 o g\u0142\u0119boko nasyconym kolorze i unikalnym po\u0142ysku! Trwa\u0142o\u015b\u0107 noszenia do 12 dni.<\/p>\n<p>Sprawd\u017a co wyr\u00f3\u017cnia MollyLac &#8211; klasyczny lakier?<\/p>\n<p>&#8211; innowacyjna formu\u0142a zawieraj\u0105ce polimery vinylowe<\/p>\n<p>&#8211; bezpieczny sk\u0142ad<\/p>\n<p>&#8211; wysoki po\u0142ysk<\/p>\n<p>&#8211; trwa\u0142o\u015b\u0107 do 12 dni<\/p>\n<p>&#8211; brak odprysk\u00f3w<\/p>\n<p>&#8211; kremowa konsystencja<\/p>\n<p>&#8211; nasycone kolory<\/p>\n<p>&#8211; idealna pigmentacja (krycie ju\u017c po pierwszej warstwie)<\/p>\n<p>&#8211; szybkoschn\u0105cy<\/p>\n<p>&#8211; wyr\u00f3\u017cniaj\u0105ca si\u0119 butelka MollyLac 10 ml<\/p>\n<p>&#8211; precyzyjny p\u0119dzelek<\/p>\n<p>&#8211; ergonomiczna nakr\u0119tka (dzi\u0119ki niej lakier \u0142atwo si\u0119 otwiera i jest d\u0142ugo \u015bwie\u017cy)<\/p>\n<p>-lakiery produkowane w Polsce zgodnie z zasad\u0105 10 Free<\/p>\n<p>Lakier MollyLac to klasyczny a zarazem innowacyjny produkt, kt\u00f3rego trwa\u0142o\u015b\u0107 do 12 dni, zapewnia zastosowanie polimeru vinylowego.<\/p>\n<p>Uwaga!<\/p>\n<p>Stosowa\u0107 na umyt\u0105 i wysuszon\u0105 p\u0142ytk\u0119 paznokciow\u0105 (nale\u017cy zmy\u0107 inny lakier, je\u015bli uprzednio zosta\u0142 na\u0142o\u017cony).<\/p>\n<p>W celu ochrony p\u0142ytki paznokcia przed przebarwieniami nale\u017cy na\u0142o\u017cy\u0107 3 in 1 Base Coat MollyLac.<\/p>\n<p>Aplikowa\u0107 jedn\u0105 warstw\u0119 lakieru MollyLac do wyschni\u0119cia.<\/p>\n<p>W celu uzyskania g\u0142\u0119bi koloru oraz wyd\u0142u\u017conej trwa\u0142o\u015bci na\u0142o\u017cy\u0107 drug\u0105 warstw\u0119 lakieru, je\u015bli istnieje taka potrzeba.<\/p>\n<p>Na zako\u0144czenie rekomendujemy na\u0142o\u017cy\u0107 MollyLac Diamond Top Coat.<\/p>\n<p>Produkty uzupe\u0142niaj\u0105ce:<\/p>\n<p>Sk\u0142ad\/INCI:<\/p>\n<p>Butyl Acetate, Ethyl Acetate, Nitrocellulose, Acetyl Tributyl Citrate, Adipic Acid\/Neopentyl Glycol\/Trimellitic Anhydride Copolymer, Isopropyl Alcohol, Acrylates Copolymer, Stearalkonium Bentonite, n-Butyl Alcohol, Styrene\/Acrylates Copolymer, Silica, Benzophenone-1, Trimethylpentanediyl Dibenzoate, Polyvinyl Butyral, Mica, Polyethylene Terephthalate, Polymethyl Methacrylate, Tin Oxide, Isobutylphenoxy Epoxy Resin, Calcium Aluminium Borosilicate, Polyester \u2013 3, +\/- CI 77891, CI 77007, CI 42090, CI 15880, CI 15850, CI 19140, CI 12085, CI 77491, CI 60725, CI 77266 (nano), CI 77510, CI 45410, CI 47000, CI 77288, CI 77742<\/p>\n<p>Ostrze\u017cenia:<\/p>\n<p>Produkt tylko do u\u017cytku profesjonalnego.<\/p>\n<p>Keep out of the reach of children.<\/p>\n<p>May cause an allergic reaction.<\/p>\n<p>Please read the directions for use carefully.<\/p>","protected":false},"excerpt":{"rendered":"<p>Tradycyjny lakier do paznokci stworzony z my\u015bl\u0105 o klientkach, kt\u00f3re ceni\u0105 sobie naturalne pi\u0119kno i ponadczasowe kolory. Lakiery z innowacyjn\u0105 formu\u0142\u0105 o g\u0142\u0119boko nasyconym kolorze i unikalnym po\u0142ysku! Trwa\u0142o\u015b\u0107 noszenia do 12 dni. Sprawd\u017a co wyr\u00f3\u017cnia MollyLac &#8211; klasyczny lakier? &#8211; innowacyjna formu\u0142a zawieraj\u0105ce polimery vinylowe &#8211; bezpieczny sk\u0142ad &#8211; wysoki po\u0142ysk &#8211; trwa\u0142o\u015b\u0107 do [&hellip;]<\/p>\n","protected":false},"featured_media":1308,"comment_status":"open","ping_status":"closed","template":"","meta":{"om_disable_all_campaigns":false,"ocean_post_layout":"","ocean_both_sidebars_style":"","ocean_both_sidebars_content_width":0,"ocean_both_sidebars_sidebars_width":0,"ocean_sidebar":"0","ocean_second_sidebar":"0","ocean_disable_margins":"enable","ocean_add_body_class":"","ocean_shortcode_before_top_bar":"","ocean_shortcode_after_top_bar":"","ocean_shortcode_before_header":"","ocean_shortcode_after_header":"","ocean_has_shortcode":"","ocean_shortcode_after_title":"","ocean_shortcode_before_footer_widgets":"","ocean_shortcode_after_footer_widgets":"","ocean_shortcode_before_footer_bottom":"","ocean_shortcode_after_footer_bottom":"","ocean_display_top_bar":"default","ocean_display_header":"default","ocean_header_style":"","ocean_center_header_left_menu":"0","ocean_custom_header_template":"0","ocean_custom_logo":0,"ocean_custom_retina_logo":0,"ocean_custom_logo_max_width":0,"ocean_custom_logo_tablet_max_width":0,"ocean_custom_logo_mobile_max_width":0,"ocean_custom_logo_max_height":0,"ocean_custom_logo_tablet_max_height":0,"ocean_custom_logo_mobile_max_height":0,"ocean_header_custom_menu":"0","ocean_menu_typo_font_family":"0","ocean_menu_typo_font_subset":"","ocean_menu_typo_font_size":0,"ocean_menu_typo_font_size_tablet":0,"ocean_menu_typo_font_size_mobile":0,"ocean_menu_typo_font_size_unit":"px","ocean_menu_typo_font_weight":"","ocean_menu_typo_font_weight_tablet":"","ocean_menu_typo_font_weight_mobile":"","ocean_menu_typo_transform":"","ocean_menu_typo_transform_tablet":"","ocean_menu_typo_transform_mobile":"","ocean_menu_typo_line_height":0,"ocean_menu_typo_line_height_tablet":0,"ocean_menu_typo_line_height_mobile":0,"ocean_menu_typo_line_height_unit":"","ocean_menu_typo_spacing":0,"ocean_menu_typo_spacing_tablet":0,"ocean_menu_typo_spacing_mobile":0,"ocean_menu_typo_spacing_unit":"","ocean_menu_link_color":"","ocean_menu_link_color_hover":"","ocean_menu_link_color_active":"","ocean_menu_link_background":"","ocean_menu_link_hover_background":"","ocean_menu_link_active_background":"","ocean_menu_social_links_bg":"","ocean_menu_social_hover_links_bg":"","ocean_menu_social_links_color":"","ocean_menu_social_hover_links_color":"","ocean_disable_title":"default","ocean_disable_heading":"default","ocean_post_title":"","ocean_post_subheading":"","ocean_post_title_style":"","ocean_post_title_background_color":"","ocean_post_title_background":0,"ocean_post_title_bg_image_position":"","ocean_post_title_bg_image_attachment":"","ocean_post_title_bg_image_repeat":"","ocean_post_title_bg_image_size":"","ocean_post_title_height":0,"ocean_post_title_bg_overlay":0.5,"ocean_post_title_bg_overlay_color":"","ocean_disable_breadcrumbs":"default","ocean_breadcrumbs_color":"","ocean_breadcrumbs_separator_color":"","ocean_breadcrumbs_links_color":"","ocean_breadcrumbs_links_hover_color":"","ocean_display_footer_widgets":"default","ocean_display_footer_bottom":"default","ocean_custom_footer_template":"0"},"product_brand":[],"product_cat":[124,176,189,110],"product_tag":[],"class_list":{"0":"post-1330","1":"product","2":"type-product","3":"status-publish","4":"has-post-thumbnail","6":"product_cat-lakiery-klasyczne","7":"product_cat-marki","8":"product_cat-molly-lac-1","9":"product_cat-paznokcie","11":"entry","12":"has-media","14":"first","15":"outofstock","16":"taxable","17":"shipping-taxable","18":"purchasable","19":"product-type-simple","20":"has-product-nav","21":"col","22":"span_1_of_3","23":"owp-content-center","24":"owp-thumbs-layout-horizontal","25":"owp-btn-normal","26":"owp-tabs-layout-horizontal","27":"has-no-thumbnails"},"yoast_head":"<!-- This site is optimized with the Yoast SEO plugin v27.3 - https:\/\/yoast.com\/product\/yoast-seo-wordpress\/ -->\n<title>Lakier klasyczny MollyLac Bikini 10ml NR 143 - velesnails<\/title>\n<meta name=\"robots\" content=\"index, follow, max-snippet:-1, max-image-preview:large, max-video-preview:-1\" \/>\n<link rel=\"canonical\" href=\"https:\/\/velesnails.pl\/en\/product\/lakier-klasyczny-mollylac-bikini-10ml-nr-143\/\" \/>\n<meta property=\"og:locale\" content=\"en_GB\" \/>\n<meta property=\"og:type\" content=\"article\" \/>\n<meta property=\"og:title\" content=\"Lakier klasyczny MollyLac Bikini 10ml NR 143 - velesnails\" \/>\n<meta property=\"og:description\" content=\"Tradycyjny lakier do paznokci stworzony z my\u015bl\u0105 o klientkach, kt\u00f3re ceni\u0105 sobie naturalne pi\u0119kno i ponadczasowe kolory. Lakiery z innowacyjn\u0105 formu\u0142\u0105 o g\u0142\u0119boko nasyconym kolorze i unikalnym po\u0142ysku! Trwa\u0142o\u015b\u0107 noszenia do 12 dni. Sprawd\u017a co wyr\u00f3\u017cnia MollyLac &#8211; klasyczny lakier? &#8211; innowacyjna formu\u0142a zawieraj\u0105ce polimery vinylowe &#8211; bezpieczny sk\u0142ad &#8211; wysoki po\u0142ysk &#8211; trwa\u0142o\u015b\u0107 do [&hellip;]\" \/>\n<meta property=\"og:url\" content=\"https:\/\/velesnails.pl\/en\/product\/lakier-klasyczny-mollylac-bikini-10ml-nr-143\/\" \/>\n<meta property=\"og:site_name\" content=\"velesnails\" \/>\n<meta property=\"article:modified_time\" content=\"2024-08-30T11:34:09+00:00\" \/>\n<meta property=\"og:image\" content=\"https:\/\/i0.wp.com\/velesnails.pl\/wp-content\/uploads\/2024\/07\/mollylac-143.jpg?fit=475%2C500&ssl=1\" \/>\n\t<meta property=\"og:image:width\" content=\"475\" \/>\n\t<meta property=\"og:image:height\" content=\"500\" \/>\n\t<meta property=\"og:image:type\" content=\"image\/jpeg\" \/>\n<meta name=\"twitter:card\" content=\"summary_large_image\" \/>\n<meta name=\"twitter:label1\" content=\"Estimated reading time\" \/>\n\t<meta name=\"twitter:data1\" content=\"2 minutes\" \/>\n<script type=\"application\/ld+json\" class=\"yoast-schema-graph\">{\"@context\":\"https:\\\/\\\/schema.org\",\"@graph\":[{\"@type\":\"WebPage\",\"@id\":\"https:\\\/\\\/velesnails.pl\\\/product\\\/lakier-klasyczny-mollylac-bikini-10ml-nr-143\\\/\",\"url\":\"https:\\\/\\\/velesnails.pl\\\/product\\\/lakier-klasyczny-mollylac-bikini-10ml-nr-143\\\/\",\"name\":\"Lakier klasyczny MollyLac Bikini 10ml NR 143 - velesnails\",\"isPartOf\":{\"@id\":\"https:\\\/\\\/velesnails.pl\\\/#website\"},\"primaryImageOfPage\":{\"@id\":\"https:\\\/\\\/velesnails.pl\\\/product\\\/lakier-klasyczny-mollylac-bikini-10ml-nr-143\\\/#primaryimage\"},\"image\":{\"@id\":\"https:\\\/\\\/velesnails.pl\\\/product\\\/lakier-klasyczny-mollylac-bikini-10ml-nr-143\\\/#primaryimage\"},\"thumbnailUrl\":\"https:\\\/\\\/i0.wp.com\\\/velesnails.pl\\\/wp-content\\\/uploads\\\/2024\\\/07\\\/mollylac-143.jpg?fit=475%2C500&ssl=1\",\"datePublished\":\"2024-07-09T11:45:53+00:00\",\"dateModified\":\"2024-08-30T11:34:09+00:00\",\"breadcrumb\":{\"@id\":\"https:\\\/\\\/velesnails.pl\\\/product\\\/lakier-klasyczny-mollylac-bikini-10ml-nr-143\\\/#breadcrumb\"},\"inLanguage\":\"en-GB\",\"potentialAction\":[{\"@type\":\"ReadAction\",\"target\":[\"https:\\\/\\\/velesnails.pl\\\/product\\\/lakier-klasyczny-mollylac-bikini-10ml-nr-143\\\/\"]}]},{\"@type\":\"ImageObject\",\"inLanguage\":\"en-GB\",\"@id\":\"https:\\\/\\\/velesnails.pl\\\/product\\\/lakier-klasyczny-mollylac-bikini-10ml-nr-143\\\/#primaryimage\",\"url\":\"https:\\\/\\\/i0.wp.com\\\/velesnails.pl\\\/wp-content\\\/uploads\\\/2024\\\/07\\\/mollylac-143.jpg?fit=475%2C500&ssl=1\",\"contentUrl\":\"https:\\\/\\\/i0.wp.com\\\/velesnails.pl\\\/wp-content\\\/uploads\\\/2024\\\/07\\\/mollylac-143.jpg?fit=475%2C500&ssl=1\",\"width\":475,\"height\":500},{\"@type\":\"BreadcrumbList\",\"@id\":\"https:\\\/\\\/velesnails.pl\\\/product\\\/lakier-klasyczny-mollylac-bikini-10ml-nr-143\\\/#breadcrumb\",\"itemListElement\":[{\"@type\":\"ListItem\",\"position\":1,\"name\":\"\u0413\u043e\u043b\u043e\u0432\u043d\u0430\",\"item\":\"https:\\\/\\\/velesnails.pl\\\/\"},{\"@type\":\"ListItem\",\"position\":2,\"name\":\"Sklep\",\"item\":\"https:\\\/\\\/velesnails.pl\\\/shop\\\/\"},{\"@type\":\"ListItem\",\"position\":3,\"name\":\"Lakier klasyczny MollyLac Bikini 10ml NR 143\"}]},{\"@type\":\"WebSite\",\"@id\":\"https:\\\/\\\/velesnails.pl\\\/#website\",\"url\":\"https:\\\/\\\/velesnails.pl\\\/\",\"name\":\"velesnails\",\"description\":\"Sklep z manicure\",\"publisher\":{\"@id\":\"https:\\\/\\\/velesnails.pl\\\/#organization\"},\"potentialAction\":[{\"@type\":\"SearchAction\",\"target\":{\"@type\":\"EntryPoint\",\"urlTemplate\":\"https:\\\/\\\/velesnails.pl\\\/?s={search_term_string}\"},\"query-input\":{\"@type\":\"PropertyValueSpecification\",\"valueRequired\":true,\"valueName\":\"search_term_string\"}}],\"inLanguage\":\"en-GB\"},{\"@type\":\"Organization\",\"@id\":\"https:\\\/\\\/velesnails.pl\\\/#organization\",\"name\":\"velesnails\",\"url\":\"https:\\\/\\\/velesnails.pl\\\/\",\"logo\":{\"@type\":\"ImageObject\",\"inLanguage\":\"en-GB\",\"@id\":\"https:\\\/\\\/velesnails.pl\\\/#\\\/schema\\\/logo\\\/image\\\/\",\"url\":\"https:\\\/\\\/i0.wp.com\\\/velesnails.pl\\\/wp-content\\\/uploads\\\/2025\\\/10\\\/cropped-obraz_viber_2025-10-22_13-55-55-969.jpg?fit=485%2C381&ssl=1\",\"contentUrl\":\"https:\\\/\\\/i0.wp.com\\\/velesnails.pl\\\/wp-content\\\/uploads\\\/2025\\\/10\\\/cropped-obraz_viber_2025-10-22_13-55-55-969.jpg?fit=485%2C381&ssl=1\",\"width\":485,\"height\":381,\"caption\":\"velesnails\"},\"image\":{\"@id\":\"https:\\\/\\\/velesnails.pl\\\/#\\\/schema\\\/logo\\\/image\\\/\"}}]}<\/script>\n<!-- \/ Yoast SEO plugin. -->","yoast_head_json":{"title":"Lakier klasyczny MollyLac Bikini 10ml NR 143 - velesnails","robots":{"index":"index","follow":"follow","max-snippet":"max-snippet:-1","max-image-preview":"max-image-preview:large","max-video-preview":"max-video-preview:-1"},"canonical":"https:\/\/velesnails.pl\/en\/product\/lakier-klasyczny-mollylac-bikini-10ml-nr-143\/","og_locale":"en_GB","og_type":"article","og_title":"Lakier klasyczny MollyLac Bikini 10ml NR 143 - velesnails","og_description":"Tradycyjny lakier do paznokci stworzony z my\u015bl\u0105 o klientkach, kt\u00f3re ceni\u0105 sobie naturalne pi\u0119kno i ponadczasowe kolory. Lakiery z innowacyjn\u0105 formu\u0142\u0105 o g\u0142\u0119boko nasyconym kolorze i unikalnym po\u0142ysku! Trwa\u0142o\u015b\u0107 noszenia do 12 dni. Sprawd\u017a co wyr\u00f3\u017cnia MollyLac &#8211; klasyczny lakier? &#8211; innowacyjna formu\u0142a zawieraj\u0105ce polimery vinylowe &#8211; bezpieczny sk\u0142ad &#8211; wysoki po\u0142ysk &#8211; trwa\u0142o\u015b\u0107 do [&hellip;]","og_url":"https:\/\/velesnails.pl\/en\/product\/lakier-klasyczny-mollylac-bikini-10ml-nr-143\/","og_site_name":"velesnails","article_modified_time":"2024-08-30T11:34:09+00:00","og_image":[{"width":475,"height":500,"url":"https:\/\/i0.wp.com\/velesnails.pl\/wp-content\/uploads\/2024\/07\/mollylac-143.jpg?fit=475%2C500&ssl=1","type":"image\/jpeg"}],"twitter_card":"summary_large_image","twitter_misc":{"Estimated reading time":"2 minutes"},"schema":{"@context":"https:\/\/schema.org","@graph":[{"@type":"WebPage","@id":"https:\/\/velesnails.pl\/product\/lakier-klasyczny-mollylac-bikini-10ml-nr-143\/","url":"https:\/\/velesnails.pl\/product\/lakier-klasyczny-mollylac-bikini-10ml-nr-143\/","name":"Lakier klasyczny MollyLac Bikini 10ml NR 143 - velesnails","isPartOf":{"@id":"https:\/\/velesnails.pl\/#website"},"primaryImageOfPage":{"@id":"https:\/\/velesnails.pl\/product\/lakier-klasyczny-mollylac-bikini-10ml-nr-143\/#primaryimage"},"image":{"@id":"https:\/\/velesnails.pl\/product\/lakier-klasyczny-mollylac-bikini-10ml-nr-143\/#primaryimage"},"thumbnailUrl":"https:\/\/i0.wp.com\/velesnails.pl\/wp-content\/uploads\/2024\/07\/mollylac-143.jpg?fit=475%2C500&ssl=1","datePublished":"2024-07-09T11:45:53+00:00","dateModified":"2024-08-30T11:34:09+00:00","breadcrumb":{"@id":"https:\/\/velesnails.pl\/product\/lakier-klasyczny-mollylac-bikini-10ml-nr-143\/#breadcrumb"},"inLanguage":"en-GB","potentialAction":[{"@type":"ReadAction","target":["https:\/\/velesnails.pl\/product\/lakier-klasyczny-mollylac-bikini-10ml-nr-143\/"]}]},{"@type":"ImageObject","inLanguage":"en-GB","@id":"https:\/\/velesnails.pl\/product\/lakier-klasyczny-mollylac-bikini-10ml-nr-143\/#primaryimage","url":"https:\/\/i0.wp.com\/velesnails.pl\/wp-content\/uploads\/2024\/07\/mollylac-143.jpg?fit=475%2C500&ssl=1","contentUrl":"https:\/\/i0.wp.com\/velesnails.pl\/wp-content\/uploads\/2024\/07\/mollylac-143.jpg?fit=475%2C500&ssl=1","width":475,"height":500},{"@type":"BreadcrumbList","@id":"https:\/\/velesnails.pl\/product\/lakier-klasyczny-mollylac-bikini-10ml-nr-143\/#breadcrumb","itemListElement":[{"@type":"ListItem","position":1,"name":"\u0413\u043e\u043b\u043e\u0432\u043d\u0430","item":"https:\/\/velesnails.pl\/"},{"@type":"ListItem","position":2,"name":"Sklep","item":"https:\/\/velesnails.pl\/shop\/"},{"@type":"ListItem","position":3,"name":"Lakier klasyczny MollyLac Bikini 10ml NR 143"}]},{"@type":"WebSite","@id":"https:\/\/velesnails.pl\/#website","url":"https:\/\/velesnails.pl\/","name":"velesnails","description":"Manicure shop","publisher":{"@id":"https:\/\/velesnails.pl\/#organization"},"potentialAction":[{"@type":"SearchAction","target":{"@type":"EntryPoint","urlTemplate":"https:\/\/velesnails.pl\/?s={search_term_string}"},"query-input":{"@type":"PropertyValueSpecification","valueRequired":true,"valueName":"search_term_string"}}],"inLanguage":"en-GB"},{"@type":"Organization","@id":"https:\/\/velesnails.pl\/#organization","name":"velesnails","url":"https:\/\/velesnails.pl\/","logo":{"@type":"ImageObject","inLanguage":"en-GB","@id":"https:\/\/velesnails.pl\/#\/schema\/logo\/image\/","url":"https:\/\/i0.wp.com\/velesnails.pl\/wp-content\/uploads\/2025\/10\/cropped-obraz_viber_2025-10-22_13-55-55-969.jpg?fit=485%2C381&ssl=1","contentUrl":"https:\/\/i0.wp.com\/velesnails.pl\/wp-content\/uploads\/2025\/10\/cropped-obraz_viber_2025-10-22_13-55-55-969.jpg?fit=485%2C381&ssl=1","width":485,"height":381,"caption":"velesnails"},"image":{"@id":"https:\/\/velesnails.pl\/#\/schema\/logo\/image\/"}}]}},"_links":{"self":[{"href":"https:\/\/velesnails.pl\/en\/wp-json\/wp\/v2\/product\/1330","targetHints":{"allow":["GET"]}}],"collection":[{"href":"https:\/\/velesnails.pl\/en\/wp-json\/wp\/v2\/product"}],"about":[{"href":"https:\/\/velesnails.pl\/en\/wp-json\/wp\/v2\/types\/product"}],"replies":[{"embeddable":true,"href":"https:\/\/velesnails.pl\/en\/wp-json\/wp\/v2\/comments?post=1330"}],"wp:featuredmedia":[{"embeddable":true,"href":"https:\/\/velesnails.pl\/en\/wp-json\/wp\/v2\/media\/1308"}],"wp:attachment":[{"href":"https:\/\/velesnails.pl\/en\/wp-json\/wp\/v2\/media?parent=1330"}],"wp:term":[{"taxonomy":"product_brand","embeddable":true,"href":"https:\/\/velesnails.pl\/en\/wp-json\/wp\/v2\/product_brand?post=1330"},{"taxonomy":"product_cat","embeddable":true,"href":"https:\/\/velesnails.pl\/en\/wp-json\/wp\/v2\/product_cat?post=1330"},{"taxonomy":"product_tag","embeddable":true,"href":"https:\/\/velesnails.pl\/en\/wp-json\/wp\/v2\/product_tag?post=1330"}],"curies":[{"name":"wp","href":"https:\/\/api.w.org\/{rel}","templated":true}]}}