{"id":4195,"date":"2024-08-31T13:33:12","date_gmt":"2024-08-31T10:33:12","guid":{"rendered":"https:\/\/velesnails.pl\/?page_id=4195"},"modified":"2024-09-27T16:21:44","modified_gmt":"2024-09-27T13:21:44","slug":"polityka-cookies","status":"publish","type":"page","link":"https:\/\/velesnails.pl\/en\/polityka-cookies\/","title":{"rendered":"Cookie policy"},"content":{"rendered":"<p><strong>POLITYKA COOKIES<\/strong><\/p>\n\n\n\n<p><strong>SERWISU I SKLEPU ONLINE<\/strong><\/p>\n\n\n\n<p><strong>WWW.VELESNAILS.PL<\/strong><\/p>\n\n\n\n<p><strong>Obowi\u0105zuje od <\/strong><strong>1 wrze\u015bnia 2024 r<\/strong><\/p>\n\n\n\n<p><strong>\u00a71<\/strong><\/p>\n\n\n\n<p><strong>Postanowienia og\u00f3lne<\/strong><\/p>\n\n\n\n<ol class=\"wp-block-list\">\n<li>W\u0142a\u015bcicielem Sklepu\/Strony i Administratorem danych osobowych podawanych w trakcie korzystania ze Sklepu prowadzonego pod adresem www.velesnails.pl jest firma \u00a0Hanna Poddubnykh, ul. Retoryka 24 loc.II , 31-107 Krak\u00f3w, NIP: 9452290610, REGON: 528406390, adres e-mail: biuro@velesnails.pl, telefon: +48791061853<\/li>\n\n\n\n<li>Zasady przetwarzania danych osobowych zosta\u0142y udost\u0119pnione w Polityce Prywatno\u015bci RODO, dost\u0119pnej pod adresem:<strong> <\/strong>https:\/\/velesnails.pl\/polityka-prywatnosci\/<\/li>\n\n\n\n<li>Strona i Sklep u\u017cywa plik\u00f3w cookies, aby dostarcza\u0107 us\u0142ugi i funkcje dostosowane do preferencji i potrzeb U\u017cytkownik\u00f3w strony, w szczeg\u00f3lno\u015bci pliki cookies pozwalaj\u0105 rozpozna\u0107 urz\u0105dzenie U\u017cytkownika i odpowiednio wy\u015bwietli\u0107 stron\u0119 internetow\u0105, dostosowan\u0105 do jego indywidualnych potrzeb.<\/li>\n<\/ol>\n\n\n\n<p><strong>\u00a72<\/strong><\/p>\n\n\n\n<p><strong>Definitions used<\/strong><\/p>\n\n\n\n<ol class=\"wp-block-list\">\n<li><strong>Cookies<\/strong> &#8211; ma\u0142e pliki, kt\u00f3re s\u0105 pobierane i przechowywane na komputerze lub innym urz\u0105dzeniu U\u017cytkownika, powi\u0105zanym z informacjami o sposobie u\u017cytkowania strony.<\/li>\n<\/ol>\n\n\n\n<ol start=\"2\" class=\"wp-block-list\">\n<li><strong>User<\/strong> &#8211; osoba, kt\u00f3ra dobrowolnie korzysta z us\u0142ug i tre\u015bci dost\u0119pnych w Serwisie i Sklepie, tj. przegl\u0105da strony Serwisu i Sklepu, sk\u0142ada zam\u00f3wienie w Sklepie, rejestruje si\u0119, zapisuje si\u0119 na bezp\u0142atny newsletter lub kontaktuje si\u0119 z w\u0142a\u015bcicielem Sklepu poprzez formularz kontaktowy.<\/li>\n\n\n\n<li><strong>Shop<\/strong>\u00a0\u2013\u00a0sklep internetowy dost\u0119pny pod adresem www.velesnails.pl,\u00a0za po\u015brednictwem, kt\u00f3rego Kupuj\u0105cy mo\u017ce dokonywa\u0107 zakup\u00f3w okre\u015blonych Towar\u00f3w i Produkt\u00f3w.<\/li>\n\n\n\n<li><strong>Serwis<\/strong> &#8211; serwis dost\u0119pny pod adresem www.velesnails.pl,\u00a0za pomoc\u0105 kt\u00f3rego Kupuj\u0105cy mo\u017ce przegl\u0105da\u0107 zawarto\u015b\u0107 post\u00f3w blogowych, zapisa\u0107 si\u0119 na newsletter lub skontaktowa\u0107 si\u0119 z Administratorem danych osobowych.<\/li>\n\n\n\n<li><strong>Personal data<\/strong> - any information that, without unreasonable time and cost, can lead to the identification of an individual, including their identification, address and contact details.<\/li>\n<\/ol>\n\n\n\n<p><strong>\u00a73<\/strong><\/p>\n\n\n\n<p><strong>Cele cookies<\/strong><\/p>\n\n\n\n<ol class=\"wp-block-list\">\n<li>Pliki cookies mog\u0105 mie\u0107 charakter tymczasowy, tj. s\u0105 usuwane z chwil\u0105 zamkni\u0119cia przegl\u0105darki, lub trwa\u0142y.<\/li>\n<\/ol>\n\n\n\n<ol start=\"2\" class=\"wp-block-list\">\n<li>Sta\u0142e pliki cookies s\u0105 przechowywane tak\u017ce po zako\u0144czeniu korzystania ze stron Serwisu i s\u0142u\u017c\u0105 do przechowywania informacji takich jak has\u0142o czy login, co przyspiesza i u\u0142atwia korzystanie ze stron, a tak\u017ce umo\u017cliwia zapami\u0119tanie wybranych przez U\u017cytkownika ustawie\u0144.<\/li>\n\n\n\n<li>Serwis wykorzystuje pliki cookies w nast\u0119puj\u0105cych celach:<\/li>\n<\/ol>\n\n\n\n<ol style=\"list-style-type:upper-alpha\" class=\"wp-block-list\">\n<li>dostosowania zawarto\u015bci stron Serwisu do indywidualnych preferencji U\u017cytkownika oraz optymalizacji korzystania ze stron internetowych (wy\u015bwietlanie dostosowane do potrzeb &#8211; cookies funkcjonalne),<\/li>\n\n\n\n<li>dokonania analiz i statystyk, kt\u00f3re dostarcz\u0105 informacji, w jaki spos\u00f3b U\u017cytkownik Serwisu korzysta ze stron, co umo\u017cliwia ulepszanie ich struktury i zawarto\u015bci,<\/li>\n\n\n\n<li>marketingowych i\/lub remarketingowych, w tym kierowania dedykowanych tre\u015bci, w szczeg\u00f3lno\u015bci do U\u017cytkownik\u00f3w, kt\u00f3rzy odwiedzili stron\u0119 internetow\u0105 lub Fanpage Administratora danych osobowych na portalu spo\u0142eczno\u015bciowym Facebook i\/lub Instagram.<\/li>\n\n\n\n<li>Dane zawarte w cookies b\u0119d\u0105 archiwizowane i wykorzystywane w celach analizy statystycznej i oceny globalnego ruchu u\u017cytkownik\u00f3w Serwisu.<\/li>\n\n\n\n<li>Dane zawarte w cookies nie s\u0105 \u0142\u0105czone z przekazanymi przez U\u017cytkownika danymi osobowymi podczas zawarcia umowy lub kontaktu z Administratorem danych.<\/li>\n<\/ol>\n\n\n\n<p><strong>\u00a74<\/strong><\/p>\n\n\n\n<p><strong>Narz\u0119dzia zwi\u0105zane z gromadzeniem cookies lub udost\u0119pnianiem cookies.<\/strong><\/p>\n\n\n\n<ol class=\"wp-block-list\">\n<li><strong>Google Analytics <\/strong>&#8211; narz\u0119dzie dostarczane przez Google LLC. 1600 Amphitheatre Parkway Mountain View, CA 94043, USA, co pozwala na analiz\u0119 ruchu U\u017cytkownika na stronie Serwisu i jego podstronach (kraj\/miasto, liczba odwiedzin, przegl\u0105dane strony, czas odwiedzin, etc.).<\/li>\n<\/ol>\n\n\n\n<p>G\u0142\u00f3wny plik cookie u\u017cywany przez Google Analytics, \u201e_ga&#8221;, umo\u017cliwia us\u0142udze rozr\u00f3\u017cnianie poszczeg\u00f3lnych U\u017cytkownik\u00f3w i&nbsp;dzia\u0142a przez 2&nbsp;lata. Ka\u017cdy plik \u201e_ga\u201d jest unikalny dla konkretnej us\u0142ugi, wi\u0119c nie mo\u017cna go u\u017cy\u0107 do \u015bledzenia u\u017cytkownika lub przegl\u0105darki w&nbsp;innych, niepowi\u0105zanych witrynach.<\/p>\n\n\n\n<p>Ustawienia prywatno\u015bci w us\u0142ugach Google mog\u0105 zosta\u0107 zmienione przez U\u017cytkownika, wi\u0119cej informacji na: <a href=\"https:\/\/policies.google.com\/privacy\">https:\/\/policies.google.com\/privacy<\/a><\/p>\n\n\n\n<p>W celu sta\u0142ego zablokowania cookies gromadzonych przez Google Analytics, U\u017cytkownik mo\u017ce skorzysta\u0107 z dodatku do przegl\u0105darki opracowanego i dostarczanego przez Google LLC na stronie: <a href=\"https:\/\/tools.google.com\/dlpage\/gaoptout\">https:\/\/tools.google.com\/dlpage\/gaoptout<\/a><\/p>\n\n\n\n<ol class=\"wp-block-list\">\n<li><strong>Piksel Facebooka<\/strong> &#8211; narz\u0119dzie dostarczane przez Meta Platforms, Inc., Menlo Park,California\/Meta Platforms Ireland Limited (dawniej: Facebook Inc.),\u00a0kt\u00f3re umo\u017cliwia pomiar, optymalizacj\u0119 i tworzenie niestandardowych grup odbiorc\u00f3w, pozwala na zbieranie informacji na temat korzystania przez U\u017cytkownika ze strony Serwisu i kierowanie do niego dedykowanych tre\u015bci w serwisie spo\u0142eczno\u015bciowym Facebook.<\/li>\n<\/ol>\n\n\n\n<p>W celu kontroli ustawie\u0144 prywatno\u015bci w tym serwisie spo\u0142eczno\u015bciowym U\u017cytkownik mo\u017ce dokona\u0107 w dowolnym momencie zmiany swoich preferencji i ustawie\u0144. Wi\u0119cej informacji na: <a href=\"https:\/\/www.facebook.com\/privacy\/\">https:\/\/www.facebook.com\/privacy\/<\/a><\/p>\n\n\n\n<p>Piksel Facebooka pozwala na tworzenie niestandardowych grup odbiorc\u00f3w i\/lub podobnych grup odbiorc\u00f3w do os\u00f3b, kt\u00f3re wchodzi\u0142y ju\u017c w interakcj\u0119 z Serwisem lub materia\u0142ami Administratora danych udost\u0119pnionymi na portalach spo\u0142eczno\u015bciowych Facebook i\/lub Instagram, prowadzonych przez Administratora danych, przy czym retencja danych dostarczanych przez piksel Facebooka w szczeg\u00f3lno\u015bci wynosi odpowiednio:<\/p>\n\n\n\n<ol style=\"list-style-type:upper-alpha\" class=\"wp-block-list\">\n<li>witryna internetowa (Serwis) &#8211; maksymalnie 180 dni od interakcji z witryn\u0105,<\/li>\n\n\n\n<li>fanpage na Facebooku &#8211; maksymalnie 365 dni od interakcji z kontem,<\/li>\n\n\n\n<li>film udost\u0119pniony na fanpage\u2019 u Administratora na Facebooku &#8211; maksymalnie 365 dni od interakcji z materia\u0142em,<\/li>\n\n\n\n<li>wydarzenia organizowane lub wsp\u00f3\u0142organizowane przez Administratora na fanpage\u2019u na Facebooku &#8211; maksymalnie 365 dni od interakcji z materia\u0142em.<\/li>\n<\/ol>\n\n\n\n<ol class=\"wp-block-list\">\n<li><strong>Messenger Facebooka<\/strong> &#8211; narz\u0119dzie dostarczane przez Meta Platforms, Inc., Menlo Park,California\/Meta Platforms Ireland Limited (dawniej: Facebook Inc.),\u00a0kt\u00f3re umo\u017cliwia kontaktowanie si\u0119 U\u017cytkownika z w\u0142a\u015bcicielem Serwisu poprzez Messenger w serwisie spo\u0142eczno\u015bciowym Facebook\/Instagram. Korzystanie z czatu Facebooka na stronie Serwisu jest dobrowolne. U\u017cytkownik mo\u017ce prowadzi\u0107 rozmow\u0119 jako go\u015b\u0107 lub zalogowa\u0107 si\u0119 na swoje konto w tym serwisie. Wi\u0119cej informacji na: <a href=\"https:\/\/www.facebook.com\/privacy\/\">https:\/\/www.facebook.com\/privacy\/<\/a><\/li>\n\n\n\n<li><strong>Wtyczk\u0119\/Widget Facebooka\/Instagrama<\/strong> &#8211; narz\u0119dzie umo\u017cliwiaj\u0105ce bezpo\u015brednie przej\u015bcie U\u017cytkownika na Fanpage Administratora danych, prowadzony na stronie portalu spo\u0142eczno\u015bciowego Facebook\/Instagram, prowadzonego na portalu dostarczanym przez Meta Platforms, Inc., Menlo Park,California\/Meta Platforms Ireland Limited (dawniej: Facebook Inc.). Po przej\u015bciu do serwisu spo\u0142eczno\u015bciowego Facebook i Instagram U\u017cytkownicy podlegaj\u0105 dodatkowo zasadom ochrony prywatno\u015bci, opisanym w tym serwisie, w szczeg\u00f3lno\u015bci na stronie: <a href=\"https:\/\/www.facebook.com\/privacy\/\">https:\/\/www.facebook.com\/privacy\/<\/a><\/li>\n\n\n\n<li><strong>Wtyczk\u0119\/Widget YouTube<\/strong> &#8211; umo\u017cliwia przej\u015bcie U\u017cytkownika do kana\u0142u YouTube &#8211; prowadzonego przez Administratora danych w tym serwisie. Narz\u0119dzie dostarczane przez Google LLC. 1600 Amphitheatre Parkway Mountain View, CA 94043, USA, kt\u00f3rego U\u017cytkownicy podlegaj\u0105 dodatkowo zasadom ochrony prywatno\u015bci, opisanym w tym serwisie, w szczeg\u00f3lno\u015bci na stronie: <a href=\"https:\/\/policies.google.com\/privacy\">https:\/\/policies.google.com\/privacy<\/a><\/li>\n\n\n\n<li>Przetwarzanie danych zawartych w cookies przez dostawc\u00f3w, kt\u00f3rych siedziby i\/lub serwery s\u0105 zlokalizowane w pa\u0144stwie trzecim, tj. na terenie Stan\u00f3w Zjednoczonych Ameryki (USA) b\u0119dzie si\u0119 wi\u0105za\u0107 z przekazaniem danych zawartych w cookies poza Europejski Obszar Gospodarczy (EOG). Przekazanie danych zawartych w cookies, w szczeg\u00f3lno\u015bci adres IP u\u017cytkownika odbywa si\u0119 na podstawie decyzji Komisji Europejskiej z 10 lipca 2023 r. stwierdzaj\u0105cej odpowiedni stopie\u0144 ochrony danych osobowych zapewniony przez tzw. &#8222;Ramy ochrony danych UE-USA\u201d (EU-US Data Privacy Framework) w stosunku do dostawc\u00f3w wpisanych na list\u0119 departamentu handlu USA, jak: <strong>Google LLC. 1600 Amphitheatre Parkway Mountain View, CA 94043, USA<\/strong><strong>; <\/strong><strong>Meta Platforms, Inc., Menlo Park,<\/strong><strong> <\/strong><strong>California<\/strong><strong>, USA.<\/strong><\/li>\n<\/ol>\n\n\n\n<p><strong>\u00a75<\/strong><\/p>\n\n\n\n<p><strong>Akceptacja lub zmiana ustawie\u0144 cookies.<\/strong><\/p>\n\n\n\n<ol class=\"wp-block-list\">\n<li>U\u017cytkownik po wej\u015bciu na stron\u0119 Sklepu\/Serwisu mo\u017ce zaakceptowa\u0107 stosowanie cookies w powy\u017cszych celach, odrzuci\u0107 je lub wyrazi\u0107 zgod\u0119 tylko na wybrane pliki cookies.<\/li>\n<\/ol>\n\n\n\n<ol start=\"2\" class=\"wp-block-list\">\n<li>U\u017cytkownik mo\u017ce w ka\u017cdej chwili tak\u017ce skasowa\u0107 i\/lub wy\u0142\u0105czy\u0107 cookies w przegl\u0105darce internetowej, z kt\u00f3rej korzysta podczas przegl\u0105dania Serwisu\/Sklepu.<\/li>\n\n\n\n<li>Skasowanie lub wy\u0142\u0105czenie plik\u00f3w cookies mo\u017ce spowodowa\u0107 trudno\u015bci lub ograniczon\u0105 funkcjonalno\u015b\u0107 niekt\u00f3rych cz\u0119\u015bci Serwisu (dotyczy cookies funkcjonalnych). Niekt\u00f3re pliki cookies mog\u0105 by\u0107 bowiem niezb\u0119dne do prawid\u0142owego dzia\u0142ania stron Serwisu i wy\u015bwietlenia tre\u015bci na danym rodzaju urz\u0105dzenia.<\/li>\n\n\n\n<li>W celu zarz\u0105dzania cookies U\u017cytkownik mo\u017ce skorzysta\u0107 tak\u017ce z funkcji dost\u0119pnych w przegl\u0105darce, z kt\u00f3rej aktualnie korzysta. Instrukcje zarz\u0105dzania cookies dost\u0119pne s\u0105 na stronach dostawc\u00f3w przegl\u0105darek internetowych, w szczeg\u00f3lno\u015bci:<\/li>\n<\/ol>\n\n\n\n<ol style=\"list-style-type:upper-alpha\" class=\"wp-block-list\">\n<li><a href=\"https:\/\/support.google.com\/accounts\/answer\/61416?co=GENIE.Platform=Desktop&amp;hl=en\">Google Chrome &#8211; instrukcja<\/a><\/li>\n\n\n\n<li><a href=\"https:\/\/support.mozilla.org\/en-US\/kb\/enhanced-tracking-protection-firefox-desktop?redirectslug=enable-and-disable-cookies-website-preferences&amp;redirectlocale=en-US\">Mozilla Firefox &#8211; instrukcja<\/a><\/li>\n\n\n\n<li><a href=\"https:\/\/support.apple.com\/en-gb\/guide\/safari\/sfri11471\/mac\">Apple Safari &#8211; instrukcja<\/a><\/li>\n\n\n\n<li><a href=\"https:\/\/support.microsoft.com\/pl-pl\/microsoft-edge\/usuwanie-plik%C3%B3w-cookie-w-przegl%C4%85darce-microsoft-edge-63947406-40ac-c3b8-57b9-2a946a29ae09\">Microsoft Edge &#8211; instrukcja<\/a><\/li>\n<\/ol>\n\n\n\n<p><strong>\u00a76<\/strong><\/p>\n\n\n\n<p><strong>Final provisions<\/strong><\/p>\n\n\n\n<p>W przypadku zmiany obowi\u0105zuj\u0105cej Polityki cookies, w szczeg\u00f3lno\u015bci w sytuacji, gdy b\u0119d\u0105 tego wymaga\u0142y zastosowane rozwi\u0105zania techniczne lub zmiany przepis\u00f3w prawa w zakresie prywatno\u015bci U\u017cytkownik\u00f3w, wprowadzone zostan\u0105 odpowiednie modyfikacje do powy\u017cszego zapisu, kt\u00f3re b\u0119d\u0105 obowi\u0105zywa\u0107 po 14 dniach od dnia ich publikacji na stronach Serwisu.<\/p>","protected":false},"excerpt":{"rendered":"<p>POLITYKA COOKIES SERWISU I SKLEPU ONLINE WWW.VELESNAILS.PL Obowi\u0105zuje od 1 wrze\u015bnia 2024 r \u00a71 Postanowienia og\u00f3lne \u00a72 Stosowane definicje \u00a73 Cele cookies \u00a74 Narz\u0119dzia zwi\u0105zane z gromadzeniem cookies lub udost\u0119pnianiem cookies. G\u0142\u00f3wny plik cookie u\u017cywany przez Google Analytics, \u201e_ga&#8221;, umo\u017cliwia us\u0142udze rozr\u00f3\u017cnianie poszczeg\u00f3lnych U\u017cytkownik\u00f3w i&nbsp;dzia\u0142a przez 2&nbsp;lata. Ka\u017cdy plik \u201e_ga\u201d jest unikalny dla konkretnej us\u0142ugi, [&hellip;]<\/p>\n","protected":false},"author":1,"featured_media":0,"parent":0,"menu_order":0,"comment_status":"closed","ping_status":"closed","template":"elementor_canvas","meta":{"om_disable_all_campaigns":false,"ocean_post_layout":"","ocean_both_sidebars_style":"","ocean_both_sidebars_content_width":0,"ocean_both_sidebars_sidebars_width":0,"ocean_sidebar":"","ocean_second_sidebar":"","ocean_disable_margins":"enable","ocean_add_body_class":"","ocean_shortcode_before_top_bar":"","ocean_shortcode_after_top_bar":"","ocean_shortcode_before_header":"","ocean_shortcode_after_header":"","ocean_has_shortcode":"","ocean_shortcode_after_title":"","ocean_shortcode_before_footer_widgets":"","ocean_shortcode_after_footer_widgets":"","ocean_shortcode_before_footer_bottom":"","ocean_shortcode_after_footer_bottom":"","ocean_display_top_bar":"default","ocean_display_header":"default","ocean_header_style":"","ocean_center_header_left_menu":"","ocean_custom_header_template":"","ocean_custom_logo":0,"ocean_custom_retina_logo":0,"ocean_custom_logo_max_width":0,"ocean_custom_logo_tablet_max_width":0,"ocean_custom_logo_mobile_max_width":0,"ocean_custom_logo_max_height":0,"ocean_custom_logo_tablet_max_height":0,"ocean_custom_logo_mobile_max_height":0,"ocean_header_custom_menu":"","ocean_menu_typo_font_family":"","ocean_menu_typo_font_subset":"","ocean_menu_typo_font_size":0,"ocean_menu_typo_font_size_tablet":0,"ocean_menu_typo_font_size_mobile":0,"ocean_menu_typo_font_size_unit":"px","ocean_menu_typo_font_weight":"","ocean_menu_typo_font_weight_tablet":"","ocean_menu_typo_font_weight_mobile":"","ocean_menu_typo_transform":"","ocean_menu_typo_transform_tablet":"","ocean_menu_typo_transform_mobile":"","ocean_menu_typo_line_height":0,"ocean_menu_typo_line_height_tablet":0,"ocean_menu_typo_line_height_mobile":0,"ocean_menu_typo_line_height_unit":"","ocean_menu_typo_spacing":0,"ocean_menu_typo_spacing_tablet":0,"ocean_menu_typo_spacing_mobile":0,"ocean_menu_typo_spacing_unit":"","ocean_menu_link_color":"","ocean_menu_link_color_hover":"","ocean_menu_link_color_active":"","ocean_menu_link_background":"","ocean_menu_link_hover_background":"","ocean_menu_link_active_background":"","ocean_menu_social_links_bg":"","ocean_menu_social_hover_links_bg":"","ocean_menu_social_links_color":"","ocean_menu_social_hover_links_color":"","ocean_disable_title":"default","ocean_disable_heading":"default","ocean_post_title":"","ocean_post_subheading":"","ocean_post_title_style":"","ocean_post_title_background_color":"","ocean_post_title_background":0,"ocean_post_title_bg_image_position":"","ocean_post_title_bg_image_attachment":"","ocean_post_title_bg_image_repeat":"","ocean_post_title_bg_image_size":"","ocean_post_title_height":0,"ocean_post_title_bg_overlay":0.5,"ocean_post_title_bg_overlay_color":"","ocean_disable_breadcrumbs":"default","ocean_breadcrumbs_color":"","ocean_breadcrumbs_separator_color":"","ocean_breadcrumbs_links_color":"","ocean_breadcrumbs_links_hover_color":"","ocean_display_footer_widgets":"default","ocean_display_footer_bottom":"default","ocean_custom_footer_template":"","footnotes":""},"class_list":["post-4195","page","type-page","status-publish","hentry","entry","owp-thumbs-layout-horizontal","owp-btn-normal","owp-tabs-layout-horizontal","has-no-thumbnails","has-product-nav"],"yoast_head":"<!-- This site is optimized with the Yoast SEO plugin v27.5 - https:\/\/yoast.com\/product\/yoast-seo-wordpress\/ -->\n<title>Polityka cookies - velesnails<\/title>\n<meta name=\"robots\" content=\"index, follow, max-snippet:-1, max-image-preview:large, max-video-preview:-1\" \/>\n<link rel=\"canonical\" href=\"https:\/\/velesnails.pl\/en\/polityka-cookies\/\" \/>\n<meta property=\"og:locale\" content=\"en_GB\" \/>\n<meta property=\"og:type\" content=\"article\" \/>\n<meta property=\"og:title\" content=\"Polityka cookies - velesnails\" \/>\n<meta property=\"og:description\" content=\"POLITYKA COOKIES SERWISU I SKLEPU ONLINE WWW.VELESNAILS.PL Obowi\u0105zuje od 1 wrze\u015bnia 2024 r \u00a71 Postanowienia og\u00f3lne \u00a72 Stosowane definicje \u00a73 Cele cookies \u00a74 Narz\u0119dzia zwi\u0105zane z gromadzeniem cookies lub udost\u0119pnianiem cookies. G\u0142\u00f3wny plik cookie u\u017cywany przez Google Analytics, \u201e_ga&#8221;, umo\u017cliwia us\u0142udze rozr\u00f3\u017cnianie poszczeg\u00f3lnych U\u017cytkownik\u00f3w i&nbsp;dzia\u0142a przez 2&nbsp;lata. Ka\u017cdy plik \u201e_ga\u201d jest unikalny dla konkretnej us\u0142ugi, [&hellip;]\" \/>\n<meta property=\"og:url\" content=\"https:\/\/velesnails.pl\/en\/polityka-cookies\/\" \/>\n<meta property=\"og:site_name\" content=\"velesnails\" \/>\n<meta property=\"article:modified_time\" content=\"2024-09-27T13:21:44+00:00\" \/>\n<meta name=\"twitter:card\" content=\"summary_large_image\" \/>\n<meta name=\"twitter:label1\" content=\"Estimated reading time\" \/>\n\t<meta name=\"twitter:data1\" content=\"7 minutes\" \/>\n<script type=\"application\/ld+json\" class=\"yoast-schema-graph\">{\"@context\":\"https:\\\/\\\/schema.org\",\"@graph\":[{\"@type\":\"WebPage\",\"@id\":\"https:\\\/\\\/velesnails.pl\\\/polityka-cookies\\\/\",\"url\":\"https:\\\/\\\/velesnails.pl\\\/polityka-cookies\\\/\",\"name\":\"Polityka cookies - velesnails\",\"isPartOf\":{\"@id\":\"https:\\\/\\\/velesnails.pl\\\/#website\"},\"datePublished\":\"2024-08-31T10:33:12+00:00\",\"dateModified\":\"2024-09-27T13:21:44+00:00\",\"breadcrumb\":{\"@id\":\"https:\\\/\\\/velesnails.pl\\\/polityka-cookies\\\/#breadcrumb\"},\"inLanguage\":\"en-GB\",\"potentialAction\":[{\"@type\":\"ReadAction\",\"target\":[\"https:\\\/\\\/velesnails.pl\\\/polityka-cookies\\\/\"]}]},{\"@type\":\"BreadcrumbList\",\"@id\":\"https:\\\/\\\/velesnails.pl\\\/polityka-cookies\\\/#breadcrumb\",\"itemListElement\":[{\"@type\":\"ListItem\",\"position\":1,\"name\":\"\u0413\u043e\u043b\u043e\u0432\u043d\u0430\",\"item\":\"https:\\\/\\\/velesnails.pl\\\/\"},{\"@type\":\"ListItem\",\"position\":2,\"name\":\"Polityka cookies\"}]},{\"@type\":\"WebSite\",\"@id\":\"https:\\\/\\\/velesnails.pl\\\/#website\",\"url\":\"https:\\\/\\\/velesnails.pl\\\/\",\"name\":\"velesnails\",\"description\":\"Sklep z manicure\",\"publisher\":{\"@id\":\"https:\\\/\\\/velesnails.pl\\\/#organization\"},\"potentialAction\":[{\"@type\":\"SearchAction\",\"target\":{\"@type\":\"EntryPoint\",\"urlTemplate\":\"https:\\\/\\\/velesnails.pl\\\/?s={search_term_string}\"},\"query-input\":{\"@type\":\"PropertyValueSpecification\",\"valueRequired\":true,\"valueName\":\"search_term_string\"}}],\"inLanguage\":\"en-GB\"},{\"@type\":\"Organization\",\"@id\":\"https:\\\/\\\/velesnails.pl\\\/#organization\",\"name\":\"velesnails\",\"url\":\"https:\\\/\\\/velesnails.pl\\\/\",\"logo\":{\"@type\":\"ImageObject\",\"inLanguage\":\"en-GB\",\"@id\":\"https:\\\/\\\/velesnails.pl\\\/#\\\/schema\\\/logo\\\/image\\\/\",\"url\":\"https:\\\/\\\/i0.wp.com\\\/velesnails.pl\\\/wp-content\\\/uploads\\\/2025\\\/10\\\/cropped-obraz_viber_2025-10-22_13-55-55-969.jpg?fit=485%2C381&ssl=1\",\"contentUrl\":\"https:\\\/\\\/i0.wp.com\\\/velesnails.pl\\\/wp-content\\\/uploads\\\/2025\\\/10\\\/cropped-obraz_viber_2025-10-22_13-55-55-969.jpg?fit=485%2C381&ssl=1\",\"width\":485,\"height\":381,\"caption\":\"velesnails\"},\"image\":{\"@id\":\"https:\\\/\\\/velesnails.pl\\\/#\\\/schema\\\/logo\\\/image\\\/\"}}]}<\/script>\n<!-- \/ Yoast SEO plugin. -->","yoast_head_json":{"title":"Polityka cookies - velesnails","robots":{"index":"index","follow":"follow","max-snippet":"max-snippet:-1","max-image-preview":"max-image-preview:large","max-video-preview":"max-video-preview:-1"},"canonical":"https:\/\/velesnails.pl\/en\/polityka-cookies\/","og_locale":"en_GB","og_type":"article","og_title":"Polityka cookies - velesnails","og_description":"POLITYKA COOKIES SERWISU I SKLEPU ONLINE WWW.VELESNAILS.PL Obowi\u0105zuje od 1 wrze\u015bnia 2024 r \u00a71 Postanowienia og\u00f3lne \u00a72 Stosowane definicje \u00a73 Cele cookies \u00a74 Narz\u0119dzia zwi\u0105zane z gromadzeniem cookies lub udost\u0119pnianiem cookies. G\u0142\u00f3wny plik cookie u\u017cywany przez Google Analytics, \u201e_ga&#8221;, umo\u017cliwia us\u0142udze rozr\u00f3\u017cnianie poszczeg\u00f3lnych U\u017cytkownik\u00f3w i&nbsp;dzia\u0142a przez 2&nbsp;lata. Ka\u017cdy plik \u201e_ga\u201d jest unikalny dla konkretnej us\u0142ugi, [&hellip;]","og_url":"https:\/\/velesnails.pl\/en\/polityka-cookies\/","og_site_name":"velesnails","article_modified_time":"2024-09-27T13:21:44+00:00","twitter_card":"summary_large_image","twitter_misc":{"Estimated reading time":"7 minutes"},"schema":{"@context":"https:\/\/schema.org","@graph":[{"@type":"WebPage","@id":"https:\/\/velesnails.pl\/polityka-cookies\/","url":"https:\/\/velesnails.pl\/polityka-cookies\/","name":"Polityka cookies - velesnails","isPartOf":{"@id":"https:\/\/velesnails.pl\/#website"},"datePublished":"2024-08-31T10:33:12+00:00","dateModified":"2024-09-27T13:21:44+00:00","breadcrumb":{"@id":"https:\/\/velesnails.pl\/polityka-cookies\/#breadcrumb"},"inLanguage":"en-GB","potentialAction":[{"@type":"ReadAction","target":["https:\/\/velesnails.pl\/polityka-cookies\/"]}]},{"@type":"BreadcrumbList","@id":"https:\/\/velesnails.pl\/polityka-cookies\/#breadcrumb","itemListElement":[{"@type":"ListItem","position":1,"name":"\u0413\u043e\u043b\u043e\u0432\u043d\u0430","item":"https:\/\/velesnails.pl\/"},{"@type":"ListItem","position":2,"name":"Polityka cookies"}]},{"@type":"WebSite","@id":"https:\/\/velesnails.pl\/#website","url":"https:\/\/velesnails.pl\/","name":"velesnails","description":"Manicure shop","publisher":{"@id":"https:\/\/velesnails.pl\/#organization"},"potentialAction":[{"@type":"SearchAction","target":{"@type":"EntryPoint","urlTemplate":"https:\/\/velesnails.pl\/?s={search_term_string}"},"query-input":{"@type":"PropertyValueSpecification","valueRequired":true,"valueName":"search_term_string"}}],"inLanguage":"en-GB"},{"@type":"Organization","@id":"https:\/\/velesnails.pl\/#organization","name":"velesnails","url":"https:\/\/velesnails.pl\/","logo":{"@type":"ImageObject","inLanguage":"en-GB","@id":"https:\/\/velesnails.pl\/#\/schema\/logo\/image\/","url":"https:\/\/i0.wp.com\/velesnails.pl\/wp-content\/uploads\/2025\/10\/cropped-obraz_viber_2025-10-22_13-55-55-969.jpg?fit=485%2C381&ssl=1","contentUrl":"https:\/\/i0.wp.com\/velesnails.pl\/wp-content\/uploads\/2025\/10\/cropped-obraz_viber_2025-10-22_13-55-55-969.jpg?fit=485%2C381&ssl=1","width":485,"height":381,"caption":"velesnails"},"image":{"@id":"https:\/\/velesnails.pl\/#\/schema\/logo\/image\/"}}]}},"_links":{"self":[{"href":"https:\/\/velesnails.pl\/en\/wp-json\/wp\/v2\/pages\/4195","targetHints":{"allow":["GET"]}}],"collection":[{"href":"https:\/\/velesnails.pl\/en\/wp-json\/wp\/v2\/pages"}],"about":[{"href":"https:\/\/velesnails.pl\/en\/wp-json\/wp\/v2\/types\/page"}],"author":[{"embeddable":true,"href":"https:\/\/velesnails.pl\/en\/wp-json\/wp\/v2\/users\/1"}],"replies":[{"embeddable":true,"href":"https:\/\/velesnails.pl\/en\/wp-json\/wp\/v2\/comments?post=4195"}],"version-history":[{"count":3,"href":"https:\/\/velesnails.pl\/en\/wp-json\/wp\/v2\/pages\/4195\/revisions"}],"predecessor-version":[{"id":4215,"href":"https:\/\/velesnails.pl\/en\/wp-json\/wp\/v2\/pages\/4195\/revisions\/4215"}],"wp:attachment":[{"href":"https:\/\/velesnails.pl\/en\/wp-json\/wp\/v2\/media?parent=4195"}],"curies":[{"name":"wp","href":"https:\/\/api.w.org\/{rel}","templated":true}]}}